{"id":12148,"date":"2023-09-20T15:52:05","date_gmt":"2023-09-20T13:52:05","guid":{"rendered":"https:\/\/www.fina.ch\/impressum\/"},"modified":"2023-09-26T14:16:39","modified_gmt":"2023-09-26T12:16:39","slug":"impressum-2","status":"publish","type":"page","link":"https:\/\/www.fina.ch\/fr\/impressum-2\/","title":{"rendered":"Impressum"},"content":{"rendered":"<h2>Auteur<\/h2>\n<p>Le responsable de ce site est :<\/p>\n<p>Samuel Clemann<br \/>\nFINA Finanzplanung AG<br \/>\nGerechtigkeitsgasse 52<br \/>\n3011 Bern<\/p>\n<p>Vous trouverez les d\u00e9tails de contact\u00a0<a title=\"contact\" href=\"\/kontakt\/\">ici\u2026<\/a><\/p>\n<h2>Webdesign et r\u00e9alisation technique<\/h2>\n<p>Sven von Arx<\/p>\n<p><a title=\"Envoyer un e-mail \u00e0 cubetech\" href=\"mailto:sven@pixlstud.io\">sven@pixlstud.io<\/a><\/p>\n<h2>Copyright<\/h2>\n<p>Tous les contenus de ce site web sont prot\u00e9g\u00e9s par des droits d&#8217;auteur. Leur utilisation sans accord pr\u00e9alable avec le propri\u00e9taire est interdite.<\/p>\n<h2>Contenu de cette offre en ligne<\/h2>\n<p>Ce site Internet a \u00e9t\u00e9 con\u00e7u avec le plus grand soin. L&#8217;auteur n&#8217;assume aucune responsabilit\u00e9 quant \u00e0 l&#8217;exactitude, l&#8217;exhaustivit\u00e9 et l&#8217;actualit\u00e9 des contenus mis \u00e0 disposition.<\/p>\n<h2>Renvois et liens<\/h2>\n<p>Cette offre contient des liens et des renvois \u00e0 des sites Internet externes (hyperliens) qui ne rel\u00e8vent pas de la responsabilit\u00e9 de l&#8217;auteur. L&#8217;auteur d\u00e9clare express\u00e9ment par la pr\u00e9sente qu&#8217;au moment de l&#8217;\u00e9tablissement des liens, aucun contenu ill\u00e9gal n&#8217;\u00e9tait identifiable sur les pages \u00e0 relier. L&#8217;auteur n&#8217;a aucune influence sur la conception actuelle et future, les contenus ou la paternit\u00e9 des pages li\u00e9es. C&#8217;est pourquoi elle se distancie des contenus des pages li\u00e9es qui ont \u00e9t\u00e9 modifi\u00e9s apr\u00e8s l&#8217;\u00e9tablissement des liens.<\/p>\n<h2>Droit d&#8217;auteur<\/h2>\n<p>Les publications sur ces pages sont soumises au droit d&#8217;auteur.<\/p>\n<p>La reproduction, le traitement, la diffusion et toute forme d&#8217;exploitation en dehors des limites du droit d&#8217;auteur requi\u00e8rent l&#8217;accord \u00e9crit de l&#8217;auteur. Les contributions de tiers sont signal\u00e9es comme telles.<\/p>\n<h2><a href=\"https:\/\/www.fina.ch\/datenschutzerklaerung\/\">D\u00e9claration de protection des donn\u00e9es<\/a><\/h2>\n<a href=\"https:\/\/www.fina.ch\/datenschutzerklaerung\" class=\"button btn-tertiary\" target=\"\">Datenschutzerkl\u00e4rung lesen<\/a>\n","protected":false},"excerpt":{"rendered":"<p>Auteur Le responsable de ce site est : Samuel Clemann FINA Finanzplanung AG Gerechtigkeitsgasse 52 3011 Bern Vous trouverez les d\u00e9tails de contact\u00a0ici\u2026 Webdesign et r\u00e9alisation technique Sven von Arx sven@pixlstud.io Copyright Tous les contenus de ce site web sont prot\u00e9g\u00e9s par des droits d&#8217;auteur. Leur utilisation sans accord pr\u00e9alable avec le propri\u00e9taire est interdite. [&hellip;]<\/p>\n","protected":false},"author":6,"featured_media":0,"parent":0,"menu_order":49,"comment_status":"closed","ping_status":"closed","template":"","meta":{"_acf_changed":false,"footnotes":""},"class_list":["post-12148","page","type-page","status-publish","hentry"],"acf":[],"yoast_head":"<!-- This site is optimized with the Yoast SEO Premium plugin v26.4 (Yoast SEO v26.4) - https:\/\/yoast.com\/wordpress\/plugins\/seo\/ -->\n<title>Impressum - FINA Planification financi\u00e8re SA<\/title>\n<meta name=\"robots\" content=\"index, follow, max-snippet:-1, max-image-preview:large, max-video-preview:-1\" \/>\n<link rel=\"canonical\" href=\"https:\/\/www.fina.ch\/fr\/impressum-2\/\" \/>\n<meta property=\"og:locale\" content=\"fr_FR\" \/>\n<meta property=\"og:type\" content=\"article\" \/>\n<meta property=\"og:title\" content=\"Impressum\" \/>\n<meta property=\"og:description\" content=\"Auteur Le responsable de ce site est : Samuel Clemann FINA Finanzplanung AG Gerechtigkeitsgasse 52 3011 Bern Vous trouverez les d\u00e9tails de contact\u00a0ici\u2026 Webdesign et r\u00e9alisation technique Sven von Arx sven@pixlstud.io Copyright Tous les contenus de ce site web sont prot\u00e9g\u00e9s par des droits d&#8217;auteur. Leur utilisation sans accord pr\u00e9alable avec le propri\u00e9taire est interdite. [&hellip;]\" \/>\n<meta property=\"og:url\" content=\"https:\/\/www.fina.ch\/fr\/impressum-2\/\" \/>\n<meta property=\"og:site_name\" content=\"FINA Planification financi\u00e8re SA\" \/>\n<meta property=\"article:modified_time\" content=\"2023-09-26T12:16:39+00:00\" \/>\n<meta property=\"og:image\" content=\"https:\/\/www.fina.ch\/wp-content\/uploads\/2017\/10\/Steuern-optimieren-Web.jpg\" \/>\n\t<meta property=\"og:image:width\" content=\"1500\" \/>\n\t<meta property=\"og:image:height\" content=\"1001\" \/>\n\t<meta property=\"og:image:type\" content=\"image\/jpeg\" \/>\n<meta name=\"twitter:card\" content=\"summary_large_image\" \/>\n<meta name=\"twitter:label1\" content=\"Dur\u00e9e de lecture estim\u00e9e\" \/>\n\t<meta name=\"twitter:data1\" content=\"2 minutes\" \/>\n<!-- \/ Yoast SEO Premium plugin. -->","yoast_head_json":{"title":"Impressum - FINA Planification financi\u00e8re SA","robots":{"index":"index","follow":"follow","max-snippet":"max-snippet:-1","max-image-preview":"max-image-preview:large","max-video-preview":"max-video-preview:-1"},"canonical":"https:\/\/www.fina.ch\/fr\/impressum-2\/","og_locale":"fr_FR","og_type":"article","og_title":"Impressum","og_description":"Auteur Le responsable de ce site est : Samuel Clemann FINA Finanzplanung AG Gerechtigkeitsgasse 52 3011 Bern Vous trouverez les d\u00e9tails de contact\u00a0ici\u2026 Webdesign et r\u00e9alisation technique Sven von Arx sven@pixlstud.io Copyright Tous les contenus de ce site web sont prot\u00e9g\u00e9s par des droits d&#8217;auteur. Leur utilisation sans accord pr\u00e9alable avec le propri\u00e9taire est interdite. [&hellip;]","og_url":"https:\/\/www.fina.ch\/fr\/impressum-2\/","og_site_name":"FINA Planification financi\u00e8re SA","article_modified_time":"2023-09-26T12:16:39+00:00","og_image":[{"width":1500,"height":1001,"url":"https:\/\/www.fina.ch\/wp-content\/uploads\/2017\/10\/Steuern-optimieren-Web.jpg","type":"image\/jpeg"}],"twitter_card":"summary_large_image","twitter_misc":{"Dur\u00e9e de lecture estim\u00e9e":"2 minutes"},"schema":{"@context":"https:\/\/schema.org","@graph":[{"@type":"WebPage","@id":"https:\/\/www.fina.ch\/fr\/impressum-2\/","url":"https:\/\/www.fina.ch\/fr\/impressum-2\/","name":"Impressum - FINA Planification financi\u00e8re SA","isPartOf":{"@id":"https:\/\/www.fina.ch\/fr\/#website"},"datePublished":"2023-09-20T13:52:05+00:00","dateModified":"2023-09-26T12:16:39+00:00","breadcrumb":{"@id":"https:\/\/www.fina.ch\/fr\/impressum-2\/#breadcrumb"},"inLanguage":"fr-FR","potentialAction":[{"@type":"ReadAction","target":["https:\/\/www.fina.ch\/fr\/impressum-2\/"]}]},{"@type":"BreadcrumbList","@id":"https:\/\/www.fina.ch\/fr\/impressum-2\/#breadcrumb","itemListElement":[{"@type":"ListItem","position":1,"name":"Home","item":"https:\/\/www.fina.ch\/fr\/"},{"@type":"ListItem","position":2,"name":"Impressum"}]},{"@type":"WebSite","@id":"https:\/\/www.fina.ch\/fr\/#website","url":"https:\/\/www.fina.ch\/fr\/","name":"FINA Planification financi\u00e8re SA","description":"Personnel - Durable - Transparent\nEnsemble, planifions le futur","publisher":{"@id":"https:\/\/www.fina.ch\/fr\/#organization"},"potentialAction":[{"@type":"SearchAction","target":{"@type":"EntryPoint","urlTemplate":"https:\/\/www.fina.ch\/fr\/?s={search_term_string}"},"query-input":{"@type":"PropertyValueSpecification","valueRequired":true,"valueName":"search_term_string"}}],"inLanguage":"fr-FR"},{"@type":"Organization","@id":"https:\/\/www.fina.ch\/fr\/#organization","name":"FINA Finanzplanung AG","url":"https:\/\/www.fina.ch\/fr\/","logo":{"@type":"ImageObject","inLanguage":"fr-FR","@id":"https:\/\/www.fina.ch\/fr\/#\/schema\/logo\/image\/","url":"https:\/\/www.fina.ch\/wp-content\/uploads\/2017\/10\/FINA_Logo_RGB.png","contentUrl":"https:\/\/www.fina.ch\/wp-content\/uploads\/2017\/10\/FINA_Logo_RGB.png","width":436,"height":631,"caption":"FINA Finanzplanung AG"},"image":{"@id":"https:\/\/www.fina.ch\/fr\/#\/schema\/logo\/image\/"}}]}},"_links":{"self":[{"href":"https:\/\/www.fina.ch\/fr\/wp-json\/wp\/v2\/pages\/12148","targetHints":{"allow":["GET"]}}],"collection":[{"href":"https:\/\/www.fina.ch\/fr\/wp-json\/wp\/v2\/pages"}],"about":[{"href":"https:\/\/www.fina.ch\/fr\/wp-json\/wp\/v2\/types\/page"}],"author":[{"embeddable":true,"href":"https:\/\/www.fina.ch\/fr\/wp-json\/wp\/v2\/users\/6"}],"replies":[{"embeddable":true,"href":"https:\/\/www.fina.ch\/fr\/wp-json\/wp\/v2\/comments?post=12148"}],"version-history":[{"count":2,"href":"https:\/\/www.fina.ch\/fr\/wp-json\/wp\/v2\/pages\/12148\/revisions"}],"predecessor-version":[{"id":12157,"href":"https:\/\/www.fina.ch\/fr\/wp-json\/wp\/v2\/pages\/12148\/revisions\/12157"}],"wp:attachment":[{"href":"https:\/\/www.fina.ch\/fr\/wp-json\/wp\/v2\/media?parent=12148"}],"curies":[{"name":"wp","href":"https:\/\/api.w.org\/{rel}","templated":true}]}}