{"id":5657,"date":"2021-01-21T17:03:47","date_gmt":"2021-01-21T16:03:47","guid":{"rendered":"https:\/\/www.fina.ch\/conseil-independant-en-matiere-dassurance\/"},"modified":"2021-05-25T15:53:06","modified_gmt":"2021-05-25T13:53:06","slug":"conseil-independant-en-matiere-dassurance","status":"publish","type":"page","link":"https:\/\/www.fina.ch\/fr\/conseil-independant-en-matiere-dassurance\/","title":{"rendered":"Conseil ind\u00e9pendant en mati\u00e8re d&#8217;assurance"},"content":{"rendered":"<h2>Assurance maladie et comparaison des assurances<\/h2>\n<p>Un conseil ind\u00e9pendant en mati\u00e8re d&#8217;assurance peut vous faire \u00e9conomiser des milliers de francs de primes.<\/p>\n<h3>&gt; 200 000 CHF de primes d&#8217;assurance par m\u00e9nage !<\/h3>\n<p>Au cours de leur vie professionnelle, les m\u00e9nages suisses paient plus de 200&#8217;000 francs de primes d&#8217;assurance. Sur ce montant, vous recevez en moyenne 126&#8217;000 CHF pour les d\u00e9dommagements de vos sinistres. Le reste est destin\u00e9 \u00e0 payer le salaire des employ\u00e9s de la soci\u00e9t\u00e9 d&#8217;assurance, l&#8217;administration et, les b\u00e9n\u00e9fices des actionnaires. (<a href=\"https:\/\/www.finma.ch\/de\/dokumentation\/finma-publikationen\/berichte\/versicherungsbericht\/\">Source : FINMA<\/a>)<\/p>\n<p>L&#8217;assurance est donc le plus souvent une perte pour les clients. N\u00e9anmoins, certains risques ne peuvent \u00eatre support\u00e9s soi-m\u00eame. Les risques mena\u00e7ants notre existence doivent \u00eatre assur\u00e9s dans tous les cas.<\/p>\n<p>Notre devise : <em><strong>&#8220;Le moins d&#8217;assurances possible, seulement ce qui est n\u00e9cessaire !&#8221;<\/strong><\/em><\/p>\n<p>&nbsp;<\/p>\n<h2>Quels sont les avantages d&#8217;un conseil en assurance ind\u00e9pendant ?<\/h2>\n<p>Nous effectuerons un contr\u00f4le de vos assurances gratuitement. Nous vous facilitons la t\u00e2che au maximum :<\/p>\n<ul>\n<li>Nous trions et classons vos dossiers<\/li>\n<li>Nous commandons les polices manquantes qui vous manquent directement aupr\u00e8s de votre compagnie d&#8217;assurance<\/li>\n<li>Nous analysons avec vous les couvertures dont vous avez r\u00e9ellement besoin<\/li>\n<li>De nombreux tarifs sont compar\u00e9s. La qualit\u00e9 et le prix sont au c\u0153ur de nos pr\u00e9occupations<\/li>\n<li>Vous b\u00e9n\u00e9ficiez finalement de conseils ind\u00e9pendants en mati\u00e8re d&#8217;assurance dans tous les domaines<\/li>\n<\/ul>\n<h3>Le r\u00e9sultat :<\/h3>\n<ul>\n<li>Les lacunes potentiellement mena\u00e7antes sont toutes couvertes<\/li>\n<li>Vous avez \u00e0 nouveau de l&#8217;ordre et une vue d&#8217;ensemble de votre situation<\/li>\n<li>La plupart du temps, vous \u00e9conomiserez encore de l&#8217;argent dans la foul\u00e9e.<\/li>\n<\/ul>\n<p>&nbsp;<\/p>\n<h2>Quelles sont les obligations d&#8217;un conseil en assurance ind\u00e9pendant ?<\/h2>\n<p>Vous ne prenez aucun engagement.<\/p>\n<p>FINA vous fera part de ses suggestions et de ses conseils. Vous d\u00e9cidez ensuite vous-m\u00eame.<\/p>\n<h3>Quel est le co\u00fbt du conseil ind\u00e9pendant en mati\u00e8re d&#8217;assurance ?<\/h3>\n<p>Une consultation simple est gratuite.<\/p>\n<p>Si la situation est complexe, nous vous ferons parvenir un devis.<\/p>\n<p>Des consultations holistiques couvrant tous les domaines, y compris une documentation d\u00e9taill\u00e9e, sont disponibles \u00e0 partir de 387 CHF.<\/p>\n<span class=\"button btn-secondary\" data-download-id=\"2398\" data-download=\"2398\" data-download-name=\"FINA-Plansystem_web.pdf\" data-micromodal-trigger=\"contacter-les-consultants-fina-modal\" aria-controls=\"contacter-les-consultants-fina-modal\" aria-haspopup=\"true\">Contactez-nous<\/span>\n<p>&nbsp;<\/p>\n<h2>Quelles sont les erreurs les plus courantes en mati\u00e8re d&#8217;assurance ?<\/h2>\n<p>En raison de la complexit\u00e9 des assurances , des erreurs surviennent fr\u00e9quemment \u00e0 notre insu. On assure trop souvent des risques qui pourraient \u00eatre support\u00e9s par les assur\u00e9s eux-m\u00eames. D&#8217;un autre c\u00f4t\u00e9, des lacunes existentielles ne sont pas couvertes. Voici un <a href=\"https:\/\/www.fina.ch\/die-drei-teuersten-fehler-bei-steuern-versicherungen-und-sparanlagen\/\">article int\u00e9ressant sur les erreurs les plus courantes en mati\u00e8re d&#8217;assurance&#8230;<\/a><\/p>\n<p>&nbsp;<\/p>\n<p>&nbsp;<\/p>\n<h2>Nous serions heureux de vous conseiller et attendons avec impatience de vos nouvelles.<\/h2>\n","protected":false},"excerpt":{"rendered":"<p>Assurance maladie et comparaison des assurances Un conseil ind\u00e9pendant en mati\u00e8re d&#8217;assurance peut vous faire \u00e9conomiser des milliers de francs de primes. &gt; 200 000 CHF de primes d&#8217;assurance par m\u00e9nage ! Au cours de leur vie professionnelle, les m\u00e9nages suisses paient plus de 200&#8217;000 francs de primes d&#8217;assurance. Sur ce montant, vous recevez en [&hellip;]<\/p>\n","protected":false},"author":8,"featured_media":5052,"parent":0,"menu_order":88,"comment_status":"closed","ping_status":"closed","template":"template-dienstleistung.php","meta":{"_acf_changed":false,"footnotes":""},"class_list":["post-5657","page","type-page","status-publish","has-post-thumbnail","hentry","page_type-dienstleistung"],"acf":[],"yoast_head":"<!-- This site is optimized with the Yoast SEO Premium plugin v26.4 (Yoast SEO v26.4) - https:\/\/yoast.com\/wordpress\/plugins\/seo\/ -->\n<title>Conseil ind\u00e9pendant en mati\u00e8re d&#039;assurance - FINA Planification financi\u00e8re SA<\/title>\n<meta name=\"description\" content=\"Conseil ind\u00e9pendant en mati\u00e8re d&#039;assurance. Combien co\u00fbte un conseil professionnel ind\u00e9pendant ? Faites faire une comparaison de vos assurances maladie et assurances.\" \/>\n<meta name=\"robots\" content=\"index, follow, max-snippet:-1, max-image-preview:large, max-video-preview:-1\" \/>\n<link rel=\"canonical\" href=\"https:\/\/www.fina.ch\/fr\/conseil-independant-en-matiere-dassurance\/\" \/>\n<meta property=\"og:locale\" content=\"fr_FR\" \/>\n<meta property=\"og:type\" content=\"article\" \/>\n<meta property=\"og:title\" content=\"Conseil ind\u00e9pendant en mati\u00e8re d&#039;assurance\" \/>\n<meta property=\"og:description\" content=\"Conseil ind\u00e9pendant en mati\u00e8re d&#039;assurance. Combien co\u00fbte un conseil professionnel ind\u00e9pendant ? Faites faire une comparaison de vos assurances maladie et assurances.\" \/>\n<meta property=\"og:url\" content=\"https:\/\/www.fina.ch\/fr\/conseil-independant-en-matiere-dassurance\/\" \/>\n<meta property=\"og:site_name\" content=\"FINA Planification financi\u00e8re SA\" \/>\n<meta property=\"article:modified_time\" content=\"2021-05-25T13:53:06+00:00\" \/>\n<meta property=\"og:image\" content=\"https:\/\/www.fina.ch\/wp-content\/uploads\/2017\/10\/Schutz.jpg\" \/>\n\t<meta property=\"og:image:width\" content=\"1800\" \/>\n\t<meta property=\"og:image:height\" content=\"1200\" \/>\n\t<meta property=\"og:image:type\" content=\"image\/jpeg\" \/>\n<meta name=\"twitter:card\" content=\"summary_large_image\" \/>\n<meta name=\"twitter:label1\" content=\"Dur\u00e9e de lecture estim\u00e9e\" \/>\n\t<meta name=\"twitter:data1\" content=\"2 minutes\" \/>\n<!-- \/ Yoast SEO Premium plugin. -->","yoast_head_json":{"title":"Conseil ind\u00e9pendant en mati\u00e8re d'assurance - FINA Planification financi\u00e8re SA","description":"Conseil ind\u00e9pendant en mati\u00e8re d'assurance. Combien co\u00fbte un conseil professionnel ind\u00e9pendant ? Faites faire une comparaison de vos assurances maladie et assurances.","robots":{"index":"index","follow":"follow","max-snippet":"max-snippet:-1","max-image-preview":"max-image-preview:large","max-video-preview":"max-video-preview:-1"},"canonical":"https:\/\/www.fina.ch\/fr\/conseil-independant-en-matiere-dassurance\/","og_locale":"fr_FR","og_type":"article","og_title":"Conseil ind\u00e9pendant en mati\u00e8re d'assurance","og_description":"Conseil ind\u00e9pendant en mati\u00e8re d'assurance. Combien co\u00fbte un conseil professionnel ind\u00e9pendant ? Faites faire une comparaison de vos assurances maladie et assurances.","og_url":"https:\/\/www.fina.ch\/fr\/conseil-independant-en-matiere-dassurance\/","og_site_name":"FINA Planification financi\u00e8re SA","article_modified_time":"2021-05-25T13:53:06+00:00","og_image":[{"width":1800,"height":1200,"url":"https:\/\/www.fina.ch\/wp-content\/uploads\/2017\/10\/Schutz.jpg","type":"image\/jpeg"}],"twitter_card":"summary_large_image","twitter_misc":{"Dur\u00e9e de lecture estim\u00e9e":"2 minutes"},"schema":{"@context":"https:\/\/schema.org","@graph":[{"@type":"WebPage","@id":"https:\/\/www.fina.ch\/fr\/conseil-independant-en-matiere-dassurance\/","url":"https:\/\/www.fina.ch\/fr\/conseil-independant-en-matiere-dassurance\/","name":"Conseil ind\u00e9pendant en mati\u00e8re d'assurance - FINA Planification financi\u00e8re SA","isPartOf":{"@id":"https:\/\/www.fina.ch\/fr\/#website"},"primaryImageOfPage":{"@id":"https:\/\/www.fina.ch\/fr\/conseil-independant-en-matiere-dassurance\/#primaryimage"},"image":{"@id":"https:\/\/www.fina.ch\/fr\/conseil-independant-en-matiere-dassurance\/#primaryimage"},"thumbnailUrl":"https:\/\/www.fina.ch\/wp-content\/uploads\/2017\/10\/Schutz.jpg","datePublished":"2021-01-21T16:03:47+00:00","dateModified":"2021-05-25T13:53:06+00:00","description":"Conseil ind\u00e9pendant en mati\u00e8re d'assurance. Combien co\u00fbte un conseil professionnel ind\u00e9pendant ? Faites faire une comparaison de vos assurances maladie et assurances.","breadcrumb":{"@id":"https:\/\/www.fina.ch\/fr\/conseil-independant-en-matiere-dassurance\/#breadcrumb"},"inLanguage":"fr-FR","potentialAction":[{"@type":"ReadAction","target":["https:\/\/www.fina.ch\/fr\/conseil-independant-en-matiere-dassurance\/"]}]},{"@type":"ImageObject","inLanguage":"fr-FR","@id":"https:\/\/www.fina.ch\/fr\/conseil-independant-en-matiere-dassurance\/#primaryimage","url":"https:\/\/www.fina.ch\/wp-content\/uploads\/2017\/10\/Schutz.jpg","contentUrl":"https:\/\/www.fina.ch\/wp-content\/uploads\/2017\/10\/Schutz.jpg","width":1800,"height":1200},{"@type":"BreadcrumbList","@id":"https:\/\/www.fina.ch\/fr\/conseil-independant-en-matiere-dassurance\/#breadcrumb","itemListElement":[{"@type":"ListItem","position":1,"name":"Home","item":"https:\/\/www.fina.ch\/fr\/"},{"@type":"ListItem","position":2,"name":"Conseil ind\u00e9pendant en mati\u00e8re d&#8217;assurance"}]},{"@type":"WebSite","@id":"https:\/\/www.fina.ch\/fr\/#website","url":"https:\/\/www.fina.ch\/fr\/","name":"FINA Planification financi\u00e8re SA","description":"Personnel - Durable - Transparent\nEnsemble, planifions le futur","publisher":{"@id":"https:\/\/www.fina.ch\/fr\/#organization"},"potentialAction":[{"@type":"SearchAction","target":{"@type":"EntryPoint","urlTemplate":"https:\/\/www.fina.ch\/fr\/?s={search_term_string}"},"query-input":{"@type":"PropertyValueSpecification","valueRequired":true,"valueName":"search_term_string"}}],"inLanguage":"fr-FR"},{"@type":"Organization","@id":"https:\/\/www.fina.ch\/fr\/#organization","name":"FINA Finanzplanung AG","url":"https:\/\/www.fina.ch\/fr\/","logo":{"@type":"ImageObject","inLanguage":"fr-FR","@id":"https:\/\/www.fina.ch\/fr\/#\/schema\/logo\/image\/","url":"https:\/\/www.fina.ch\/wp-content\/uploads\/2017\/10\/FINA_Logo_RGB.png","contentUrl":"https:\/\/www.fina.ch\/wp-content\/uploads\/2017\/10\/FINA_Logo_RGB.png","width":436,"height":631,"caption":"FINA Finanzplanung AG"},"image":{"@id":"https:\/\/www.fina.ch\/fr\/#\/schema\/logo\/image\/"}}]}},"_links":{"self":[{"href":"https:\/\/www.fina.ch\/fr\/wp-json\/wp\/v2\/pages\/5657","targetHints":{"allow":["GET"]}}],"collection":[{"href":"https:\/\/www.fina.ch\/fr\/wp-json\/wp\/v2\/pages"}],"about":[{"href":"https:\/\/www.fina.ch\/fr\/wp-json\/wp\/v2\/types\/page"}],"author":[{"embeddable":true,"href":"https:\/\/www.fina.ch\/fr\/wp-json\/wp\/v2\/users\/8"}],"replies":[{"embeddable":true,"href":"https:\/\/www.fina.ch\/fr\/wp-json\/wp\/v2\/comments?post=5657"}],"version-history":[{"count":0,"href":"https:\/\/www.fina.ch\/fr\/wp-json\/wp\/v2\/pages\/5657\/revisions"}],"wp:featuredmedia":[{"embeddable":true,"href":"https:\/\/www.fina.ch\/fr\/wp-json\/wp\/v2\/media\/5052"}],"wp:attachment":[{"href":"https:\/\/www.fina.ch\/fr\/wp-json\/wp\/v2\/media?parent=5657"}],"curies":[{"name":"wp","href":"https:\/\/api.w.org\/{rel}","templated":true}]}}