{"id":5658,"date":"2021-01-21T18:00:49","date_gmt":"2021-01-21T17:00:49","guid":{"rendered":"https:\/\/www.fina.ch\/immobilier\/"},"modified":"2021-05-27T14:47:56","modified_gmt":"2021-05-27T12:47:56","slug":"immobilier","status":"publish","type":"page","link":"https:\/\/www.fina.ch\/fr\/immobilier\/","title":{"rendered":"Immobilier"},"content":{"rendered":"<h2>Tout sur le th\u00e8me du logement<\/h2>\n<p>&nbsp;<\/p>\n<h3><em><strong>Vous souhaitez r\u00e9aliser votre r\u00eave de poss\u00e9der votre propre maison ?<\/strong> <\/em><\/h3>\n<p>Nous serions heureux de vous aider et de vous montrer le chemin le plus s\u00fbr pour vous rendre \u00e0 votre destination :<\/p>\n<ul>\n<li><a href=\"https:\/\/www.fina.ch\/fr\/immobilier\/acheter-un-appartement-ou-une-maison\/\">Choisir le bon objet<\/a><\/li>\n<li><a href=\"https:\/\/www.fina.ch\/fr\/immobilier\/calculateur-dhypotheque\/\">Calculateur de la capacit\u00e9 \u00e0 supporter la charge de l&#8217;hypoth\u00e8que: Que puis-je me permettre ? <\/a><\/li>\n<li><a href=\"https:\/\/www.fina.ch\/fr\/immobilier\/comparaison-des-prets-hypothecaires\/\">N\u00e9gociation afin d&#8217;obtenir les meilleures conditions de cr\u00e9dit hypoth\u00e9caire possibles<\/a><\/li>\n<li><a href=\"https:\/\/www.fina.ch\/fr\/contact\/\">Conseil complet sur les aspects juridiques, fiscaux et d&#8217;assurance<\/a><\/li>\n<li><a href=\"https:\/\/www.fina.ch\/fr\/immobilier\/estimation-gratuite-de-votre-bien-immobilier\/\">Estimation gratuite en ligne d&#8217;une maison ou d&#8217;un appartement<\/a><\/li>\n<\/ul>\n<p>&nbsp;<\/p>\n<h3><em><strong>Vous souhaitez vendre votre propri\u00e9t\u00e9 ?<\/strong><\/em><\/h3>\n<p>Nous sommes fondamentalement diff\u00e9rents des autres courtiers. Vous \u00e9vitez ainsi un conflit d&#8217;int\u00e9r\u00eats qui pourrait vous causer de s\u00e9rieux dommages !<\/p>\n<ul>\n<li><a href=\"https:\/\/www.fina.ch\/fr\/immobilier\/vendre-des-biens\/\">Vendre un bien immobilier au meilleur prix<\/a><\/li>\n<li><a href=\"https:\/\/www.fina.ch\/fr\/immobilier\/estimation-gratuite-de-votre-bien-immobilier\/\">Estimation gratuite en ligne d&#8217;une maison ou d&#8217;un appartement<\/a><\/li>\n<\/ul>\n","protected":false},"excerpt":{"rendered":"<p>Tout sur le th\u00e8me du logement &nbsp; Vous souhaitez r\u00e9aliser votre r\u00eave de poss\u00e9der votre propre maison ? Nous serions heureux de vous aider et de vous montrer le chemin le plus s\u00fbr pour vous rendre \u00e0 votre destination : Choisir le bon objet Calculateur de la capacit\u00e9 \u00e0 supporter la charge de l&#8217;hypoth\u00e8que: Que [&hellip;]<\/p>\n","protected":false},"author":8,"featured_media":0,"parent":0,"menu_order":84,"comment_status":"closed","ping_status":"closed","template":"template-dienstleistung.php","meta":{"_acf_changed":false,"footnotes":""},"class_list":["post-5658","page","type-page","status-publish","hentry","page_type-dienstleistung"],"acf":[],"yoast_head":"<!-- This site is optimized with the Yoast SEO Premium plugin v26.4 (Yoast SEO v26.4) - https:\/\/yoast.com\/wordpress\/plugins\/seo\/ -->\n<title>Immobilier - FINA Planification financi\u00e8re SA<\/title>\n<meta name=\"description\" content=\"Tout ce qui concerne le domaine de l&#039;habitat. Acheter ou vendre des biens immobiliers. Calculateur de la capacit\u00e9 \u00e0 supporter la charge de l&#039;hypoth\u00e8que Checklists, conseils et articles pour les locataires et les propri\u00e9taires\" \/>\n<meta name=\"robots\" content=\"index, follow, max-snippet:-1, max-image-preview:large, max-video-preview:-1\" \/>\n<link rel=\"canonical\" href=\"https:\/\/www.fina.ch\/fr\/immobilier\/\" \/>\n<meta property=\"og:locale\" content=\"fr_FR\" \/>\n<meta property=\"og:type\" content=\"article\" \/>\n<meta property=\"og:title\" content=\"Immobilier\" \/>\n<meta property=\"og:description\" content=\"Tout ce qui concerne le domaine de l&#039;habitat. Acheter ou vendre des biens immobiliers. Calculateur de la capacit\u00e9 \u00e0 supporter la charge de l&#039;hypoth\u00e8que Checklists, conseils et articles pour les locataires et les propri\u00e9taires\" \/>\n<meta property=\"og:url\" content=\"https:\/\/www.fina.ch\/fr\/immobilier\/\" \/>\n<meta property=\"og:site_name\" content=\"FINA Planification financi\u00e8re SA\" \/>\n<meta property=\"article:modified_time\" content=\"2021-05-27T12:47:56+00:00\" \/>\n<meta property=\"og:image\" content=\"https:\/\/www.fina.ch\/wp-content\/uploads\/2017\/10\/Steuern-optimieren-Web.jpg\" \/>\n\t<meta property=\"og:image:width\" content=\"1500\" \/>\n\t<meta property=\"og:image:height\" content=\"1001\" \/>\n\t<meta property=\"og:image:type\" content=\"image\/jpeg\" \/>\n<meta name=\"twitter:card\" content=\"summary_large_image\" \/>\n<meta name=\"twitter:label1\" content=\"Dur\u00e9e de lecture estim\u00e9e\" \/>\n\t<meta name=\"twitter:data1\" content=\"1 minute\" \/>\n<!-- \/ Yoast SEO Premium plugin. -->","yoast_head_json":{"title":"Immobilier - FINA Planification financi\u00e8re SA","description":"Tout ce qui concerne le domaine de l'habitat. Acheter ou vendre des biens immobiliers. Calculateur de la capacit\u00e9 \u00e0 supporter la charge de l'hypoth\u00e8que Checklists, conseils et articles pour les locataires et les propri\u00e9taires","robots":{"index":"index","follow":"follow","max-snippet":"max-snippet:-1","max-image-preview":"max-image-preview:large","max-video-preview":"max-video-preview:-1"},"canonical":"https:\/\/www.fina.ch\/fr\/immobilier\/","og_locale":"fr_FR","og_type":"article","og_title":"Immobilier","og_description":"Tout ce qui concerne le domaine de l'habitat. Acheter ou vendre des biens immobiliers. Calculateur de la capacit\u00e9 \u00e0 supporter la charge de l'hypoth\u00e8que Checklists, conseils et articles pour les locataires et les propri\u00e9taires","og_url":"https:\/\/www.fina.ch\/fr\/immobilier\/","og_site_name":"FINA Planification financi\u00e8re SA","article_modified_time":"2021-05-27T12:47:56+00:00","og_image":[{"width":1500,"height":1001,"url":"https:\/\/www.fina.ch\/wp-content\/uploads\/2017\/10\/Steuern-optimieren-Web.jpg","type":"image\/jpeg"}],"twitter_card":"summary_large_image","twitter_misc":{"Dur\u00e9e de lecture estim\u00e9e":"1 minute"},"schema":{"@context":"https:\/\/schema.org","@graph":[{"@type":"WebPage","@id":"https:\/\/www.fina.ch\/fr\/immobilier\/","url":"https:\/\/www.fina.ch\/fr\/immobilier\/","name":"Immobilier - FINA Planification financi\u00e8re SA","isPartOf":{"@id":"https:\/\/www.fina.ch\/fr\/#website"},"datePublished":"2021-01-21T17:00:49+00:00","dateModified":"2021-05-27T12:47:56+00:00","description":"Tout ce qui concerne le domaine de l'habitat. Acheter ou vendre des biens immobiliers. Calculateur de la capacit\u00e9 \u00e0 supporter la charge de l'hypoth\u00e8que Checklists, conseils et articles pour les locataires et les propri\u00e9taires","breadcrumb":{"@id":"https:\/\/www.fina.ch\/fr\/immobilier\/#breadcrumb"},"inLanguage":"fr-FR","potentialAction":[{"@type":"ReadAction","target":["https:\/\/www.fina.ch\/fr\/immobilier\/"]}]},{"@type":"BreadcrumbList","@id":"https:\/\/www.fina.ch\/fr\/immobilier\/#breadcrumb","itemListElement":[{"@type":"ListItem","position":1,"name":"Home","item":"https:\/\/www.fina.ch\/fr\/"},{"@type":"ListItem","position":2,"name":"Immobilier"}]},{"@type":"WebSite","@id":"https:\/\/www.fina.ch\/fr\/#website","url":"https:\/\/www.fina.ch\/fr\/","name":"FINA Planification financi\u00e8re SA","description":"Personnel - Durable - Transparent\nEnsemble, planifions le futur","publisher":{"@id":"https:\/\/www.fina.ch\/fr\/#organization"},"potentialAction":[{"@type":"SearchAction","target":{"@type":"EntryPoint","urlTemplate":"https:\/\/www.fina.ch\/fr\/?s={search_term_string}"},"query-input":{"@type":"PropertyValueSpecification","valueRequired":true,"valueName":"search_term_string"}}],"inLanguage":"fr-FR"},{"@type":"Organization","@id":"https:\/\/www.fina.ch\/fr\/#organization","name":"FINA Finanzplanung AG","url":"https:\/\/www.fina.ch\/fr\/","logo":{"@type":"ImageObject","inLanguage":"fr-FR","@id":"https:\/\/www.fina.ch\/fr\/#\/schema\/logo\/image\/","url":"https:\/\/www.fina.ch\/wp-content\/uploads\/2017\/10\/FINA_Logo_RGB.png","contentUrl":"https:\/\/www.fina.ch\/wp-content\/uploads\/2017\/10\/FINA_Logo_RGB.png","width":436,"height":631,"caption":"FINA Finanzplanung AG"},"image":{"@id":"https:\/\/www.fina.ch\/fr\/#\/schema\/logo\/image\/"}}]}},"_links":{"self":[{"href":"https:\/\/www.fina.ch\/fr\/wp-json\/wp\/v2\/pages\/5658","targetHints":{"allow":["GET"]}}],"collection":[{"href":"https:\/\/www.fina.ch\/fr\/wp-json\/wp\/v2\/pages"}],"about":[{"href":"https:\/\/www.fina.ch\/fr\/wp-json\/wp\/v2\/types\/page"}],"author":[{"embeddable":true,"href":"https:\/\/www.fina.ch\/fr\/wp-json\/wp\/v2\/users\/8"}],"replies":[{"embeddable":true,"href":"https:\/\/www.fina.ch\/fr\/wp-json\/wp\/v2\/comments?post=5658"}],"version-history":[{"count":0,"href":"https:\/\/www.fina.ch\/fr\/wp-json\/wp\/v2\/pages\/5658\/revisions"}],"wp:attachment":[{"href":"https:\/\/www.fina.ch\/fr\/wp-json\/wp\/v2\/media?parent=5658"}],"curies":[{"name":"wp","href":"https:\/\/api.w.org\/{rel}","templated":true}]}}