{"id":5667,"date":"2021-01-22T14:05:13","date_gmt":"2021-01-22T13:05:13","guid":{"rendered":"https:\/\/www.fina.ch\/consultant-senior\/"},"modified":"2021-06-18T15:50:18","modified_gmt":"2021-06-18T13:50:18","slug":"consultant-senior","status":"publish","type":"page","link":"https:\/\/www.fina.ch\/fr\/emplois\/postes-a-pourvoir\/consultant-senior\/","title":{"rendered":"Consultant senior"},"content":{"rendered":"<h3>Objectif du poste de consultant senior<\/h3>\n<ul>\n<li>En tant que consultant senior, vous contribuerez \u00e0 soutenir et \u00e0 d\u00e9velopper le portefeuille de clients. Vous effectuerez les consultations de mani\u00e8re ind\u00e9pendante et contribuerez \u00e0 une image positive et \u00e0 la croissance de la soci\u00e9t\u00e9 Fina Planification financi\u00e8re SA.<\/li>\n<\/ul>\n<p>&nbsp;<\/p>\n<h3>T\u00e2ches principales en tant que consultant senior<\/h3>\n<ul>\n<li>Contact personnel, t\u00e9l\u00e9phonique et \u00e9crit avec les clients<\/li>\n<li>Acquisition de nouveaux clients<\/li>\n<li>Gestion du portefeuille de clients existants<\/li>\n<li>Conseils \u00e0 tous les clients en mati\u00e8re de patrimoine, de retraite, de protection, de s\u00e9curit\u00e9 juridique, de fiscalit\u00e9 et d&#8217;immobilier<\/li>\n<li>Suivi et coordination des rendez-vous<\/li>\n<li>Pr\u00e9paration et suivi des rendez-vous avec les clients<\/li>\n<li>Mise en place de coop\u00e9rations<\/li>\n<li>Service d&#8217;accueil et personne de contact t\u00e9l\u00e9phonique pour les clients et les nouveaux clients<\/li>\n<\/ul>\n<p>&nbsp;<\/p>\n<h3>T\u00e2ches secondaires en tant que consultant senior<\/h3>\n<ul>\n<li>Soutien et int\u00e9gration des consultants juniors<\/li>\n<li>Formations pour les consultants juniors et les consultants<\/li>\n<li>Collaboration dans le domaine du marketing, par exemple pour la r\u00e9daction d&#8217;articles techniques<\/li>\n<li>Remplacement des autres conseillers<\/li>\n<li>D\u00e9veloppement de Fina Planification financi\u00e8re SA<\/li>\n<\/ul>\n<p>&nbsp;<\/p>\n<h3>Opportunit\u00e9s en tant que consultant senior<\/h3>\n<ul>\n<li>Participation \u00e0 Fina Planification financi\u00e8re SA (partenaire)<\/li>\n<\/ul>\n<p>&nbsp;<\/p>\n<h3>Programme de d\u00e9veloppement<\/h3>\n<ul>\n<li>Chaque mois, 200 francs suisses sont mis \u00e0 disposition pour des formations externes ou pour un encadrement interne par des professionnels exp\u00e9riment\u00e9s.<\/li>\n<\/ul>\n<span class=\"button btn-tertiary\" data-download-id=\"\" data-download=\"\" data-download-name=\"\" data-micromodal-trigger=\"candidature-modal\" aria-controls=\"candidature-modal\" aria-haspopup=\"true\">En savoir plus ou postuler<\/span>\n","protected":false},"excerpt":{"rendered":"<p>Objectif du poste de consultant senior En tant que consultant senior, vous contribuerez \u00e0 soutenir et \u00e0 d\u00e9velopper le portefeuille de clients. Vous effectuerez les consultations de mani\u00e8re ind\u00e9pendante et contribuerez \u00e0 une image positive et \u00e0 la croissance de la soci\u00e9t\u00e9 Fina Planification financi\u00e8re SA. &nbsp; T\u00e2ches principales en tant que consultant senior Contact [&hellip;]<\/p>\n","protected":false},"author":6,"featured_media":0,"parent":5877,"menu_order":3,"comment_status":"closed","ping_status":"closed","template":"","meta":{"_acf_changed":false,"footnotes":""},"class_list":["post-5667","page","type-page","status-publish","hentry"],"acf":[],"yoast_head":"<!-- This site is optimized with the Yoast SEO Premium plugin v26.4 (Yoast SEO v26.4) - https:\/\/yoast.com\/wordpress\/plugins\/seo\/ -->\n<title>Consultant senior - FINA Planification financi\u00e8re SA<\/title>\n<meta name=\"robots\" content=\"index, follow, max-snippet:-1, max-image-preview:large, max-video-preview:-1\" \/>\n<link rel=\"canonical\" href=\"https:\/\/www.fina.ch\/fr\/emplois\/postes-a-pourvoir\/consultant-senior\/\" \/>\n<meta property=\"og:locale\" content=\"fr_FR\" \/>\n<meta property=\"og:type\" content=\"article\" \/>\n<meta property=\"og:title\" content=\"Consultant senior\" \/>\n<meta property=\"og:description\" content=\"Objectif du poste de consultant senior En tant que consultant senior, vous contribuerez \u00e0 soutenir et \u00e0 d\u00e9velopper le portefeuille de clients. Vous effectuerez les consultations de mani\u00e8re ind\u00e9pendante et contribuerez \u00e0 une image positive et \u00e0 la croissance de la soci\u00e9t\u00e9 Fina Planification financi\u00e8re SA. &nbsp; T\u00e2ches principales en tant que consultant senior Contact [&hellip;]\" \/>\n<meta property=\"og:url\" content=\"https:\/\/www.fina.ch\/fr\/emplois\/postes-a-pourvoir\/consultant-senior\/\" \/>\n<meta property=\"og:site_name\" content=\"FINA Planification financi\u00e8re SA\" \/>\n<meta property=\"article:modified_time\" content=\"2021-06-18T13:50:18+00:00\" \/>\n<meta property=\"og:image\" content=\"https:\/\/www.fina.ch\/wp-content\/uploads\/2017\/10\/Steuern-optimieren-Web.jpg\" \/>\n\t<meta property=\"og:image:width\" content=\"1500\" \/>\n\t<meta property=\"og:image:height\" content=\"1001\" \/>\n\t<meta property=\"og:image:type\" content=\"image\/jpeg\" \/>\n<meta name=\"twitter:card\" content=\"summary_large_image\" \/>\n<meta name=\"twitter:label1\" content=\"Dur\u00e9e de lecture estim\u00e9e\" \/>\n\t<meta name=\"twitter:data1\" content=\"1 minute\" \/>\n<!-- \/ Yoast SEO Premium plugin. -->","yoast_head_json":{"title":"Consultant senior - FINA Planification financi\u00e8re SA","robots":{"index":"index","follow":"follow","max-snippet":"max-snippet:-1","max-image-preview":"max-image-preview:large","max-video-preview":"max-video-preview:-1"},"canonical":"https:\/\/www.fina.ch\/fr\/emplois\/postes-a-pourvoir\/consultant-senior\/","og_locale":"fr_FR","og_type":"article","og_title":"Consultant senior","og_description":"Objectif du poste de consultant senior En tant que consultant senior, vous contribuerez \u00e0 soutenir et \u00e0 d\u00e9velopper le portefeuille de clients. Vous effectuerez les consultations de mani\u00e8re ind\u00e9pendante et contribuerez \u00e0 une image positive et \u00e0 la croissance de la soci\u00e9t\u00e9 Fina Planification financi\u00e8re SA. &nbsp; T\u00e2ches principales en tant que consultant senior Contact [&hellip;]","og_url":"https:\/\/www.fina.ch\/fr\/emplois\/postes-a-pourvoir\/consultant-senior\/","og_site_name":"FINA Planification financi\u00e8re SA","article_modified_time":"2021-06-18T13:50:18+00:00","og_image":[{"width":1500,"height":1001,"url":"https:\/\/www.fina.ch\/wp-content\/uploads\/2017\/10\/Steuern-optimieren-Web.jpg","type":"image\/jpeg"}],"twitter_card":"summary_large_image","twitter_misc":{"Dur\u00e9e de lecture estim\u00e9e":"1 minute"},"schema":{"@context":"https:\/\/schema.org","@graph":[{"@type":"WebPage","@id":"https:\/\/www.fina.ch\/fr\/emplois\/postes-a-pourvoir\/consultant-senior\/","url":"https:\/\/www.fina.ch\/fr\/emplois\/postes-a-pourvoir\/consultant-senior\/","name":"Consultant senior - FINA Planification financi\u00e8re SA","isPartOf":{"@id":"https:\/\/www.fina.ch\/fr\/#website"},"datePublished":"2021-01-22T13:05:13+00:00","dateModified":"2021-06-18T13:50:18+00:00","breadcrumb":{"@id":"https:\/\/www.fina.ch\/fr\/emplois\/postes-a-pourvoir\/consultant-senior\/#breadcrumb"},"inLanguage":"fr-FR","potentialAction":[{"@type":"ReadAction","target":["https:\/\/www.fina.ch\/fr\/emplois\/postes-a-pourvoir\/consultant-senior\/"]}]},{"@type":"BreadcrumbList","@id":"https:\/\/www.fina.ch\/fr\/emplois\/postes-a-pourvoir\/consultant-senior\/#breadcrumb","itemListElement":[{"@type":"ListItem","position":1,"name":"Home","item":"https:\/\/www.fina.ch\/fr\/"},{"@type":"ListItem","position":2,"name":"Emplois","item":"https:\/\/www.fina.ch\/fr\/emplois\/"},{"@type":"ListItem","position":3,"name":"Postes \u00e0 pourvoir","item":"https:\/\/www.fina.ch\/fr\/emplois\/postes-a-pourvoir\/"},{"@type":"ListItem","position":4,"name":"Consultant senior"}]},{"@type":"WebSite","@id":"https:\/\/www.fina.ch\/fr\/#website","url":"https:\/\/www.fina.ch\/fr\/","name":"FINA Planification financi\u00e8re SA","description":"Personnel - Durable - Transparent\nEnsemble, planifions le futur","publisher":{"@id":"https:\/\/www.fina.ch\/fr\/#organization"},"potentialAction":[{"@type":"SearchAction","target":{"@type":"EntryPoint","urlTemplate":"https:\/\/www.fina.ch\/fr\/?s={search_term_string}"},"query-input":{"@type":"PropertyValueSpecification","valueRequired":true,"valueName":"search_term_string"}}],"inLanguage":"fr-FR"},{"@type":"Organization","@id":"https:\/\/www.fina.ch\/fr\/#organization","name":"FINA Finanzplanung AG","url":"https:\/\/www.fina.ch\/fr\/","logo":{"@type":"ImageObject","inLanguage":"fr-FR","@id":"https:\/\/www.fina.ch\/fr\/#\/schema\/logo\/image\/","url":"https:\/\/www.fina.ch\/wp-content\/uploads\/2017\/10\/FINA_Logo_RGB.png","contentUrl":"https:\/\/www.fina.ch\/wp-content\/uploads\/2017\/10\/FINA_Logo_RGB.png","width":436,"height":631,"caption":"FINA Finanzplanung AG"},"image":{"@id":"https:\/\/www.fina.ch\/fr\/#\/schema\/logo\/image\/"}}]}},"_links":{"self":[{"href":"https:\/\/www.fina.ch\/fr\/wp-json\/wp\/v2\/pages\/5667","targetHints":{"allow":["GET"]}}],"collection":[{"href":"https:\/\/www.fina.ch\/fr\/wp-json\/wp\/v2\/pages"}],"about":[{"href":"https:\/\/www.fina.ch\/fr\/wp-json\/wp\/v2\/types\/page"}],"author":[{"embeddable":true,"href":"https:\/\/www.fina.ch\/fr\/wp-json\/wp\/v2\/users\/6"}],"replies":[{"embeddable":true,"href":"https:\/\/www.fina.ch\/fr\/wp-json\/wp\/v2\/comments?post=5667"}],"version-history":[{"count":0,"href":"https:\/\/www.fina.ch\/fr\/wp-json\/wp\/v2\/pages\/5667\/revisions"}],"up":[{"embeddable":true,"href":"https:\/\/www.fina.ch\/fr\/wp-json\/wp\/v2\/pages\/5877"}],"wp:attachment":[{"href":"https:\/\/www.fina.ch\/fr\/wp-json\/wp\/v2\/media?parent=5667"}],"curies":[{"name":"wp","href":"https:\/\/api.w.org\/{rel}","templated":true}]}}