{"id":5671,"date":"2021-01-22T14:35:16","date_gmt":"2021-01-22T13:35:16","guid":{"rendered":"https:\/\/www.fina.ch\/promesse-de-qualite\/"},"modified":"2023-10-09T15:38:11","modified_gmt":"2023-10-09T13:38:11","slug":"promesse-de-qualite","status":"publish","type":"page","link":"https:\/\/www.fina.ch\/fr\/a-propos-de-nous\/promesse-de-qualite\/","title":{"rendered":"Promesse de qualit\u00e9"},"content":{"rendered":"<p>Notre profession est plus agr\u00e9able lorsqu&#8217;elle est exerc\u00e9e avec d\u00e9vouement et soin. De cette mani\u00e8re, nous aidons nos clients et leur montrons la meilleure mani\u00e8re de g\u00e9rer leurs affaires fiscales, financi\u00e8res et immobili\u00e8res.<\/p>\n<p>Nous sommes conscients que la confiance et la qualit\u00e9 sont les ingr\u00e9dients les plus importants de notre profession. C&#8217;est pourquoi nous respectons strictement les huit r\u00e8gles de qualit\u00e9 suivantes.<\/p>\n","protected":false},"excerpt":{"rendered":"<p>Notre profession est plus agr\u00e9able lorsqu&#8217;elle est exerc\u00e9e avec d\u00e9vouement et soin. De cette mani\u00e8re, nous aidons nos clients et leur montrons la meilleure mani\u00e8re de g\u00e9rer leurs affaires fiscales, financi\u00e8res et immobili\u00e8res. Nous sommes conscients que la confiance et la qualit\u00e9 sont les ingr\u00e9dients les plus importants de notre profession. C&#8217;est pourquoi nous respectons [&hellip;]<\/p>\n","protected":false},"author":6,"featured_media":0,"parent":5748,"menu_order":3,"comment_status":"closed","ping_status":"closed","template":"template-list.php","meta":{"_acf_changed":false,"footnotes":""},"class_list":["post-5671","page","type-page","status-publish","hentry"],"acf":[],"yoast_head":"<!-- This site is optimized with the Yoast SEO Premium plugin v26.4 (Yoast SEO v26.4) - https:\/\/yoast.com\/wordpress\/plugins\/seo\/ -->\n<title>Promesse de qualit\u00e9 - FINA Planification financi\u00e8re SA<\/title>\n<meta name=\"description\" content=\"Nous aidons nos clients et leur montrons la meilleure mani\u00e8re de g\u00e9rer leurs affaires fiscales, financi\u00e8res et immobili\u00e8res.\" \/>\n<meta name=\"robots\" content=\"index, follow, max-snippet:-1, max-image-preview:large, max-video-preview:-1\" \/>\n<link rel=\"canonical\" href=\"https:\/\/www.fina.ch\/fr\/a-propos-de-nous\/promesse-de-qualite\/\" \/>\n<meta property=\"og:locale\" content=\"fr_FR\" \/>\n<meta property=\"og:type\" content=\"article\" \/>\n<meta property=\"og:title\" content=\"Promesse de qualit\u00e9\" \/>\n<meta property=\"og:description\" content=\"Nous aidons nos clients et leur montrons la meilleure mani\u00e8re de g\u00e9rer leurs affaires fiscales, financi\u00e8res et immobili\u00e8res.\" \/>\n<meta property=\"og:url\" content=\"https:\/\/www.fina.ch\/fr\/a-propos-de-nous\/promesse-de-qualite\/\" \/>\n<meta property=\"og:site_name\" content=\"FINA Planification financi\u00e8re SA\" \/>\n<meta property=\"article:modified_time\" content=\"2023-10-09T13:38:11+00:00\" \/>\n<meta property=\"og:image\" content=\"https:\/\/www.fina.ch\/wp-content\/uploads\/2017\/10\/Steuern-optimieren-Web.jpg\" \/>\n\t<meta property=\"og:image:width\" content=\"1500\" \/>\n\t<meta property=\"og:image:height\" content=\"1001\" \/>\n\t<meta property=\"og:image:type\" content=\"image\/jpeg\" \/>\n<meta name=\"twitter:card\" content=\"summary_large_image\" \/>\n<meta name=\"twitter:label1\" content=\"Dur\u00e9e de lecture estim\u00e9e\" \/>\n\t<meta name=\"twitter:data1\" content=\"1 minute\" \/>\n<!-- \/ Yoast SEO Premium plugin. -->","yoast_head_json":{"title":"Promesse de qualit\u00e9 - FINA Planification financi\u00e8re SA","description":"Nous aidons nos clients et leur montrons la meilleure mani\u00e8re de g\u00e9rer leurs affaires fiscales, financi\u00e8res et immobili\u00e8res.","robots":{"index":"index","follow":"follow","max-snippet":"max-snippet:-1","max-image-preview":"max-image-preview:large","max-video-preview":"max-video-preview:-1"},"canonical":"https:\/\/www.fina.ch\/fr\/a-propos-de-nous\/promesse-de-qualite\/","og_locale":"fr_FR","og_type":"article","og_title":"Promesse de qualit\u00e9","og_description":"Nous aidons nos clients et leur montrons la meilleure mani\u00e8re de g\u00e9rer leurs affaires fiscales, financi\u00e8res et immobili\u00e8res.","og_url":"https:\/\/www.fina.ch\/fr\/a-propos-de-nous\/promesse-de-qualite\/","og_site_name":"FINA Planification financi\u00e8re SA","article_modified_time":"2023-10-09T13:38:11+00:00","og_image":[{"width":1500,"height":1001,"url":"https:\/\/www.fina.ch\/wp-content\/uploads\/2017\/10\/Steuern-optimieren-Web.jpg","type":"image\/jpeg"}],"twitter_card":"summary_large_image","twitter_misc":{"Dur\u00e9e de lecture estim\u00e9e":"1 minute"},"schema":{"@context":"https:\/\/schema.org","@graph":[{"@type":"WebPage","@id":"https:\/\/www.fina.ch\/fr\/a-propos-de-nous\/promesse-de-qualite\/","url":"https:\/\/www.fina.ch\/fr\/a-propos-de-nous\/promesse-de-qualite\/","name":"Promesse de qualit\u00e9 - FINA Planification financi\u00e8re SA","isPartOf":{"@id":"https:\/\/www.fina.ch\/fr\/#website"},"datePublished":"2021-01-22T13:35:16+00:00","dateModified":"2023-10-09T13:38:11+00:00","description":"Nous aidons nos clients et leur montrons la meilleure mani\u00e8re de g\u00e9rer leurs affaires fiscales, financi\u00e8res et immobili\u00e8res.","breadcrumb":{"@id":"https:\/\/www.fina.ch\/fr\/a-propos-de-nous\/promesse-de-qualite\/#breadcrumb"},"inLanguage":"fr-FR","potentialAction":[{"@type":"ReadAction","target":["https:\/\/www.fina.ch\/fr\/a-propos-de-nous\/promesse-de-qualite\/"]}]},{"@type":"BreadcrumbList","@id":"https:\/\/www.fina.ch\/fr\/a-propos-de-nous\/promesse-de-qualite\/#breadcrumb","itemListElement":[{"@type":"ListItem","position":1,"name":"Home","item":"https:\/\/www.fina.ch\/fr\/"},{"@type":"ListItem","position":2,"name":"\u00c0 propos de nous","item":"https:\/\/www.fina.ch\/fr\/ueber-uns\/"},{"@type":"ListItem","position":3,"name":"Promesse de qualit\u00e9"}]},{"@type":"WebSite","@id":"https:\/\/www.fina.ch\/fr\/#website","url":"https:\/\/www.fina.ch\/fr\/","name":"FINA Planification financi\u00e8re SA","description":"Personnel - Durable - Transparent\nEnsemble, planifions le futur","publisher":{"@id":"https:\/\/www.fina.ch\/fr\/#organization"},"potentialAction":[{"@type":"SearchAction","target":{"@type":"EntryPoint","urlTemplate":"https:\/\/www.fina.ch\/fr\/?s={search_term_string}"},"query-input":{"@type":"PropertyValueSpecification","valueRequired":true,"valueName":"search_term_string"}}],"inLanguage":"fr-FR"},{"@type":"Organization","@id":"https:\/\/www.fina.ch\/fr\/#organization","name":"FINA Finanzplanung AG","url":"https:\/\/www.fina.ch\/fr\/","logo":{"@type":"ImageObject","inLanguage":"fr-FR","@id":"https:\/\/www.fina.ch\/fr\/#\/schema\/logo\/image\/","url":"https:\/\/www.fina.ch\/wp-content\/uploads\/2017\/10\/FINA_Logo_RGB.png","contentUrl":"https:\/\/www.fina.ch\/wp-content\/uploads\/2017\/10\/FINA_Logo_RGB.png","width":436,"height":631,"caption":"FINA Finanzplanung AG"},"image":{"@id":"https:\/\/www.fina.ch\/fr\/#\/schema\/logo\/image\/"}}]}},"_links":{"self":[{"href":"https:\/\/www.fina.ch\/fr\/wp-json\/wp\/v2\/pages\/5671","targetHints":{"allow":["GET"]}}],"collection":[{"href":"https:\/\/www.fina.ch\/fr\/wp-json\/wp\/v2\/pages"}],"about":[{"href":"https:\/\/www.fina.ch\/fr\/wp-json\/wp\/v2\/types\/page"}],"author":[{"embeddable":true,"href":"https:\/\/www.fina.ch\/fr\/wp-json\/wp\/v2\/users\/6"}],"replies":[{"embeddable":true,"href":"https:\/\/www.fina.ch\/fr\/wp-json\/wp\/v2\/comments?post=5671"}],"version-history":[{"count":2,"href":"https:\/\/www.fina.ch\/fr\/wp-json\/wp\/v2\/pages\/5671\/revisions"}],"predecessor-version":[{"id":11834,"href":"https:\/\/www.fina.ch\/fr\/wp-json\/wp\/v2\/pages\/5671\/revisions\/11834"}],"up":[{"embeddable":true,"href":"https:\/\/www.fina.ch\/fr\/wp-json\/wp\/v2\/pages\/5748"}],"wp:attachment":[{"href":"https:\/\/www.fina.ch\/fr\/wp-json\/wp\/v2\/media?parent=5671"}],"curies":[{"name":"wp","href":"https:\/\/api.w.org\/{rel}","templated":true}]}}