{"id":5673,"date":"2021-01-22T14:53:38","date_gmt":"2021-01-22T13:53:38","guid":{"rendered":"https:\/\/www.fina.ch\/services\/"},"modified":"2023-11-04T11:08:29","modified_gmt":"2023-11-04T10:08:29","slug":"services","status":"publish","type":"page","link":"https:\/\/www.fina.ch\/fr\/services\/","title":{"rendered":"Services"},"content":{"rendered":"<h2>Comment pouvons-nous vous aider ?<\/h2>\n<p>Fina Planification financi\u00e8re est active dans le domaine du conseil financier global et complet pour les entreprises et les m\u00e9nages priv\u00e9s. Des planificateurs financiers exp\u00e9riment\u00e9s sont \u00e0 vos c\u00f4t\u00e9s et vous apportent un soutien ind\u00e9pendant dans tous les domaines de la planification financi\u00e8re.<\/p>\n<p>Gr\u00e2ce \u00e0 notre r\u00e9seau de sp\u00e9cialistes comprenant des experts immobiliers, des notaires, des fiscalistes et des avocats, vous recevrez des conseils professionnels, pertinents et fiables d&#8217;une seule source.<\/p>\n<h2>10 % d&#8217;\u00e9conomie signifie 300&#8217;000.- CHF de plus \u00e0 long terme !<\/h2>\n<p>Plus de la moiti\u00e9 de nos salaires vont \u00e0 l&#8217;\u00c9tat, aux compagnies d&#8217;assurance et aux banques !<br \/>\nLa plupart des gens essaient de r\u00e9duire leur d\u00e9penses m\u00e9nag\u00e8res mensuelles en comparant les offres sur le march\u00e9, afin d&#8217;obtenir de la qualit\u00e9 au meilleur prix. L&#8217;exp\u00e9rience montre cependant qu&#8217;\u00e0 long terme, vous pouvez \u00e9conomiser plus de 300&#8217;000.- francs rien qu&#8217;en optimisant vos imp\u00f4ts, vos assurances et vos frais de logement !<\/p>\n<p><a href=\"https:\/\/www.fina.ch\/wp-content\/uploads\/2021\/03\/Depenses-graphiques-2.png\"><img decoding=\"async\" src=\"https:\/\/www.fina.ch\/wp-content\/uploads\/2021\/03\/Depenses-graphiques-2.png\" width=\"752\" height=\"295\" loading=\"lazy\" alt=\"\" class=\"wp-image-6365 size-full alignnone\" srcset=\"https:\/\/www.fina.ch\/wp-content\/uploads\/2021\/03\/Depenses-graphiques-2.png 752w, https:\/\/www.fina.ch\/wp-content\/uploads\/2021\/03\/Depenses-graphiques-2-300x118.png 300w, https:\/\/www.fina.ch\/wp-content\/uploads\/2021\/03\/Depenses-graphiques-2-327x128.png 327w\" sizes=\"auto, (max-width: 752px) 100vw, 752px\" \/><\/a><\/p>\n<p>Comment cela est-il possible ?<br \/>\nDe vingt \u00e0 soixante-cinq ans, chaque m\u00e9nage d\u00e9pense plus de trois millions de francs dans le logement, les finances, les assurances et l&#8217;\u00c9tat.<br \/>\nAvec la bonne strat\u00e9gie et de bons conseils, vous pouvez optimiser votre \u00e9pargne d&#8217;au moins 10 %. \u00c0 long terme, cela correspond g\u00e9n\u00e9ralement \u00e0 un montant de plus de 300 000 CHF.<\/p>\n<a href=\"https:\/\/www.fina.ch\/fr\/systeme-de-planification-fina\/\" class=\"button btn-secondary\" target=\"\">\u00c9conomisez 300 000 CHF gr\u00e2ce au syst\u00e8me de planification FINA<\/a>\n","protected":false},"excerpt":{"rendered":"<p>Comment pouvons-nous vous aider ? Fina Planification financi\u00e8re est active dans le domaine du conseil financier global et complet pour les entreprises et les m\u00e9nages priv\u00e9s. Des planificateurs financiers exp\u00e9riment\u00e9s sont \u00e0 vos c\u00f4t\u00e9s et vous apportent un soutien ind\u00e9pendant dans tous les domaines de la planification financi\u00e8re. Gr\u00e2ce \u00e0 notre r\u00e9seau de sp\u00e9cialistes comprenant [&hellip;]<\/p>\n","protected":false},"author":6,"featured_media":0,"parent":0,"menu_order":21,"comment_status":"closed","ping_status":"closed","template":"","meta":{"_acf_changed":false,"footnotes":""},"class_list":["post-5673","page","type-page","status-publish","hentry"],"acf":[],"yoast_head":"<!-- This site is optimized with the Yoast SEO Premium plugin v26.4 (Yoast SEO v26.4) - https:\/\/yoast.com\/wordpress\/plugins\/seo\/ -->\n<title>Services - FINA Planification financi\u00e8re SA<\/title>\n<meta name=\"description\" content=\"Services de planification financi\u00e8re FINA: Comparaison d&#039;hypoth\u00e8ques, investissements durables, planification de la retraite, conseil financier ind\u00e9pendant, conseil fiscal\" \/>\n<meta name=\"robots\" content=\"index, follow, max-snippet:-1, max-image-preview:large, max-video-preview:-1\" \/>\n<link rel=\"canonical\" href=\"https:\/\/www.fina.ch\/fr\/services\/\" \/>\n<meta property=\"og:locale\" content=\"fr_FR\" \/>\n<meta property=\"og:type\" content=\"article\" \/>\n<meta property=\"og:title\" content=\"Services\" \/>\n<meta property=\"og:description\" content=\"Services de planification financi\u00e8re FINA: Comparaison d&#039;hypoth\u00e8ques, investissements durables, planification de la retraite, conseil financier ind\u00e9pendant, conseil fiscal\" \/>\n<meta property=\"og:url\" content=\"https:\/\/www.fina.ch\/fr\/services\/\" \/>\n<meta property=\"og:site_name\" content=\"FINA Planification financi\u00e8re SA\" \/>\n<meta property=\"article:modified_time\" content=\"2023-11-04T10:08:29+00:00\" \/>\n<meta property=\"og:image\" content=\"https:\/\/www.fina.ch\/wp-content\/uploads\/2021\/03\/Depenses-graphiques-2.png\" \/>\n<meta name=\"twitter:card\" content=\"summary_large_image\" \/>\n<meta name=\"twitter:label1\" content=\"Dur\u00e9e de lecture estim\u00e9e\" \/>\n\t<meta name=\"twitter:data1\" content=\"2 minutes\" \/>\n<!-- \/ Yoast SEO Premium plugin. -->","yoast_head_json":{"title":"Services - FINA Planification financi\u00e8re SA","description":"Services de planification financi\u00e8re FINA: Comparaison d'hypoth\u00e8ques, investissements durables, planification de la retraite, conseil financier ind\u00e9pendant, conseil fiscal","robots":{"index":"index","follow":"follow","max-snippet":"max-snippet:-1","max-image-preview":"max-image-preview:large","max-video-preview":"max-video-preview:-1"},"canonical":"https:\/\/www.fina.ch\/fr\/services\/","og_locale":"fr_FR","og_type":"article","og_title":"Services","og_description":"Services de planification financi\u00e8re FINA: Comparaison d'hypoth\u00e8ques, investissements durables, planification de la retraite, conseil financier ind\u00e9pendant, conseil fiscal","og_url":"https:\/\/www.fina.ch\/fr\/services\/","og_site_name":"FINA Planification financi\u00e8re SA","article_modified_time":"2023-11-04T10:08:29+00:00","og_image":[{"url":"https:\/\/www.fina.ch\/wp-content\/uploads\/2021\/03\/Depenses-graphiques-2.png","type":"","width":"","height":""}],"twitter_card":"summary_large_image","twitter_misc":{"Dur\u00e9e de lecture estim\u00e9e":"2 minutes"},"schema":{"@context":"https:\/\/schema.org","@graph":[{"@type":"WebPage","@id":"https:\/\/www.fina.ch\/fr\/services\/","url":"https:\/\/www.fina.ch\/fr\/services\/","name":"Services - FINA Planification financi\u00e8re SA","isPartOf":{"@id":"https:\/\/www.fina.ch\/fr\/#website"},"primaryImageOfPage":{"@id":"https:\/\/www.fina.ch\/fr\/services\/#primaryimage"},"image":{"@id":"https:\/\/www.fina.ch\/fr\/services\/#primaryimage"},"thumbnailUrl":"https:\/\/www.fina.ch\/wp-content\/uploads\/2021\/03\/Depenses-graphiques-2.png","datePublished":"2021-01-22T13:53:38+00:00","dateModified":"2023-11-04T10:08:29+00:00","description":"Services de planification financi\u00e8re FINA: Comparaison d'hypoth\u00e8ques, investissements durables, planification de la retraite, conseil financier ind\u00e9pendant, conseil fiscal","breadcrumb":{"@id":"https:\/\/www.fina.ch\/fr\/services\/#breadcrumb"},"inLanguage":"fr-FR","potentialAction":[{"@type":"ReadAction","target":["https:\/\/www.fina.ch\/fr\/services\/"]}]},{"@type":"ImageObject","inLanguage":"fr-FR","@id":"https:\/\/www.fina.ch\/fr\/services\/#primaryimage","url":"https:\/\/www.fina.ch\/wp-content\/uploads\/2021\/03\/Depenses-graphiques-2.png","contentUrl":"https:\/\/www.fina.ch\/wp-content\/uploads\/2021\/03\/Depenses-graphiques-2.png"},{"@type":"BreadcrumbList","@id":"https:\/\/www.fina.ch\/fr\/services\/#breadcrumb","itemListElement":[{"@type":"ListItem","position":1,"name":"Home","item":"https:\/\/www.fina.ch\/fr\/"},{"@type":"ListItem","position":2,"name":"Services"}]},{"@type":"WebSite","@id":"https:\/\/www.fina.ch\/fr\/#website","url":"https:\/\/www.fina.ch\/fr\/","name":"FINA Planification financi\u00e8re SA","description":"Personnel - Durable - Transparent\nEnsemble, planifions le futur","publisher":{"@id":"https:\/\/www.fina.ch\/fr\/#organization"},"potentialAction":[{"@type":"SearchAction","target":{"@type":"EntryPoint","urlTemplate":"https:\/\/www.fina.ch\/fr\/?s={search_term_string}"},"query-input":{"@type":"PropertyValueSpecification","valueRequired":true,"valueName":"search_term_string"}}],"inLanguage":"fr-FR"},{"@type":"Organization","@id":"https:\/\/www.fina.ch\/fr\/#organization","name":"FINA Finanzplanung AG","url":"https:\/\/www.fina.ch\/fr\/","logo":{"@type":"ImageObject","inLanguage":"fr-FR","@id":"https:\/\/www.fina.ch\/fr\/#\/schema\/logo\/image\/","url":"https:\/\/www.fina.ch\/wp-content\/uploads\/2017\/10\/FINA_Logo_RGB.png","contentUrl":"https:\/\/www.fina.ch\/wp-content\/uploads\/2017\/10\/FINA_Logo_RGB.png","width":436,"height":631,"caption":"FINA Finanzplanung AG"},"image":{"@id":"https:\/\/www.fina.ch\/fr\/#\/schema\/logo\/image\/"}}]}},"_links":{"self":[{"href":"https:\/\/www.fina.ch\/fr\/wp-json\/wp\/v2\/pages\/5673","targetHints":{"allow":["GET"]}}],"collection":[{"href":"https:\/\/www.fina.ch\/fr\/wp-json\/wp\/v2\/pages"}],"about":[{"href":"https:\/\/www.fina.ch\/fr\/wp-json\/wp\/v2\/types\/page"}],"author":[{"embeddable":true,"href":"https:\/\/www.fina.ch\/fr\/wp-json\/wp\/v2\/users\/6"}],"replies":[{"embeddable":true,"href":"https:\/\/www.fina.ch\/fr\/wp-json\/wp\/v2\/comments?post=5673"}],"version-history":[{"count":1,"href":"https:\/\/www.fina.ch\/fr\/wp-json\/wp\/v2\/pages\/5673\/revisions"}],"predecessor-version":[{"id":12238,"href":"https:\/\/www.fina.ch\/fr\/wp-json\/wp\/v2\/pages\/5673\/revisions\/12238"}],"wp:attachment":[{"href":"https:\/\/www.fina.ch\/fr\/wp-json\/wp\/v2\/media?parent=5673"}],"curies":[{"name":"wp","href":"https:\/\/api.w.org\/{rel}","templated":true}]}}