{"id":5739,"date":"2021-01-25T14:13:36","date_gmt":"2021-01-25T13:13:36","guid":{"rendered":"https:\/\/www.fina.ch\/desinscription-a-la-newsletter\/"},"modified":"2021-05-26T08:47:27","modified_gmt":"2021-05-26T06:47:27","slug":"desinscription-a-la-newsletter","status":"publish","type":"page","link":"https:\/\/www.fina.ch\/fr\/desinscription-a-la-newsletter\/","title":{"rendered":"D\u00e9sinscription \u00e0 la newsletter"},"content":{"rendered":"<p>C&#8217;est dommage que vous d\u00e9siriez partir. N\u00e9anmoins, nous esp\u00e9rons avoir pu vous fournir une ou deux contributions utiles.<\/p>\n<p>Vous pouvez vous d\u00e9sabonner des e-mails ici .<br \/>\n<script type=\"text\/javascript\">\n\/* <![CDATA[ *\/\nvar gform;gform||(document.addEventListener(\"gform_main_scripts_loaded\",function(){gform.scriptsLoaded=!0}),document.addEventListener(\"gform\/theme\/scripts_loaded\",function(){gform.themeScriptsLoaded=!0}),window.addEventListener(\"DOMContentLoaded\",function(){gform.domLoaded=!0}),gform={domLoaded:!1,scriptsLoaded:!1,themeScriptsLoaded:!1,isFormEditor:()=>\"function\"==typeof InitializeEditor,callIfLoaded:function(o){return!(!gform.domLoaded||!gform.scriptsLoaded||!gform.themeScriptsLoaded&&!gform.isFormEditor()||(gform.isFormEditor()&&console.warn(\"The use of gform.initializeOnLoaded() is deprecated in the form editor context and will be removed in Gravity Forms 3.1.\"),o(),0))},initializeOnLoaded:function(o){gform.callIfLoaded(o)||(document.addEventListener(\"gform_main_scripts_loaded\",()=>{gform.scriptsLoaded=!0,gform.callIfLoaded(o)}),document.addEventListener(\"gform\/theme\/scripts_loaded\",()=>{gform.themeScriptsLoaded=!0,gform.callIfLoaded(o)}),window.addEventListener(\"DOMContentLoaded\",()=>{gform.domLoaded=!0,gform.callIfLoaded(o)}))},hooks:{action:{},filter:{}},addAction:function(o,r,e,t){gform.addHook(\"action\",o,r,e,t)},addFilter:function(o,r,e,t){gform.addHook(\"filter\",o,r,e,t)},doAction:function(o){gform.doHook(\"action\",o,arguments)},applyFilters:function(o){return gform.doHook(\"filter\",o,arguments)},removeAction:function(o,r){gform.removeHook(\"action\",o,r)},removeFilter:function(o,r,e){gform.removeHook(\"filter\",o,r,e)},addHook:function(o,r,e,t,n){null==gform.hooks[o][r]&&(gform.hooks[o][r]=[]);var d=gform.hooks[o][r];null==n&&(n=r+\"_\"+d.length),gform.hooks[o][r].push({tag:n,callable:e,priority:t=null==t?10:t})},doHook:function(r,o,e){var t;if(e=Array.prototype.slice.call(e,1),null!=gform.hooks[r][o]&&((o=gform.hooks[r][o]).sort(function(o,r){return o.priority-r.priority}),o.forEach(function(o){\"function\"!=typeof(t=o.callable)&&(t=window[t]),\"action\"==r?t.apply(null,e):e[0]=t.apply(null,e)})),\"filter\"==r)return e[0]},removeHook:function(o,r,t,n){var e;null!=gform.hooks[o][r]&&(e=(e=gform.hooks[o][r]).filter(function(o,r,e){return!!(null!=n&&n!=o.tag||null!=t&&t!=o.priority)}),gform.hooks[o][r]=e)}});\n\/* ]]> *\/\n<\/script>\n\n                <div class='gf_browser_gecko gform_wrapper gform_legacy_markup_wrapper gform-theme--no-framework' data-form-theme='legacy' data-form-index='0' id='gform_wrapper_5' ><div id='gf_5' class='gform_anchor' tabindex='-1'><\/div>\n                        <div class='gform_heading'>\n                            <h3 class=\"gform_title\">D\u00e9sinscription \u00e0 la newsletter<\/h3>\n                            <p class='gform_description'><\/p>\n                        <\/div><form method='post' enctype='multipart\/form-data' target='gform_ajax_frame_5' id='gform_5'  action='\/fr\/wp-json\/wp\/v2\/pages\/5739#gf_5' data-formid='5' novalidate>\t\t\t\t\t<div style=\"display: none !important;\" class=\"akismet-fields-container gf_invisible\" data-prefix=\"ak_\">\n\t\t\t\t\t\t<label>&#916;<textarea name=\"ak_hp_textarea\" cols=\"45\" rows=\"8\" maxlength=\"100\"><\/textarea><\/label>\n\t\t\t\t\t\t<input type=\"hidden\" id=\"ak_js_1\" name=\"ak_js\" value=\"72\" \/>\n\t\t\t\t\t\t<script type=\"text\/javascript\">\n\/* <![CDATA[ *\/\ndocument.getElementById( \"ak_js_1\" ).setAttribute( \"value\", ( new Date() ).getTime() );\n\/* ]]> *\/\n<\/script>\n\n\t\t\t\t\t<\/div>\n                        <div class='gform-body gform_body'><ul id='gform_fields_5' class='gform_fields top_label form_sublabel_below description_below validation_below'><li id=\"field_5_1\" class=\"gfield gfield--type-email gfield_contains_required field_sublabel_below gfield--no-description field_description_below field_validation_below gfield_visibility_visible\"  ><label class='gfield_label gform-field-label' for='input_5_1'>E-Mail :<span class=\"gfield_required\"><span class=\"gfield_required gfield_required_asterisk\">*<\/span><\/span><\/label><div class='ginput_container ginput_container_email'>\n                            <input name='input_1' id='input_5_1' type='email' value='' class='medium'    aria-required=\"true\" aria-invalid=\"false\"  \/>\n                        <\/div><\/li><li id=\"field_5_2\" class=\"gfield gfield--type-hidden gform_hidden field_sublabel_below gfield--no-description field_description_below field_validation_below gfield_visibility_visible\"  ><div class='ginput_container ginput_container_text'><input name='input_2' id='input_5_2' type='hidden' class='gform_hidden'  aria-invalid=\"false\" value='https:\/\/www.fina.ch\/fr\/wp-json\/wp\/v2\/pages\/5739\/' \/><\/div><\/li><li id=\"field_5_3\" class=\"gfield gfield--type-hidden gfield--width-full gform_hidden field_sublabel_below gfield--no-description field_description_below field_validation_below gfield_visibility_visible\"  ><div class='ginput_container ginput_container_text'><input name='input_3' id='input_5_3' type='hidden' class='gform_hidden'  aria-invalid=\"false\" value='false' \/><\/div><\/li><\/ul><\/div>\n        <div class='gform-footer gform_footer top_label'> <input type='submit' id='gform_submit_button_5' class='gform_button button' onclick='gform.submission.handleButtonClick(this);' data-submission-type='submit' value='D\u00e9connexion'  \/> <input type='hidden' name='gform_ajax' value='form_id=5&amp;title=1&amp;description=1&amp;tabindex=0&amp;theme=legacy&amp;styles=[]&amp;hash=dab1e80e4f8474f5fd9f1cf146a5d06b' \/>\n            <input type='hidden' class='gform_hidden' name='gform_submission_method' data-js='gform_submission_method_5' value='iframe' \/>\n            <input type='hidden' class='gform_hidden' name='gform_theme' data-js='gform_theme_5' id='gform_theme_5' value='legacy' \/>\n            <input type='hidden' class='gform_hidden' name='gform_style_settings' data-js='gform_style_settings_5' id='gform_style_settings_5' value='[]' \/>\n            <input type='hidden' class='gform_hidden' name='is_submit_5' value='1' \/>\n            <input type='hidden' class='gform_hidden' name='gform_submit' value='5' \/>\n            \n            <input type='hidden' class='gform_hidden' name='gform_unique_id' value='' \/>\n            <input type='hidden' class='gform_hidden' name='state_5' value='WyJbXSIsImI4MTdhN2IyYmM5NjgyZTdhZmQ2M2QwMmY5NmRiNjkyIl0=' \/>\n            <input type='hidden' autocomplete='off' class='gform_hidden' name='gform_target_page_number_5' id='gform_target_page_number_5' value='0' \/>\n            <input type='hidden' autocomplete='off' class='gform_hidden' name='gform_source_page_number_5' id='gform_source_page_number_5' value='1' \/>\n            <input type='hidden' name='gform_field_values' value='' \/>\n            \n        <\/div>\n                        <\/form>\n                        <\/div>\n\t\t                <iframe style='display:none;width:0px;height:0px;' src='about:blank' name='gform_ajax_frame_5' id='gform_ajax_frame_5' title='Cette iframe contient la logique n\u00e9cessaire pour manipuler Gravity Forms avec Ajax.'><\/iframe>\n\t\t                <script type=\"text\/javascript\">\n\/* <![CDATA[ *\/\n gform.initializeOnLoaded( function() {gformInitSpinner( 5, 'https:\/\/www.fina.ch\/wp-content\/themes\/wptheme.fina\/assets\/dist\/images\/puff.svg', true );jQuery('#gform_ajax_frame_5').on('load',function(){var contents = jQuery(this).contents().find('*').html();var is_postback = contents.indexOf('GF_AJAX_POSTBACK') >= 0;if(!is_postback){return;}var form_content = jQuery(this).contents().find('#gform_wrapper_5');var is_confirmation = jQuery(this).contents().find('#gform_confirmation_wrapper_5').length > 0;var is_redirect = contents.indexOf('gformRedirect(){') >= 0;var is_form = form_content.length > 0 && ! is_redirect && ! is_confirmation;var mt = parseInt(jQuery('html').css('margin-top'), 10) + parseInt(jQuery('body').css('margin-top'), 10) + 100;if(is_form){jQuery('#gform_wrapper_5').html(form_content.html());if(form_content.hasClass('gform_validation_error')){jQuery('#gform_wrapper_5').addClass('gform_validation_error');} else {jQuery('#gform_wrapper_5').removeClass('gform_validation_error');}setTimeout( function() { \/* delay the scroll by 50 milliseconds to fix a bug in chrome *\/ jQuery(document).scrollTop(jQuery('#gform_wrapper_5').offset().top - mt); }, 50 );if(window['gformInitDatepicker']) {gformInitDatepicker();}if(window['gformInitPriceFields']) {gformInitPriceFields();}var current_page = jQuery('#gform_source_page_number_5').val();gformInitSpinner( 5, 'https:\/\/www.fina.ch\/wp-content\/themes\/wptheme.fina\/assets\/dist\/images\/puff.svg', true );jQuery(document).trigger('gform_page_loaded', [5, current_page]);window['gf_submitting_5'] = false;}else if(!is_redirect){var confirmation_content = jQuery(this).contents().find('.GF_AJAX_POSTBACK').html();if(!confirmation_content){confirmation_content = contents;}jQuery('#gform_wrapper_5').replaceWith(confirmation_content);jQuery(document).scrollTop(jQuery('#gf_5').offset().top - mt);jQuery(document).trigger('gform_confirmation_loaded', [5]);window['gf_submitting_5'] = false;wp.a11y.speak(jQuery('#gform_confirmation_message_5').text());}else{jQuery('#gform_5').append(contents);if(window['gformRedirect']) {gformRedirect();}}jQuery(document).trigger(\"gform_pre_post_render\", [{ formId: \"5\", currentPage: \"current_page\", abort: function() { this.preventDefault(); } }]);        if (event && event.defaultPrevented) {                return;        }        const gformWrapperDiv = document.getElementById( \"gform_wrapper_5\" );        if ( gformWrapperDiv ) {            const visibilitySpan = document.createElement( \"span\" );            visibilitySpan.id = \"gform_visibility_test_5\";            gformWrapperDiv.insertAdjacentElement( \"afterend\", visibilitySpan );        }        const visibilityTestDiv = document.getElementById( \"gform_visibility_test_5\" );        let postRenderFired = false;        function triggerPostRender() {            if ( postRenderFired ) {                return;            }            postRenderFired = true;            gform.core.triggerPostRenderEvents( 5, current_page );            if ( visibilityTestDiv ) {                visibilityTestDiv.parentNode.removeChild( visibilityTestDiv );            }        }        function debounce( func, wait, immediate ) {            var timeout;            return function() {                var context = this, args = arguments;                var later = function() {                    timeout = null;                    if ( !immediate ) func.apply( context, args );                };                var callNow = immediate && !timeout;                clearTimeout( timeout );                timeout = setTimeout( later, wait );                if ( callNow ) func.apply( context, args );            };        }        const debouncedTriggerPostRender = debounce( function() {            triggerPostRender();        }, 200 );        if ( visibilityTestDiv && visibilityTestDiv.offsetParent === null ) {            const observer = new MutationObserver( ( mutations ) => {                mutations.forEach( ( mutation ) => {                    if ( mutation.type === 'attributes' && visibilityTestDiv.offsetParent !== null ) {                        debouncedTriggerPostRender();                        observer.disconnect();                    }                });            });            observer.observe( document.body, {                attributes: true,                childList: false,                subtree: true,                attributeFilter: [ 'style', 'class' ],            });        } else {            triggerPostRender();        }    } );} ); \n\/* ]]> *\/\n<\/script>\n<\/p>\n","protected":false},"excerpt":{"rendered":"<p>C&#8217;est dommage que vous d\u00e9siriez partir. N\u00e9anmoins, nous esp\u00e9rons avoir pu vous fournir une ou deux contributions utiles. Vous pouvez vous d\u00e9sabonner des e-mails ici .<\/p>\n","protected":false},"author":8,"featured_media":5092,"parent":0,"menu_order":63,"comment_status":"closed","ping_status":"closed","template":"","meta":{"_acf_changed":false,"footnotes":""},"class_list":["post-5739","page","type-page","status-publish","has-post-thumbnail","hentry"],"acf":[],"yoast_head":"<!-- This site is optimized with the Yoast SEO Premium plugin v26.4 (Yoast SEO v26.4) - https:\/\/yoast.com\/wordpress\/plugins\/seo\/ -->\n<title>D\u00e9sinscription \u00e0 la newsletter - FINA Planification financi\u00e8re SA<\/title>\n<meta name=\"robots\" content=\"index, follow, max-snippet:-1, max-image-preview:large, max-video-preview:-1\" \/>\n<link rel=\"canonical\" href=\"https:\/\/www.fina.ch\/fr\/desinscription-a-la-newsletter\/\" \/>\n<meta property=\"og:locale\" content=\"fr_FR\" \/>\n<meta property=\"og:type\" content=\"article\" \/>\n<meta property=\"og:title\" content=\"D\u00e9sinscription \u00e0 la newsletter\" \/>\n<meta property=\"og:description\" content=\"C&#8217;est dommage que vous d\u00e9siriez partir. N\u00e9anmoins, nous esp\u00e9rons avoir pu vous fournir une ou deux contributions utiles. Vous pouvez vous d\u00e9sabonner des e-mails ici .\" \/>\n<meta property=\"og:url\" content=\"https:\/\/www.fina.ch\/fr\/desinscription-a-la-newsletter\/\" \/>\n<meta property=\"og:site_name\" content=\"FINA Planification financi\u00e8re SA\" \/>\n<meta property=\"article:modified_time\" content=\"2021-05-26T06:47:27+00:00\" \/>\n<meta property=\"og:image\" content=\"https:\/\/www.fina.ch\/wp-content\/uploads\/2017\/10\/Headerbild_neutral_petrol.jpg\" \/>\n\t<meta property=\"og:image:width\" content=\"1920\" \/>\n\t<meta property=\"og:image:height\" content=\"400\" \/>\n\t<meta property=\"og:image:type\" content=\"image\/jpeg\" \/>\n<meta name=\"twitter:card\" content=\"summary_large_image\" \/>\n<!-- \/ Yoast SEO Premium plugin. -->","yoast_head_json":{"title":"D\u00e9sinscription \u00e0 la newsletter - FINA Planification financi\u00e8re SA","robots":{"index":"index","follow":"follow","max-snippet":"max-snippet:-1","max-image-preview":"max-image-preview:large","max-video-preview":"max-video-preview:-1"},"canonical":"https:\/\/www.fina.ch\/fr\/desinscription-a-la-newsletter\/","og_locale":"fr_FR","og_type":"article","og_title":"D\u00e9sinscription \u00e0 la newsletter","og_description":"C&#8217;est dommage que vous d\u00e9siriez partir. N\u00e9anmoins, nous esp\u00e9rons avoir pu vous fournir une ou deux contributions utiles. Vous pouvez vous d\u00e9sabonner des e-mails ici .","og_url":"https:\/\/www.fina.ch\/fr\/desinscription-a-la-newsletter\/","og_site_name":"FINA Planification financi\u00e8re SA","article_modified_time":"2021-05-26T06:47:27+00:00","og_image":[{"width":1920,"height":400,"url":"https:\/\/www.fina.ch\/wp-content\/uploads\/2017\/10\/Headerbild_neutral_petrol.jpg","type":"image\/jpeg"}],"twitter_card":"summary_large_image","schema":{"@context":"https:\/\/schema.org","@graph":[{"@type":"WebPage","@id":"https:\/\/www.fina.ch\/fr\/desinscription-a-la-newsletter\/","url":"https:\/\/www.fina.ch\/fr\/desinscription-a-la-newsletter\/","name":"D\u00e9sinscription \u00e0 la newsletter - FINA Planification financi\u00e8re SA","isPartOf":{"@id":"https:\/\/www.fina.ch\/fr\/#website"},"primaryImageOfPage":{"@id":"https:\/\/www.fina.ch\/fr\/desinscription-a-la-newsletter\/#primaryimage"},"image":{"@id":"https:\/\/www.fina.ch\/fr\/desinscription-a-la-newsletter\/#primaryimage"},"thumbnailUrl":"https:\/\/www.fina.ch\/wp-content\/uploads\/2017\/10\/Headerbild_neutral_petrol.jpg","datePublished":"2021-01-25T13:13:36+00:00","dateModified":"2021-05-26T06:47:27+00:00","breadcrumb":{"@id":"https:\/\/www.fina.ch\/fr\/desinscription-a-la-newsletter\/#breadcrumb"},"inLanguage":"fr-FR","potentialAction":[{"@type":"ReadAction","target":["https:\/\/www.fina.ch\/fr\/desinscription-a-la-newsletter\/"]}]},{"@type":"ImageObject","inLanguage":"fr-FR","@id":"https:\/\/www.fina.ch\/fr\/desinscription-a-la-newsletter\/#primaryimage","url":"https:\/\/www.fina.ch\/wp-content\/uploads\/2017\/10\/Headerbild_neutral_petrol.jpg","contentUrl":"https:\/\/www.fina.ch\/wp-content\/uploads\/2017\/10\/Headerbild_neutral_petrol.jpg","width":1920,"height":400},{"@type":"BreadcrumbList","@id":"https:\/\/www.fina.ch\/fr\/desinscription-a-la-newsletter\/#breadcrumb","itemListElement":[{"@type":"ListItem","position":1,"name":"Home","item":"https:\/\/www.fina.ch\/fr\/"},{"@type":"ListItem","position":2,"name":"D\u00e9sinscription \u00e0 la newsletter"}]},{"@type":"WebSite","@id":"https:\/\/www.fina.ch\/fr\/#website","url":"https:\/\/www.fina.ch\/fr\/","name":"FINA Planification financi\u00e8re SA","description":"Personnel - Durable - Transparent\nEnsemble, planifions le futur","publisher":{"@id":"https:\/\/www.fina.ch\/fr\/#organization"},"potentialAction":[{"@type":"SearchAction","target":{"@type":"EntryPoint","urlTemplate":"https:\/\/www.fina.ch\/fr\/?s={search_term_string}"},"query-input":{"@type":"PropertyValueSpecification","valueRequired":true,"valueName":"search_term_string"}}],"inLanguage":"fr-FR"},{"@type":"Organization","@id":"https:\/\/www.fina.ch\/fr\/#organization","name":"FINA Finanzplanung AG","url":"https:\/\/www.fina.ch\/fr\/","logo":{"@type":"ImageObject","inLanguage":"fr-FR","@id":"https:\/\/www.fina.ch\/fr\/#\/schema\/logo\/image\/","url":"https:\/\/www.fina.ch\/wp-content\/uploads\/2017\/10\/FINA_Logo_RGB.png","contentUrl":"https:\/\/www.fina.ch\/wp-content\/uploads\/2017\/10\/FINA_Logo_RGB.png","width":436,"height":631,"caption":"FINA Finanzplanung AG"},"image":{"@id":"https:\/\/www.fina.ch\/fr\/#\/schema\/logo\/image\/"}}]}},"_links":{"self":[{"href":"https:\/\/www.fina.ch\/fr\/wp-json\/wp\/v2\/pages\/5739","targetHints":{"allow":["GET"]}}],"collection":[{"href":"https:\/\/www.fina.ch\/fr\/wp-json\/wp\/v2\/pages"}],"about":[{"href":"https:\/\/www.fina.ch\/fr\/wp-json\/wp\/v2\/types\/page"}],"author":[{"embeddable":true,"href":"https:\/\/www.fina.ch\/fr\/wp-json\/wp\/v2\/users\/8"}],"replies":[{"embeddable":true,"href":"https:\/\/www.fina.ch\/fr\/wp-json\/wp\/v2\/comments?post=5739"}],"version-history":[{"count":0,"href":"https:\/\/www.fina.ch\/fr\/wp-json\/wp\/v2\/pages\/5739\/revisions"}],"wp:featuredmedia":[{"embeddable":true,"href":"https:\/\/www.fina.ch\/fr\/wp-json\/wp\/v2\/media\/5092"}],"wp:attachment":[{"href":"https:\/\/www.fina.ch\/fr\/wp-json\/wp\/v2\/media?parent=5739"}],"curies":[{"name":"wp","href":"https:\/\/api.w.org\/{rel}","templated":true}]}}