{"id":5758,"date":"2021-01-26T09:32:27","date_gmt":"2021-01-26T08:32:27","guid":{"rendered":"https:\/\/www.fina.ch\/des-conseils-complets\/"},"modified":"2023-10-09T15:24:35","modified_gmt":"2023-10-09T13:24:35","slug":"des-conseils-complets","status":"publish","type":"page","link":"https:\/\/www.fina.ch\/fr\/des-conseils-complets\/","title":{"rendered":"Des conseils complets"},"content":{"rendered":"<h2>Comment pouvons-nous vous aider ?<\/h2>\n<p>Fina Planification financi\u00e8re est active dans le domaine du conseil financier global et complet pour les entreprises et les m\u00e9nages priv\u00e9s. Des planificateurs financiers exp\u00e9riment\u00e9s sont \u00e0 vos c\u00f4t\u00e9s et vous apportent un soutien ind\u00e9pendant dans tous les domaines de la planification financi\u00e8re.<\/p>\n<p>Gr\u00e2ce \u00e0 notre r\u00e9seau de sp\u00e9cialistes comprenant des experts immobiliers, des notaires, des fiscalistes et des avocats, vous recevrez des conseils professionnels, pertinents et fiables d&#8217;une seule source.<\/p>\n<h1>10 % d&#8217;\u00e9conomie signifie 300 000 CHF de plus \u00e0 long terme !<\/h1>\n<p>Plus de la moiti\u00e9 de nos salaires sont destin\u00e9s \u00e0 payer l&#8217;\u00c9tat, les compagnies d&#8217;assurance et les banques !<br \/>\nLa plupart des gens essaient de r\u00e9duire leur d\u00e9penses m\u00e9nag\u00e8res mensuelles en comparant les offres sur le march\u00e9, afin d&#8217;obtenir de la qualit\u00e9 au meilleur prix. Cependant, l&#8217;exp\u00e9rience montre que l&#8217;on peut \u00e9conomiser jusqu&#8217;\u00e0 300&#8217;000.- francs \u00e0 long terme sur la partie taxe, assurances et logement !<\/p>\n<p><img decoding=\"async\" src=\"https:\/\/www.fina.ch\/wp-content\/uploads\/2021\/03\/Depenses-graphiques-2.png\" width=\"752\" height=\"295\" loading=\"lazy\" alt=\"\" class=\"aligncenter wp-image-6365 size-full\" srcset=\"https:\/\/www.fina.ch\/wp-content\/uploads\/2021\/03\/Depenses-graphiques-2.png 752w, https:\/\/www.fina.ch\/wp-content\/uploads\/2021\/03\/Depenses-graphiques-2-300x118.png 300w, https:\/\/www.fina.ch\/wp-content\/uploads\/2021\/03\/Depenses-graphiques-2-327x128.png 327w\" sizes=\"auto, (max-width: 752px) 100vw, 752px\" \/><\/p>\n<h2>Comment de telles \u00e9conomies sont-elles possibles ?<\/h2>\n<p>Selon l&#8217;Office f\u00e9d\u00e9ral de la statistique, entre vingt et soixante-cinq ans, un m\u00e9nage d\u00e9pense plus de trois millions de francs pour le logement, les finances, les assurances et l&#8217;\u00c9tat.<\/p>\n<p>Une enqu\u00eate men\u00e9e aupr\u00e8s de pr\u00e8s de 1000 m\u00e9nages a r\u00e9v\u00e9l\u00e9 :<br \/>\nAvec la bonne strat\u00e9gie et de r\u00e9guli\u00e8res optimisations, <b><i>il est possible d&#8217;optimiser au moins 10 % de ces co\u00fbts.<\/i><\/b> Cela correspond \u00e0 un montant cumul\u00e9 de 300 000.- CHF sur toute la dur\u00e9e de votre vie active.<\/p>\n<a href=\"https:\/\/www.fina.ch\/fr\/systeme-de-planification-fina\/\" class=\"button btn-secondary\" target=\"\">\u00c9conomisez 300 000.- \u00e0 long terme gr\u00e2ce au syst\u00e8me de planification FINA<\/a>\n","protected":false},"excerpt":{"rendered":"<p>Comment pouvons-nous vous aider ? Fina Planification financi\u00e8re est active dans le domaine du conseil financier global et complet pour les entreprises et les m\u00e9nages priv\u00e9s. Des planificateurs financiers exp\u00e9riment\u00e9s sont \u00e0 vos c\u00f4t\u00e9s et vous apportent un soutien ind\u00e9pendant dans tous les domaines de la planification financi\u00e8re. Gr\u00e2ce \u00e0 notre r\u00e9seau de sp\u00e9cialistes comprenant [&hellip;]<\/p>\n","protected":false},"author":8,"featured_media":0,"parent":0,"menu_order":82,"comment_status":"closed","ping_status":"closed","template":"template-dienstleistung.php","meta":{"_acf_changed":false,"footnotes":""},"class_list":["post-5758","page","type-page","status-publish","hentry","page_type-dienstleistung"],"acf":[],"yoast_head":"<!-- This site is optimized with the Yoast SEO Premium plugin v26.4 (Yoast SEO v26.4) - https:\/\/yoast.com\/wordpress\/plugins\/seo\/ -->\n<title>Des conseils complets - FINA Planification financi\u00e8re SA<\/title>\n<meta name=\"description\" content=\"Fina Planification financi\u00e8re est active dans le domaine du conseil financier global et complet pour les entreprises et les m\u00e9nages priv\u00e9s.\" \/>\n<meta name=\"robots\" content=\"index, follow, max-snippet:-1, max-image-preview:large, max-video-preview:-1\" \/>\n<link rel=\"canonical\" href=\"https:\/\/www.fina.ch\/fr\/des-conseils-complets\/\" \/>\n<meta property=\"og:locale\" content=\"fr_FR\" \/>\n<meta property=\"og:type\" content=\"article\" \/>\n<meta property=\"og:title\" content=\"Des conseils complets\" \/>\n<meta property=\"og:description\" content=\"Fina Planification financi\u00e8re est active dans le domaine du conseil financier global et complet pour les entreprises et les m\u00e9nages priv\u00e9s.\" \/>\n<meta property=\"og:url\" content=\"https:\/\/www.fina.ch\/fr\/des-conseils-complets\/\" \/>\n<meta property=\"og:site_name\" content=\"FINA Planification financi\u00e8re SA\" \/>\n<meta property=\"article:modified_time\" content=\"2023-10-09T13:24:35+00:00\" \/>\n<meta property=\"og:image\" content=\"https:\/\/www.fina.ch\/wp-content\/uploads\/2021\/03\/Depenses-graphiques-2.png\" \/>\n<meta name=\"twitter:card\" content=\"summary_large_image\" \/>\n<meta name=\"twitter:label1\" content=\"Dur\u00e9e de lecture estim\u00e9e\" \/>\n\t<meta name=\"twitter:data1\" content=\"2 minutes\" \/>\n<!-- \/ Yoast SEO Premium plugin. -->","yoast_head_json":{"title":"Des conseils complets - FINA Planification financi\u00e8re SA","description":"Fina Planification financi\u00e8re est active dans le domaine du conseil financier global et complet pour les entreprises et les m\u00e9nages priv\u00e9s.","robots":{"index":"index","follow":"follow","max-snippet":"max-snippet:-1","max-image-preview":"max-image-preview:large","max-video-preview":"max-video-preview:-1"},"canonical":"https:\/\/www.fina.ch\/fr\/des-conseils-complets\/","og_locale":"fr_FR","og_type":"article","og_title":"Des conseils complets","og_description":"Fina Planification financi\u00e8re est active dans le domaine du conseil financier global et complet pour les entreprises et les m\u00e9nages priv\u00e9s.","og_url":"https:\/\/www.fina.ch\/fr\/des-conseils-complets\/","og_site_name":"FINA Planification financi\u00e8re SA","article_modified_time":"2023-10-09T13:24:35+00:00","og_image":[{"url":"https:\/\/www.fina.ch\/wp-content\/uploads\/2021\/03\/Depenses-graphiques-2.png","type":"","width":"","height":""}],"twitter_card":"summary_large_image","twitter_misc":{"Dur\u00e9e de lecture estim\u00e9e":"2 minutes"},"schema":{"@context":"https:\/\/schema.org","@graph":[{"@type":"WebPage","@id":"https:\/\/www.fina.ch\/fr\/des-conseils-complets\/","url":"https:\/\/www.fina.ch\/fr\/des-conseils-complets\/","name":"Des conseils complets - FINA Planification financi\u00e8re SA","isPartOf":{"@id":"https:\/\/www.fina.ch\/fr\/#website"},"primaryImageOfPage":{"@id":"https:\/\/www.fina.ch\/fr\/des-conseils-complets\/#primaryimage"},"image":{"@id":"https:\/\/www.fina.ch\/fr\/des-conseils-complets\/#primaryimage"},"thumbnailUrl":"https:\/\/www.fina.ch\/wp-content\/uploads\/2021\/03\/Depenses-graphiques-2.png","datePublished":"2021-01-26T08:32:27+00:00","dateModified":"2023-10-09T13:24:35+00:00","description":"Fina Planification financi\u00e8re est active dans le domaine du conseil financier global et complet pour les entreprises et les m\u00e9nages priv\u00e9s.","breadcrumb":{"@id":"https:\/\/www.fina.ch\/fr\/des-conseils-complets\/#breadcrumb"},"inLanguage":"fr-FR","potentialAction":[{"@type":"ReadAction","target":["https:\/\/www.fina.ch\/fr\/des-conseils-complets\/"]}]},{"@type":"ImageObject","inLanguage":"fr-FR","@id":"https:\/\/www.fina.ch\/fr\/des-conseils-complets\/#primaryimage","url":"https:\/\/www.fina.ch\/wp-content\/uploads\/2021\/03\/Depenses-graphiques-2.png","contentUrl":"https:\/\/www.fina.ch\/wp-content\/uploads\/2021\/03\/Depenses-graphiques-2.png"},{"@type":"BreadcrumbList","@id":"https:\/\/www.fina.ch\/fr\/des-conseils-complets\/#breadcrumb","itemListElement":[{"@type":"ListItem","position":1,"name":"Home","item":"https:\/\/www.fina.ch\/fr\/"},{"@type":"ListItem","position":2,"name":"Des conseils complets"}]},{"@type":"WebSite","@id":"https:\/\/www.fina.ch\/fr\/#website","url":"https:\/\/www.fina.ch\/fr\/","name":"FINA Planification financi\u00e8re SA","description":"Personnel - Durable - Transparent\nEnsemble, planifions le futur","publisher":{"@id":"https:\/\/www.fina.ch\/fr\/#organization"},"potentialAction":[{"@type":"SearchAction","target":{"@type":"EntryPoint","urlTemplate":"https:\/\/www.fina.ch\/fr\/?s={search_term_string}"},"query-input":{"@type":"PropertyValueSpecification","valueRequired":true,"valueName":"search_term_string"}}],"inLanguage":"fr-FR"},{"@type":"Organization","@id":"https:\/\/www.fina.ch\/fr\/#organization","name":"FINA Finanzplanung AG","url":"https:\/\/www.fina.ch\/fr\/","logo":{"@type":"ImageObject","inLanguage":"fr-FR","@id":"https:\/\/www.fina.ch\/fr\/#\/schema\/logo\/image\/","url":"https:\/\/www.fina.ch\/wp-content\/uploads\/2017\/10\/FINA_Logo_RGB.png","contentUrl":"https:\/\/www.fina.ch\/wp-content\/uploads\/2017\/10\/FINA_Logo_RGB.png","width":436,"height":631,"caption":"FINA Finanzplanung AG"},"image":{"@id":"https:\/\/www.fina.ch\/fr\/#\/schema\/logo\/image\/"}}]}},"_links":{"self":[{"href":"https:\/\/www.fina.ch\/fr\/wp-json\/wp\/v2\/pages\/5758","targetHints":{"allow":["GET"]}}],"collection":[{"href":"https:\/\/www.fina.ch\/fr\/wp-json\/wp\/v2\/pages"}],"about":[{"href":"https:\/\/www.fina.ch\/fr\/wp-json\/wp\/v2\/types\/page"}],"author":[{"embeddable":true,"href":"https:\/\/www.fina.ch\/fr\/wp-json\/wp\/v2\/users\/8"}],"replies":[{"embeddable":true,"href":"https:\/\/www.fina.ch\/fr\/wp-json\/wp\/v2\/comments?post=5758"}],"version-history":[{"count":1,"href":"https:\/\/www.fina.ch\/fr\/wp-json\/wp\/v2\/pages\/5758\/revisions"}],"predecessor-version":[{"id":12188,"href":"https:\/\/www.fina.ch\/fr\/wp-json\/wp\/v2\/pages\/5758\/revisions\/12188"}],"wp:attachment":[{"href":"https:\/\/www.fina.ch\/fr\/wp-json\/wp\/v2\/media?parent=5758"}],"curies":[{"name":"wp","href":"https:\/\/api.w.org\/{rel}","templated":true}]}}