{"id":5768,"date":"2021-01-27T09:09:28","date_gmt":"2021-01-27T08:09:28","guid":{"rendered":"https:\/\/www.fina.ch\/le-principe-des-3-piliers\/calculer-les-lacunes-de-revenus\/"},"modified":"2023-09-07T16:34:27","modified_gmt":"2023-09-07T14:34:27","slug":"calculer-les-lacunes-de-revenus","status":"publish","type":"page","link":"https:\/\/www.fina.ch\/fr\/le-principe-des-3-piliers\/calculer-les-lacunes-de-revenus\/","title":{"rendered":"Calculer les lacunes de revenus"},"content":{"rendered":"","protected":false},"excerpt":{"rendered":"","protected":false},"author":8,"featured_media":0,"parent":5665,"menu_order":4,"comment_status":"closed","ping_status":"closed","template":"template-pagebuilder.php","meta":{"_acf_changed":false,"footnotes":""},"class_list":["post-5768","page","type-page","status-publish","hentry"],"acf":[],"yoast_head":"<!-- This site is optimized with the Yoast SEO Premium plugin v26.4 (Yoast SEO v26.4) - https:\/\/yoast.com\/wordpress\/plugins\/seo\/ -->\n<title>Calculer les lacunes de revenus - FINA Planification financi\u00e8re SA<\/title>\n<meta name=\"description\" content=\"Calculer les lacunes de pr\u00e9voyance. Calculateur de pension, le capital dont vous avez besoin \u00e0 la retraite. Combien faut-il \u00e9conomiser chaque mois pour couvrir ce d\u00e9ficit. Calculer maintenant !\" \/>\n<meta name=\"robots\" content=\"index, follow, max-snippet:-1, max-image-preview:large, max-video-preview:-1\" \/>\n<link rel=\"canonical\" href=\"https:\/\/www.fina.ch\/fr\/le-principe-des-3-piliers\/calculer-les-lacunes-de-revenus\/\" \/>\n<meta property=\"og:locale\" content=\"fr_FR\" \/>\n<meta property=\"og:type\" content=\"article\" \/>\n<meta property=\"og:title\" content=\"Calculer les lacunes de revenus\" \/>\n<meta property=\"og:description\" content=\"Calculer les lacunes de pr\u00e9voyance. Calculateur de pension, le capital dont vous avez besoin \u00e0 la retraite. Combien faut-il \u00e9conomiser chaque mois pour couvrir ce d\u00e9ficit. Calculer maintenant !\" \/>\n<meta property=\"og:url\" content=\"https:\/\/www.fina.ch\/fr\/le-principe-des-3-piliers\/calculer-les-lacunes-de-revenus\/\" \/>\n<meta property=\"og:site_name\" content=\"FINA Planification financi\u00e8re SA\" \/>\n<meta property=\"article:modified_time\" content=\"2023-09-07T14:34:27+00:00\" \/>\n<meta property=\"og:image\" content=\"https:\/\/www.fina.ch\/wp-content\/uploads\/2017\/10\/Vergleich-Versicherung-Bank-FINA-Finanzplanung.jpg\" \/>\n<meta name=\"twitter:card\" content=\"summary_large_image\" \/>\n<!-- \/ Yoast SEO Premium plugin. -->","yoast_head_json":{"title":"Calculer les lacunes de revenus - FINA Planification financi\u00e8re SA","description":"Calculer les lacunes de pr\u00e9voyance. Calculateur de pension, le capital dont vous avez besoin \u00e0 la retraite. Combien faut-il \u00e9conomiser chaque mois pour couvrir ce d\u00e9ficit. Calculer maintenant !","robots":{"index":"index","follow":"follow","max-snippet":"max-snippet:-1","max-image-preview":"max-image-preview:large","max-video-preview":"max-video-preview:-1"},"canonical":"https:\/\/www.fina.ch\/fr\/le-principe-des-3-piliers\/calculer-les-lacunes-de-revenus\/","og_locale":"fr_FR","og_type":"article","og_title":"Calculer les lacunes de revenus","og_description":"Calculer les lacunes de pr\u00e9voyance. Calculateur de pension, le capital dont vous avez besoin \u00e0 la retraite. Combien faut-il \u00e9conomiser chaque mois pour couvrir ce d\u00e9ficit. Calculer maintenant !","og_url":"https:\/\/www.fina.ch\/fr\/le-principe-des-3-piliers\/calculer-les-lacunes-de-revenus\/","og_site_name":"FINA Planification financi\u00e8re SA","article_modified_time":"2023-09-07T14:34:27+00:00","og_image":[{"url":"https:\/\/www.fina.ch\/wp-content\/uploads\/2017\/10\/Vergleich-Versicherung-Bank-FINA-Finanzplanung.jpg","type":"","width":"","height":""}],"twitter_card":"summary_large_image","schema":{"@context":"https:\/\/schema.org","@graph":[{"@type":"WebPage","@id":"https:\/\/www.fina.ch\/fr\/le-principe-des-3-piliers\/calculer-les-lacunes-de-revenus\/","url":"https:\/\/www.fina.ch\/fr\/le-principe-des-3-piliers\/calculer-les-lacunes-de-revenus\/","name":"Calculer les lacunes de revenus - FINA Planification financi\u00e8re SA","isPartOf":{"@id":"https:\/\/www.fina.ch\/fr\/#website"},"datePublished":"2021-01-27T08:09:28+00:00","dateModified":"2023-09-07T14:34:27+00:00","description":"Calculer les lacunes de pr\u00e9voyance. Calculateur de pension, le capital dont vous avez besoin \u00e0 la retraite. Combien faut-il \u00e9conomiser chaque mois pour couvrir ce d\u00e9ficit. Calculer maintenant !","breadcrumb":{"@id":"https:\/\/www.fina.ch\/fr\/le-principe-des-3-piliers\/calculer-les-lacunes-de-revenus\/#breadcrumb"},"inLanguage":"fr-FR","potentialAction":[{"@type":"ReadAction","target":["https:\/\/www.fina.ch\/fr\/le-principe-des-3-piliers\/calculer-les-lacunes-de-revenus\/"]}]},{"@type":"BreadcrumbList","@id":"https:\/\/www.fina.ch\/fr\/le-principe-des-3-piliers\/calculer-les-lacunes-de-revenus\/#breadcrumb","itemListElement":[{"@type":"ListItem","position":1,"name":"Home","item":"https:\/\/www.fina.ch\/fr\/"},{"@type":"ListItem","position":2,"name":"Le principe des 3 piliers","item":"https:\/\/www.fina.ch\/fr\/le-principe-des-3-piliers\/"},{"@type":"ListItem","position":3,"name":"Calculer les lacunes de revenus"}]},{"@type":"WebSite","@id":"https:\/\/www.fina.ch\/fr\/#website","url":"https:\/\/www.fina.ch\/fr\/","name":"FINA Planification financi\u00e8re SA","description":"Personnel - Durable - Transparent\nEnsemble, planifions le futur","publisher":{"@id":"https:\/\/www.fina.ch\/fr\/#organization"},"potentialAction":[{"@type":"SearchAction","target":{"@type":"EntryPoint","urlTemplate":"https:\/\/www.fina.ch\/fr\/?s={search_term_string}"},"query-input":{"@type":"PropertyValueSpecification","valueRequired":true,"valueName":"search_term_string"}}],"inLanguage":"fr-FR"},{"@type":"Organization","@id":"https:\/\/www.fina.ch\/fr\/#organization","name":"FINA Finanzplanung AG","url":"https:\/\/www.fina.ch\/fr\/","logo":{"@type":"ImageObject","inLanguage":"fr-FR","@id":"https:\/\/www.fina.ch\/fr\/#\/schema\/logo\/image\/","url":"https:\/\/www.fina.ch\/wp-content\/uploads\/2017\/10\/FINA_Logo_RGB.png","contentUrl":"https:\/\/www.fina.ch\/wp-content\/uploads\/2017\/10\/FINA_Logo_RGB.png","width":436,"height":631,"caption":"FINA Finanzplanung AG"},"image":{"@id":"https:\/\/www.fina.ch\/fr\/#\/schema\/logo\/image\/"}}]}},"_links":{"self":[{"href":"https:\/\/www.fina.ch\/fr\/wp-json\/wp\/v2\/pages\/5768","targetHints":{"allow":["GET"]}}],"collection":[{"href":"https:\/\/www.fina.ch\/fr\/wp-json\/wp\/v2\/pages"}],"about":[{"href":"https:\/\/www.fina.ch\/fr\/wp-json\/wp\/v2\/types\/page"}],"author":[{"embeddable":true,"href":"https:\/\/www.fina.ch\/fr\/wp-json\/wp\/v2\/users\/8"}],"replies":[{"embeddable":true,"href":"https:\/\/www.fina.ch\/fr\/wp-json\/wp\/v2\/comments?post=5768"}],"version-history":[{"count":5,"href":"https:\/\/www.fina.ch\/fr\/wp-json\/wp\/v2\/pages\/5768\/revisions"}],"predecessor-version":[{"id":12138,"href":"https:\/\/www.fina.ch\/fr\/wp-json\/wp\/v2\/pages\/5768\/revisions\/12138"}],"up":[{"embeddable":true,"href":"https:\/\/www.fina.ch\/fr\/wp-json\/wp\/v2\/pages\/5665"}],"wp:attachment":[{"href":"https:\/\/www.fina.ch\/fr\/wp-json\/wp\/v2\/media?parent=5768"}],"curies":[{"name":"wp","href":"https:\/\/api.w.org\/{rel}","templated":true}]}}