{"id":5786,"date":"2021-01-28T09:56:23","date_gmt":"2021-01-28T08:56:23","guid":{"rendered":"https:\/\/www.fina.ch\/le-principe-des-3-piliers\/comparaison-de-troisieme-pilier\/"},"modified":"2025-11-10T10:42:24","modified_gmt":"2025-11-10T09:42:24","slug":"comparaison-de-troisieme-pilier","status":"publish","type":"page","link":"https:\/\/www.fina.ch\/fr\/le-principe-des-3-piliers\/comparaison-de-troisieme-pilier\/","title":{"rendered":"Comparaison de troisi\u00e8me pilier"},"content":{"rendered":"","protected":false},"excerpt":{"rendered":"","protected":false},"author":6,"featured_media":0,"parent":5665,"menu_order":3,"comment_status":"closed","ping_status":"closed","template":"template-pagebuilder.php","meta":{"_acf_changed":false,"footnotes":""},"class_list":["post-5786","page","type-page","status-publish","hentry"],"acf":[],"yoast_head":"<!-- This site is optimized with the Yoast SEO Premium plugin v26.4 (Yoast SEO v26.4) - https:\/\/yoast.com\/wordpress\/plugins\/seo\/ -->\n<title>Comparaison du 3\u00e8me pilier, Guide du meilleur plan de pr\u00e9voyance - FINA Planification financi\u00e8re SA<\/title>\n<meta name=\"description\" content=\"3e pilier banque ou assurance: quelle pr\u00e9voyance choisir? Comparez les polices d&#039;assurance vie. O\u00f9 pouvez-vous obtenir les meilleurs int\u00e9r\u00eats au moindre co\u00fbt. Les meilleures offres de piliers 3a.\" \/>\n<meta name=\"robots\" content=\"index, follow, max-snippet:-1, max-image-preview:large, max-video-preview:-1\" \/>\n<link rel=\"canonical\" href=\"https:\/\/www.fina.ch\/fr\/le-principe-des-3-piliers\/comparaison-de-troisieme-pilier\/\" \/>\n<meta property=\"og:locale\" content=\"fr_FR\" \/>\n<meta property=\"og:type\" content=\"article\" \/>\n<meta property=\"og:title\" content=\"Comparaison de troisi\u00e8me pilier\" \/>\n<meta property=\"og:description\" content=\"3e pilier banque ou assurance: quelle pr\u00e9voyance choisir? Comparez les polices d&#039;assurance vie. O\u00f9 pouvez-vous obtenir les meilleurs int\u00e9r\u00eats au moindre co\u00fbt. Les meilleures offres de piliers 3a.\" \/>\n<meta property=\"og:url\" content=\"https:\/\/www.fina.ch\/fr\/le-principe-des-3-piliers\/comparaison-de-troisieme-pilier\/\" \/>\n<meta property=\"og:site_name\" content=\"FINA Planification financi\u00e8re SA\" \/>\n<meta property=\"article:modified_time\" content=\"2025-11-10T09:42:24+00:00\" \/>\n<meta property=\"og:image\" content=\"https:\/\/www.fina.ch\/wp-content\/uploads\/2017\/10\/Steuern-optimieren-Web.jpg\" \/>\n\t<meta property=\"og:image:width\" content=\"1500\" \/>\n\t<meta property=\"og:image:height\" content=\"1001\" \/>\n\t<meta property=\"og:image:type\" content=\"image\/jpeg\" \/>\n<meta name=\"twitter:card\" content=\"summary_large_image\" \/>\n<meta name=\"twitter:label1\" content=\"Dur\u00e9e de lecture estim\u00e9e\" \/>\n\t<meta name=\"twitter:data1\" content=\"12 minutes\" \/>\n<!-- \/ Yoast SEO Premium plugin. -->","yoast_head_json":{"title":"Comparaison du 3\u00e8me pilier, Guide du meilleur plan de pr\u00e9voyance - FINA Planification financi\u00e8re SA","description":"3e pilier banque ou assurance: quelle pr\u00e9voyance choisir? Comparez les polices d'assurance vie. O\u00f9 pouvez-vous obtenir les meilleurs int\u00e9r\u00eats au moindre co\u00fbt. Les meilleures offres de piliers 3a.","robots":{"index":"index","follow":"follow","max-snippet":"max-snippet:-1","max-image-preview":"max-image-preview:large","max-video-preview":"max-video-preview:-1"},"canonical":"https:\/\/www.fina.ch\/fr\/le-principe-des-3-piliers\/comparaison-de-troisieme-pilier\/","og_locale":"fr_FR","og_type":"article","og_title":"Comparaison de troisi\u00e8me pilier","og_description":"3e pilier banque ou assurance: quelle pr\u00e9voyance choisir? Comparez les polices d'assurance vie. O\u00f9 pouvez-vous obtenir les meilleurs int\u00e9r\u00eats au moindre co\u00fbt. Les meilleures offres de piliers 3a.","og_url":"https:\/\/www.fina.ch\/fr\/le-principe-des-3-piliers\/comparaison-de-troisieme-pilier\/","og_site_name":"FINA Planification financi\u00e8re SA","article_modified_time":"2025-11-10T09:42:24+00:00","og_image":[{"width":1500,"height":1001,"url":"https:\/\/www.fina.ch\/wp-content\/uploads\/2017\/10\/Steuern-optimieren-Web.jpg","type":"image\/jpeg"}],"twitter_card":"summary_large_image","twitter_misc":{"Dur\u00e9e de lecture estim\u00e9e":"12 minutes"},"schema":{"@context":"https:\/\/schema.org","@graph":[{"@type":"WebPage","@id":"https:\/\/www.fina.ch\/fr\/le-principe-des-3-piliers\/comparaison-de-troisieme-pilier\/","url":"https:\/\/www.fina.ch\/fr\/le-principe-des-3-piliers\/comparaison-de-troisieme-pilier\/","name":"Comparaison du 3\u00e8me pilier, Guide du meilleur plan de pr\u00e9voyance - FINA Planification financi\u00e8re SA","isPartOf":{"@id":"https:\/\/www.fina.ch\/fr\/#website"},"datePublished":"2021-01-28T08:56:23+00:00","dateModified":"2025-11-10T09:42:24+00:00","description":"3e pilier banque ou assurance: quelle pr\u00e9voyance choisir? Comparez les polices d'assurance vie. O\u00f9 pouvez-vous obtenir les meilleurs int\u00e9r\u00eats au moindre co\u00fbt. Les meilleures offres de piliers 3a.","breadcrumb":{"@id":"https:\/\/www.fina.ch\/fr\/le-principe-des-3-piliers\/comparaison-de-troisieme-pilier\/#breadcrumb"},"inLanguage":"fr-FR","potentialAction":[{"@type":"ReadAction","target":["https:\/\/www.fina.ch\/fr\/le-principe-des-3-piliers\/comparaison-de-troisieme-pilier\/"]}]},{"@type":"BreadcrumbList","@id":"https:\/\/www.fina.ch\/fr\/le-principe-des-3-piliers\/comparaison-de-troisieme-pilier\/#breadcrumb","itemListElement":[{"@type":"ListItem","position":1,"name":"Home","item":"https:\/\/www.fina.ch\/fr\/"},{"@type":"ListItem","position":2,"name":"Le principe des 3 piliers","item":"https:\/\/www.fina.ch\/fr\/le-principe-des-3-piliers\/"},{"@type":"ListItem","position":3,"name":"Comparaison de troisi\u00e8me pilier"}]},{"@type":"WebSite","@id":"https:\/\/www.fina.ch\/fr\/#website","url":"https:\/\/www.fina.ch\/fr\/","name":"FINA Planification financi\u00e8re SA","description":"Personnel - Durable - Transparent\nEnsemble, planifions le futur","publisher":{"@id":"https:\/\/www.fina.ch\/fr\/#organization"},"potentialAction":[{"@type":"SearchAction","target":{"@type":"EntryPoint","urlTemplate":"https:\/\/www.fina.ch\/fr\/?s={search_term_string}"},"query-input":{"@type":"PropertyValueSpecification","valueRequired":true,"valueName":"search_term_string"}}],"inLanguage":"fr-FR"},{"@type":"Organization","@id":"https:\/\/www.fina.ch\/fr\/#organization","name":"FINA Finanzplanung AG","url":"https:\/\/www.fina.ch\/fr\/","logo":{"@type":"ImageObject","inLanguage":"fr-FR","@id":"https:\/\/www.fina.ch\/fr\/#\/schema\/logo\/image\/","url":"https:\/\/www.fina.ch\/wp-content\/uploads\/2017\/10\/FINA_Logo_RGB.png","contentUrl":"https:\/\/www.fina.ch\/wp-content\/uploads\/2017\/10\/FINA_Logo_RGB.png","width":436,"height":631,"caption":"FINA Finanzplanung AG"},"image":{"@id":"https:\/\/www.fina.ch\/fr\/#\/schema\/logo\/image\/"}}]}},"_links":{"self":[{"href":"https:\/\/www.fina.ch\/fr\/wp-json\/wp\/v2\/pages\/5786","targetHints":{"allow":["GET"]}}],"collection":[{"href":"https:\/\/www.fina.ch\/fr\/wp-json\/wp\/v2\/pages"}],"about":[{"href":"https:\/\/www.fina.ch\/fr\/wp-json\/wp\/v2\/types\/page"}],"author":[{"embeddable":true,"href":"https:\/\/www.fina.ch\/fr\/wp-json\/wp\/v2\/users\/6"}],"replies":[{"embeddable":true,"href":"https:\/\/www.fina.ch\/fr\/wp-json\/wp\/v2\/comments?post=5786"}],"version-history":[{"count":19,"href":"https:\/\/www.fina.ch\/fr\/wp-json\/wp\/v2\/pages\/5786\/revisions"}],"predecessor-version":[{"id":14268,"href":"https:\/\/www.fina.ch\/fr\/wp-json\/wp\/v2\/pages\/5786\/revisions\/14268"}],"up":[{"embeddable":true,"href":"https:\/\/www.fina.ch\/fr\/wp-json\/wp\/v2\/pages\/5665"}],"wp:attachment":[{"href":"https:\/\/www.fina.ch\/fr\/wp-json\/wp\/v2\/media?parent=5786"}],"curies":[{"name":"wp","href":"https:\/\/api.w.org\/{rel}","templated":true}]}}