{"id":5789,"date":"2021-01-28T15:10:33","date_gmt":"2021-01-28T14:10:33","guid":{"rendered":"https:\/\/www.fina.ch\/a-propos-de-nous\/planification-financiere-independante-fina-philosophie\/"},"modified":"2025-10-10T11:24:51","modified_gmt":"2025-10-10T09:24:51","slug":"planification-financiere-independante-fina-philosophie","status":"publish","type":"page","link":"https:\/\/www.fina.ch\/fr\/a-propos-de-nous\/planification-financiere-independante-fina-philosophie\/","title":{"rendered":"Planification financi\u00e8re ind\u00e9pendante &#8211; La Philosophie de FINA"},"content":{"rendered":"<h2>Quelle est la raison de l&#8217;existance de FINA Planification financi\u00e8re et quelle est notre philosophie ?<\/h2>\n<p>Les fondateurs et partenaires de FINA ont travaill\u00e9 pendant de nombreuses ann\u00e9es dans divers organismes de services financiers.<\/p>\n<p>L&#8217;id\u00e9e de fonder une entreprise est n\u00e9e de la conviction croissante que les avantages apport\u00e9s aux clients doivent \u00eatre syst\u00e9matiquement mis au premier plan et que les activit\u00e9s de l&#8217;entreprise se doivent d&#8217;\u00eatre plus durables, socialement responsables et transparentes. Ceci n&#8217;est malheureusement pas le cas actuellement dans le secteur financier.<\/p>\n<h2>Notre philosophie<\/h2>\n<p>Nous pensons qu&#8217;une entreprise a une responsabilit\u00e9 envers la soci\u00e9t\u00e9 et son environnement et qu\u2019elle doit contribuer \u00e0 cr\u00e9er de la valeur, \u00e0 donner du sens \u00e0 son activit\u00e9. Notre entreprise est partenaire de la protection du climat et fait partie des <a href=\"https:\/\/www.fina.ch\/fr\/a-propos-de-nous\/une-entreprise-au-bilan-co2-neutre\/\">entreprise climatiquement neutres.<\/a><br \/>\nCette approche se retrouve dans toute la philosophie de l&#8217;entreprise et peut \u00eatre r\u00e9sum\u00e9e par nos trois valeurs centrales.<\/p>\n<p>&nbsp;<\/p>\n<h2>Visionboard FINA en un coup d&#8217;\u0153il<\/h2>\n<p><img decoding=\"async\" src=\"https:\/\/www.fina.ch\/wp-content\/uploads\/2021\/03\/FINA-Philosophie-unabhaengige-Finanzplanung-Vision-Werte-Mission-Strategie-1.jpg\" width=\"1200\" height=\"1699\" loading=\"lazy\" alt=\"\" class=\"alignnone wp-image-6632 size-full\" srcset=\"https:\/\/www.fina.ch\/wp-content\/uploads\/2021\/03\/FINA-Philosophie-unabhaengige-Finanzplanung-Vision-Werte-Mission-Strategie-1.jpg 1200w, https:\/\/www.fina.ch\/wp-content\/uploads\/2021\/03\/FINA-Philosophie-unabhaengige-Finanzplanung-Vision-Werte-Mission-Strategie-1-212x300.jpg 212w, https:\/\/www.fina.ch\/wp-content\/uploads\/2021\/03\/FINA-Philosophie-unabhaengige-Finanzplanung-Vision-Werte-Mission-Strategie-1-723x1024.jpg 723w, https:\/\/www.fina.ch\/wp-content\/uploads\/2021\/03\/FINA-Philosophie-unabhaengige-Finanzplanung-Vision-Werte-Mission-Strategie-1-768x1087.jpg 768w, https:\/\/www.fina.ch\/wp-content\/uploads\/2021\/03\/FINA-Philosophie-unabhaengige-Finanzplanung-Vision-Werte-Mission-Strategie-1-1085x1536.jpg 1085w, https:\/\/www.fina.ch\/wp-content\/uploads\/2021\/03\/FINA-Philosophie-unabhaengige-Finanzplanung-Vision-Werte-Mission-Strategie-1-904x1280.jpg 904w, https:\/\/www.fina.ch\/wp-content\/uploads\/2021\/03\/FINA-Philosophie-unabhaengige-Finanzplanung-Vision-Werte-Mission-Strategie-1-297x420.jpg 297w\" sizes=\"auto, (max-width: 1200px) 100vw, 1200px\" \/><\/p>\n<h2>Valeurs fondamentales de FINA Planification financi\u00e8re et sa mission<\/h2>\n<p>Notre travail quotidien se fonde sur les valeurs suivantes :<\/p>\n<h3>Transparent<\/h3>\n<p>Nous assurons la transparence sur le march\u00e9 financier en comparant des centaines de tarifs pour nos clients. Il existe \u00e9galement la possibilit\u00e9 d&#8217;un conseil r\u00e9mun\u00e9r\u00e9 avec remboursement de toute compensation par des tiers.<br \/>\nTous les employ\u00e9s disposent d&#8217;une transparence en ce qui concerne la comptabilit\u00e9 de Fina Planification financi\u00e8re SA. Les b\u00e9n\u00e9fices et les exc\u00e9dents \u00e9ventuels sont utilis\u00e9s de mani\u00e8re ouverte, transparente et avec la participation des salari\u00e9s.<\/p>\n<p>&nbsp;<\/p>\n<h3>Personnel<\/h3>\n<p>La num\u00e9risation et l&#8217;automatisation sont sur toutes les l\u00e8vres. Nous aussi, nous sommes heureux d&#8217;utiliser les derni\u00e8res technologies \u00e0 notre service. Mais le facteur d\u00e9cisif est le suivant : les gens sont toujours au centre ! L&#8217;objectif de Fina Planification financi\u00e8re SA est d\u2019aider nos clients \u00e0 g\u00e9rer leurs finances avec succ\u00e8s et efficacit\u00e9 et de contribuer ainsi de mani\u00e8re d\u00e9cisive \u00e0 l&#8217;am\u00e9lioration de leur qualit\u00e9 de vie.<\/p>\n<p>&nbsp;<\/p>\n<h3>Durable<\/h3>\n<p>La durabilit\u00e9 est une composante essentielle de notre philosophie de planification financi\u00e8re. Notre conception de la durabilit\u00e9 est tridimensionnelle. <a href=\"https:\/\/digitalcollection.zhaw.ch\/handle\/11475\/9645\" target=\"_blank\" rel=\"noopener noreferrer\">(Adapt\u00e9 du Prof. Dr. Mathias Sch\u00fcz, Leadership &amp; ; \u00c9thique, responsabilit\u00e9 durable des entreprises)<\/a><\/p>\n<p><strong>Durabilit\u00e9 sociale<\/strong><br \/>\nNous entretenons des rencontres respectueuses avec tous nos partenaires, employ\u00e9s et clients. En plus de la participation et de l&#8217;implication annuelle de nos employ\u00e9s dans des projets sociaux, 10 % de nos b\u00e9n\u00e9fices sont revers\u00e9s \u00e0 des associations humanitaires.<\/p>\n<p><strong>Durabilit\u00e9 \u00e9cologique<\/strong><br \/>\nNous maintenons une approche consciente de l&#8217;utilisation et du recyclage des mat\u00e9riaux, en utilisant les ressources num\u00e9riques et en recourant \u00e0 des mat\u00e9riaux durables dans la mesure du possible. Nous sommes un partenaire de la protection du climat et nous sommes une <a href=\"https:\/\/www.fina.ch\/fr\/a-propos-de-nous\/une-entreprise-au-bilan-co2-neutre\/\">entreprise au bilan CO2 neutre<\/a>.<\/p>\n<p><strong>Durabilit\u00e9 \u00e9conomique<\/strong><br \/>\nNous pensons que notre approche peut apporter quelque chose de pr\u00e9cieux. Toutefois, cela ne peut \u00eatre r\u00e9alis\u00e9 que si nous op\u00e9rons \u00e9galement de mani\u00e8re \u00e9conomiquement durable et assurons la survie de l&#8217;entreprise. Dans cette troisi\u00e8me dimension, nous nous concentrons sur l&#8217;utilisation consciente des ressources internes et externes de nature humaine, mat\u00e9rielle et financi\u00e8re.<\/p>\n<p>La recherche excessive de profits ne fait pas partie de notre philosophie :<\/p>\n<p>&#8220;Le profit est essentiel \u00e0 la survie d&#8217;une entreprise, tout comme l&#8217;air est essentiel pour qu&#8217;une personne puisse respirer. Cependant, aucun humain n&#8217;appellerait la respiration son but dans la vie&#8221;.<\/p>\n<p>Au contraire, une entreprise existe pour r\u00e9pondre \u00e0 certains besoins humains.<\/p>\n<p>C&#8217;est pourquoi le b\u00e9n\u00e9fice avant imp\u00f4t (EBIT) de FINA est plafonn\u00e9 \u00e0 10 %. Tout ce qui est au-dessus revient aux employ\u00e9s et aux clients.<\/p>\n<p>&nbsp;<\/p>\n<p><a href=\"https:\/\/www.fina.ch\/fr\/a-propos-de-nous\/une-entreprise-au-bilan-co2-neutre\/\">Rapport interne actuel de FINA concernant la durabilit\u00e9 pour 2019<\/a><\/p>\n<p>&nbsp;<\/p>\n<h3>Mission pour nos clients<\/h3>\n<ul>\n<li>Nous apportons de la clart\u00e9 et une vue d&#8217;ensemble<\/li>\n<li>Assurer une situation financi\u00e8re optimale en permanence<\/li>\n<li>Global et ind\u00e9pendant dans les 6 domaines de la planification financi\u00e8re<br \/>\n(imp\u00f4ts, investissements, assurances, planification de la retraite, s\u00e9curit\u00e9 juridique, immobilier)<\/li>\n<\/ul>\n<p>&nbsp;<\/p>\n<p>Nous y parvenons gr\u00e2ce \u00e0 notre <a href=\"https:\/\/www.fina.ch\/fr\/systeme-de-planification-fina\/\">syst\u00e8me unique de planification FINA.<\/a><\/p>\n<p>Nous sommes passionn\u00e9s, d&#8217;une part, par l&#8217;activit\u00e9 de conseil et le travail avec les gens et, d&#8217;autre part, par notre m\u00e9tier, qui est \u00e0 la fois tr\u00e8s complexe, en constante \u00e9volution, mais aussi extr\u00eamement captivant.<\/p>\n<p>Fina Planification financi\u00e8re SA\u00a0est le partenaire id\u00e9al, pour les travailleurs et les m\u00e9nages de classe moyenne \u00e0 sup\u00e9rieure ainsi que pour les PME.<br \/>\nNous aidons nos clients:<\/p>\n<ul>\n<li>\u00e0 atteindre plus facilement leurs objectifs<\/li>\n<li>\u00e0 \u00e9conomiser de l&#8217;argent dans tous les domaines financiers<\/li>\n<li>\u00e0 assurer de l&#8217;ordre et de la transparence<\/li>\n<li>\u00e0 renforcer votre s\u00e9curit\u00e9 en comblant vos lacunes de revenus<\/li>\n<li>\u00e0 augmenter vos rendements<\/li>\n<li>et \u00e0 am\u00e9liorer ainsi de mani\u00e8re d\u00e9cisive votre qualit\u00e9 de vie<\/li>\n<\/ul>\n<p>Nous respectons toujours les <a href=\"https:\/\/www.fina.ch\/fr\/a-propos-de-nous\/promesse-de-qualite\/\">8 promesses de qualit\u00e9<\/a> de FINA<\/p>\n<p>&nbsp;<\/p>\n<h3>Pour nos employ\u00e9s<\/h3>\n<p>Notre entreprise offre aux personnes talentueuses, sinc\u00e8res et d\u00e9sireuses d&#8217;apprendre, un environnement de travail stimulant et inspirant, avec des possibilit\u00e9s de d\u00e9veloppement sans pr\u00e9c\u00e9dent.<\/p>\n<ul>\n<li>Esprit d&#8217;entreprise : un certain niveau d&#8217;anciennet\u00e9 et de performance permet de participer \u00e0 l&#8217;entreprise en tant que partenaire et copropri\u00e9taire<\/li>\n<li>Organisation \u00e9volutive : chaque employ\u00e9 b\u00e9n\u00e9ficie d&#8217;une allocation mensuelle de d\u00e9veloppement, qu&#8217;il peut investir dans les formations internes ou externes de son choix.<\/li>\n<li>Participation : chaque salari\u00e9 participe au b\u00e9n\u00e9fice total de l&#8217;entreprise gr\u00e2ce \u00e0 notre &#8220;\u00e9quit\u00e9 salariale en 5 points&#8221;. La comptabilit\u00e9 est transparente pour tous.<\/li>\n<li>Administration : Le conseil d&#8217;administration est renouvel\u00e9 et \u00e9lu chaque ann\u00e9e. Chaque employ\u00e9 dispose d&#8217;une voix. Chacun peut apporter ses id\u00e9es. Les d\u00e9cisions qui n\u00e9cessitent d&#8217;importantes ressources sont prises d\u00e9mocratiquement avec la participation de toutes les parties concern\u00e9es.<\/li>\n<\/ul>\n<p>Plus d&#8217;explications sur notre <a href=\"https:\/\/www.fina.ch\/fr\/emplois\/\">philosophie de travail dans cet article en 5 parties &#8230;<\/a><\/p>\n<p>&nbsp;<\/p>\n<div>\n<h3>Pour nos entreprises partenaires<\/h3>\n<p>Nous s\u00e9lectionnons nos entreprises partenaires avec soin selon notre vision de la durabilit\u00e9.<br \/>\nPour nos partenaires commerciaux, nous le sommes :<\/p>\n<ul>\n<li>Absolument fiable, honn\u00eate et transparent<\/li>\n<li>Nous tenons ou d\u00e9passons nous promesses.<\/li>\n<li>Nos normes de qualit\u00e9 \u00e9lev\u00e9es envers nos processus et nos employ\u00e9s ont un effet positif sur l&#8217;image de nos partenaires.<\/li>\n<\/ul>\n<p>&nbsp;<\/p>\n<h3>Pour l&#8217;environnement et la soci\u00e9t\u00e9<\/h3>\n<p>Nous voulons apporter notre contribution au-del\u00e0 de nos activit\u00e9s commerciales en:<\/p>\n<ul>\n<li>Reversant 10 % de nos b\u00e9n\u00e9fices<\/li>\n<li>Recommandant uniquement des investissements \u00e9cologiquement et socialement durables<\/li>\n<li>Pr\u00e9f\u00e9rant les produits et les partenaires commerciaux qui appliquent les principes de durabilit\u00e9.<\/li>\n<li>Organisant un jour de b\u00e9n\u00e9volat au moins une fois par an avec tous les employ\u00e9s, dans la mesure o\u00f9 cela a un sens et correspond \u00e0 l&#8217;objectif de notre entreprise<\/li>\n<li>R\u00e9duisant de moiti\u00e9 la consommation de papier par rapport aux autres prestataires de services financiers<\/li>\n<\/ul>\n<\/div>\n<p><a href=\"https:\/\/www.fina.ch\/unabhaengige-finanzplanung-philosophie\/nachhaltigkeit-co2\/\">Depuis 2019, FINA Finanzplanung est une entreprise au bilan carbone neutre<\/a><\/p>\n<p>&nbsp;<\/p>\n<h2>Une philosophie de planification financi\u00e8re ind\u00e9pendante<\/h2>\n<ul>\n<li>Nous ne proposons pas de produits financiers propres \u00e0 FINA<\/li>\n<li>Aucune autre entreprise financi\u00e8re ne d\u00e9tient de part de FINA<\/li>\n<li>Des consultations payantes sont possibles pour les clients<\/li>\n<li>Nous sommes contr\u00f4l\u00e9s et enregistr\u00e9s aupr\u00e8s de l&#8217;Autorit\u00e9 de surveillance des march\u00e9s financiers FINMA en tant qu&#8217;interm\u00e9diaire ind\u00e9pendant.<\/li>\n<\/ul>\n<p>&nbsp;<\/p>\n<p>&nbsp;<\/p>\n<p>&nbsp;<\/p>\n","protected":false},"excerpt":{"rendered":"<p>Quelle est la raison de l&#8217;existance de FINA Planification financi\u00e8re et quelle est notre philosophie ? Les fondateurs et partenaires de FINA ont travaill\u00e9 pendant de nombreuses ann\u00e9es dans divers organismes de services financiers. L&#8217;id\u00e9e de fonder une entreprise est n\u00e9e de la conviction croissante que les avantages apport\u00e9s aux clients doivent \u00eatre syst\u00e9matiquement mis [&hellip;]<\/p>\n","protected":false},"author":6,"featured_media":0,"parent":5748,"menu_order":1,"comment_status":"closed","ping_status":"closed","template":"","meta":{"_acf_changed":false,"footnotes":""},"class_list":["post-5789","page","type-page","status-publish","hentry"],"acf":[],"yoast_head":"<!-- This site is optimized with the Yoast SEO Premium plugin v26.4 (Yoast SEO v26.4) - https:\/\/yoast.com\/wordpress\/plugins\/seo\/ -->\n<title>philosophie de planification financi\u00e8re ind\u00e9pendante - FINA Planification financi\u00e8re SA<\/title>\n<meta name=\"description\" content=\"Philosophie de notre planification financi\u00e8re ind\u00e9pendante : FINA Finanzplanung emprunte une nouvelle voie ! Agir de mani\u00e8re durable, sociale et transparente\" \/>\n<meta name=\"robots\" content=\"index, follow, max-snippet:-1, max-image-preview:large, max-video-preview:-1\" \/>\n<link rel=\"canonical\" href=\"https:\/\/www.fina.ch\/fr\/a-propos-de-nous\/planification-financiere-independante-fina-philosophie\/\" \/>\n<meta property=\"og:locale\" content=\"fr_FR\" \/>\n<meta property=\"og:type\" content=\"article\" \/>\n<meta property=\"og:title\" content=\"Planification financi\u00e8re ind\u00e9pendante - La Philosophie de FINA\" \/>\n<meta property=\"og:description\" content=\"Philosophie de notre planification financi\u00e8re ind\u00e9pendante : FINA Finanzplanung emprunte une nouvelle voie ! Agir de mani\u00e8re durable, sociale et transparente\" \/>\n<meta property=\"og:url\" content=\"https:\/\/www.fina.ch\/fr\/a-propos-de-nous\/planification-financiere-independante-fina-philosophie\/\" \/>\n<meta property=\"og:site_name\" content=\"FINA Planification financi\u00e8re SA\" \/>\n<meta property=\"article:modified_time\" content=\"2025-10-10T09:24:51+00:00\" \/>\n<meta property=\"og:image\" content=\"https:\/\/www.fina.ch\/wp-content\/uploads\/2021\/03\/FINA-Philosophie-unabhaengige-Finanzplanung-Vision-Werte-Mission-Strategie-1.jpg\" \/>\n\t<meta property=\"og:image:width\" content=\"1200\" \/>\n\t<meta property=\"og:image:height\" content=\"1699\" \/>\n\t<meta property=\"og:image:type\" content=\"image\/jpeg\" \/>\n<meta name=\"twitter:card\" content=\"summary_large_image\" \/>\n<meta name=\"twitter:label1\" content=\"Dur\u00e9e de lecture estim\u00e9e\" \/>\n\t<meta name=\"twitter:data1\" content=\"7 minutes\" \/>\n<!-- \/ Yoast SEO Premium plugin. -->","yoast_head_json":{"title":"philosophie de planification financi\u00e8re ind\u00e9pendante - FINA Planification financi\u00e8re SA","description":"Philosophie de notre planification financi\u00e8re ind\u00e9pendante : FINA Finanzplanung emprunte une nouvelle voie ! Agir de mani\u00e8re durable, sociale et transparente","robots":{"index":"index","follow":"follow","max-snippet":"max-snippet:-1","max-image-preview":"max-image-preview:large","max-video-preview":"max-video-preview:-1"},"canonical":"https:\/\/www.fina.ch\/fr\/a-propos-de-nous\/planification-financiere-independante-fina-philosophie\/","og_locale":"fr_FR","og_type":"article","og_title":"Planification financi\u00e8re ind\u00e9pendante - La Philosophie de FINA","og_description":"Philosophie de notre planification financi\u00e8re ind\u00e9pendante : FINA Finanzplanung emprunte une nouvelle voie ! Agir de mani\u00e8re durable, sociale et transparente","og_url":"https:\/\/www.fina.ch\/fr\/a-propos-de-nous\/planification-financiere-independante-fina-philosophie\/","og_site_name":"FINA Planification financi\u00e8re SA","article_modified_time":"2025-10-10T09:24:51+00:00","og_image":[{"width":1200,"height":1699,"url":"https:\/\/www.fina.ch\/wp-content\/uploads\/2021\/03\/FINA-Philosophie-unabhaengige-Finanzplanung-Vision-Werte-Mission-Strategie-1.jpg","type":"image\/jpeg"}],"twitter_card":"summary_large_image","twitter_misc":{"Dur\u00e9e de lecture estim\u00e9e":"7 minutes"},"schema":{"@context":"https:\/\/schema.org","@graph":[{"@type":"WebPage","@id":"https:\/\/www.fina.ch\/fr\/a-propos-de-nous\/planification-financiere-independante-fina-philosophie\/","url":"https:\/\/www.fina.ch\/fr\/a-propos-de-nous\/planification-financiere-independante-fina-philosophie\/","name":"philosophie de planification financi\u00e8re ind\u00e9pendante - FINA Planification financi\u00e8re SA","isPartOf":{"@id":"https:\/\/www.fina.ch\/fr\/#website"},"primaryImageOfPage":{"@id":"https:\/\/www.fina.ch\/fr\/a-propos-de-nous\/planification-financiere-independante-fina-philosophie\/#primaryimage"},"image":{"@id":"https:\/\/www.fina.ch\/fr\/a-propos-de-nous\/planification-financiere-independante-fina-philosophie\/#primaryimage"},"thumbnailUrl":"https:\/\/www.fina.ch\/wp-content\/uploads\/2021\/03\/FINA-Philosophie-unabhaengige-Finanzplanung-Vision-Werte-Mission-Strategie-1.jpg","datePublished":"2021-01-28T14:10:33+00:00","dateModified":"2025-10-10T09:24:51+00:00","description":"Philosophie de notre planification financi\u00e8re ind\u00e9pendante : FINA Finanzplanung emprunte une nouvelle voie ! Agir de mani\u00e8re durable, sociale et transparente","breadcrumb":{"@id":"https:\/\/www.fina.ch\/fr\/a-propos-de-nous\/planification-financiere-independante-fina-philosophie\/#breadcrumb"},"inLanguage":"fr-FR","potentialAction":[{"@type":"ReadAction","target":["https:\/\/www.fina.ch\/fr\/a-propos-de-nous\/planification-financiere-independante-fina-philosophie\/"]}]},{"@type":"ImageObject","inLanguage":"fr-FR","@id":"https:\/\/www.fina.ch\/fr\/a-propos-de-nous\/planification-financiere-independante-fina-philosophie\/#primaryimage","url":"https:\/\/www.fina.ch\/wp-content\/uploads\/2021\/03\/FINA-Philosophie-unabhaengige-Finanzplanung-Vision-Werte-Mission-Strategie-1.jpg","contentUrl":"https:\/\/www.fina.ch\/wp-content\/uploads\/2021\/03\/FINA-Philosophie-unabhaengige-Finanzplanung-Vision-Werte-Mission-Strategie-1.jpg"},{"@type":"BreadcrumbList","@id":"https:\/\/www.fina.ch\/fr\/a-propos-de-nous\/planification-financiere-independante-fina-philosophie\/#breadcrumb","itemListElement":[{"@type":"ListItem","position":1,"name":"Home","item":"https:\/\/www.fina.ch\/fr\/"},{"@type":"ListItem","position":2,"name":"\u00c0 propos de nous","item":"https:\/\/www.fina.ch\/fr\/ueber-uns\/"},{"@type":"ListItem","position":3,"name":"Planification financi\u00e8re ind\u00e9pendante &#8211; La Philosophie de FINA"}]},{"@type":"WebSite","@id":"https:\/\/www.fina.ch\/fr\/#website","url":"https:\/\/www.fina.ch\/fr\/","name":"FINA Planification financi\u00e8re SA","description":"Personnel - Durable - Transparent\nEnsemble, planifions le futur","publisher":{"@id":"https:\/\/www.fina.ch\/fr\/#organization"},"potentialAction":[{"@type":"SearchAction","target":{"@type":"EntryPoint","urlTemplate":"https:\/\/www.fina.ch\/fr\/?s={search_term_string}"},"query-input":{"@type":"PropertyValueSpecification","valueRequired":true,"valueName":"search_term_string"}}],"inLanguage":"fr-FR"},{"@type":"Organization","@id":"https:\/\/www.fina.ch\/fr\/#organization","name":"FINA Finanzplanung AG","url":"https:\/\/www.fina.ch\/fr\/","logo":{"@type":"ImageObject","inLanguage":"fr-FR","@id":"https:\/\/www.fina.ch\/fr\/#\/schema\/logo\/image\/","url":"https:\/\/www.fina.ch\/wp-content\/uploads\/2017\/10\/FINA_Logo_RGB.png","contentUrl":"https:\/\/www.fina.ch\/wp-content\/uploads\/2017\/10\/FINA_Logo_RGB.png","width":436,"height":631,"caption":"FINA Finanzplanung AG"},"image":{"@id":"https:\/\/www.fina.ch\/fr\/#\/schema\/logo\/image\/"}}]}},"_links":{"self":[{"href":"https:\/\/www.fina.ch\/fr\/wp-json\/wp\/v2\/pages\/5789","targetHints":{"allow":["GET"]}}],"collection":[{"href":"https:\/\/www.fina.ch\/fr\/wp-json\/wp\/v2\/pages"}],"about":[{"href":"https:\/\/www.fina.ch\/fr\/wp-json\/wp\/v2\/types\/page"}],"author":[{"embeddable":true,"href":"https:\/\/www.fina.ch\/fr\/wp-json\/wp\/v2\/users\/6"}],"replies":[{"embeddable":true,"href":"https:\/\/www.fina.ch\/fr\/wp-json\/wp\/v2\/comments?post=5789"}],"version-history":[{"count":3,"href":"https:\/\/www.fina.ch\/fr\/wp-json\/wp\/v2\/pages\/5789\/revisions"}],"predecessor-version":[{"id":14182,"href":"https:\/\/www.fina.ch\/fr\/wp-json\/wp\/v2\/pages\/5789\/revisions\/14182"}],"up":[{"embeddable":true,"href":"https:\/\/www.fina.ch\/fr\/wp-json\/wp\/v2\/pages\/5748"}],"wp:attachment":[{"href":"https:\/\/www.fina.ch\/fr\/wp-json\/wp\/v2\/media?parent=5789"}],"curies":[{"name":"wp","href":"https:\/\/api.w.org\/{rel}","templated":true}]}}