{"id":5798,"date":"2021-02-01T15:19:30","date_gmt":"2021-02-01T14:19:30","guid":{"rendered":"https:\/\/www.fina.ch\/liens-vers-dautres-sites\/"},"modified":"2023-11-04T10:38:42","modified_gmt":"2023-11-04T09:38:42","slug":"liens-vers-dautres-sites","status":"publish","type":"page","link":"https:\/\/www.fina.ch\/fr\/liens-vers-dautres-sites\/","title":{"rendered":"Liens vers d&#8217;autres sites"},"content":{"rendered":"<h2>Mission FINA : &#8220;Chaque m\u00e9nage dispose d&#8217;une vue d&#8217;ensemble et d&#8217;une gestion optimale de ses finances&#8221;.<\/h2>\n<p>C&#8217;est pourquoi vous trouverez ici de nombreuses ressources \u00e0 partager avec vos connaissances, vos amis et vos clients.<\/p>\n","protected":false},"excerpt":{"rendered":"<p>Mission FINA : &#8220;Chaque m\u00e9nage dispose d&#8217;une vue d&#8217;ensemble et d&#8217;une gestion optimale de ses finances&#8221;. C&#8217;est pourquoi vous trouverez ici de nombreuses ressources \u00e0 partager avec vos connaissances, vos amis et vos clients.<\/p>\n","protected":false},"author":8,"featured_media":0,"parent":0,"menu_order":14,"comment_status":"closed","ping_status":"closed","template":"template-link_collection.php","meta":{"_acf_changed":false,"footnotes":""},"class_list":["post-5798","page","type-page","status-publish","hentry"],"acf":[],"yoast_head":"<!-- This site is optimized with the Yoast SEO Premium plugin v26.4 (Yoast SEO v26.4) - https:\/\/yoast.com\/wordpress\/plugins\/seo\/ -->\n<title>Liens vers d&#039;autres sites - FINA Planification financi\u00e8re SA<\/title>\n<meta name=\"description\" content=\"Vous trouverez ici de nombreux liens utiles sur le th\u00e8me des finances \u00e0 partager avec vos connaissances, vos amis et vos clients.\" \/>\n<meta name=\"robots\" content=\"index, follow, max-snippet:-1, max-image-preview:large, max-video-preview:-1\" \/>\n<link rel=\"canonical\" href=\"https:\/\/www.fina.ch\/fr\/liens-vers-dautres-sites\/\" \/>\n<meta property=\"og:locale\" content=\"fr_FR\" \/>\n<meta property=\"og:type\" content=\"article\" \/>\n<meta property=\"og:title\" content=\"Liens vers d&#039;autres sites\" \/>\n<meta property=\"og:description\" content=\"Vous trouverez ici de nombreux liens utiles sur le th\u00e8me des finances \u00e0 partager avec vos connaissances, vos amis et vos clients.\" \/>\n<meta property=\"og:url\" content=\"https:\/\/www.fina.ch\/fr\/liens-vers-dautres-sites\/\" \/>\n<meta property=\"og:site_name\" content=\"FINA Planification financi\u00e8re SA\" \/>\n<meta property=\"article:modified_time\" content=\"2023-11-04T09:38:42+00:00\" \/>\n<meta property=\"og:image\" content=\"https:\/\/www.fina.ch\/wp-content\/uploads\/2017\/10\/Steuern-optimieren-Web.jpg\" \/>\n\t<meta property=\"og:image:width\" content=\"1500\" \/>\n\t<meta property=\"og:image:height\" content=\"1001\" \/>\n\t<meta property=\"og:image:type\" content=\"image\/jpeg\" \/>\n<meta name=\"twitter:card\" content=\"summary_large_image\" \/>\n<meta name=\"twitter:label1\" content=\"Dur\u00e9e de lecture estim\u00e9e\" \/>\n\t<meta name=\"twitter:data1\" content=\"1 minute\" \/>\n<!-- \/ Yoast SEO Premium plugin. -->","yoast_head_json":{"title":"Liens vers d'autres sites - FINA Planification financi\u00e8re SA","description":"Vous trouverez ici de nombreux liens utiles sur le th\u00e8me des finances \u00e0 partager avec vos connaissances, vos amis et vos clients.","robots":{"index":"index","follow":"follow","max-snippet":"max-snippet:-1","max-image-preview":"max-image-preview:large","max-video-preview":"max-video-preview:-1"},"canonical":"https:\/\/www.fina.ch\/fr\/liens-vers-dautres-sites\/","og_locale":"fr_FR","og_type":"article","og_title":"Liens vers d'autres sites","og_description":"Vous trouverez ici de nombreux liens utiles sur le th\u00e8me des finances \u00e0 partager avec vos connaissances, vos amis et vos clients.","og_url":"https:\/\/www.fina.ch\/fr\/liens-vers-dautres-sites\/","og_site_name":"FINA Planification financi\u00e8re SA","article_modified_time":"2023-11-04T09:38:42+00:00","og_image":[{"width":1500,"height":1001,"url":"https:\/\/www.fina.ch\/wp-content\/uploads\/2017\/10\/Steuern-optimieren-Web.jpg","type":"image\/jpeg"}],"twitter_card":"summary_large_image","twitter_misc":{"Dur\u00e9e de lecture estim\u00e9e":"1 minute"},"schema":{"@context":"https:\/\/schema.org","@graph":[{"@type":"WebPage","@id":"https:\/\/www.fina.ch\/fr\/liens-vers-dautres-sites\/","url":"https:\/\/www.fina.ch\/fr\/liens-vers-dautres-sites\/","name":"Liens vers d'autres sites - FINA Planification financi\u00e8re SA","isPartOf":{"@id":"https:\/\/www.fina.ch\/fr\/#website"},"datePublished":"2021-02-01T14:19:30+00:00","dateModified":"2023-11-04T09:38:42+00:00","description":"Vous trouverez ici de nombreux liens utiles sur le th\u00e8me des finances \u00e0 partager avec vos connaissances, vos amis et vos clients.","breadcrumb":{"@id":"https:\/\/www.fina.ch\/fr\/liens-vers-dautres-sites\/#breadcrumb"},"inLanguage":"fr-FR","potentialAction":[{"@type":"ReadAction","target":["https:\/\/www.fina.ch\/fr\/liens-vers-dautres-sites\/"]}]},{"@type":"BreadcrumbList","@id":"https:\/\/www.fina.ch\/fr\/liens-vers-dautres-sites\/#breadcrumb","itemListElement":[{"@type":"ListItem","position":1,"name":"Home","item":"https:\/\/www.fina.ch\/fr\/"},{"@type":"ListItem","position":2,"name":"Liens vers d&#8217;autres sites"}]},{"@type":"WebSite","@id":"https:\/\/www.fina.ch\/fr\/#website","url":"https:\/\/www.fina.ch\/fr\/","name":"FINA Planification financi\u00e8re SA","description":"Personnel - Durable - Transparent\nEnsemble, planifions le futur","publisher":{"@id":"https:\/\/www.fina.ch\/fr\/#organization"},"potentialAction":[{"@type":"SearchAction","target":{"@type":"EntryPoint","urlTemplate":"https:\/\/www.fina.ch\/fr\/?s={search_term_string}"},"query-input":{"@type":"PropertyValueSpecification","valueRequired":true,"valueName":"search_term_string"}}],"inLanguage":"fr-FR"},{"@type":"Organization","@id":"https:\/\/www.fina.ch\/fr\/#organization","name":"FINA Finanzplanung AG","url":"https:\/\/www.fina.ch\/fr\/","logo":{"@type":"ImageObject","inLanguage":"fr-FR","@id":"https:\/\/www.fina.ch\/fr\/#\/schema\/logo\/image\/","url":"https:\/\/www.fina.ch\/wp-content\/uploads\/2017\/10\/FINA_Logo_RGB.png","contentUrl":"https:\/\/www.fina.ch\/wp-content\/uploads\/2017\/10\/FINA_Logo_RGB.png","width":436,"height":631,"caption":"FINA Finanzplanung AG"},"image":{"@id":"https:\/\/www.fina.ch\/fr\/#\/schema\/logo\/image\/"}}]}},"_links":{"self":[{"href":"https:\/\/www.fina.ch\/fr\/wp-json\/wp\/v2\/pages\/5798","targetHints":{"allow":["GET"]}}],"collection":[{"href":"https:\/\/www.fina.ch\/fr\/wp-json\/wp\/v2\/pages"}],"about":[{"href":"https:\/\/www.fina.ch\/fr\/wp-json\/wp\/v2\/types\/page"}],"author":[{"embeddable":true,"href":"https:\/\/www.fina.ch\/fr\/wp-json\/wp\/v2\/users\/8"}],"replies":[{"embeddable":true,"href":"https:\/\/www.fina.ch\/fr\/wp-json\/wp\/v2\/comments?post=5798"}],"version-history":[{"count":1,"href":"https:\/\/www.fina.ch\/fr\/wp-json\/wp\/v2\/pages\/5798\/revisions"}],"predecessor-version":[{"id":12233,"href":"https:\/\/www.fina.ch\/fr\/wp-json\/wp\/v2\/pages\/5798\/revisions\/12233"}],"wp:attachment":[{"href":"https:\/\/www.fina.ch\/fr\/wp-json\/wp\/v2\/media?parent=5798"}],"curies":[{"name":"wp","href":"https:\/\/api.w.org\/{rel}","templated":true}]}}