{"id":5814,"date":"2021-02-04T10:52:35","date_gmt":"2021-02-04T09:52:35","guid":{"rendered":"https:\/\/www.fina.ch\/conseil-fiscal-suisse\/declaration-dimpots-valais-viege\/"},"modified":"2021-02-17T15:29:09","modified_gmt":"2021-02-17T14:29:09","slug":"declaration-dimpots-valais-viege","status":"publish","type":"page","link":"https:\/\/www.fina.ch\/fr\/conseil-fiscal-suisse\/declaration-dimpots-valais-viege\/","title":{"rendered":"D\u00e9claration d&#8217;imp\u00f4ts Valais, Vi\u00e8ge"},"content":{"rendered":"<h2>Faites remplir votre d\u00e9claration d&#8217;imp\u00f4ts de mani\u00e8re absolument professionnelle et \u00e0 un prix in\u00e9gal\u00e9 !<\/h2>\n<h3>Berne &#8211; Thoune &#8211; Fribourg<\/h3>\n<p>Pour les nouveaux clients dans les cantons de Berne et de Fribourg, votre d\u00e9claration d&#8217;imp\u00f4ts maintenant <em>. <strong>seulement CHF 87.-<\/strong><\/em> au lieu de 167.- (particuliers, y compris propri\u00e9t\u00e9 r\u00e9sidentielle occup\u00e9e par le propri\u00e9taire, d\u00e9p\u00f4t).<\/p>\n<p>Les situations plus complexes sont propos\u00e9es en fonction de la charge de travail.<\/p>\n<h4>Notre service express \u00e0 Thoune ou \u00e0 Berne-K\u00f6niz : il suffit de passer, de faire remplir votre d\u00e9claration d&#8217;imp\u00f4ts sur place et de la ramener avec vous. Eh bien, voil\u00e0 qui est r\u00e9gl\u00e9 !<\/h4>\n<p>&nbsp;<\/p>\n<div class=\"fina-petrol-bg\">\n<h4>Nos conseillers fiscaux ont plus de 10 ans d&#8217;exp\u00e9rience et respectent strictement la promesse de qualit\u00e9 en huit points.<\/h4>\n<a href=\"https:\/\/www.fina.ch\/qualitaetsversprechen\" class=\"button btn-tertiary\" target=\"\">En savoir plus<\/a>\n<\/div>\n<p>&nbsp;<\/p>\n<h4>Contactez-nous maintenant, votre d\u00e9claration d&#8217;imp\u00f4ts est presque pr\u00eate \ud83d\ude42<\/h4>\n<p>Appelez-nous :<br \/>\nBerne : <a href=\"tel:+41319703880\"> 031 970 3880 (lun-ven 10h-18h) <\/a><br \/>\nThoune : <a href=\"tel:+41332250160\">033 225 0160 (lun-ven 10-18 h)<\/a><\/p>\n<p>ou veuillez remplir ces informations et nous vous contacterons imm\u00e9diatement.<\/p>\n<script type=\"text\/javascript\">\n\/* <![CDATA[ *\/\nvar gform;gform||(document.addEventListener(\"gform_main_scripts_loaded\",function(){gform.scriptsLoaded=!0}),document.addEventListener(\"gform\/theme\/scripts_loaded\",function(){gform.themeScriptsLoaded=!0}),window.addEventListener(\"DOMContentLoaded\",function(){gform.domLoaded=!0}),gform={domLoaded:!1,scriptsLoaded:!1,themeScriptsLoaded:!1,isFormEditor:()=>\"function\"==typeof InitializeEditor,callIfLoaded:function(o){return!(!gform.domLoaded||!gform.scriptsLoaded||!gform.themeScriptsLoaded&&!gform.isFormEditor()||(gform.isFormEditor()&&console.warn(\"The use of gform.initializeOnLoaded() is deprecated in the form editor context and will be removed in Gravity Forms 3.1.\"),o(),0))},initializeOnLoaded:function(o){gform.callIfLoaded(o)||(document.addEventListener(\"gform_main_scripts_loaded\",()=>{gform.scriptsLoaded=!0,gform.callIfLoaded(o)}),document.addEventListener(\"gform\/theme\/scripts_loaded\",()=>{gform.themeScriptsLoaded=!0,gform.callIfLoaded(o)}),window.addEventListener(\"DOMContentLoaded\",()=>{gform.domLoaded=!0,gform.callIfLoaded(o)}))},hooks:{action:{},filter:{}},addAction:function(o,r,e,t){gform.addHook(\"action\",o,r,e,t)},addFilter:function(o,r,e,t){gform.addHook(\"filter\",o,r,e,t)},doAction:function(o){gform.doHook(\"action\",o,arguments)},applyFilters:function(o){return gform.doHook(\"filter\",o,arguments)},removeAction:function(o,r){gform.removeHook(\"action\",o,r)},removeFilter:function(o,r,e){gform.removeHook(\"filter\",o,r,e)},addHook:function(o,r,e,t,n){null==gform.hooks[o][r]&&(gform.hooks[o][r]=[]);var d=gform.hooks[o][r];null==n&&(n=r+\"_\"+d.length),gform.hooks[o][r].push({tag:n,callable:e,priority:t=null==t?10:t})},doHook:function(r,o,e){var t;if(e=Array.prototype.slice.call(e,1),null!=gform.hooks[r][o]&&((o=gform.hooks[r][o]).sort(function(o,r){return o.priority-r.priority}),o.forEach(function(o){\"function\"!=typeof(t=o.callable)&&(t=window[t]),\"action\"==r?t.apply(null,e):e[0]=t.apply(null,e)})),\"filter\"==r)return e[0]},removeHook:function(o,r,t,n){var e;null!=gform.hooks[o][r]&&(e=(e=gform.hooks[o][r]).filter(function(o,r,e){return!!(null!=n&&n!=o.tag||null!=t&&t!=o.priority)}),gform.hooks[o][r]=e)}});\n\/* ]]> *\/\n<\/script>\n\n                <div class='gf_browser_gecko gform_wrapper gform_legacy_markup_wrapper gform-theme--no-framework' data-form-theme='legacy' data-form-index='0' id='gform_wrapper_1' ><div id='gf_1' class='gform_anchor' tabindex='-1'><\/div><form method='post' enctype='multipart\/form-data' target='gform_ajax_frame_1' id='gform_1'  action='\/fr\/wp-json\/wp\/v2\/pages\/5814#gf_1' data-formid='1' novalidate>\t\t\t\t\t<div style=\"display: none !important;\" class=\"akismet-fields-container gf_invisible\" data-prefix=\"ak_\">\n\t\t\t\t\t\t<label>&#916;<textarea name=\"ak_hp_textarea\" cols=\"45\" rows=\"8\" maxlength=\"100\"><\/textarea><\/label>\n\t\t\t\t\t\t<input type=\"hidden\" id=\"ak_js_1\" name=\"ak_js\" value=\"141\" \/>\n\t\t\t\t\t\t<script type=\"text\/javascript\">\n\/* <![CDATA[ *\/\ndocument.getElementById( \"ak_js_1\" ).setAttribute( \"value\", ( new Date() ).getTime() );\n\/* ]]> *\/\n<\/script>\n\n\t\t\t\t\t<\/div>\n                        <div class='gform-body gform_body'><ul id='gform_fields_1' class='gform_fields top_label form_sublabel_below description_below validation_below'><li id=\"field_1_12\" class=\"gfield gfield--type-hidden gfield--input-type-hidden gform_hidden field_sublabel_below gfield--no-description field_description_below field_validation_below gfield_visibility_visible\"  ><div class='ginput_container ginput_container_text'><input name='input_12' id='input_1_12' type='hidden' class='gform_hidden'  aria-invalid=\"false\" value='https:\/\/www.fina.ch\/fr\/wp-json\/wp\/v2\/pages\/5814\/' \/><\/div><\/li><li id=\"field_1_18\" class=\"gfield gfield--type-select gfield--input-type-select gfield--width-full gfield_contains_required field_sublabel_below gfield--no-description field_description_below field_validation_below gfield_visibility_visible\"  ><label class='gfield_label gform-field-label' for='input_1_18'>Formule d&#039;appel<span class=\"gfield_required\"><span class=\"gfield_required gfield_required_asterisk\">*<\/span><\/span><\/label><div class='ginput_container ginput_container_select'><select name='input_18' id='input_1_18' class='medium gfield_select'    aria-required=\"true\" aria-invalid=\"false\" ><option value='' selected='selected' class='gf_placeholder'>Formule d&#039;appel<\/option><option value='Mme' >Mme<\/option><option value='M.' >M.<\/option><\/select><\/div><\/li><li id=\"field_1_4\" class=\"gfield gfield--type-text gfield--input-type-text half_left field_sublabel_below gfield--no-description field_description_below field_validation_below gfield_visibility_visible\"  ><label class='gfield_label gform-field-label' for='input_1_4'>Pr\u00e9nom<\/label><div class='ginput_container ginput_container_text'><input name='input_4' id='input_1_4' type='text' value='' class='medium'      aria-invalid=\"false\"   \/><\/div><\/li><li id=\"field_1_5\" class=\"gfield gfield--type-text gfield--input-type-text half_right field_sublabel_below gfield--no-description field_description_below field_validation_below gfield_visibility_visible\"  ><label class='gfield_label gform-field-label' for='input_1_5'>Nom de famille<\/label><div class='ginput_container ginput_container_text'><input name='input_5' id='input_1_5' type='text' value='' class='medium'      aria-invalid=\"false\"   \/><\/div><\/li><li id=\"field_1_3\" class=\"gfield gfield--type-email gfield--input-type-email gfield_contains_required field_sublabel_below gfield--no-description field_description_below field_validation_below gfield_visibility_visible\"  ><label class='gfield_label gform-field-label' for='input_1_3'>E-Mail :<span class=\"gfield_required\"><span class=\"gfield_required gfield_required_asterisk\">*<\/span><\/span><\/label><div class='ginput_container ginput_container_email'>\n                            <input name='input_3' id='input_1_3' type='email' value='' class='medium'    aria-required=\"true\" aria-invalid=\"false\"  \/>\n                        <\/div><\/li><li id=\"field_1_10\" class=\"gfield gfield--type-phone gfield--input-type-phone gfield_contains_required field_sublabel_below gfield--no-description field_description_below field_validation_below gfield_visibility_visible\"  ><label class='gfield_label gform-field-label' for='input_1_10'>T\u00e9l\u00e9phone<span class=\"gfield_required\"><span class=\"gfield_required gfield_required_asterisk\">*<\/span><\/span><\/label><div class='ginput_container ginput_container_phone'><input name='input_10' id='input_1_10' type='tel' value='' class='medium'  placeholder='+41 79 123 45 67' aria-required=\"true\" aria-invalid=\"false\"   \/><\/div><\/li><li id=\"field_1_11\" class=\"gfield gfield--type-select gfield--input-type-select gfield_contains_required field_sublabel_below gfield--no-description field_description_below field_validation_below gfield_visibility_visible\"  ><label class='gfield_label gform-field-label' for='input_1_11'>Localisation pr\u00e8s de chez moi<span class=\"gfield_required\"><span class=\"gfield_required gfield_required_asterisk\">*<\/span><\/span><\/label><div class='ginput_container ginput_container_select'><select name='input_11' id='input_1_11' class='medium gfield_select'    aria-required=\"true\" aria-invalid=\"false\" ><option value='' selected='selected' class='gf_placeholder'>S\u00e9lection du lieu<\/option><option value='Argovie' >Argovie<\/option><option value='Berne-K\u00f6niz' >Berne-K\u00f6niz<\/option><option value='Bern-Stadt' >Bern-Stadt<\/option><option value='Freiburg' >Freiburg<\/option><option value='Solothurn' >Solothurn<\/option><option value='Saint-Gall' >Saint-Gall<\/option><option value='Thun' >Thun<\/option><option value='Waadt' >Waadt<\/option><option value='Wallis' >Wallis<\/option><option value='Z\u00fcrich' >Z\u00fcrich<\/option><option value='Andere Region (Bitte Wohnort im Notizfeld angeben)' >Andere Region (Bitte Wohnort im Notizfeld angeben)<\/option><\/select><\/div><\/li><li id=\"field_1_16\" class=\"gfield gfield--type-radio gfield--type-choice gfield--input-type-radio gfield--width-full field_sublabel_below gfield--no-description field_description_below field_validation_below gfield_visibility_visible\"  ><label class='gfield_label gform-field-label' >Je suis d\u00e9j\u00e0 client(e) de FINA<\/label><div class='ginput_container ginput_container_radio'><ul class='gfield_radio' id='input_1_16'>\n\t\t\t<li class='gchoice gchoice_1_16_0'>\n\t\t\t\t<input name='input_16' type='radio' value='Oui'  id='choice_1_16_0'    \/>\n\t\t\t\t<label for='choice_1_16_0' id='label_1_16_0' class='gform-field-label gform-field-label--type-inline'>Oui<\/label>\n\t\t\t<\/li>\n\t\t\t<li class='gchoice gchoice_1_16_1'>\n\t\t\t\t<input name='input_16' type='radio' value='Non'  id='choice_1_16_1'    \/>\n\t\t\t\t<label for='choice_1_16_1' id='label_1_16_1' class='gform-field-label gform-field-label--type-inline'>Non<\/label>\n\t\t\t<\/li><\/ul><\/div><\/li><li id=\"field_1_19\" class=\"gfield gfield--type-radio gfield--type-choice gfield--input-type-radio gfield--width-full gfield_contains_required field_sublabel_below gfield--no-description field_description_below field_validation_below gfield_visibility_visible\"  ><label class='gfield_label gform-field-label' >Je souhaite recevoir des news ainsi que des articles int\u00e9ressants 6 fois par an<span class=\"gfield_required\"><span class=\"gfield_required gfield_required_asterisk\">*<\/span><\/span><\/label><div class='ginput_container ginput_container_radio'><ul class='gfield_radio' id='input_1_19'>\n\t\t\t<li class='gchoice gchoice_1_19_0'>\n\t\t\t\t<input name='input_19' type='radio' value='true'  id='choice_1_19_0'    \/>\n\t\t\t\t<label for='choice_1_19_0' id='label_1_19_0' class='gform-field-label gform-field-label--type-inline'>Oui<\/label>\n\t\t\t<\/li>\n\t\t\t<li class='gchoice gchoice_1_19_1'>\n\t\t\t\t<input name='input_19' type='radio' value='false'  id='choice_1_19_1'    \/>\n\t\t\t\t<label for='choice_1_19_1' id='label_1_19_1' class='gform-field-label gform-field-label--type-inline'>Non<\/label>\n\t\t\t<\/li><\/ul><\/div><\/li><li id=\"field_1_8\" class=\"gfield gfield--type-textarea gfield--input-type-textarea gfield_contains_required field_sublabel_below gfield--no-description field_description_below field_validation_below gfield_visibility_visible\"  ><label class='gfield_label gform-field-label' for='input_1_8'>Comment pouvons-nous vous aider ?<span class=\"gfield_required\"><span class=\"gfield_required gfield_required_asterisk\">*<\/span><\/span><\/label><div class='ginput_container ginput_container_textarea'><textarea name='input_8' id='input_1_8' class='textarea medium'     aria-required=\"true\" aria-invalid=\"false\"   rows='10' cols='50'><\/textarea><\/div><\/li><\/ul><\/div>\n        <div class='gform-footer gform_footer top_label'> <input type='submit' id='gform_submit_button_1' class='gform_button button' onclick='gform.submission.handleButtonClick(this);' data-submission-type='submit' value='Soumettre'  \/> <input type='hidden' name='gform_ajax' value='form_id=1&amp;title=&amp;description=&amp;tabindex=0&amp;theme=legacy&amp;styles=[]&amp;hash=763c7d456ce28ebad8c6c0b66cb01181' \/>\n            <input type='hidden' class='gform_hidden' name='gform_submission_method' data-js='gform_submission_method_1' value='iframe' \/>\n            <input type='hidden' class='gform_hidden' name='gform_theme' data-js='gform_theme_1' id='gform_theme_1' value='legacy' \/>\n            <input type='hidden' class='gform_hidden' name='gform_style_settings' data-js='gform_style_settings_1' id='gform_style_settings_1' value='[]' \/>\n            <input type='hidden' class='gform_hidden' name='is_submit_1' value='1' \/>\n            <input type='hidden' class='gform_hidden' name='gform_submit' value='1' \/>\n            \n            <input type='hidden' class='gform_hidden' name='gform_unique_id' value='' \/>\n            <input type='hidden' class='gform_hidden' name='state_1' value='WyJ7XCIxNlwiOltcImVmMTU1NTgxODRlMDI4MGM3NGU0YjMwYzc1ZDI5M2NlXCIsXCI0YTg0MWQ4OGM0OTg2NTVhMGJmOTU2NjdmNTNmNjNjZVwiXSxcIjE5XCI6W1wiZWM1N2JjNDMxMTJmNjVhMDU3NTRmMGU3MmU2NDE0MGRcIixcIjg0NjQ2MWUxMTUxMzJlNTAzMzY4NjM2YjRhNGZlMzZhXCJdfSIsIjE5ZjY0YzdkNjE0MzIwMGEyZGFjMzRkMWIyMDZjNjg0Il0=' \/>\n            <input type='hidden' autocomplete='off' class='gform_hidden' name='gform_target_page_number_1' id='gform_target_page_number_1' value='0' \/>\n            <input type='hidden' autocomplete='off' class='gform_hidden' name='gform_source_page_number_1' id='gform_source_page_number_1' value='1' \/>\n            <input type='hidden' name='gform_field_values' value='' \/>\n            \n        <\/div>\n                        <\/form>\n                        <\/div>\n\t\t                <iframe style='display:none;width:0px;height:0px;' src='about:blank' name='gform_ajax_frame_1' id='gform_ajax_frame_1' title='Cette iframe contient la logique n\u00e9cessaire pour manipuler Gravity Forms avec Ajax.'><\/iframe>\n\t\t                <script type=\"text\/javascript\">\n\/* <![CDATA[ *\/\n gform.initializeOnLoaded( function() {gformInitSpinner( 1, 'https:\/\/www.fina.ch\/wp-content\/themes\/wptheme.fina\/assets\/dist\/images\/puff.svg', true );jQuery('#gform_ajax_frame_1').on('load',function(){var contents = jQuery(this).contents().find('*').html();var is_postback = contents.indexOf('GF_AJAX_POSTBACK') >= 0;if(!is_postback){return;}var form_content = jQuery(this).contents().find('#gform_wrapper_1');var is_confirmation = jQuery(this).contents().find('#gform_confirmation_wrapper_1').length > 0;var is_redirect = contents.indexOf('gformRedirect(){') >= 0;var is_form = form_content.length > 0 && ! is_redirect && ! is_confirmation;var mt = parseInt(jQuery('html').css('margin-top'), 10) + parseInt(jQuery('body').css('margin-top'), 10) + 100;if(is_form){jQuery('#gform_wrapper_1').html(form_content.html());if(form_content.hasClass('gform_validation_error')){jQuery('#gform_wrapper_1').addClass('gform_validation_error');} else {jQuery('#gform_wrapper_1').removeClass('gform_validation_error');}setTimeout( function() { \/* delay the scroll by 50 milliseconds to fix a bug in chrome *\/ jQuery(document).scrollTop(jQuery('#gform_wrapper_1').offset().top - mt); }, 50 );if(window['gformInitDatepicker']) {gformInitDatepicker();}if(window['gformInitPriceFields']) {gformInitPriceFields();}var current_page = jQuery('#gform_source_page_number_1').val();gformInitSpinner( 1, 'https:\/\/www.fina.ch\/wp-content\/themes\/wptheme.fina\/assets\/dist\/images\/puff.svg', true );jQuery(document).trigger('gform_page_loaded', [1, current_page]);window['gf_submitting_1'] = false;}else if(!is_redirect){var confirmation_content = jQuery(this).contents().find('.GF_AJAX_POSTBACK').html();if(!confirmation_content){confirmation_content = contents;}jQuery('#gform_wrapper_1').replaceWith(confirmation_content);jQuery(document).scrollTop(jQuery('#gf_1').offset().top - mt);jQuery(document).trigger('gform_confirmation_loaded', [1]);window['gf_submitting_1'] = false;wp.a11y.speak(jQuery('#gform_confirmation_message_1').text());}else{jQuery('#gform_1').append(contents);if(window['gformRedirect']) {gformRedirect();}}jQuery(document).trigger(\"gform_pre_post_render\", [{ formId: \"1\", currentPage: \"current_page\", abort: function() { this.preventDefault(); } }]);        if (event && event.defaultPrevented) {                return;        }        const gformWrapperDiv = document.getElementById( \"gform_wrapper_1\" );        if ( gformWrapperDiv ) {            const visibilitySpan = document.createElement( \"span\" );            visibilitySpan.id = \"gform_visibility_test_1\";            gformWrapperDiv.insertAdjacentElement( \"afterend\", visibilitySpan );        }        const visibilityTestDiv = document.getElementById( \"gform_visibility_test_1\" );        let postRenderFired = false;        function triggerPostRender() {            if ( postRenderFired ) {                return;            }            postRenderFired = true;            gform.core.triggerPostRenderEvents( 1, current_page );            if ( visibilityTestDiv ) {                visibilityTestDiv.parentNode.removeChild( visibilityTestDiv );            }        }        function debounce( func, wait, immediate ) {            var timeout;            return function() {                var context = this, args = arguments;                var later = function() {                    timeout = null;                    if ( !immediate ) func.apply( context, args );                };                var callNow = immediate && !timeout;                clearTimeout( timeout );                timeout = setTimeout( later, wait );                if ( callNow ) func.apply( context, args );            };        }        const debouncedTriggerPostRender = debounce( function() {            triggerPostRender();        }, 200 );        if ( visibilityTestDiv && visibilityTestDiv.offsetParent === null ) {            const observer = new MutationObserver( ( mutations ) => {                mutations.forEach( ( mutation ) => {                    if ( mutation.type === 'attributes' && visibilityTestDiv.offsetParent !== null ) {                        debouncedTriggerPostRender();                        observer.disconnect();                    }                });            });            observer.observe( document.body, {                attributes: true,                childList: false,                subtree: true,                attributeFilter: [ 'style', 'class' ],            });        } else {            triggerPostRender();        }    } );} ); \n\/* ]]> *\/\n<\/script>\n\n","protected":false},"excerpt":{"rendered":"<p>Faites remplir votre d\u00e9claration d&#8217;imp\u00f4ts de mani\u00e8re absolument professionnelle et \u00e0 un prix in\u00e9gal\u00e9 ! Berne &#8211; Thoune &#8211; Fribourg Pour les nouveaux clients dans les cantons de Berne et de Fribourg, votre d\u00e9claration d&#8217;imp\u00f4ts maintenant . seulement CHF 87.- au lieu de 167.- (particuliers, y compris propri\u00e9t\u00e9 r\u00e9sidentielle occup\u00e9e par le propri\u00e9taire, d\u00e9p\u00f4t). Les [&hellip;]<\/p>\n","protected":false},"author":6,"featured_media":0,"parent":5655,"menu_order":1,"comment_status":"closed","ping_status":"closed","template":"template-pagebuilder.php","meta":{"_acf_changed":false,"footnotes":""},"class_list":["post-5814","page","type-page","status-publish","hentry"],"acf":[],"yoast_head":"<!-- This site is optimized with the Yoast SEO Premium plugin v26.4 (Yoast SEO v26.4) - https:\/\/yoast.com\/wordpress\/plugins\/seo\/ -->\n<title>D\u00e9claration d&#039;imp\u00f4ts Valais, Vi\u00e8ge - FINA Planification financi\u00e8re SA<\/title>\n<meta name=\"description\" content=\"Faites remplir votre d\u00e9claration d&#039;imp\u00f4ts en Valais. Professionnel et \u00e9conomique. Pour nos nouveaux clients \u00e0 partir de 87.-. Service express Vi\u00e8ge, Haut-Valais\" \/>\n<meta name=\"robots\" content=\"index, follow, max-snippet:-1, max-image-preview:large, max-video-preview:-1\" \/>\n<link rel=\"canonical\" href=\"https:\/\/www.fina.ch\/fr\/conseil-fiscal-suisse\/declaration-dimpots-valais-viege\/\" \/>\n<meta property=\"og:locale\" content=\"fr_FR\" \/>\n<meta property=\"og:type\" content=\"article\" \/>\n<meta property=\"og:title\" content=\"D\u00e9claration d&#039;imp\u00f4ts Valais, Vi\u00e8ge\" \/>\n<meta property=\"og:description\" content=\"Faites remplir votre d\u00e9claration d&#039;imp\u00f4ts en Valais. Professionnel et \u00e9conomique. Pour nos nouveaux clients \u00e0 partir de 87.-. Service express Vi\u00e8ge, Haut-Valais\" \/>\n<meta property=\"og:url\" content=\"https:\/\/www.fina.ch\/fr\/conseil-fiscal-suisse\/declaration-dimpots-valais-viege\/\" \/>\n<meta property=\"og:site_name\" content=\"FINA Planification financi\u00e8re SA\" \/>\n<meta property=\"article:modified_time\" content=\"2021-02-17T14:29:09+00:00\" \/>\n<meta property=\"og:image\" content=\"https:\/\/www.fina.ch\/wp-content\/uploads\/2017\/10\/Steuern-optimieren-Web.jpg\" \/>\n\t<meta property=\"og:image:width\" content=\"1500\" \/>\n\t<meta property=\"og:image:height\" content=\"1001\" \/>\n\t<meta property=\"og:image:type\" content=\"image\/jpeg\" \/>\n<meta name=\"twitter:card\" content=\"summary_large_image\" \/>\n<meta name=\"twitter:label1\" content=\"Dur\u00e9e de lecture estim\u00e9e\" \/>\n\t<meta name=\"twitter:data1\" content=\"1 minute\" \/>\n<!-- \/ Yoast SEO Premium plugin. -->","yoast_head_json":{"title":"D\u00e9claration d'imp\u00f4ts Valais, Vi\u00e8ge - FINA Planification financi\u00e8re SA","description":"Faites remplir votre d\u00e9claration d'imp\u00f4ts en Valais. Professionnel et \u00e9conomique. Pour nos nouveaux clients \u00e0 partir de 87.-. Service express Vi\u00e8ge, Haut-Valais","robots":{"index":"index","follow":"follow","max-snippet":"max-snippet:-1","max-image-preview":"max-image-preview:large","max-video-preview":"max-video-preview:-1"},"canonical":"https:\/\/www.fina.ch\/fr\/conseil-fiscal-suisse\/declaration-dimpots-valais-viege\/","og_locale":"fr_FR","og_type":"article","og_title":"D\u00e9claration d'imp\u00f4ts Valais, Vi\u00e8ge","og_description":"Faites remplir votre d\u00e9claration d'imp\u00f4ts en Valais. Professionnel et \u00e9conomique. Pour nos nouveaux clients \u00e0 partir de 87.-. Service express Vi\u00e8ge, Haut-Valais","og_url":"https:\/\/www.fina.ch\/fr\/conseil-fiscal-suisse\/declaration-dimpots-valais-viege\/","og_site_name":"FINA Planification financi\u00e8re SA","article_modified_time":"2021-02-17T14:29:09+00:00","og_image":[{"width":1500,"height":1001,"url":"https:\/\/www.fina.ch\/wp-content\/uploads\/2017\/10\/Steuern-optimieren-Web.jpg","type":"image\/jpeg"}],"twitter_card":"summary_large_image","twitter_misc":{"Dur\u00e9e de lecture estim\u00e9e":"1 minute"},"schema":{"@context":"https:\/\/schema.org","@graph":[{"@type":"WebPage","@id":"https:\/\/www.fina.ch\/fr\/conseil-fiscal-suisse\/declaration-dimpots-valais-viege\/","url":"https:\/\/www.fina.ch\/fr\/conseil-fiscal-suisse\/declaration-dimpots-valais-viege\/","name":"D\u00e9claration d'imp\u00f4ts Valais, Vi\u00e8ge - FINA Planification financi\u00e8re SA","isPartOf":{"@id":"https:\/\/www.fina.ch\/fr\/#website"},"datePublished":"2021-02-04T09:52:35+00:00","dateModified":"2021-02-17T14:29:09+00:00","description":"Faites remplir votre d\u00e9claration d'imp\u00f4ts en Valais. Professionnel et \u00e9conomique. Pour nos nouveaux clients \u00e0 partir de 87.-. Service express Vi\u00e8ge, Haut-Valais","breadcrumb":{"@id":"https:\/\/www.fina.ch\/fr\/conseil-fiscal-suisse\/declaration-dimpots-valais-viege\/#breadcrumb"},"inLanguage":"fr-FR","potentialAction":[{"@type":"ReadAction","target":["https:\/\/www.fina.ch\/fr\/conseil-fiscal-suisse\/declaration-dimpots-valais-viege\/"]}]},{"@type":"BreadcrumbList","@id":"https:\/\/www.fina.ch\/fr\/conseil-fiscal-suisse\/declaration-dimpots-valais-viege\/#breadcrumb","itemListElement":[{"@type":"ListItem","position":1,"name":"Home","item":"https:\/\/www.fina.ch\/fr\/"},{"@type":"ListItem","position":2,"name":"Conseil fiscal en Suisse","item":"https:\/\/www.fina.ch\/fr\/conseil-fiscal-suisse\/"},{"@type":"ListItem","position":3,"name":"D\u00e9claration d&#8217;imp\u00f4ts Valais, Vi\u00e8ge"}]},{"@type":"WebSite","@id":"https:\/\/www.fina.ch\/fr\/#website","url":"https:\/\/www.fina.ch\/fr\/","name":"FINA Planification financi\u00e8re SA","description":"Personnel - Durable - Transparent\nEnsemble, planifions le futur","publisher":{"@id":"https:\/\/www.fina.ch\/fr\/#organization"},"potentialAction":[{"@type":"SearchAction","target":{"@type":"EntryPoint","urlTemplate":"https:\/\/www.fina.ch\/fr\/?s={search_term_string}"},"query-input":{"@type":"PropertyValueSpecification","valueRequired":true,"valueName":"search_term_string"}}],"inLanguage":"fr-FR"},{"@type":"Organization","@id":"https:\/\/www.fina.ch\/fr\/#organization","name":"FINA Finanzplanung AG","url":"https:\/\/www.fina.ch\/fr\/","logo":{"@type":"ImageObject","inLanguage":"fr-FR","@id":"https:\/\/www.fina.ch\/fr\/#\/schema\/logo\/image\/","url":"https:\/\/www.fina.ch\/wp-content\/uploads\/2017\/10\/FINA_Logo_RGB.png","contentUrl":"https:\/\/www.fina.ch\/wp-content\/uploads\/2017\/10\/FINA_Logo_RGB.png","width":436,"height":631,"caption":"FINA Finanzplanung AG"},"image":{"@id":"https:\/\/www.fina.ch\/fr\/#\/schema\/logo\/image\/"}}]}},"_links":{"self":[{"href":"https:\/\/www.fina.ch\/fr\/wp-json\/wp\/v2\/pages\/5814","targetHints":{"allow":["GET"]}}],"collection":[{"href":"https:\/\/www.fina.ch\/fr\/wp-json\/wp\/v2\/pages"}],"about":[{"href":"https:\/\/www.fina.ch\/fr\/wp-json\/wp\/v2\/types\/page"}],"author":[{"embeddable":true,"href":"https:\/\/www.fina.ch\/fr\/wp-json\/wp\/v2\/users\/6"}],"replies":[{"embeddable":true,"href":"https:\/\/www.fina.ch\/fr\/wp-json\/wp\/v2\/comments?post=5814"}],"version-history":[{"count":0,"href":"https:\/\/www.fina.ch\/fr\/wp-json\/wp\/v2\/pages\/5814\/revisions"}],"up":[{"embeddable":true,"href":"https:\/\/www.fina.ch\/fr\/wp-json\/wp\/v2\/pages\/5655"}],"wp:attachment":[{"href":"https:\/\/www.fina.ch\/fr\/wp-json\/wp\/v2\/media?parent=5814"}],"curies":[{"name":"wp","href":"https:\/\/api.w.org\/{rel}","templated":true}]}}