{"id":5818,"date":"2021-02-04T12:10:26","date_gmt":"2021-02-04T11:10:26","guid":{"rendered":"https:\/\/www.fina.ch\/immobilier\/estimation-gratuite-de-votre-bien-immobilier\/"},"modified":"2024-03-01T15:24:10","modified_gmt":"2024-03-01T14:24:10","slug":"estimation-gratuite-de-votre-bien-immobilier","status":"publish","type":"page","link":"https:\/\/www.fina.ch\/fr\/immobilier\/estimation-gratuite-de-votre-bien-immobilier\/","title":{"rendered":"Estimation gratuite de votre bien immobilier"},"content":{"rendered":"<p>Notre base de clients qui souhaitent acheter une maison ou un appartement augmente quotidiennement.<\/p>\n<p>Nous serons heureux de vous aider \u00e0 vendre votre propri\u00e9t\u00e9 au meilleur prix,<\/p>\n<div class=\"fina-petrol-bg\">\n<h2>Nous nous distinguons de l&#8217;agent immobilier classique :<\/h2>\n<ul>\n<li><strong>R\u00e9ussite des ventes:<\/strong> En raison de notre activit\u00e9 principale de planificateur financier, nous avons d\u00e9j\u00e0 de nombreux acheteurs int\u00e9ress\u00e9s<\/li>\n<li><strong>Expertise:<\/strong> Nos sp\u00e9cialistes sont passionn\u00e9s par l&#8217;immobilier, ils sont exp\u00e9riment\u00e9s et ont suivi une formation professionnelle sup\u00e9rieure.<\/li>\n<li><strong>Pas de conflit d&#8217;int\u00e9r\u00eats:<\/strong> Au lieu de la commission de courtage classique, vous pouvez nous mandater contre r\u00e9mun\u00e9ration ou avec participation aux b\u00e9n\u00e9fices.<\/li>\n<li><strong>\u00c9valuation:<\/strong> Nous cr\u00e9ons pour vous une \u00e9valuation h\u00e9donique gratuite de votre propri\u00e9t\u00e9.<\/li>\n<li><strong>Reach : <\/strong>Nous pla\u00e7ons votre objet sur tous les portails pertinents, y compris les m\u00e9dias sociaux de haute qualit\u00e9<\/li>\n<\/ul>\n<p>&nbsp;<\/p>\n<\/div>\n<p>&nbsp;<\/p>\n<p>Contactez-nous pour une premi\u00e8re consultation sans engagement. Nous nous r\u00e9jouissons de vous rencontrer.<\/p>\n<span class=\"button btn-tertiary\" data-download-id=\"\" data-download=\"\" data-download-name=\"\" data-micromodal-trigger=\"mit-consultant-telefonieren-modal\" aria-controls=\"mit-consultant-telefonieren-modal\" aria-haspopup=\"true\">Contactez-nous<\/span>\n","protected":false},"excerpt":{"rendered":"<p>Notre base de clients qui souhaitent acheter une maison ou un appartement augmente quotidiennement. Nous serons heureux de vous aider \u00e0 vendre votre propri\u00e9t\u00e9 au meilleur prix, Nous nous distinguons de l&#8217;agent immobilier classique : R\u00e9ussite des ventes: En raison de notre activit\u00e9 principale de planificateur financier, nous avons d\u00e9j\u00e0 de nombreux acheteurs int\u00e9ress\u00e9s Expertise: [&hellip;]<\/p>\n","protected":false},"author":6,"featured_media":0,"parent":5658,"menu_order":0,"comment_status":"closed","ping_status":"closed","template":"template-pagebuilder.php","meta":{"_acf_changed":false,"footnotes":""},"class_list":["post-5818","page","type-page","status-publish","hentry"],"acf":[],"yoast_head":"<!-- This site is optimized with the Yoast SEO Premium plugin v26.4 (Yoast SEO v26.4) - https:\/\/yoast.com\/wordpress\/plugins\/seo\/ -->\n<title>Estimation gratuite de votre bien immobilier - FINA Planification financi\u00e8re SA<\/title>\n<meta name=\"description\" content=\"\u00c9valuation gratuite des biens en ligne. Evaluez votre maison\/appartement en quelques clics. \u00c9valuez gratuitement votre appartement ou votre maison en ligne.\" \/>\n<meta name=\"robots\" content=\"index, follow, max-snippet:-1, max-image-preview:large, max-video-preview:-1\" \/>\n<link rel=\"canonical\" href=\"https:\/\/www.fina.ch\/fr\/immobilier\/estimation-gratuite-de-votre-bien-immobilier\/\" \/>\n<meta property=\"og:locale\" content=\"fr_FR\" \/>\n<meta property=\"og:type\" content=\"article\" \/>\n<meta property=\"og:title\" content=\"Estimation gratuite de votre bien immobilier\" \/>\n<meta property=\"og:description\" content=\"\u00c9valuation gratuite des biens en ligne. Evaluez votre maison\/appartement en quelques clics. \u00c9valuez gratuitement votre appartement ou votre maison en ligne.\" \/>\n<meta property=\"og:url\" content=\"https:\/\/www.fina.ch\/fr\/immobilier\/estimation-gratuite-de-votre-bien-immobilier\/\" \/>\n<meta property=\"og:site_name\" content=\"FINA Planification financi\u00e8re SA\" \/>\n<meta property=\"article:modified_time\" content=\"2024-03-01T14:24:10+00:00\" \/>\n<meta property=\"og:image\" content=\"https:\/\/www.fina.ch\/wp-content\/uploads\/2017\/10\/Steuern-optimieren-Web.jpg\" \/>\n\t<meta property=\"og:image:width\" content=\"1500\" \/>\n\t<meta property=\"og:image:height\" content=\"1001\" \/>\n\t<meta property=\"og:image:type\" content=\"image\/jpeg\" \/>\n<meta name=\"twitter:card\" content=\"summary_large_image\" \/>\n<meta name=\"twitter:label1\" content=\"Dur\u00e9e de lecture estim\u00e9e\" \/>\n\t<meta name=\"twitter:data1\" content=\"8 minutes\" \/>\n<!-- \/ Yoast SEO Premium plugin. -->","yoast_head_json":{"title":"Estimation gratuite de votre bien immobilier - FINA Planification financi\u00e8re SA","description":"\u00c9valuation gratuite des biens en ligne. Evaluez votre maison\/appartement en quelques clics. \u00c9valuez gratuitement votre appartement ou votre maison en ligne.","robots":{"index":"index","follow":"follow","max-snippet":"max-snippet:-1","max-image-preview":"max-image-preview:large","max-video-preview":"max-video-preview:-1"},"canonical":"https:\/\/www.fina.ch\/fr\/immobilier\/estimation-gratuite-de-votre-bien-immobilier\/","og_locale":"fr_FR","og_type":"article","og_title":"Estimation gratuite de votre bien immobilier","og_description":"\u00c9valuation gratuite des biens en ligne. Evaluez votre maison\/appartement en quelques clics. \u00c9valuez gratuitement votre appartement ou votre maison en ligne.","og_url":"https:\/\/www.fina.ch\/fr\/immobilier\/estimation-gratuite-de-votre-bien-immobilier\/","og_site_name":"FINA Planification financi\u00e8re SA","article_modified_time":"2024-03-01T14:24:10+00:00","og_image":[{"width":1500,"height":1001,"url":"https:\/\/www.fina.ch\/wp-content\/uploads\/2017\/10\/Steuern-optimieren-Web.jpg","type":"image\/jpeg"}],"twitter_card":"summary_large_image","twitter_misc":{"Dur\u00e9e de lecture estim\u00e9e":"8 minutes"},"schema":{"@context":"https:\/\/schema.org","@graph":[{"@type":"WebPage","@id":"https:\/\/www.fina.ch\/fr\/immobilier\/estimation-gratuite-de-votre-bien-immobilier\/","url":"https:\/\/www.fina.ch\/fr\/immobilier\/estimation-gratuite-de-votre-bien-immobilier\/","name":"Estimation gratuite de votre bien immobilier - FINA Planification financi\u00e8re SA","isPartOf":{"@id":"https:\/\/www.fina.ch\/fr\/#website"},"datePublished":"2021-02-04T11:10:26+00:00","dateModified":"2024-03-01T14:24:10+00:00","description":"\u00c9valuation gratuite des biens en ligne. Evaluez votre maison\/appartement en quelques clics. \u00c9valuez gratuitement votre appartement ou votre maison en ligne.","breadcrumb":{"@id":"https:\/\/www.fina.ch\/fr\/immobilier\/estimation-gratuite-de-votre-bien-immobilier\/#breadcrumb"},"inLanguage":"fr-FR","potentialAction":[{"@type":"ReadAction","target":["https:\/\/www.fina.ch\/fr\/immobilier\/estimation-gratuite-de-votre-bien-immobilier\/"]}]},{"@type":"BreadcrumbList","@id":"https:\/\/www.fina.ch\/fr\/immobilier\/estimation-gratuite-de-votre-bien-immobilier\/#breadcrumb","itemListElement":[{"@type":"ListItem","position":1,"name":"Home","item":"https:\/\/www.fina.ch\/fr\/"},{"@type":"ListItem","position":2,"name":"Immobilier","item":"https:\/\/www.fina.ch\/fr\/wohnen\/"},{"@type":"ListItem","position":3,"name":"Estimation gratuite de votre bien immobilier"}]},{"@type":"WebSite","@id":"https:\/\/www.fina.ch\/fr\/#website","url":"https:\/\/www.fina.ch\/fr\/","name":"FINA Planification financi\u00e8re SA","description":"Personnel - Durable - Transparent\nEnsemble, planifions le futur","publisher":{"@id":"https:\/\/www.fina.ch\/fr\/#organization"},"potentialAction":[{"@type":"SearchAction","target":{"@type":"EntryPoint","urlTemplate":"https:\/\/www.fina.ch\/fr\/?s={search_term_string}"},"query-input":{"@type":"PropertyValueSpecification","valueRequired":true,"valueName":"search_term_string"}}],"inLanguage":"fr-FR"},{"@type":"Organization","@id":"https:\/\/www.fina.ch\/fr\/#organization","name":"FINA Finanzplanung AG","url":"https:\/\/www.fina.ch\/fr\/","logo":{"@type":"ImageObject","inLanguage":"fr-FR","@id":"https:\/\/www.fina.ch\/fr\/#\/schema\/logo\/image\/","url":"https:\/\/www.fina.ch\/wp-content\/uploads\/2017\/10\/FINA_Logo_RGB.png","contentUrl":"https:\/\/www.fina.ch\/wp-content\/uploads\/2017\/10\/FINA_Logo_RGB.png","width":436,"height":631,"caption":"FINA Finanzplanung AG"},"image":{"@id":"https:\/\/www.fina.ch\/fr\/#\/schema\/logo\/image\/"}}]}},"_links":{"self":[{"href":"https:\/\/www.fina.ch\/fr\/wp-json\/wp\/v2\/pages\/5818","targetHints":{"allow":["GET"]}}],"collection":[{"href":"https:\/\/www.fina.ch\/fr\/wp-json\/wp\/v2\/pages"}],"about":[{"href":"https:\/\/www.fina.ch\/fr\/wp-json\/wp\/v2\/types\/page"}],"author":[{"embeddable":true,"href":"https:\/\/www.fina.ch\/fr\/wp-json\/wp\/v2\/users\/6"}],"replies":[{"embeddable":true,"href":"https:\/\/www.fina.ch\/fr\/wp-json\/wp\/v2\/comments?post=5818"}],"version-history":[{"count":1,"href":"https:\/\/www.fina.ch\/fr\/wp-json\/wp\/v2\/pages\/5818\/revisions"}],"predecessor-version":[{"id":12460,"href":"https:\/\/www.fina.ch\/fr\/wp-json\/wp\/v2\/pages\/5818\/revisions\/12460"}],"up":[{"embeddable":true,"href":"https:\/\/www.fina.ch\/fr\/wp-json\/wp\/v2\/pages\/5658"}],"wp:attachment":[{"href":"https:\/\/www.fina.ch\/fr\/wp-json\/wp\/v2\/media?parent=5818"}],"curies":[{"name":"wp","href":"https:\/\/api.w.org\/{rel}","templated":true}]}}