{"id":5823,"date":"2021-02-05T17:14:31","date_gmt":"2021-02-05T16:14:31","guid":{"rendered":"https:\/\/www.fina.ch\/le-principe-des-3-piliers\/les-conseils-relatifs-a-la-prevoyance-apportent-de-la-clarte\/"},"modified":"2023-09-07T16:10:08","modified_gmt":"2023-09-07T14:10:08","slug":"les-conseils-relatifs-a-la-prevoyance-apportent-de-la-clarte","status":"publish","type":"page","link":"https:\/\/www.fina.ch\/fr\/le-principe-des-3-piliers\/les-conseils-relatifs-a-la-prevoyance-apportent-de-la-clarte\/","title":{"rendered":"Les conseils relatifs \u00e0 la pr\u00e9voyance apportent de la clart\u00e9"},"content":{"rendered":"","protected":false},"excerpt":{"rendered":"","protected":false},"author":6,"featured_media":0,"parent":5665,"menu_order":2,"comment_status":"closed","ping_status":"closed","template":"template-pagebuilder.php","meta":{"_acf_changed":false,"footnotes":""},"class_list":["post-5823","page","type-page","status-publish","hentry"],"acf":[],"yoast_head":"<!-- This site is optimized with the Yoast SEO Premium plugin v26.4 (Yoast SEO v26.4) - https:\/\/yoast.com\/wordpress\/plugins\/seo\/ -->\n<title>Les conseils relatifs \u00e0 la pr\u00e9voyance apportent de la clart\u00e9 - FINA Planification financi\u00e8re SA<\/title>\n<meta name=\"description\" content=\"Conseils ind\u00e9pendants et impartiaux en mati\u00e8re de pr\u00e9voyance. Brochure personnelle avec des plans, des conseils pour \u00e9conomiser des imp\u00f4ts et des comparaisons. Pr\u00e9voyance vieillesse, planification de la retraite, 3e pilier\" \/>\n<meta name=\"robots\" content=\"index, follow, max-snippet:-1, max-image-preview:large, max-video-preview:-1\" \/>\n<link rel=\"canonical\" href=\"https:\/\/www.fina.ch\/fr\/le-principe-des-3-piliers\/les-conseils-relatifs-a-la-prevoyance-apportent-de-la-clarte\/\" \/>\n<meta property=\"og:locale\" content=\"fr_FR\" \/>\n<meta property=\"og:type\" content=\"article\" \/>\n<meta property=\"og:title\" content=\"Les conseils relatifs \u00e0 la pr\u00e9voyance apportent de la clart\u00e9\" \/>\n<meta property=\"og:description\" content=\"Conseils ind\u00e9pendants et impartiaux en mati\u00e8re de pr\u00e9voyance. Brochure personnelle avec des plans, des conseils pour \u00e9conomiser des imp\u00f4ts et des comparaisons. Pr\u00e9voyance vieillesse, planification de la retraite, 3e pilier\" \/>\n<meta property=\"og:url\" content=\"https:\/\/www.fina.ch\/fr\/le-principe-des-3-piliers\/les-conseils-relatifs-a-la-prevoyance-apportent-de-la-clarte\/\" \/>\n<meta property=\"og:site_name\" content=\"FINA Planification financi\u00e8re SA\" \/>\n<meta property=\"article:modified_time\" content=\"2023-09-07T14:10:08+00:00\" \/>\n<meta property=\"og:image\" content=\"https:\/\/www.fina.ch\/wp-content\/uploads\/2017\/10\/Steuern-optimieren-Web.jpg\" \/>\n\t<meta property=\"og:image:width\" content=\"1500\" \/>\n\t<meta property=\"og:image:height\" content=\"1001\" \/>\n\t<meta property=\"og:image:type\" content=\"image\/jpeg\" \/>\n<meta name=\"twitter:card\" content=\"summary_large_image\" \/>\n<!-- \/ Yoast SEO Premium plugin. -->","yoast_head_json":{"title":"Les conseils relatifs \u00e0 la pr\u00e9voyance apportent de la clart\u00e9 - FINA Planification financi\u00e8re SA","description":"Conseils ind\u00e9pendants et impartiaux en mati\u00e8re de pr\u00e9voyance. Brochure personnelle avec des plans, des conseils pour \u00e9conomiser des imp\u00f4ts et des comparaisons. Pr\u00e9voyance vieillesse, planification de la retraite, 3e pilier","robots":{"index":"index","follow":"follow","max-snippet":"max-snippet:-1","max-image-preview":"max-image-preview:large","max-video-preview":"max-video-preview:-1"},"canonical":"https:\/\/www.fina.ch\/fr\/le-principe-des-3-piliers\/les-conseils-relatifs-a-la-prevoyance-apportent-de-la-clarte\/","og_locale":"fr_FR","og_type":"article","og_title":"Les conseils relatifs \u00e0 la pr\u00e9voyance apportent de la clart\u00e9","og_description":"Conseils ind\u00e9pendants et impartiaux en mati\u00e8re de pr\u00e9voyance. Brochure personnelle avec des plans, des conseils pour \u00e9conomiser des imp\u00f4ts et des comparaisons. Pr\u00e9voyance vieillesse, planification de la retraite, 3e pilier","og_url":"https:\/\/www.fina.ch\/fr\/le-principe-des-3-piliers\/les-conseils-relatifs-a-la-prevoyance-apportent-de-la-clarte\/","og_site_name":"FINA Planification financi\u00e8re SA","article_modified_time":"2023-09-07T14:10:08+00:00","og_image":[{"width":1500,"height":1001,"url":"https:\/\/www.fina.ch\/wp-content\/uploads\/2017\/10\/Steuern-optimieren-Web.jpg","type":"image\/jpeg"}],"twitter_card":"summary_large_image","schema":{"@context":"https:\/\/schema.org","@graph":[{"@type":"WebPage","@id":"https:\/\/www.fina.ch\/fr\/le-principe-des-3-piliers\/les-conseils-relatifs-a-la-prevoyance-apportent-de-la-clarte\/","url":"https:\/\/www.fina.ch\/fr\/le-principe-des-3-piliers\/les-conseils-relatifs-a-la-prevoyance-apportent-de-la-clarte\/","name":"Les conseils relatifs \u00e0 la pr\u00e9voyance apportent de la clart\u00e9 - FINA Planification financi\u00e8re SA","isPartOf":{"@id":"https:\/\/www.fina.ch\/fr\/#website"},"datePublished":"2021-02-05T16:14:31+00:00","dateModified":"2023-09-07T14:10:08+00:00","description":"Conseils ind\u00e9pendants et impartiaux en mati\u00e8re de pr\u00e9voyance. Brochure personnelle avec des plans, des conseils pour \u00e9conomiser des imp\u00f4ts et des comparaisons. Pr\u00e9voyance vieillesse, planification de la retraite, 3e pilier","breadcrumb":{"@id":"https:\/\/www.fina.ch\/fr\/le-principe-des-3-piliers\/les-conseils-relatifs-a-la-prevoyance-apportent-de-la-clarte\/#breadcrumb"},"inLanguage":"fr-FR","potentialAction":[{"@type":"ReadAction","target":["https:\/\/www.fina.ch\/fr\/le-principe-des-3-piliers\/les-conseils-relatifs-a-la-prevoyance-apportent-de-la-clarte\/"]}]},{"@type":"BreadcrumbList","@id":"https:\/\/www.fina.ch\/fr\/le-principe-des-3-piliers\/les-conseils-relatifs-a-la-prevoyance-apportent-de-la-clarte\/#breadcrumb","itemListElement":[{"@type":"ListItem","position":1,"name":"Home","item":"https:\/\/www.fina.ch\/fr\/"},{"@type":"ListItem","position":2,"name":"Le principe des 3 piliers","item":"https:\/\/www.fina.ch\/fr\/le-principe-des-3-piliers\/"},{"@type":"ListItem","position":3,"name":"Les conseils relatifs \u00e0 la pr\u00e9voyance apportent de la clart\u00e9"}]},{"@type":"WebSite","@id":"https:\/\/www.fina.ch\/fr\/#website","url":"https:\/\/www.fina.ch\/fr\/","name":"FINA Planification financi\u00e8re SA","description":"Personnel - Durable - Transparent\nEnsemble, planifions le futur","publisher":{"@id":"https:\/\/www.fina.ch\/fr\/#organization"},"potentialAction":[{"@type":"SearchAction","target":{"@type":"EntryPoint","urlTemplate":"https:\/\/www.fina.ch\/fr\/?s={search_term_string}"},"query-input":{"@type":"PropertyValueSpecification","valueRequired":true,"valueName":"search_term_string"}}],"inLanguage":"fr-FR"},{"@type":"Organization","@id":"https:\/\/www.fina.ch\/fr\/#organization","name":"FINA Finanzplanung AG","url":"https:\/\/www.fina.ch\/fr\/","logo":{"@type":"ImageObject","inLanguage":"fr-FR","@id":"https:\/\/www.fina.ch\/fr\/#\/schema\/logo\/image\/","url":"https:\/\/www.fina.ch\/wp-content\/uploads\/2017\/10\/FINA_Logo_RGB.png","contentUrl":"https:\/\/www.fina.ch\/wp-content\/uploads\/2017\/10\/FINA_Logo_RGB.png","width":436,"height":631,"caption":"FINA Finanzplanung AG"},"image":{"@id":"https:\/\/www.fina.ch\/fr\/#\/schema\/logo\/image\/"}}]}},"_links":{"self":[{"href":"https:\/\/www.fina.ch\/fr\/wp-json\/wp\/v2\/pages\/5823","targetHints":{"allow":["GET"]}}],"collection":[{"href":"https:\/\/www.fina.ch\/fr\/wp-json\/wp\/v2\/pages"}],"about":[{"href":"https:\/\/www.fina.ch\/fr\/wp-json\/wp\/v2\/types\/page"}],"author":[{"embeddable":true,"href":"https:\/\/www.fina.ch\/fr\/wp-json\/wp\/v2\/users\/6"}],"replies":[{"embeddable":true,"href":"https:\/\/www.fina.ch\/fr\/wp-json\/wp\/v2\/comments?post=5823"}],"version-history":[{"count":3,"href":"https:\/\/www.fina.ch\/fr\/wp-json\/wp\/v2\/pages\/5823\/revisions"}],"predecessor-version":[{"id":12131,"href":"https:\/\/www.fina.ch\/fr\/wp-json\/wp\/v2\/pages\/5823\/revisions\/12131"}],"up":[{"embeddable":true,"href":"https:\/\/www.fina.ch\/fr\/wp-json\/wp\/v2\/pages\/5665"}],"wp:attachment":[{"href":"https:\/\/www.fina.ch\/fr\/wp-json\/wp\/v2\/media?parent=5823"}],"curies":[{"name":"wp","href":"https:\/\/api.w.org\/{rel}","templated":true}]}}