{"id":5838,"date":"2021-02-09T08:47:41","date_gmt":"2021-02-09T07:47:41","guid":{"rendered":"https:\/\/www.fina.ch\/branch-manager\/"},"modified":"2021-06-18T15:50:23","modified_gmt":"2021-06-18T13:50:23","slug":"branch-manager","status":"publish","type":"page","link":"https:\/\/www.fina.ch\/fr\/emplois\/postes-a-pourvoir\/branch-manager\/","title":{"rendered":"Branch Manager"},"content":{"rendered":"<h3>Objectif du poste de Branch Manager<\/h3>\n<p>En tant que Branch Manager, vous dirigerez une succursale de Fina Planification finaci\u00e8re SA. Vous contribuerez \u00e0 la gestion et \u00e0 la croissance du portefeuille de clients et serez responsable de l&#8217;augmentation du nombre d&#8217;employ\u00e9s de votre site. Vous aidez \u00e0 la r\u00e9alisation de projets, dirigez vos employ\u00e9s et contribuez \u00e0 une image positive et \u00e0 la croissance des ventes de Fina.<\/p>\n<p>&nbsp;<\/p>\n<h3>Principales t\u00e2ches en tant que Branch Manager<\/h3>\n<ul>\n<li>Contacts personnels, t\u00e9l\u00e9phoniques et \u00e9crits avec les clients et les candidats<\/li>\n<li>D\u00e9veloppement et acquisition de nouveaux clients et employ\u00e9s<\/li>\n<li>Gestion du portefeuille de clients existants<\/li>\n<li>Formation et supervision des employ\u00e9s subordonn\u00e9s<\/li>\n<li>Conseils \u00e0 tous les clients en mati\u00e8re de patrimoine, de pr\u00e9voyance, de protection, de s\u00e9curit\u00e9 juridique, de fiscalit\u00e9 et d&#8217;immobilier<\/li>\n<li>Coordination des rendez-vous<\/li>\n<li>Pr\u00e9paration et suivi des rendez-vous avec les clients<\/li>\n<li>Mise en place de coop\u00e9rations<\/li>\n<li>Service d&#8217;accueil et personne de contact t\u00e9l\u00e9phonique pour les clients et les nouveaux clients<\/li>\n<li>Formation du personnel<\/li>\n<li>D\u00e9veloppement de Fina Planification financi\u00e8re SA<\/li>\n<\/ul>\n<p>&nbsp;<\/p>\n<h3>T\u00e2ches secondaires en tant que Branch Manager<\/h3>\n<ul>\n<li>Collaboration sur les projets<\/li>\n<li>Remplacement des autres conseillers<\/li>\n<li>Soutien \u00e0 la gestion<\/li>\n<\/ul>\n<p>&nbsp;<\/p>\n<h3>Opportunit\u00e9s en tant que Branch Manager<\/h3>\n<ul>\n<li>Participation \u00e0 Fina Planification financi\u00e8re SA (partenaire)<\/li>\n<li>Possibilit\u00e9 d&#8217;\u00eatre \u00e9lu \u00e0 la direction par le biais de processus d\u00e9mocratiques<\/li>\n<\/ul>\n<p>&nbsp;<\/p>\n<h3>Programme de d\u00e9veloppement<\/h3>\n<ul>\n<li>CHF 300.00 par mois sont disponibles pour des formations externes ou pour un coaching et un mentorat interne par des professionnels exp\u00e9riment\u00e9s et par la direction.<\/li>\n<\/ul>\n<span class=\"button btn-tertiary\" data-download-id=\"\" data-download=\"\" data-download-name=\"\" data-micromodal-trigger=\"candidature-modal\" aria-controls=\"candidature-modal\" aria-haspopup=\"true\">En savoir plus ou postuler<\/span>\n","protected":false},"excerpt":{"rendered":"<p>Objectif du poste de Branch Manager En tant que Branch Manager, vous dirigerez une succursale de Fina Planification finaci\u00e8re SA. Vous contribuerez \u00e0 la gestion et \u00e0 la croissance du portefeuille de clients et serez responsable de l&#8217;augmentation du nombre d&#8217;employ\u00e9s de votre site. Vous aidez \u00e0 la r\u00e9alisation de projets, dirigez vos employ\u00e9s et [&hellip;]<\/p>\n","protected":false},"author":6,"featured_media":0,"parent":5877,"menu_order":4,"comment_status":"closed","ping_status":"closed","template":"","meta":{"_acf_changed":false,"footnotes":""},"class_list":["post-5838","page","type-page","status-publish","hentry"],"acf":[],"yoast_head":"<!-- This site is optimized with the Yoast SEO Premium plugin v26.4 (Yoast SEO v26.4) - https:\/\/yoast.com\/wordpress\/plugins\/seo\/ -->\n<title>Branch Manager - FINA Planification financi\u00e8re SA<\/title>\n<meta name=\"robots\" content=\"index, follow, max-snippet:-1, max-image-preview:large, max-video-preview:-1\" \/>\n<link rel=\"canonical\" href=\"https:\/\/www.fina.ch\/fr\/emplois\/postes-a-pourvoir\/branch-manager\/\" \/>\n<meta property=\"og:locale\" content=\"fr_FR\" \/>\n<meta property=\"og:type\" content=\"article\" \/>\n<meta property=\"og:title\" content=\"Branch Manager\" \/>\n<meta property=\"og:description\" content=\"Objectif du poste de Branch Manager En tant que Branch Manager, vous dirigerez une succursale de Fina Planification finaci\u00e8re SA. Vous contribuerez \u00e0 la gestion et \u00e0 la croissance du portefeuille de clients et serez responsable de l&#8217;augmentation du nombre d&#8217;employ\u00e9s de votre site. Vous aidez \u00e0 la r\u00e9alisation de projets, dirigez vos employ\u00e9s et [&hellip;]\" \/>\n<meta property=\"og:url\" content=\"https:\/\/www.fina.ch\/fr\/emplois\/postes-a-pourvoir\/branch-manager\/\" \/>\n<meta property=\"og:site_name\" content=\"FINA Planification financi\u00e8re SA\" \/>\n<meta property=\"article:modified_time\" content=\"2021-06-18T13:50:23+00:00\" \/>\n<meta property=\"og:image\" content=\"https:\/\/www.fina.ch\/wp-content\/uploads\/2017\/10\/Steuern-optimieren-Web.jpg\" \/>\n\t<meta property=\"og:image:width\" content=\"1500\" \/>\n\t<meta property=\"og:image:height\" content=\"1001\" \/>\n\t<meta property=\"og:image:type\" content=\"image\/jpeg\" \/>\n<meta name=\"twitter:card\" content=\"summary_large_image\" \/>\n<meta name=\"twitter:label1\" content=\"Dur\u00e9e de lecture estim\u00e9e\" \/>\n\t<meta name=\"twitter:data1\" content=\"1 minute\" \/>\n<!-- \/ Yoast SEO Premium plugin. -->","yoast_head_json":{"title":"Branch Manager - FINA Planification financi\u00e8re SA","robots":{"index":"index","follow":"follow","max-snippet":"max-snippet:-1","max-image-preview":"max-image-preview:large","max-video-preview":"max-video-preview:-1"},"canonical":"https:\/\/www.fina.ch\/fr\/emplois\/postes-a-pourvoir\/branch-manager\/","og_locale":"fr_FR","og_type":"article","og_title":"Branch Manager","og_description":"Objectif du poste de Branch Manager En tant que Branch Manager, vous dirigerez une succursale de Fina Planification finaci\u00e8re SA. Vous contribuerez \u00e0 la gestion et \u00e0 la croissance du portefeuille de clients et serez responsable de l&#8217;augmentation du nombre d&#8217;employ\u00e9s de votre site. Vous aidez \u00e0 la r\u00e9alisation de projets, dirigez vos employ\u00e9s et [&hellip;]","og_url":"https:\/\/www.fina.ch\/fr\/emplois\/postes-a-pourvoir\/branch-manager\/","og_site_name":"FINA Planification financi\u00e8re SA","article_modified_time":"2021-06-18T13:50:23+00:00","og_image":[{"width":1500,"height":1001,"url":"https:\/\/www.fina.ch\/wp-content\/uploads\/2017\/10\/Steuern-optimieren-Web.jpg","type":"image\/jpeg"}],"twitter_card":"summary_large_image","twitter_misc":{"Dur\u00e9e de lecture estim\u00e9e":"1 minute"},"schema":{"@context":"https:\/\/schema.org","@graph":[{"@type":"WebPage","@id":"https:\/\/www.fina.ch\/fr\/emplois\/postes-a-pourvoir\/branch-manager\/","url":"https:\/\/www.fina.ch\/fr\/emplois\/postes-a-pourvoir\/branch-manager\/","name":"Branch Manager - FINA Planification financi\u00e8re SA","isPartOf":{"@id":"https:\/\/www.fina.ch\/fr\/#website"},"datePublished":"2021-02-09T07:47:41+00:00","dateModified":"2021-06-18T13:50:23+00:00","breadcrumb":{"@id":"https:\/\/www.fina.ch\/fr\/emplois\/postes-a-pourvoir\/branch-manager\/#breadcrumb"},"inLanguage":"fr-FR","potentialAction":[{"@type":"ReadAction","target":["https:\/\/www.fina.ch\/fr\/emplois\/postes-a-pourvoir\/branch-manager\/"]}]},{"@type":"BreadcrumbList","@id":"https:\/\/www.fina.ch\/fr\/emplois\/postes-a-pourvoir\/branch-manager\/#breadcrumb","itemListElement":[{"@type":"ListItem","position":1,"name":"Home","item":"https:\/\/www.fina.ch\/fr\/"},{"@type":"ListItem","position":2,"name":"Emplois","item":"https:\/\/www.fina.ch\/fr\/emplois\/"},{"@type":"ListItem","position":3,"name":"Postes \u00e0 pourvoir","item":"https:\/\/www.fina.ch\/fr\/emplois\/postes-a-pourvoir\/"},{"@type":"ListItem","position":4,"name":"Branch Manager"}]},{"@type":"WebSite","@id":"https:\/\/www.fina.ch\/fr\/#website","url":"https:\/\/www.fina.ch\/fr\/","name":"FINA Planification financi\u00e8re SA","description":"Personnel - Durable - Transparent\nEnsemble, planifions le futur","publisher":{"@id":"https:\/\/www.fina.ch\/fr\/#organization"},"potentialAction":[{"@type":"SearchAction","target":{"@type":"EntryPoint","urlTemplate":"https:\/\/www.fina.ch\/fr\/?s={search_term_string}"},"query-input":{"@type":"PropertyValueSpecification","valueRequired":true,"valueName":"search_term_string"}}],"inLanguage":"fr-FR"},{"@type":"Organization","@id":"https:\/\/www.fina.ch\/fr\/#organization","name":"FINA Finanzplanung AG","url":"https:\/\/www.fina.ch\/fr\/","logo":{"@type":"ImageObject","inLanguage":"fr-FR","@id":"https:\/\/www.fina.ch\/fr\/#\/schema\/logo\/image\/","url":"https:\/\/www.fina.ch\/wp-content\/uploads\/2017\/10\/FINA_Logo_RGB.png","contentUrl":"https:\/\/www.fina.ch\/wp-content\/uploads\/2017\/10\/FINA_Logo_RGB.png","width":436,"height":631,"caption":"FINA Finanzplanung AG"},"image":{"@id":"https:\/\/www.fina.ch\/fr\/#\/schema\/logo\/image\/"}}]}},"_links":{"self":[{"href":"https:\/\/www.fina.ch\/fr\/wp-json\/wp\/v2\/pages\/5838","targetHints":{"allow":["GET"]}}],"collection":[{"href":"https:\/\/www.fina.ch\/fr\/wp-json\/wp\/v2\/pages"}],"about":[{"href":"https:\/\/www.fina.ch\/fr\/wp-json\/wp\/v2\/types\/page"}],"author":[{"embeddable":true,"href":"https:\/\/www.fina.ch\/fr\/wp-json\/wp\/v2\/users\/6"}],"replies":[{"embeddable":true,"href":"https:\/\/www.fina.ch\/fr\/wp-json\/wp\/v2\/comments?post=5838"}],"version-history":[{"count":0,"href":"https:\/\/www.fina.ch\/fr\/wp-json\/wp\/v2\/pages\/5838\/revisions"}],"up":[{"embeddable":true,"href":"https:\/\/www.fina.ch\/fr\/wp-json\/wp\/v2\/pages\/5877"}],"wp:attachment":[{"href":"https:\/\/www.fina.ch\/fr\/wp-json\/wp\/v2\/media?parent=5838"}],"curies":[{"name":"wp","href":"https:\/\/api.w.org\/{rel}","templated":true}]}}