{"id":5845,"date":"2021-02-09T09:58:32","date_gmt":"2021-02-09T08:58:32","guid":{"rendered":"https:\/\/www.fina.ch\/emplois\/"},"modified":"2024-12-04T15:17:09","modified_gmt":"2024-12-04T14:17:09","slug":"emplois","status":"publish","type":"page","link":"https:\/\/www.fina.ch\/fr\/emplois\/","title":{"rendered":"Emplois"},"content":{"rendered":"<p>Nous sommes toujours int\u00e9ress\u00e9s par les personnes qui pensent pouvoir apporter quelque chose d&#8217;unique \u00e0 l&#8217;\u00e9quipe FINA.<\/p>\n<h2>Postes vacants dans la r\u00e9gion de Fribourg. De pr\u00e9f\u00e9rence, planificateur financier avec brevet f\u00e9d\u00e9ral. Certificat professionnel.<\/h2>\n<p>Nous recherchons des personnes ayant les qualifications suivantes :<\/p>\n<ul>\n<li>Les professionnels du secteur financier, des assurances, de l&#8217;immobilier ou de la fiduciaire qui souhaitent participer \u00e0 l&#8217;entreprise et qui, en tant que partenaires, contribuent \u00e0 d\u00e9velopper une perle sur le march\u00e9.<\/li>\n<li>Les dipl\u00f4m\u00e9s en gestion, en \u00e9conomie ou en droit qui souhaitent effectuer un stage afin de pouvoir conseiller les entreprises et les particuliers ou g\u00e9rer une succursale. Possibilit\u00e9 de participation ult\u00e9rieure \u00e0 la soci\u00e9t\u00e9.<br \/>\nVoir le profil de l&#8217;entreprise sur la page d&#8217;accueil de studentcareer.ch<\/li>\n<\/ul>\n<div class=\"fina-petrol-bg\">\n<h3>Postes vacants :<\/h3>\n<p><a href=\"https:\/\/www.fina.ch\/wp-content\/uploads\/2024\/12\/FR-Stelleninserat-angepasst-Fribourg.pdf\" class=\"button btn-tertiary\" target=\"_blank\">Fribourg: Consultant h\/f \u00e0 partir de 80%.<\/a> <span class=\"button btn-tertiary\" data-download-id=\"4537\" data-download=\"4537\" data-download-name=\"Stelleninserat-Fina-Z\u00fcrich.pdf\" data-micromodal-trigger=\"candidature-modal\" aria-controls=\"candidature-modal\" aria-haspopup=\"true\">Postulez<\/span><\/p>\n<\/div>\n<h2><a href=\"https:\/\/www.fina.ch\/fr\/emplois\/postes-a-pourvoir\/\">Voir les descriptions de postes et plus d&#8217;informations<\/a><\/h2>\n","protected":false},"excerpt":{"rendered":"<p>Nous sommes toujours int\u00e9ress\u00e9s par les personnes qui pensent pouvoir apporter quelque chose d&#8217;unique \u00e0 l&#8217;\u00e9quipe FINA. Postes vacants dans la r\u00e9gion de Fribourg. De pr\u00e9f\u00e9rence, planificateur financier avec brevet f\u00e9d\u00e9ral. Certificat professionnel. Nous recherchons des personnes ayant les qualifications suivantes : Les professionnels du secteur financier, des assurances, de l&#8217;immobilier ou de la fiduciaire [&hellip;]<\/p>\n","protected":false},"author":6,"featured_media":5244,"parent":0,"menu_order":55,"comment_status":"closed","ping_status":"closed","template":"template-list.php","meta":{"_acf_changed":false,"footnotes":""},"class_list":["post-5845","page","type-page","status-publish","has-post-thumbnail","hentry"],"acf":[],"yoast_head":"<!-- This site is optimized with the Yoast SEO Premium plugin v26.4 (Yoast SEO v26.4) - https:\/\/yoast.com\/wordpress\/plugins\/seo\/ -->\n<title>Emplois - FINA Planification financi\u00e8re SA<\/title>\n<meta name=\"robots\" content=\"index, follow, max-snippet:-1, max-image-preview:large, max-video-preview:-1\" \/>\n<link rel=\"canonical\" href=\"https:\/\/www.fina.ch\/fr\/emplois\/\" \/>\n<meta property=\"og:locale\" content=\"fr_FR\" \/>\n<meta property=\"og:type\" content=\"article\" \/>\n<meta property=\"og:title\" content=\"Emplois\" \/>\n<meta property=\"og:description\" content=\"Nous sommes toujours int\u00e9ress\u00e9s par les personnes qui pensent pouvoir apporter quelque chose d&#8217;unique \u00e0 l&#8217;\u00e9quipe FINA. Postes vacants dans la r\u00e9gion de Fribourg. De pr\u00e9f\u00e9rence, planificateur financier avec brevet f\u00e9d\u00e9ral. Certificat professionnel. Nous recherchons des personnes ayant les qualifications suivantes : Les professionnels du secteur financier, des assurances, de l&#8217;immobilier ou de la fiduciaire [&hellip;]\" \/>\n<meta property=\"og:url\" content=\"https:\/\/www.fina.ch\/fr\/emplois\/\" \/>\n<meta property=\"og:site_name\" content=\"FINA Planification financi\u00e8re SA\" \/>\n<meta property=\"article:modified_time\" content=\"2024-12-04T14:17:09+00:00\" \/>\n<meta property=\"og:image\" content=\"https:\/\/www.fina.ch\/wp-content\/uploads\/2017\/10\/Stellenangebote-FINA-Finanzplanung.jpg\" \/>\n\t<meta property=\"og:image:width\" content=\"800\" \/>\n\t<meta property=\"og:image:height\" content=\"533\" \/>\n\t<meta property=\"og:image:type\" content=\"image\/jpeg\" \/>\n<meta name=\"twitter:card\" content=\"summary_large_image\" \/>\n<meta name=\"twitter:label1\" content=\"Dur\u00e9e de lecture estim\u00e9e\" \/>\n\t<meta name=\"twitter:data1\" content=\"3 minutes\" \/>\n<!-- \/ Yoast SEO Premium plugin. -->","yoast_head_json":{"title":"Emplois - FINA Planification financi\u00e8re SA","robots":{"index":"index","follow":"follow","max-snippet":"max-snippet:-1","max-image-preview":"max-image-preview:large","max-video-preview":"max-video-preview:-1"},"canonical":"https:\/\/www.fina.ch\/fr\/emplois\/","og_locale":"fr_FR","og_type":"article","og_title":"Emplois","og_description":"Nous sommes toujours int\u00e9ress\u00e9s par les personnes qui pensent pouvoir apporter quelque chose d&#8217;unique \u00e0 l&#8217;\u00e9quipe FINA. Postes vacants dans la r\u00e9gion de Fribourg. De pr\u00e9f\u00e9rence, planificateur financier avec brevet f\u00e9d\u00e9ral. Certificat professionnel. Nous recherchons des personnes ayant les qualifications suivantes : Les professionnels du secteur financier, des assurances, de l&#8217;immobilier ou de la fiduciaire [&hellip;]","og_url":"https:\/\/www.fina.ch\/fr\/emplois\/","og_site_name":"FINA Planification financi\u00e8re SA","article_modified_time":"2024-12-04T14:17:09+00:00","og_image":[{"width":800,"height":533,"url":"https:\/\/www.fina.ch\/wp-content\/uploads\/2017\/10\/Stellenangebote-FINA-Finanzplanung.jpg","type":"image\/jpeg"}],"twitter_card":"summary_large_image","twitter_misc":{"Dur\u00e9e de lecture estim\u00e9e":"3 minutes"},"schema":{"@context":"https:\/\/schema.org","@graph":[{"@type":"WebPage","@id":"https:\/\/www.fina.ch\/fr\/emplois\/","url":"https:\/\/www.fina.ch\/fr\/emplois\/","name":"Emplois - FINA Planification financi\u00e8re SA","isPartOf":{"@id":"https:\/\/www.fina.ch\/fr\/#website"},"primaryImageOfPage":{"@id":"https:\/\/www.fina.ch\/fr\/emplois\/#primaryimage"},"image":{"@id":"https:\/\/www.fina.ch\/fr\/emplois\/#primaryimage"},"thumbnailUrl":"https:\/\/www.fina.ch\/wp-content\/uploads\/2017\/10\/Stellenangebote-FINA-Finanzplanung.jpg","datePublished":"2021-02-09T08:58:32+00:00","dateModified":"2024-12-04T14:17:09+00:00","breadcrumb":{"@id":"https:\/\/www.fina.ch\/fr\/emplois\/#breadcrumb"},"inLanguage":"fr-FR","potentialAction":[{"@type":"ReadAction","target":["https:\/\/www.fina.ch\/fr\/emplois\/"]}]},{"@type":"ImageObject","inLanguage":"fr-FR","@id":"https:\/\/www.fina.ch\/fr\/emplois\/#primaryimage","url":"https:\/\/www.fina.ch\/wp-content\/uploads\/2017\/10\/Stellenangebote-FINA-Finanzplanung.jpg","contentUrl":"https:\/\/www.fina.ch\/wp-content\/uploads\/2017\/10\/Stellenangebote-FINA-Finanzplanung.jpg","width":800,"height":533,"caption":"Finanzplaner Jobs"},{"@type":"BreadcrumbList","@id":"https:\/\/www.fina.ch\/fr\/emplois\/#breadcrumb","itemListElement":[{"@type":"ListItem","position":1,"name":"Home","item":"https:\/\/www.fina.ch\/fr\/"},{"@type":"ListItem","position":2,"name":"Emplois"}]},{"@type":"WebSite","@id":"https:\/\/www.fina.ch\/fr\/#website","url":"https:\/\/www.fina.ch\/fr\/","name":"FINA Planification financi\u00e8re SA","description":"Personnel - Durable - Transparent\nEnsemble, planifions le futur","publisher":{"@id":"https:\/\/www.fina.ch\/fr\/#organization"},"potentialAction":[{"@type":"SearchAction","target":{"@type":"EntryPoint","urlTemplate":"https:\/\/www.fina.ch\/fr\/?s={search_term_string}"},"query-input":{"@type":"PropertyValueSpecification","valueRequired":true,"valueName":"search_term_string"}}],"inLanguage":"fr-FR"},{"@type":"Organization","@id":"https:\/\/www.fina.ch\/fr\/#organization","name":"FINA Finanzplanung AG","url":"https:\/\/www.fina.ch\/fr\/","logo":{"@type":"ImageObject","inLanguage":"fr-FR","@id":"https:\/\/www.fina.ch\/fr\/#\/schema\/logo\/image\/","url":"https:\/\/www.fina.ch\/wp-content\/uploads\/2017\/10\/FINA_Logo_RGB.png","contentUrl":"https:\/\/www.fina.ch\/wp-content\/uploads\/2017\/10\/FINA_Logo_RGB.png","width":436,"height":631,"caption":"FINA Finanzplanung AG"},"image":{"@id":"https:\/\/www.fina.ch\/fr\/#\/schema\/logo\/image\/"}}]}},"_links":{"self":[{"href":"https:\/\/www.fina.ch\/fr\/wp-json\/wp\/v2\/pages\/5845","targetHints":{"allow":["GET"]}}],"collection":[{"href":"https:\/\/www.fina.ch\/fr\/wp-json\/wp\/v2\/pages"}],"about":[{"href":"https:\/\/www.fina.ch\/fr\/wp-json\/wp\/v2\/types\/page"}],"author":[{"embeddable":true,"href":"https:\/\/www.fina.ch\/fr\/wp-json\/wp\/v2\/users\/6"}],"replies":[{"embeddable":true,"href":"https:\/\/www.fina.ch\/fr\/wp-json\/wp\/v2\/comments?post=5845"}],"version-history":[{"count":3,"href":"https:\/\/www.fina.ch\/fr\/wp-json\/wp\/v2\/pages\/5845\/revisions"}],"predecessor-version":[{"id":13850,"href":"https:\/\/www.fina.ch\/fr\/wp-json\/wp\/v2\/pages\/5845\/revisions\/13850"}],"wp:featuredmedia":[{"embeddable":true,"href":"https:\/\/www.fina.ch\/fr\/wp-json\/wp\/v2\/media\/5244"}],"wp:attachment":[{"href":"https:\/\/www.fina.ch\/fr\/wp-json\/wp\/v2\/media?parent=5845"}],"curies":[{"name":"wp","href":"https:\/\/api.w.org\/{rel}","templated":true}]}}