{"id":5852,"date":"2021-02-09T11:26:51","date_gmt":"2021-02-09T10:26:51","guid":{"rendered":"https:\/\/www.fina.ch\/merci-de-nous-avoir-contactes\/"},"modified":"2021-02-26T15:37:39","modified_gmt":"2021-02-26T14:37:39","slug":"merci-de-nous-avoir-contactes","status":"publish","type":"page","link":"https:\/\/www.fina.ch\/fr\/merci-de-nous-avoir-contactes\/","title":{"rendered":"Merci de nous avoir contact\u00e9s"},"content":{"rendered":"<p>Nous sommes heureux de pouvoir vous aider.<\/p>\n<p>Si vous avez t\u00e9l\u00e9charg\u00e9 un document, il vous a \u00e9t\u00e9 envoy\u00e9 directement par courrier \u00e9lectronique.<\/p>\n<p>Merci beaucoup !<\/p>\n\n<p>&nbsp;<\/p>\n<h2>Connaissez-vous d\u00e9j\u00e0 le syst\u00e8me de planification FINA ?<\/h2>\n<p>Il s&#8217;agit d&#8217;un processus unique qui vous facilite consid\u00e9rablement la gestion des finances, de la fiscalit\u00e9 et des assurances. Ce faisant, vous gagnez beaucoup de temps et vous obtenez un ordre et une vue d&#8217;ensemble parfaits.<\/p>\n<a href=\"https:\/\/www.fina.ch\/fr\/systeme-de-planification-fina\/\" class=\"button btn-secondary\" target=\"\">Voir le syst\u00e8me de planification FINA<\/a>\n<h4><\/h4>\n<p>&nbsp;<\/p>\n<h2>Les avantages de notre soutien financier expliqu\u00e9s en 90 secondes<\/h2>\n<h4><iframe style=\"min-height: 320px;\" src=\"https:\/\/www.youtube.com\/embed\/M8mJaPKdjVQ?list=PLXagvuJUt9R7zCNZDgkzMAaX1IEtiy132\" height=\"320px\" frameborder=\"0\" allowfullscreen=\"allowfullscreen\"><\/iframe><\/h4>\n<p>&nbsp;<\/p>\n","protected":false},"excerpt":{"rendered":"<p>Nous sommes heureux de pouvoir vous aider. Si vous avez t\u00e9l\u00e9charg\u00e9 un document, il vous a \u00e9t\u00e9 envoy\u00e9 directement par courrier \u00e9lectronique. Merci beaucoup ! &nbsp; Connaissez-vous d\u00e9j\u00e0 le syst\u00e8me de planification FINA ? Il s&#8217;agit d&#8217;un processus unique qui vous facilite consid\u00e9rablement la gestion des finances, de la fiscalit\u00e9 et des assurances. Ce faisant, [&hellip;]<\/p>\n","protected":false},"author":6,"featured_media":5054,"parent":0,"menu_order":76,"comment_status":"closed","ping_status":"closed","template":"template-list.php","meta":{"_acf_changed":false,"footnotes":""},"class_list":["post-5852","page","type-page","status-publish","has-post-thumbnail","hentry"],"acf":[],"yoast_head":"<!-- This site is optimized with the Yoast SEO Premium plugin v26.4 (Yoast SEO v26.4) - https:\/\/yoast.com\/wordpress\/plugins\/seo\/ -->\n<title>Merci de nous avoir contact\u00e9s - FINA Planification financi\u00e8re SA<\/title>\n<meta name=\"description\" content=\"Merci de nous avoir contact\u00e9s ! Nous sommes heureux de pouvoir vous aider. Vous pouvez \u00e9galement nous appeler au 031 970 38 80 (du lundi au vendredi de 10 \u00e0 18 heures)\" \/>\n<meta name=\"robots\" content=\"index, follow, max-snippet:-1, max-image-preview:large, max-video-preview:-1\" \/>\n<link rel=\"canonical\" href=\"https:\/\/www.fina.ch\/fr\/merci-de-nous-avoir-contactes\/\" \/>\n<meta property=\"og:locale\" content=\"fr_FR\" \/>\n<meta property=\"og:type\" content=\"article\" \/>\n<meta property=\"og:title\" content=\"Merci de nous avoir contact\u00e9s\" \/>\n<meta property=\"og:description\" content=\"Merci de nous avoir contact\u00e9s ! Nous sommes heureux de pouvoir vous aider. Vous pouvez \u00e9galement nous appeler au 031 970 38 80 (du lundi au vendredi de 10 \u00e0 18 heures)\" \/>\n<meta property=\"og:url\" content=\"https:\/\/www.fina.ch\/fr\/merci-de-nous-avoir-contactes\/\" \/>\n<meta property=\"og:site_name\" content=\"FINA Planification financi\u00e8re SA\" \/>\n<meta property=\"article:modified_time\" content=\"2021-02-26T14:37:39+00:00\" \/>\n<meta property=\"og:image\" content=\"https:\/\/www.fina.ch\/wp-content\/uploads\/2017\/10\/Wussten-Sie-e1509457199735.jpg\" \/>\n\t<meta property=\"og:image:width\" content=\"1318\" \/>\n\t<meta property=\"og:image:height\" content=\"634\" \/>\n\t<meta property=\"og:image:type\" content=\"image\/jpeg\" \/>\n<meta name=\"twitter:card\" content=\"summary_large_image\" \/>\n<meta name=\"twitter:label1\" content=\"Dur\u00e9e de lecture estim\u00e9e\" \/>\n\t<meta name=\"twitter:data1\" content=\"1 minute\" \/>\n<!-- \/ Yoast SEO Premium plugin. -->","yoast_head_json":{"title":"Merci de nous avoir contact\u00e9s - FINA Planification financi\u00e8re SA","description":"Merci de nous avoir contact\u00e9s ! Nous sommes heureux de pouvoir vous aider. Vous pouvez \u00e9galement nous appeler au 031 970 38 80 (du lundi au vendredi de 10 \u00e0 18 heures)","robots":{"index":"index","follow":"follow","max-snippet":"max-snippet:-1","max-image-preview":"max-image-preview:large","max-video-preview":"max-video-preview:-1"},"canonical":"https:\/\/www.fina.ch\/fr\/merci-de-nous-avoir-contactes\/","og_locale":"fr_FR","og_type":"article","og_title":"Merci de nous avoir contact\u00e9s","og_description":"Merci de nous avoir contact\u00e9s ! Nous sommes heureux de pouvoir vous aider. Vous pouvez \u00e9galement nous appeler au 031 970 38 80 (du lundi au vendredi de 10 \u00e0 18 heures)","og_url":"https:\/\/www.fina.ch\/fr\/merci-de-nous-avoir-contactes\/","og_site_name":"FINA Planification financi\u00e8re SA","article_modified_time":"2021-02-26T14:37:39+00:00","og_image":[{"width":1318,"height":634,"url":"https:\/\/www.fina.ch\/wp-content\/uploads\/2017\/10\/Wussten-Sie-e1509457199735.jpg","type":"image\/jpeg"}],"twitter_card":"summary_large_image","twitter_misc":{"Dur\u00e9e de lecture estim\u00e9e":"1 minute"},"schema":{"@context":"https:\/\/schema.org","@graph":[{"@type":"WebPage","@id":"https:\/\/www.fina.ch\/fr\/merci-de-nous-avoir-contactes\/","url":"https:\/\/www.fina.ch\/fr\/merci-de-nous-avoir-contactes\/","name":"Merci de nous avoir contact\u00e9s - FINA Planification financi\u00e8re SA","isPartOf":{"@id":"https:\/\/www.fina.ch\/fr\/#website"},"primaryImageOfPage":{"@id":"https:\/\/www.fina.ch\/fr\/merci-de-nous-avoir-contactes\/#primaryimage"},"image":{"@id":"https:\/\/www.fina.ch\/fr\/merci-de-nous-avoir-contactes\/#primaryimage"},"thumbnailUrl":"https:\/\/www.fina.ch\/wp-content\/uploads\/2017\/10\/Wussten-Sie-e1509457199735.jpg","datePublished":"2021-02-09T10:26:51+00:00","dateModified":"2021-02-26T14:37:39+00:00","description":"Merci de nous avoir contact\u00e9s ! Nous sommes heureux de pouvoir vous aider. Vous pouvez \u00e9galement nous appeler au 031 970 38 80 (du lundi au vendredi de 10 \u00e0 18 heures)","breadcrumb":{"@id":"https:\/\/www.fina.ch\/fr\/merci-de-nous-avoir-contactes\/#breadcrumb"},"inLanguage":"fr-FR","potentialAction":[{"@type":"ReadAction","target":["https:\/\/www.fina.ch\/fr\/merci-de-nous-avoir-contactes\/"]}]},{"@type":"ImageObject","inLanguage":"fr-FR","@id":"https:\/\/www.fina.ch\/fr\/merci-de-nous-avoir-contactes\/#primaryimage","url":"https:\/\/www.fina.ch\/wp-content\/uploads\/2017\/10\/Wussten-Sie-e1509457199735.jpg","contentUrl":"https:\/\/www.fina.ch\/wp-content\/uploads\/2017\/10\/Wussten-Sie-e1509457199735.jpg","width":1318,"height":634},{"@type":"BreadcrumbList","@id":"https:\/\/www.fina.ch\/fr\/merci-de-nous-avoir-contactes\/#breadcrumb","itemListElement":[{"@type":"ListItem","position":1,"name":"Home","item":"https:\/\/www.fina.ch\/fr\/"},{"@type":"ListItem","position":2,"name":"Merci de nous avoir contact\u00e9s"}]},{"@type":"WebSite","@id":"https:\/\/www.fina.ch\/fr\/#website","url":"https:\/\/www.fina.ch\/fr\/","name":"FINA Planification financi\u00e8re SA","description":"Personnel - Durable - Transparent\nEnsemble, planifions le futur","publisher":{"@id":"https:\/\/www.fina.ch\/fr\/#organization"},"potentialAction":[{"@type":"SearchAction","target":{"@type":"EntryPoint","urlTemplate":"https:\/\/www.fina.ch\/fr\/?s={search_term_string}"},"query-input":{"@type":"PropertyValueSpecification","valueRequired":true,"valueName":"search_term_string"}}],"inLanguage":"fr-FR"},{"@type":"Organization","@id":"https:\/\/www.fina.ch\/fr\/#organization","name":"FINA Finanzplanung AG","url":"https:\/\/www.fina.ch\/fr\/","logo":{"@type":"ImageObject","inLanguage":"fr-FR","@id":"https:\/\/www.fina.ch\/fr\/#\/schema\/logo\/image\/","url":"https:\/\/www.fina.ch\/wp-content\/uploads\/2017\/10\/FINA_Logo_RGB.png","contentUrl":"https:\/\/www.fina.ch\/wp-content\/uploads\/2017\/10\/FINA_Logo_RGB.png","width":436,"height":631,"caption":"FINA Finanzplanung AG"},"image":{"@id":"https:\/\/www.fina.ch\/fr\/#\/schema\/logo\/image\/"}}]}},"_links":{"self":[{"href":"https:\/\/www.fina.ch\/fr\/wp-json\/wp\/v2\/pages\/5852","targetHints":{"allow":["GET"]}}],"collection":[{"href":"https:\/\/www.fina.ch\/fr\/wp-json\/wp\/v2\/pages"}],"about":[{"href":"https:\/\/www.fina.ch\/fr\/wp-json\/wp\/v2\/types\/page"}],"author":[{"embeddable":true,"href":"https:\/\/www.fina.ch\/fr\/wp-json\/wp\/v2\/users\/6"}],"replies":[{"embeddable":true,"href":"https:\/\/www.fina.ch\/fr\/wp-json\/wp\/v2\/comments?post=5852"}],"version-history":[{"count":0,"href":"https:\/\/www.fina.ch\/fr\/wp-json\/wp\/v2\/pages\/5852\/revisions"}],"wp:featuredmedia":[{"embeddable":true,"href":"https:\/\/www.fina.ch\/fr\/wp-json\/wp\/v2\/media\/5054"}],"wp:attachment":[{"href":"https:\/\/www.fina.ch\/fr\/wp-json\/wp\/v2\/media?parent=5852"}],"curies":[{"name":"wp","href":"https:\/\/api.w.org\/{rel}","templated":true}]}}