{"id":5854,"date":"2021-02-09T13:37:53","date_gmt":"2021-02-09T12:37:53","guid":{"rendered":"https:\/\/www.fina.ch\/a-propos-de-nous\/planification-financiere-independante-fina-philosophie\/la-durabilite-fina\/"},"modified":"2021-05-20T14:23:02","modified_gmt":"2021-05-20T12:23:02","slug":"la-durabilite-fina","status":"publish","type":"page","link":"https:\/\/www.fina.ch\/fr\/a-propos-de-nous\/planification-financiere-independante-fina-philosophie\/la-durabilite-fina\/","title":{"rendered":"La durabilit\u00e9 FINA"},"content":{"rendered":"<p>Voici le r\u00e9sum\u00e9 d&#8217;un audit interne sur ce que FINA fait actuellement pour \u00eatre aussi durable que possible.<\/p>\n<p>Rapport de Nadine Clemann<\/p>\n<p>&nbsp;<\/p>\n<h5>Dimensions :<\/h5>\n<p>Ecologique, \u00e9conomique et social<br \/>\nIl n&#8217;est pas toujours possible de parvenir \u00e0 la durabilit\u00e9 au plus haut niveau dans ces trois domaines, mais au moins deux de ces trois orientations devraient \u00eatre prises en compte dans chaque cas.<\/p>\n<h5>Base de r\u00e9f\u00e9rence :<\/h5>\n<ul>\n<li>N&#8217;agissez pas au d\u00e9triment des personnes et de la nature.<\/li>\n<li>Investissez l&#8217;argent l\u00e0 o\u00f9 il g\u00e9n\u00e8re un impact positif durable.<\/li>\n<\/ul>\n<p>&nbsp;<\/p>\n<h5>Des questions qui nous concernent :<\/h5>\n<ul>\n<li>R\u00e9chauffement climatique<\/li>\n<li>In\u00e9galit\u00e9 des revenus (pauvret\u00e9 et richesse)<\/li>\n<li>La soci\u00e9t\u00e9 de consommation (soci\u00e9t\u00e9 du jetable et des \u00e9missions \u00e9lev\u00e9es de CO2, utilisation de ressources limit\u00e9es)<\/li>\n<li>M\u00e9contentement et augmentation des maladies dans les entreprises<\/li>\n<li>Le travail des enfants et la guerre dans les pays du tiers monde<\/li>\n<\/ul>\n<p>&nbsp;<\/p>\n<h5>Que fait Fina concr\u00e8tement?<\/h5>\n<ul>\n<li>R\u00e9duction des \u00e9missions de CO2 et des d\u00e9chets<\/li>\n<li>Les poubelles ne contiennent qu&#8217;occasionnellement des sacs en plastique pour les d\u00e9chets alimentaires. La production de plastique n\u00e9cessite beaucoup d&#8217;eau et de p\u00e9trole.<\/li>\n<li>Eclairage LED dans tout le b\u00e2timent.<\/li>\n<li>Caf\u00e9 \u00e9quitable<\/li>\n<li>Toujours du papier FSC et si possible du papier recycl\u00e9<\/li>\n<li>Les achats sont effectu\u00e9s au niveau r\u00e9gional lorsque cela est possible. Produits suisses.<\/li>\n<li>Le mobilier de bureau de Fina est achet\u00e9 d&#8217;occasion. Utilisation \u00e9conomique des ressources. Co\u00fbt: de 20000.- au lieu de 60 000.-<\/li>\n<li>Les verres et tasses sont personnalis\u00e9s, afin que les employ\u00e9s n&#8217;aient pas besoin de diff\u00e9rents verres par jour.<\/li>\n<li>Afin de rendre \u00e9galement justice \u00e0 l&#8217;aspect \u00e9conomique dans la prise en compte de la durabilit\u00e9, il est recommand\u00e9 de tenir compte des \u00e9l\u00e9ments suivants :<br \/>\nSi un produit durable co\u00fbte 30 % de plus que le produit conventionnel, nous achetons le produit conventionnel. (une r\u00e9vision occasionnelle des offres est la bienvenue)<\/li>\n<li>S\u00e9lection des partenaires Fina :<br \/>\nLes coop\u00e9ratives (satisfaction \u00e9lev\u00e9e des employ\u00e9s et distribution des b\u00e9n\u00e9fices aux clients et non aux actionnaires) et les entreprises qui prennent en compte les crit\u00e8res ESG sont privil\u00e9gi\u00e9es.<\/li>\n<\/ul>\n<p>&nbsp;<\/p>\n<h5>Partenaires d&#8217;investissement :<\/h5>\n<ul>\n<li>Nos partenaires d&#8217;investissement sont rentables gr\u00e2ce aux offres des ETF et aux portefeuilles d&#8217;actions uniques.<\/li>\n<li>Les portefeuilles durables peuvent \u00eatre r\u00e9alis\u00e9s dans le secteur bancaire ou d&#8217;assurance 3a, ainsi que dans les investissements libres.<\/li>\n<\/ul>\n<p>&nbsp;<\/p>\n<h5>Gouvernance d&#8217;entreprise :<\/h5>\n<p>Pens\u00e9e morale :<br \/>\nChaque conseiller poss\u00e8de une checkliste sur son bureau qui souligne les points \u00e0 prendre en compte afin de toujours agir dans les int\u00e9r\u00eats du client.<\/p>\n<h5>Ce que FINA entreprends:<\/h5>\n<p>Il est tr\u00e8s important d&#8217;\u00e9conomiser le papier, d&#8217;utiliser des lampes LED et de prendre soin des gens. Cependant l&#8217;impact global est encore plus important, l\u00e0 o\u00f9 se trouve l&#8217;argent, c&#8217;est \u00e0 dire, dans le domaine de l&#8217;investissement et de la fourniture.<br \/>\nCelui qui a l&#8217;argent a le pouvoir et quand cet argent est redistribu\u00e9 par FINA \u00e0 des entreprises qui d\u00e9fendent les choses vraiment BONNES et font un travail propre, \u00e7a se voit !<br \/>\nC&#8217;est pr\u00e9cis\u00e9ment l\u00e0 que la FINA voit sa responsabilit\u00e9.<\/p>\n<p>L&#8217;argent devrait \u00eatre plac\u00e9 l\u00e0 o\u00f9 il rend le monde un peu meilleur :<\/p>\n<ul>\n<li>Des salaires \u00e9quitables<\/li>\n<li>Des horaires de travail \u00e9quitables<\/li>\n<li>Pas de r\u00e9pression (gouvernance d&#8217;entreprise)<\/li>\n<li>Respectueux de l&#8217;environnement (pas de gaspillage de ressources)<\/li>\n<\/ul>\n<p>Ce qui est passionnant, c&#8217;est que ces m\u00eames facteurs ont \u00e9galement un impact positif sur les performances. Par exemple, le MCI World SRI (investissement socialement responsable) a surpass\u00e9 son homologue traditionnel MSCI World en 2006-2018.<br \/>\nLa justification :<br \/>\nMoins de proc\u00e8s, moins de ressources gaspill\u00e9es et moins d&#8217;absences des employ\u00e9s pour cause de maladie.<\/p>\n<p>&nbsp;<\/p>\n<h5>Une journ\u00e9e d&#8217;engagement social avec l&#8217;\u00e9quipe de la FINA :<\/h5>\n<p>La journ\u00e9e de 2019 est d\u00e9j\u00e0 pr\u00e9vue. Dans la matin\u00e9e, nous examinerons diff\u00e9rentes approches de la vie durable et apporterons ensuite une contribution sp\u00e9cifique. <a href=\"https:\/\/www.fina.ch\/karitativer-tag-mit-allen-fina-mitarbeitenden\/\">Rapport d\u00e9taill\u00e9 ici&#8230;<\/a><\/p>\n","protected":false},"excerpt":{"rendered":"<p>Voici le r\u00e9sum\u00e9 d&#8217;un audit interne sur ce que FINA fait actuellement pour \u00eatre aussi durable que possible. Rapport de Nadine Clemann &nbsp; Dimensions : Ecologique, \u00e9conomique et social Il n&#8217;est pas toujours possible de parvenir \u00e0 la durabilit\u00e9 au plus haut niveau dans ces trois domaines, mais au moins deux de ces trois orientations [&hellip;]<\/p>\n","protected":false},"author":6,"featured_media":5140,"parent":5789,"menu_order":6,"comment_status":"closed","ping_status":"closed","template":"","meta":{"_acf_changed":false,"footnotes":""},"class_list":["post-5854","page","type-page","status-publish","has-post-thumbnail","hentry"],"acf":[],"yoast_head":"<!-- This site is optimized with the Yoast SEO Premium plugin v26.4 (Yoast SEO v26.4) - https:\/\/yoast.com\/wordpress\/plugins\/seo\/ -->\n<title>La durabilit\u00e9 FINA - FINA Planification financi\u00e8re SA<\/title>\n<meta name=\"robots\" content=\"index, follow, max-snippet:-1, max-image-preview:large, max-video-preview:-1\" \/>\n<link rel=\"canonical\" href=\"https:\/\/www.fina.ch\/fr\/a-propos-de-nous\/planification-financiere-independante-fina-philosophie\/la-durabilite-fina\/\" \/>\n<meta property=\"og:locale\" content=\"fr_FR\" \/>\n<meta property=\"og:type\" content=\"article\" \/>\n<meta property=\"og:title\" content=\"La durabilit\u00e9 FINA\" \/>\n<meta property=\"og:description\" content=\"Voici le r\u00e9sum\u00e9 d&#8217;un audit interne sur ce que FINA fait actuellement pour \u00eatre aussi durable que possible. Rapport de Nadine Clemann &nbsp; Dimensions : Ecologique, \u00e9conomique et social Il n&#8217;est pas toujours possible de parvenir \u00e0 la durabilit\u00e9 au plus haut niveau dans ces trois domaines, mais au moins deux de ces trois orientations [&hellip;]\" \/>\n<meta property=\"og:url\" content=\"https:\/\/www.fina.ch\/fr\/a-propos-de-nous\/planification-financiere-independante-fina-philosophie\/la-durabilite-fina\/\" \/>\n<meta property=\"og:site_name\" content=\"FINA Planification financi\u00e8re SA\" \/>\n<meta property=\"article:modified_time\" content=\"2021-05-20T12:23:02+00:00\" \/>\n<meta property=\"og:image\" content=\"https:\/\/www.fina.ch\/wp-content\/uploads\/2018\/04\/4OG1.1.jpg\" \/>\n\t<meta property=\"og:image:width\" content=\"800\" \/>\n\t<meta property=\"og:image:height\" content=\"600\" \/>\n\t<meta property=\"og:image:type\" content=\"image\/jpeg\" \/>\n<meta name=\"twitter:card\" content=\"summary_large_image\" \/>\n<meta name=\"twitter:label1\" content=\"Dur\u00e9e de lecture estim\u00e9e\" \/>\n\t<meta name=\"twitter:data1\" content=\"3 minutes\" \/>\n<!-- \/ Yoast SEO Premium plugin. -->","yoast_head_json":{"title":"La durabilit\u00e9 FINA - FINA Planification financi\u00e8re SA","robots":{"index":"index","follow":"follow","max-snippet":"max-snippet:-1","max-image-preview":"max-image-preview:large","max-video-preview":"max-video-preview:-1"},"canonical":"https:\/\/www.fina.ch\/fr\/a-propos-de-nous\/planification-financiere-independante-fina-philosophie\/la-durabilite-fina\/","og_locale":"fr_FR","og_type":"article","og_title":"La durabilit\u00e9 FINA","og_description":"Voici le r\u00e9sum\u00e9 d&#8217;un audit interne sur ce que FINA fait actuellement pour \u00eatre aussi durable que possible. Rapport de Nadine Clemann &nbsp; Dimensions : Ecologique, \u00e9conomique et social Il n&#8217;est pas toujours possible de parvenir \u00e0 la durabilit\u00e9 au plus haut niveau dans ces trois domaines, mais au moins deux de ces trois orientations [&hellip;]","og_url":"https:\/\/www.fina.ch\/fr\/a-propos-de-nous\/planification-financiere-independante-fina-philosophie\/la-durabilite-fina\/","og_site_name":"FINA Planification financi\u00e8re SA","article_modified_time":"2021-05-20T12:23:02+00:00","og_image":[{"width":800,"height":600,"url":"https:\/\/www.fina.ch\/wp-content\/uploads\/2018\/04\/4OG1.1.jpg","type":"image\/jpeg"}],"twitter_card":"summary_large_image","twitter_misc":{"Dur\u00e9e de lecture estim\u00e9e":"3 minutes"},"schema":{"@context":"https:\/\/schema.org","@graph":[{"@type":"WebPage","@id":"https:\/\/www.fina.ch\/fr\/a-propos-de-nous\/planification-financiere-independante-fina-philosophie\/la-durabilite-fina\/","url":"https:\/\/www.fina.ch\/fr\/a-propos-de-nous\/planification-financiere-independante-fina-philosophie\/la-durabilite-fina\/","name":"La durabilit\u00e9 FINA - FINA Planification financi\u00e8re SA","isPartOf":{"@id":"https:\/\/www.fina.ch\/fr\/#website"},"primaryImageOfPage":{"@id":"https:\/\/www.fina.ch\/fr\/a-propos-de-nous\/planification-financiere-independante-fina-philosophie\/la-durabilite-fina\/#primaryimage"},"image":{"@id":"https:\/\/www.fina.ch\/fr\/a-propos-de-nous\/planification-financiere-independante-fina-philosophie\/la-durabilite-fina\/#primaryimage"},"thumbnailUrl":"https:\/\/www.fina.ch\/wp-content\/uploads\/2018\/04\/4OG1.1.jpg","datePublished":"2021-02-09T12:37:53+00:00","dateModified":"2021-05-20T12:23:02+00:00","breadcrumb":{"@id":"https:\/\/www.fina.ch\/fr\/a-propos-de-nous\/planification-financiere-independante-fina-philosophie\/la-durabilite-fina\/#breadcrumb"},"inLanguage":"fr-FR","potentialAction":[{"@type":"ReadAction","target":["https:\/\/www.fina.ch\/fr\/a-propos-de-nous\/planification-financiere-independante-fina-philosophie\/la-durabilite-fina\/"]}]},{"@type":"ImageObject","inLanguage":"fr-FR","@id":"https:\/\/www.fina.ch\/fr\/a-propos-de-nous\/planification-financiere-independante-fina-philosophie\/la-durabilite-fina\/#primaryimage","url":"https:\/\/www.fina.ch\/wp-content\/uploads\/2018\/04\/4OG1.1.jpg","contentUrl":"https:\/\/www.fina.ch\/wp-content\/uploads\/2018\/04\/4OG1.1.jpg","width":800,"height":600},{"@type":"BreadcrumbList","@id":"https:\/\/www.fina.ch\/fr\/a-propos-de-nous\/planification-financiere-independante-fina-philosophie\/la-durabilite-fina\/#breadcrumb","itemListElement":[{"@type":"ListItem","position":1,"name":"Home","item":"https:\/\/www.fina.ch\/fr\/"},{"@type":"ListItem","position":2,"name":"\u00c0 propos de nous","item":"https:\/\/www.fina.ch\/fr\/ueber-uns\/"},{"@type":"ListItem","position":3,"name":"Planification financi\u00e8re ind\u00e9pendante &#8211; La Philosophie de FINA","item":"https:\/\/www.fina.ch\/fr\/a-propos-de-nous\/planification-financiere-independante-fina-philosophie\/"},{"@type":"ListItem","position":4,"name":"La durabilit\u00e9 FINA"}]},{"@type":"WebSite","@id":"https:\/\/www.fina.ch\/fr\/#website","url":"https:\/\/www.fina.ch\/fr\/","name":"FINA Planification financi\u00e8re SA","description":"Personnel - Durable - Transparent\nEnsemble, planifions le futur","publisher":{"@id":"https:\/\/www.fina.ch\/fr\/#organization"},"potentialAction":[{"@type":"SearchAction","target":{"@type":"EntryPoint","urlTemplate":"https:\/\/www.fina.ch\/fr\/?s={search_term_string}"},"query-input":{"@type":"PropertyValueSpecification","valueRequired":true,"valueName":"search_term_string"}}],"inLanguage":"fr-FR"},{"@type":"Organization","@id":"https:\/\/www.fina.ch\/fr\/#organization","name":"FINA Finanzplanung AG","url":"https:\/\/www.fina.ch\/fr\/","logo":{"@type":"ImageObject","inLanguage":"fr-FR","@id":"https:\/\/www.fina.ch\/fr\/#\/schema\/logo\/image\/","url":"https:\/\/www.fina.ch\/wp-content\/uploads\/2017\/10\/FINA_Logo_RGB.png","contentUrl":"https:\/\/www.fina.ch\/wp-content\/uploads\/2017\/10\/FINA_Logo_RGB.png","width":436,"height":631,"caption":"FINA Finanzplanung AG"},"image":{"@id":"https:\/\/www.fina.ch\/fr\/#\/schema\/logo\/image\/"}}]}},"_links":{"self":[{"href":"https:\/\/www.fina.ch\/fr\/wp-json\/wp\/v2\/pages\/5854","targetHints":{"allow":["GET"]}}],"collection":[{"href":"https:\/\/www.fina.ch\/fr\/wp-json\/wp\/v2\/pages"}],"about":[{"href":"https:\/\/www.fina.ch\/fr\/wp-json\/wp\/v2\/types\/page"}],"author":[{"embeddable":true,"href":"https:\/\/www.fina.ch\/fr\/wp-json\/wp\/v2\/users\/6"}],"replies":[{"embeddable":true,"href":"https:\/\/www.fina.ch\/fr\/wp-json\/wp\/v2\/comments?post=5854"}],"version-history":[{"count":0,"href":"https:\/\/www.fina.ch\/fr\/wp-json\/wp\/v2\/pages\/5854\/revisions"}],"up":[{"embeddable":true,"href":"https:\/\/www.fina.ch\/fr\/wp-json\/wp\/v2\/pages\/5789"}],"wp:featuredmedia":[{"embeddable":true,"href":"https:\/\/www.fina.ch\/fr\/wp-json\/wp\/v2\/media\/5140"}],"wp:attachment":[{"href":"https:\/\/www.fina.ch\/fr\/wp-json\/wp\/v2\/media?parent=5854"}],"curies":[{"name":"wp","href":"https:\/\/api.w.org\/{rel}","templated":true}]}}