{"id":5860,"date":"2021-02-09T13:45:19","date_gmt":"2021-02-09T12:45:19","guid":{"rendered":"https:\/\/www.fina.ch\/vincent-lambert-doit-il-vivre-ou-mourir\/"},"modified":"2021-06-01T09:54:58","modified_gmt":"2021-06-01T07:54:58","slug":"vincent-lambert-doit-il-vivre-ou-mourir","status":"publish","type":"page","link":"https:\/\/www.fina.ch\/fr\/vincent-lambert-doit-il-vivre-ou-mourir\/","title":{"rendered":"Directives anticip\u00e9es: Vincent Lambert doit-il vivre ou mourir ?"},"content":{"rendered":"<h3>11 ans nourri artificiellement et dans un \u00e9tat v\u00e9g\u00e9tatif.<\/h3>\n<p>Apr\u00e8s 11 ans, la Cour de cassation fran\u00e7aise s&#8217;est prononc\u00e9e : Vincent Lambert ne sera plus nourri artificiellement.<\/p>\n<p>11 ans de lutte et de douleur inimaginable parmi les survivants. Seuls les avocats et les tribunaux en ont profit\u00e9 financi\u00e8rement, avec un revenu d&#8217;honoraires estim\u00e9 \u00e0 plusieurs centaines de milliers d&#8217;euros.<\/p>\n<p><a href=\"https:\/\/www.bazonline.ch\/panorama\/vermischtes\/zehn-jahre-im-wachkoma-aerzte-duerfen-patient-nicht-sterben-lassen\/story\/14308155\" target=\"_blank\" rel=\"noopener noreferrer\">Lire l&#8217;article complet ici sur Bazonline<\/a><\/p>\n<p>&nbsp;<\/p>\n<h3>Des directives anticip\u00e9es auraient pu \u00e9pargner bien des souffrances, surtout aux proches.<\/h3>\n<p>Il faut une heure pour \u00e9tablir des directives anticip\u00e9es. En cas d&#8217;urgence, cela peut simplifier beaucoup de choses.<\/p>\n<p>&nbsp;<\/p>\n<p>&nbsp;<\/p>\n","protected":false},"excerpt":{"rendered":"<p>11 ans nourri artificiellement et dans un \u00e9tat v\u00e9g\u00e9tatif. Apr\u00e8s 11 ans, la Cour de cassation fran\u00e7aise s&#8217;est prononc\u00e9e : Vincent Lambert ne sera plus nourri artificiellement. 11 ans de lutte et de douleur inimaginable parmi les survivants. Seuls les avocats et les tribunaux en ont profit\u00e9 financi\u00e8rement, avec un revenu d&#8217;honoraires estim\u00e9 \u00e0 plusieurs [&hellip;]<\/p>\n","protected":false},"author":6,"featured_media":5310,"parent":0,"menu_order":66,"comment_status":"closed","ping_status":"closed","template":"template-list.php","meta":{"_acf_changed":false,"footnotes":""},"class_list":["post-5860","page","type-page","status-publish","has-post-thumbnail","hentry"],"acf":[],"yoast_head":"<!-- This site is optimized with the Yoast SEO Premium plugin v26.4 (Yoast SEO v26.4) - https:\/\/yoast.com\/wordpress\/plugins\/seo\/ -->\n<title>Directives anticip\u00e9es: Vincent Lambert doit-il vivre ou mourir ? - FINA Planification financi\u00e8re SA<\/title>\n<meta name=\"description\" content=\"11 ans \u00e0 l&#039;\u00e9tat v\u00e9g\u00e9tatif et nourri artificiellement. Vincent Lambert doit-il vivre ou mourir ? Des directives anticip\u00e9es permettraient d&#039;\u00e9viter des douleurs et des conflits suppl\u00e9mentaires !\" \/>\n<meta name=\"robots\" content=\"index, follow, max-snippet:-1, max-image-preview:large, max-video-preview:-1\" \/>\n<link rel=\"canonical\" href=\"https:\/\/www.fina.ch\/fr\/vincent-lambert-doit-il-vivre-ou-mourir\/\" \/>\n<meta property=\"og:locale\" content=\"fr_FR\" \/>\n<meta property=\"og:type\" content=\"article\" \/>\n<meta property=\"og:title\" content=\"Directives anticip\u00e9es: Vincent Lambert doit-il vivre ou mourir ?\" \/>\n<meta property=\"og:description\" content=\"11 ans \u00e0 l&#039;\u00e9tat v\u00e9g\u00e9tatif et nourri artificiellement. Vincent Lambert doit-il vivre ou mourir ? Des directives anticip\u00e9es permettraient d&#039;\u00e9viter des douleurs et des conflits suppl\u00e9mentaires !\" \/>\n<meta property=\"og:url\" content=\"https:\/\/www.fina.ch\/fr\/vincent-lambert-doit-il-vivre-ou-mourir\/\" \/>\n<meta property=\"og:site_name\" content=\"FINA Planification financi\u00e8re SA\" \/>\n<meta property=\"article:modified_time\" content=\"2021-06-01T07:54:58+00:00\" \/>\n<meta property=\"og:image\" content=\"https:\/\/www.fina.ch\/wp-content\/uploads\/2019\/07\/bazonline.jpg\" \/>\n\t<meta property=\"og:image:width\" content=\"2048\" \/>\n\t<meta property=\"og:image:height\" content=\"1150\" \/>\n\t<meta property=\"og:image:type\" content=\"image\/jpeg\" \/>\n<meta name=\"twitter:card\" content=\"summary_large_image\" \/>\n<meta name=\"twitter:label1\" content=\"Dur\u00e9e de lecture estim\u00e9e\" \/>\n\t<meta name=\"twitter:data1\" content=\"1 minute\" \/>\n<!-- \/ Yoast SEO Premium plugin. -->","yoast_head_json":{"title":"Directives anticip\u00e9es: Vincent Lambert doit-il vivre ou mourir ? - FINA Planification financi\u00e8re SA","description":"11 ans \u00e0 l'\u00e9tat v\u00e9g\u00e9tatif et nourri artificiellement. Vincent Lambert doit-il vivre ou mourir ? Des directives anticip\u00e9es permettraient d'\u00e9viter des douleurs et des conflits suppl\u00e9mentaires !","robots":{"index":"index","follow":"follow","max-snippet":"max-snippet:-1","max-image-preview":"max-image-preview:large","max-video-preview":"max-video-preview:-1"},"canonical":"https:\/\/www.fina.ch\/fr\/vincent-lambert-doit-il-vivre-ou-mourir\/","og_locale":"fr_FR","og_type":"article","og_title":"Directives anticip\u00e9es: Vincent Lambert doit-il vivre ou mourir ?","og_description":"11 ans \u00e0 l'\u00e9tat v\u00e9g\u00e9tatif et nourri artificiellement. Vincent Lambert doit-il vivre ou mourir ? Des directives anticip\u00e9es permettraient d'\u00e9viter des douleurs et des conflits suppl\u00e9mentaires !","og_url":"https:\/\/www.fina.ch\/fr\/vincent-lambert-doit-il-vivre-ou-mourir\/","og_site_name":"FINA Planification financi\u00e8re SA","article_modified_time":"2021-06-01T07:54:58+00:00","og_image":[{"width":2048,"height":1150,"url":"https:\/\/www.fina.ch\/wp-content\/uploads\/2019\/07\/bazonline.jpg","type":"image\/jpeg"}],"twitter_card":"summary_large_image","twitter_misc":{"Dur\u00e9e de lecture estim\u00e9e":"1 minute"},"schema":{"@context":"https:\/\/schema.org","@graph":[{"@type":"WebPage","@id":"https:\/\/www.fina.ch\/fr\/vincent-lambert-doit-il-vivre-ou-mourir\/","url":"https:\/\/www.fina.ch\/fr\/vincent-lambert-doit-il-vivre-ou-mourir\/","name":"Directives anticip\u00e9es: Vincent Lambert doit-il vivre ou mourir ? - FINA Planification financi\u00e8re SA","isPartOf":{"@id":"https:\/\/www.fina.ch\/fr\/#website"},"primaryImageOfPage":{"@id":"https:\/\/www.fina.ch\/fr\/vincent-lambert-doit-il-vivre-ou-mourir\/#primaryimage"},"image":{"@id":"https:\/\/www.fina.ch\/fr\/vincent-lambert-doit-il-vivre-ou-mourir\/#primaryimage"},"thumbnailUrl":"https:\/\/www.fina.ch\/wp-content\/uploads\/2019\/07\/bazonline.jpg","datePublished":"2021-02-09T12:45:19+00:00","dateModified":"2021-06-01T07:54:58+00:00","description":"11 ans \u00e0 l'\u00e9tat v\u00e9g\u00e9tatif et nourri artificiellement. Vincent Lambert doit-il vivre ou mourir ? Des directives anticip\u00e9es permettraient d'\u00e9viter des douleurs et des conflits suppl\u00e9mentaires !","breadcrumb":{"@id":"https:\/\/www.fina.ch\/fr\/vincent-lambert-doit-il-vivre-ou-mourir\/#breadcrumb"},"inLanguage":"fr-FR","potentialAction":[{"@type":"ReadAction","target":["https:\/\/www.fina.ch\/fr\/vincent-lambert-doit-il-vivre-ou-mourir\/"]}]},{"@type":"ImageObject","inLanguage":"fr-FR","@id":"https:\/\/www.fina.ch\/fr\/vincent-lambert-doit-il-vivre-ou-mourir\/#primaryimage","url":"https:\/\/www.fina.ch\/wp-content\/uploads\/2019\/07\/bazonline.jpg","contentUrl":"https:\/\/www.fina.ch\/wp-content\/uploads\/2019\/07\/bazonline.jpg","width":2048,"height":1150},{"@type":"BreadcrumbList","@id":"https:\/\/www.fina.ch\/fr\/vincent-lambert-doit-il-vivre-ou-mourir\/#breadcrumb","itemListElement":[{"@type":"ListItem","position":1,"name":"Home","item":"https:\/\/www.fina.ch\/fr\/"},{"@type":"ListItem","position":2,"name":"Directives anticip\u00e9es: Vincent Lambert doit-il vivre ou mourir ?"}]},{"@type":"WebSite","@id":"https:\/\/www.fina.ch\/fr\/#website","url":"https:\/\/www.fina.ch\/fr\/","name":"FINA Planification financi\u00e8re SA","description":"Personnel - Durable - Transparent\nEnsemble, planifions le futur","publisher":{"@id":"https:\/\/www.fina.ch\/fr\/#organization"},"potentialAction":[{"@type":"SearchAction","target":{"@type":"EntryPoint","urlTemplate":"https:\/\/www.fina.ch\/fr\/?s={search_term_string}"},"query-input":{"@type":"PropertyValueSpecification","valueRequired":true,"valueName":"search_term_string"}}],"inLanguage":"fr-FR"},{"@type":"Organization","@id":"https:\/\/www.fina.ch\/fr\/#organization","name":"FINA Finanzplanung AG","url":"https:\/\/www.fina.ch\/fr\/","logo":{"@type":"ImageObject","inLanguage":"fr-FR","@id":"https:\/\/www.fina.ch\/fr\/#\/schema\/logo\/image\/","url":"https:\/\/www.fina.ch\/wp-content\/uploads\/2017\/10\/FINA_Logo_RGB.png","contentUrl":"https:\/\/www.fina.ch\/wp-content\/uploads\/2017\/10\/FINA_Logo_RGB.png","width":436,"height":631,"caption":"FINA Finanzplanung AG"},"image":{"@id":"https:\/\/www.fina.ch\/fr\/#\/schema\/logo\/image\/"}}]}},"_links":{"self":[{"href":"https:\/\/www.fina.ch\/fr\/wp-json\/wp\/v2\/pages\/5860","targetHints":{"allow":["GET"]}}],"collection":[{"href":"https:\/\/www.fina.ch\/fr\/wp-json\/wp\/v2\/pages"}],"about":[{"href":"https:\/\/www.fina.ch\/fr\/wp-json\/wp\/v2\/types\/page"}],"author":[{"embeddable":true,"href":"https:\/\/www.fina.ch\/fr\/wp-json\/wp\/v2\/users\/6"}],"replies":[{"embeddable":true,"href":"https:\/\/www.fina.ch\/fr\/wp-json\/wp\/v2\/comments?post=5860"}],"version-history":[{"count":0,"href":"https:\/\/www.fina.ch\/fr\/wp-json\/wp\/v2\/pages\/5860\/revisions"}],"wp:featuredmedia":[{"embeddable":true,"href":"https:\/\/www.fina.ch\/fr\/wp-json\/wp\/v2\/media\/5310"}],"wp:attachment":[{"href":"https:\/\/www.fina.ch\/fr\/wp-json\/wp\/v2\/media?parent=5860"}],"curies":[{"name":"wp","href":"https:\/\/api.w.org\/{rel}","templated":true}]}}