{"id":5862,"date":"2021-02-09T13:59:42","date_gmt":"2021-02-09T12:59:42","guid":{"rendered":"https:\/\/www.fina.ch\/manque-de-transparence-du-systeme-financier-2\/"},"modified":"2021-02-22T19:33:22","modified_gmt":"2021-02-22T18:33:22","slug":"manque-de-transparence-du-systeme-financier-2","status":"publish","type":"page","link":"https:\/\/www.fina.ch\/fr\/manque-de-transparence-du-systeme-financier-2\/","title":{"rendered":"Manque de transparence du syst\u00e8me financier"},"content":{"rendered":"<h3>Selon une \u00e9tude, un m\u00e9nage moyen perd 6 670 francs par an en raison du manque de transparence dans le secteur financi\u00e8re.<\/h3>\n<p>&nbsp;<\/p>\n<div class=\"fina-petrol-bg\">\n<p>Dans cet article, vous apprendrez :<\/p>\n<ul>\n<li>Pourquoi les assurance et les finances sont devenues de plus en plus complexes<\/li>\n<li>Comment vous pouvez encore obtenir de la clart\u00e9, une vue d&#8217;ensemble et de la s\u00e9curit\u00e9<\/li>\n<li>Comment vous pouvez parfaitement r\u00e9gler vos finances et vos assurances avec un syst\u00e8me simple et \u00e9conomiser beaucoup de temps et d&#8217;argent.<\/li>\n<\/ul>\n<\/div>\n<p>&nbsp;<\/p>\n<p>Avez-vous remarqu\u00e9 qu&#8217;il y a de moins en moins de transparence dans la jungle de la fiscalit\u00e9, des finances et des assurances, ce qui rend les d\u00e9cisions encore plus complexes ?<br \/>\nInternet et les portails de comparaison augmentent la confusion lorsque les entreprises cr\u00e9ent des tarifs sp\u00e9ciaux dans le seul but d&#8217;obtenir un bon score dans une comparaison de prix, mais qu&#8217;elles incluent des d\u00e9ficits dans les prestations.<\/p>\n<p>Avez-vous suffisamment de temps et d&#8217;\u00e9nergie pour traiter toutes les informations, en particulier en plus des engagements familiaux, professionnels et autres ?<\/p>\n<p>&nbsp;<\/p>\n<h3>Le manque de transparence permet d&#8217;obtenir des marges plus \u00e9lev\u00e9es et des avantages concurrentiels<\/h3>\n<p>Dans le jargon technique, on appelle cela un &#8220;Principal-Agent-Problem&#8221; typique. Cela signifie qu&#8217;une fois que la situation est suffisamment complexe, la personne retenue, comme le conseiller en assurance ou en banque, est plus susceptible de travailler pour son propre compte.<\/p>\n<p>Un service facile \u00e0 v\u00e9rifier, comme une coupe de cheveux, ne pose pas ce probl\u00e8me. Si vous n&#8217;\u00eates pas satisfait, vous pouvez simplement changer de coiffeur.<\/p>\n<p>Mais comment pouvons-nous \u00eatre s\u00fbrs que nos pensions, nos \u00e9conomies, nos assurances et notre assurance maladie sont vraiment adapt\u00e9es \u00e0 nos besoins ? \u00cates-vous s\u00fbr de ne pas avoir de lacunes, de produits trop chers ou de doubles assurances ?<\/p>\n<p>&nbsp;<\/p>\n<div class=\"fina-petrol-bg\">\n<p>Au moment de notre retraite, nous aurons pay\u00e9 environ 200 000 francs de primes d&#8217;assurance.<br \/>\nAu moins 20 000 francs suisses pourraient \u00eatre \u00e9conomis\u00e9s.<\/p>\n<\/div>\n<p>&nbsp;<\/p>\n<h3>Les plus grandes pertes d&#8217;\u00e9pargne<\/h3>\n<p>Curieusement, les particuliers font g\u00e9n\u00e9ralement les plus grosses pertes lorsqu&#8217;ils \u00e9pargnent sur le long terme !<\/p>\n<p>&nbsp;<\/p>\n<div class=\"fina-petrol-bg\">\n<p>Exemple de manque de transparence dans le 3a :<\/p>\n<p>Vous \u00e9conomisez 500 CHF par mois. dans un pilier 3a pendant 40 ans.<\/p>\n<ul>\n<li>De nombreux comptes 3a paient actuellement 0,3 % d&#8217;int\u00e9r\u00eat sur le capital. Au final, vous recevrez 254 000 francs suisses.<\/li>\n<li>Avec un taux d&#8217;int\u00e9r\u00eat de 3 %, vous recevrez 452 000 francs suisses (soit pr\u00e8s de 200 000 CHF de plus).<\/li>\n<\/ul>\n<\/div>\n<p>&nbsp;<\/p>\n<h3>Les autorit\u00e9s veulent cr\u00e9er la transparence<\/h3>\n<p>Les autorit\u00e9s s&#8217;efforcent \u00e0 cet \u00e9gard de rendre les co\u00fbts et les frais cach\u00e9s plus transparents pour le client. La nouvelle loi sur les services financiers FIDLEG d\u00e9finit des lignes directrices en mati\u00e8re de transparence.<\/p>\n<p>&nbsp;<\/p>\n<h3>La tendance est \u00e0 l&#8217;augmentation de la complexit\u00e9<\/h3>\n<p>En l&#8217;\u00e9tat actuel des choses, ces r\u00e8glements ne facilitent pas n\u00e9cessairement la vie du client.<\/p>\n<p>Dans le pass\u00e9, les r\u00e9glementations juridiques ont eu tendance \u00e0 entra\u00eener davantage de paperasse et des conditions g\u00e9n\u00e9rales plus longues au lieu de les simplifier.<\/p>\n<p>&nbsp;<\/p>\n<h2>La solution r\u00e9side dans un syst\u00e8me simple<\/h2>\n<p>Ce qu&#8217;il faut, c&#8217;est un syst\u00e8me simple qui vous donne un contr\u00f4le optimal sur toutes vos affaires financi\u00e8res avec un minimum d&#8217;efforts.<\/p>\n<div class=\"fina-petrol-bg\">\n<p>Il y a trois choses que ce syst\u00e8me doit faire :<\/p>\n<ul>\n<li><em><strong>Ordre et aper\u00e7u :<\/strong><\/em><br \/>\nFinie la recherche de contrats, la strat\u00e9gie Ad-MINI au lieu de la strat\u00e9gie Ad-MAXI.<\/li>\n<li><em><strong>Checklists et processus structur\u00e9 :<\/strong><\/em><br \/>\nOccupez-vous de vos finances une fois par an, mais faites-le correctement.<br \/>\nSuivez une checklist avec un processus structur\u00e9 pour compl\u00e9ter et optimiser tous les domaines, y compris les d\u00e9clarations fiscales. Faites appel \u00e0 un professionnel financier ind\u00e9pendant pour vous guider dans le processus si n\u00e9cessaire.<\/li>\n<li><em><strong>Acc\u00e8s instantan\u00e9 \u00e0 des connaissances sp\u00e9cialis\u00e9es \u00e0 tout moment :<\/strong><\/em><br \/>\nObtenez des r\u00e9ponses pr\u00e9cises \u00e0 toutes vos questions via le chat ou le t\u00e9l\u00e9phone. Et ainsi soyez capable de prendre des d\u00e9cisions de mani\u00e8re ind\u00e9pendante et comp\u00e9tente<\/li>\n<\/ul>\n<\/div>\n<p>&nbsp;<\/p>\n<h3>Syst\u00e8me de planification FINA<\/h3>\n<p>Apr\u00e8s plus de 20 ans d&#8217;exp\u00e9rience dans le conseil aux clients priv\u00e9s, FINA a maintenant cr\u00e9\u00e9 ce syst\u00e8me.<\/p>\n<p>Gr\u00e2ce \u00e0 ce syst\u00e8me, il est possible de r\u00e9gler parfaitement toutes vos finances, vos assurances et votre d\u00e9claration d&#8217;imp\u00f4ts en y consacrant 2 heures par an. Vous \u00e9conomisez donc beaucoup de temps et d&#8217;argent ! En outre, le client b\u00e9n\u00e9ficie d&#8217;une vue d&#8217;ensemble et d&#8217;une clart\u00e9 sans pr\u00e9c\u00e9dent.<\/p>\n<p>Le syst\u00e8me de planification FINA est disponible en 4 versions :<\/p>\n<ul>\n<li>Service Light<\/li>\n<li>Service Argent<\/li>\n<li>Service Or<\/li>\n<li>Service Platine<\/li>\n<\/ul>\n<p>Les prix sont abordable pour tout m\u00e9nage.<\/p>\n<p>&nbsp;<\/p>\n<a href=\"https:\/\/www.fina.ch\/fr\/systeme-de-planification-fina\/\" class=\"button btn-tertiary\" target=\"\">En savoir plus sur le syst\u00e8me de planification FINA<\/a>\n","protected":false},"excerpt":{"rendered":"<p>Selon une \u00e9tude, un m\u00e9nage moyen perd 6 670 francs par an en raison du manque de transparence dans le secteur financi\u00e8re. &nbsp; Dans cet article, vous apprendrez : Pourquoi les assurance et les finances sont devenues de plus en plus complexes Comment vous pouvez encore obtenir de la clart\u00e9, une vue d&#8217;ensemble et de [&hellip;]<\/p>\n","protected":false},"author":6,"featured_media":5054,"parent":0,"menu_order":51,"comment_status":"closed","ping_status":"closed","template":"","meta":{"_acf_changed":false,"footnotes":""},"class_list":["post-5862","page","type-page","status-publish","has-post-thumbnail","hentry"],"acf":[],"yoast_head":"<!-- This site is optimized with the Yoast SEO Premium plugin v26.4 (Yoast SEO v26.4) - https:\/\/yoast.com\/wordpress\/plugins\/seo\/ -->\n<title>Manque de transparence du syst\u00e8me financier - FINA Planification financi\u00e8re SA<\/title>\n<meta name=\"description\" content=\"Le manque de transparence dans le secteur des finances et des assurances co\u00fbte aux particuliers 6 670 francs par an. Le monde devient de plus en plus complexe. Avez-vous le temps de vous occuper de tout ?\" \/>\n<meta name=\"robots\" content=\"index, follow, max-snippet:-1, max-image-preview:large, max-video-preview:-1\" \/>\n<link rel=\"canonical\" href=\"https:\/\/www.fina.ch\/fr\/manque-de-transparence-du-systeme-financier-2\/\" \/>\n<meta property=\"og:locale\" content=\"fr_FR\" \/>\n<meta property=\"og:type\" content=\"article\" \/>\n<meta property=\"og:title\" content=\"Manque de transparence du syst\u00e8me financier\" \/>\n<meta property=\"og:description\" content=\"Le manque de transparence dans le secteur des finances et des assurances co\u00fbte aux particuliers 6 670 francs par an. Le monde devient de plus en plus complexe. Avez-vous le temps de vous occuper de tout ?\" \/>\n<meta property=\"og:url\" content=\"https:\/\/www.fina.ch\/fr\/manque-de-transparence-du-systeme-financier-2\/\" \/>\n<meta property=\"og:site_name\" content=\"FINA Planification financi\u00e8re SA\" \/>\n<meta property=\"article:modified_time\" content=\"2021-02-22T18:33:22+00:00\" \/>\n<meta property=\"og:image\" content=\"https:\/\/www.fina.ch\/wp-content\/uploads\/2017\/10\/Wussten-Sie-e1509457199735.jpg\" \/>\n\t<meta property=\"og:image:width\" content=\"1318\" \/>\n\t<meta property=\"og:image:height\" content=\"634\" \/>\n\t<meta property=\"og:image:type\" content=\"image\/jpeg\" \/>\n<meta name=\"twitter:card\" content=\"summary_large_image\" \/>\n<meta name=\"twitter:label1\" content=\"Dur\u00e9e de lecture estim\u00e9e\" \/>\n\t<meta name=\"twitter:data1\" content=\"4 minutes\" \/>\n<!-- \/ Yoast SEO Premium plugin. -->","yoast_head_json":{"title":"Manque de transparence du syst\u00e8me financier - FINA Planification financi\u00e8re SA","description":"Le manque de transparence dans le secteur des finances et des assurances co\u00fbte aux particuliers 6 670 francs par an. Le monde devient de plus en plus complexe. Avez-vous le temps de vous occuper de tout ?","robots":{"index":"index","follow":"follow","max-snippet":"max-snippet:-1","max-image-preview":"max-image-preview:large","max-video-preview":"max-video-preview:-1"},"canonical":"https:\/\/www.fina.ch\/fr\/manque-de-transparence-du-systeme-financier-2\/","og_locale":"fr_FR","og_type":"article","og_title":"Manque de transparence du syst\u00e8me financier","og_description":"Le manque de transparence dans le secteur des finances et des assurances co\u00fbte aux particuliers 6 670 francs par an. Le monde devient de plus en plus complexe. Avez-vous le temps de vous occuper de tout ?","og_url":"https:\/\/www.fina.ch\/fr\/manque-de-transparence-du-systeme-financier-2\/","og_site_name":"FINA Planification financi\u00e8re SA","article_modified_time":"2021-02-22T18:33:22+00:00","og_image":[{"width":1318,"height":634,"url":"https:\/\/www.fina.ch\/wp-content\/uploads\/2017\/10\/Wussten-Sie-e1509457199735.jpg","type":"image\/jpeg"}],"twitter_card":"summary_large_image","twitter_misc":{"Dur\u00e9e de lecture estim\u00e9e":"4 minutes"},"schema":{"@context":"https:\/\/schema.org","@graph":[{"@type":"WebPage","@id":"https:\/\/www.fina.ch\/fr\/manque-de-transparence-du-systeme-financier-2\/","url":"https:\/\/www.fina.ch\/fr\/manque-de-transparence-du-systeme-financier-2\/","name":"Manque de transparence du syst\u00e8me financier - FINA Planification financi\u00e8re SA","isPartOf":{"@id":"https:\/\/www.fina.ch\/fr\/#website"},"primaryImageOfPage":{"@id":"https:\/\/www.fina.ch\/fr\/manque-de-transparence-du-systeme-financier-2\/#primaryimage"},"image":{"@id":"https:\/\/www.fina.ch\/fr\/manque-de-transparence-du-systeme-financier-2\/#primaryimage"},"thumbnailUrl":"https:\/\/www.fina.ch\/wp-content\/uploads\/2017\/10\/Wussten-Sie-e1509457199735.jpg","datePublished":"2021-02-09T12:59:42+00:00","dateModified":"2021-02-22T18:33:22+00:00","description":"Le manque de transparence dans le secteur des finances et des assurances co\u00fbte aux particuliers 6 670 francs par an. Le monde devient de plus en plus complexe. Avez-vous le temps de vous occuper de tout ?","breadcrumb":{"@id":"https:\/\/www.fina.ch\/fr\/manque-de-transparence-du-systeme-financier-2\/#breadcrumb"},"inLanguage":"fr-FR","potentialAction":[{"@type":"ReadAction","target":["https:\/\/www.fina.ch\/fr\/manque-de-transparence-du-systeme-financier-2\/"]}]},{"@type":"ImageObject","inLanguage":"fr-FR","@id":"https:\/\/www.fina.ch\/fr\/manque-de-transparence-du-systeme-financier-2\/#primaryimage","url":"https:\/\/www.fina.ch\/wp-content\/uploads\/2017\/10\/Wussten-Sie-e1509457199735.jpg","contentUrl":"https:\/\/www.fina.ch\/wp-content\/uploads\/2017\/10\/Wussten-Sie-e1509457199735.jpg","width":1318,"height":634},{"@type":"BreadcrumbList","@id":"https:\/\/www.fina.ch\/fr\/manque-de-transparence-du-systeme-financier-2\/#breadcrumb","itemListElement":[{"@type":"ListItem","position":1,"name":"Home","item":"https:\/\/www.fina.ch\/fr\/"},{"@type":"ListItem","position":2,"name":"Manque de transparence du syst\u00e8me financier"}]},{"@type":"WebSite","@id":"https:\/\/www.fina.ch\/fr\/#website","url":"https:\/\/www.fina.ch\/fr\/","name":"FINA Planification financi\u00e8re SA","description":"Personnel - Durable - Transparent\nEnsemble, planifions le futur","publisher":{"@id":"https:\/\/www.fina.ch\/fr\/#organization"},"potentialAction":[{"@type":"SearchAction","target":{"@type":"EntryPoint","urlTemplate":"https:\/\/www.fina.ch\/fr\/?s={search_term_string}"},"query-input":{"@type":"PropertyValueSpecification","valueRequired":true,"valueName":"search_term_string"}}],"inLanguage":"fr-FR"},{"@type":"Organization","@id":"https:\/\/www.fina.ch\/fr\/#organization","name":"FINA Finanzplanung AG","url":"https:\/\/www.fina.ch\/fr\/","logo":{"@type":"ImageObject","inLanguage":"fr-FR","@id":"https:\/\/www.fina.ch\/fr\/#\/schema\/logo\/image\/","url":"https:\/\/www.fina.ch\/wp-content\/uploads\/2017\/10\/FINA_Logo_RGB.png","contentUrl":"https:\/\/www.fina.ch\/wp-content\/uploads\/2017\/10\/FINA_Logo_RGB.png","width":436,"height":631,"caption":"FINA Finanzplanung AG"},"image":{"@id":"https:\/\/www.fina.ch\/fr\/#\/schema\/logo\/image\/"}}]}},"_links":{"self":[{"href":"https:\/\/www.fina.ch\/fr\/wp-json\/wp\/v2\/pages\/5862","targetHints":{"allow":["GET"]}}],"collection":[{"href":"https:\/\/www.fina.ch\/fr\/wp-json\/wp\/v2\/pages"}],"about":[{"href":"https:\/\/www.fina.ch\/fr\/wp-json\/wp\/v2\/types\/page"}],"author":[{"embeddable":true,"href":"https:\/\/www.fina.ch\/fr\/wp-json\/wp\/v2\/users\/6"}],"replies":[{"embeddable":true,"href":"https:\/\/www.fina.ch\/fr\/wp-json\/wp\/v2\/comments?post=5862"}],"version-history":[{"count":0,"href":"https:\/\/www.fina.ch\/fr\/wp-json\/wp\/v2\/pages\/5862\/revisions"}],"wp:featuredmedia":[{"embeddable":true,"href":"https:\/\/www.fina.ch\/fr\/wp-json\/wp\/v2\/media\/5054"}],"wp:attachment":[{"href":"https:\/\/www.fina.ch\/fr\/wp-json\/wp\/v2\/media?parent=5862"}],"curies":[{"name":"wp","href":"https:\/\/api.w.org\/{rel}","templated":true}]}}