{"id":5871,"date":"2021-02-09T15:51:49","date_gmt":"2021-02-09T14:51:49","guid":{"rendered":"https:\/\/www.fina.ch\/modele-de-role-agile\/"},"modified":"2023-11-04T11:32:53","modified_gmt":"2023-11-04T10:32:53","slug":"modele-de-role-flexible","status":"publish","type":"page","link":"https:\/\/www.fina.ch\/fr\/modele-de-role-flexible\/","title":{"rendered":"Mod\u00e8le de r\u00f4le fl\u00e9xible"},"content":{"rendered":"<p>Avec un mod\u00e8le de r\u00f4le, les entreprises peuvent \u00eatre structur\u00e9es sans perdre leur agilit\u00e9. Par rapport aux entreprises g\u00e9r\u00e9es de mani\u00e8re hi\u00e9rarchique, il permet de r\u00e9agir aux changements avec beaucoup plus de souplesse. En outre, la responsabilit\u00e9 et le pouvoir sont r\u00e9partis parmi tous les employ\u00e9s.<\/p>\n<p>Th\u00e9oriquement, avec ce mod\u00e8le d&#8217;organisation, on peut imaginer des entreprises sans dirigeants ni cadres. Certaines entreprises op\u00e8rent d\u00e9j\u00e0 de cette mani\u00e8re avec succ\u00e8s sur le march\u00e9.<\/p>\n<p>Pour diverses raisons, FINA n&#8217;\u00e9limine pas les postes de direction, mais tente de tirer pleinement parti du mod\u00e8le de r\u00f4le fl\u00e9xible.<\/p>\n<h2>D\u00e9fis Mod\u00e8le de r\u00f4le<\/h2>\n<p>Chaque mod\u00e8le d&#8217;organisation pr\u00e9sente des avantages et des inconv\u00e9nients. Les trois d\u00e9fis suivants doivent \u00eatre ma\u00eetris\u00e9s afin de profiter de tous les avantages de cette structure :<\/p>\n<h3>1. l&#8217;orientation services &#8220;les uns pour les autres et ensemble&#8221;<\/h3>\n<p>Chaque r\u00f4le contribue \u00e0 la r\u00e9ussite globale de l&#8217;entreprise. Le fait d&#8217;avoir conscience que nous sommes tous interd\u00e9pendants et que nous fournissons des services \u00e0 la fois aux clients et, en interne, \u00e0 nous-m\u00eames est essentielle.<\/p>\n<p>Chaque r\u00f4le contribue \u00e0 la cr\u00e9ation de valeur. Aucun r\u00f4le n&#8217;est au-dessus d&#8217;un autre.<\/p>\n<h3>2.. D\u00e9cidez !<\/h3>\n<p>Chaque r\u00f4le comporte une part de responsabilit\u00e9. Cela signifie \u00e9galement que dans de nombreuses situations, vous devez d\u00e9cider par vous-m\u00eame.<\/p>\n<p>La plupart des personnes ont du mal \u00e0 prendre des d\u00e9cisions. Ils interrogent leurs coll\u00e8gues, leurs sup\u00e9rieurs ou organisent une longue r\u00e9union et un vote d\u00e9mocratique \u00e0 la fin. Mais ce faisant, ils d\u00e9l\u00e8guent beaucoup de travail sans en avoir conscience, car &#8220;prise de d\u00e9cision = travail&#8221;. La plupart des d\u00e9cisions devraient \u00eatre prises de mani\u00e8re ind\u00e9pendante et rapide, sans voler le temps des coll\u00e8gues.<\/p>\n<p>FINA est une entreprise d\u00e9mocratique. Mais cela ne signifie pas que tout le monde doit \u00eatre impliqu\u00e9 dans toutes les d\u00e9cisions ! Le mot d\u00e9mocratie vient du grec et signifie &#8220;r\u00e8gne du peuple&#8221;.<\/p>\n<p>Pour nous, cela signifie que le pouvoir de d\u00e9cision est r\u00e9parti entre tous par le biais des r\u00f4les, et que les postes sp\u00e9ciaux \u00e0 pouvoir d\u00e9cisionnel particuli\u00e8rement \u00e9lev\u00e9 (comme le conseil d&#8217;administration ou le comit\u00e9 des salaires) peuvent \u00eatre \u00e9lus par tous.<\/p>\n<h4>Les experts doivent d\u00e9cider !<\/h4>\n<p>Imaginez qu&#8217;au milieu de l&#8217;Atlantique, un des moteurs de l&#8217;avion tombe en panne et que le pilote laisse les passagers voter pour faire demi-tour, atterrir d&#8217;urgence au Groenland ou continuer \u00e0 voler jusqu&#8217;en Floride.<\/p>\n<p>Cet exemple illustre le fait qu&#8217;il est parfois pr\u00e9f\u00e9rable de laisser les experts d\u00e9cider par eux-m\u00eames.<\/p>\n<p>Une fois que vous assumez un r\u00f4le, vous \u00eates un expert et donc responsable de toutes les d\u00e9cisions prises dans ce r\u00f4le. Vous pouvez bien \u00e9videment toujours demander conseils \u00e0 d&#8217;autre personnes. N\u00e9anmoins, la d\u00e9cision finale vous appartient.<\/p>\n<h4>Aides \u00e0 la d\u00e9cision<\/h4>\n<p>Voici une liste non exhaustive des aides \u00e0 la d\u00e9cision, par ordre d&#8217;effort croissant :<\/p>\n<ul>\n<li><strong>D\u00e9cidez par vous-m\u00eame<\/strong> (ou d\u00e9cidez de ne PAS d\u00e9cider pour le moment).<\/li>\n<li><strong>Inclure un expert:<\/strong> Demandez \u00e0 un expert ou \u00e0 un professionnel, puis d\u00e9cidez vous-m\u00eame.<\/li>\n<li><strong>Prototype ou test<\/strong> : Faites un test, et ne d\u00e9cidez qu&#8217;apr\u00e8s.<\/li>\n<li><strong>D\u00e9cision consultative:<\/strong> Demander l&#8217;avis d&#8217;une ou deux personnes comp\u00e9tentes et d\u00e9cider ensuite.<\/li>\n<li><strong>D\u00e9cision consensuelle:<\/strong> D\u00e9crivez \u00e0 un groupe comment vous avez d\u00e9cid\u00e9. S&#8217;il n&#8217;y a pas d&#8217;objection justifi\u00e9e, la d\u00e9cision est prise. En cas d&#8217;objections justifi\u00e9es, modifiez la d\u00e9cision vous-m\u00eame jusqu&#8217;\u00e0 ce que lesdites objections aient moins de poids. IMPORTANT : Tout le monde n&#8217;est pas oblig\u00e9 d&#8217;\u00eatre d&#8217;accord !<\/li>\n<li><strong>D\u00e9cision d\u00e9mocratique:<\/strong>Convoquer une r\u00e9union, laisser chacun exprimer son opinion, demander \u00e0 chacun d&#8217;accepter la d\u00e9cision de la majorit\u00e9, puis voter.<\/li>\n<li><strong>D\u00e9cision consensuelle:<\/strong> Ne d\u00e9cidez que lorsque tout le monde est d&#8217;accord avec la solution.<\/li>\n<\/ul>\n<h4>D\u00e9cision = Pouvoir = Responsabilit\u00e9<\/h4>\n<p>Les personnes qui d\u00e9cident sont plus souvent critiqu\u00e9es.<\/p>\n<p>Dans les livres d&#8217;histoire, c&#8217;est le critiqu\u00e9, pas le critiqueur.<\/p>\n<p>\u00c9tant donn\u00e9 qu&#8217;avec notre mod\u00e8le, nous ne nous contentons pas de d\u00e9l\u00e9guer toutes les d\u00e9cisions vers le haut selon le principe de l&#8217;effet de chemin\u00e9e pour pouvoir ensuite critiquer les patrons, nous devons nous-m\u00eames apprendre \u00e0 vivre avec la critique.<\/p>\n<p>Personne ne remplirait vos r\u00f4les exactement de la m\u00eame mani\u00e8re, car chaque personne a des valeurs et des capacit\u00e9s diff\u00e9rentes. Il est donc important, pour notre d\u00e9veloppement et notre coop\u00e9ration, que nous nous donnions mutuellement de fr\u00e9quents feedbacks. Et que nous acceptons les feedbacks et y r\u00e9fl\u00e9chissons, mais que nous soyons toujours autoris\u00e9s \u00e0 prendre nos propres d\u00e9cisions par la suite.<\/p>\n<h3>3. perfectionnisme (chasser les souris au lieu des antilopes)<\/h3>\n<p>Les lions chassent rarement les souris, car la consommation de calories de cette chasse peut difficilement \u00eatre compens\u00e9e par la consommation de la souris. Jeff Bezos, par exemple, d\u00e9crit comment, trop souvent, les entreprises r\u00e9solvent parfaitement de petits &#8220;probl\u00e8mes&#8221; et n&#8217;ont plus d&#8217;\u00e9nergie pour les grands projets. Une entreprise qui a r\u00e9solu tous les petits probl\u00e8mes aura manqu\u00e9 de nombreuses grandes opportunit\u00e9s.<\/p>\n<p>De ce fait: &#8220;Laissez ces quelques souris faire leur travail pendant que nous chassons les antilopes. Apr\u00e8s cela, nous verrons ce que nous pouvons faire&#8221;.<\/p>\n<p>Il est certain que le bon \u00e9quilibre est crucial dans ce domaine. Comme il y a toujours plus d&#8217;opportunit\u00e9s (ou de probl\u00e8mes) que de temps dans les affaires, il est important de fixer les bonnes priorit\u00e9s. Il y aura probablement toujours des souris chez FINA. Et c&#8217;est un fait que les perfectionnistes doivent accepter.<\/p>\n<p>N\u00e9anmoins, nous consid\u00e9rons qu&#8217;il est utile de collecter les id\u00e9es d&#8217;am\u00e9lioration dans le canal KAIZEN et de mettre ensuite en \u0153uvre de nombreuses petites mesures de mani\u00e8re coh\u00e9rente environ deux fois par an.<\/p>\n<p>Avec FINA, nous voulons construire une perle sur le march\u00e9. Elle n&#8217;est pas forc\u00e9ment parfaite, aucun objet vivant ne peut y parvenir. Mais brillante, unique et exceptionnelle.<\/p>\n<h2>Allez \u00e0&#8230;<\/h2>\n<p><a href=\"https:\/\/www.fina.ch\/fuehrungsgrundsaetze-bei-fina\/\" class=\"button btn-tertiary\" target=\"\">Principes de gouvernance FINA<\/a> <a href=\"https:\/\/www.fina.ch\/rollenuebersicht\/\" class=\"button btn-tertiary\" target=\"\">Aper\u00e7u des r\u00f4les<\/a><\/p>\n","protected":false},"excerpt":{"rendered":"<p>Avec un mod\u00e8le de r\u00f4le, les entreprises peuvent \u00eatre structur\u00e9es sans perdre leur agilit\u00e9. Par rapport aux entreprises g\u00e9r\u00e9es de mani\u00e8re hi\u00e9rarchique, il permet de r\u00e9agir aux changements avec beaucoup plus de souplesse. En outre, la responsabilit\u00e9 et le pouvoir sont r\u00e9partis parmi tous les employ\u00e9s. Th\u00e9oriquement, avec ce mod\u00e8le d&#8217;organisation, on peut imaginer des [&hellip;]<\/p>\n","protected":false},"author":6,"featured_media":0,"parent":0,"menu_order":1,"comment_status":"closed","ping_status":"closed","template":"","meta":{"_acf_changed":false,"footnotes":""},"class_list":["post-5871","page","type-page","status-publish","hentry"],"acf":[],"yoast_head":"<!-- This site is optimized with the Yoast SEO Premium plugin v26.4 (Yoast SEO v26.4) - https:\/\/yoast.com\/wordpress\/plugins\/seo\/ -->\n<title>Mod\u00e8le de r\u00f4le fl\u00e9xible - FINA Planification financi\u00e8re SA<\/title>\n<meta name=\"description\" content=\"Avec un mod\u00e8le de r\u00f4les, les entreprises peuvent \u00eatre structur\u00e9es sans perdre leur agilit\u00e9. Il est possible de r\u00e9agir de mani\u00e8re plus flexible aux changements.\" \/>\n<meta name=\"robots\" content=\"index, follow, max-snippet:-1, max-image-preview:large, max-video-preview:-1\" \/>\n<link rel=\"canonical\" href=\"https:\/\/www.fina.ch\/fr\/modele-de-role-flexible\/\" \/>\n<meta property=\"og:locale\" content=\"fr_FR\" \/>\n<meta property=\"og:type\" content=\"article\" \/>\n<meta property=\"og:title\" content=\"Mod\u00e8le de r\u00f4le fl\u00e9xible\" \/>\n<meta property=\"og:description\" content=\"Avec un mod\u00e8le de r\u00f4les, les entreprises peuvent \u00eatre structur\u00e9es sans perdre leur agilit\u00e9. Il est possible de r\u00e9agir de mani\u00e8re plus flexible aux changements.\" \/>\n<meta property=\"og:url\" content=\"https:\/\/www.fina.ch\/fr\/modele-de-role-flexible\/\" \/>\n<meta property=\"og:site_name\" content=\"FINA Planification financi\u00e8re SA\" \/>\n<meta property=\"article:modified_time\" content=\"2023-11-04T10:32:53+00:00\" \/>\n<meta property=\"og:image\" content=\"https:\/\/www.fina.ch\/wp-content\/uploads\/2017\/10\/Steuern-optimieren-Web.jpg\" \/>\n\t<meta property=\"og:image:width\" content=\"1500\" \/>\n\t<meta property=\"og:image:height\" content=\"1001\" \/>\n\t<meta property=\"og:image:type\" content=\"image\/jpeg\" \/>\n<meta name=\"twitter:card\" content=\"summary_large_image\" \/>\n<meta name=\"twitter:label1\" content=\"Dur\u00e9e de lecture estim\u00e9e\" \/>\n\t<meta name=\"twitter:data1\" content=\"6 minutes\" \/>\n<!-- \/ Yoast SEO Premium plugin. -->","yoast_head_json":{"title":"Mod\u00e8le de r\u00f4le fl\u00e9xible - FINA Planification financi\u00e8re SA","description":"Avec un mod\u00e8le de r\u00f4les, les entreprises peuvent \u00eatre structur\u00e9es sans perdre leur agilit\u00e9. Il est possible de r\u00e9agir de mani\u00e8re plus flexible aux changements.","robots":{"index":"index","follow":"follow","max-snippet":"max-snippet:-1","max-image-preview":"max-image-preview:large","max-video-preview":"max-video-preview:-1"},"canonical":"https:\/\/www.fina.ch\/fr\/modele-de-role-flexible\/","og_locale":"fr_FR","og_type":"article","og_title":"Mod\u00e8le de r\u00f4le fl\u00e9xible","og_description":"Avec un mod\u00e8le de r\u00f4les, les entreprises peuvent \u00eatre structur\u00e9es sans perdre leur agilit\u00e9. Il est possible de r\u00e9agir de mani\u00e8re plus flexible aux changements.","og_url":"https:\/\/www.fina.ch\/fr\/modele-de-role-flexible\/","og_site_name":"FINA Planification financi\u00e8re SA","article_modified_time":"2023-11-04T10:32:53+00:00","og_image":[{"width":1500,"height":1001,"url":"https:\/\/www.fina.ch\/wp-content\/uploads\/2017\/10\/Steuern-optimieren-Web.jpg","type":"image\/jpeg"}],"twitter_card":"summary_large_image","twitter_misc":{"Dur\u00e9e de lecture estim\u00e9e":"6 minutes"},"schema":{"@context":"https:\/\/schema.org","@graph":[{"@type":"WebPage","@id":"https:\/\/www.fina.ch\/fr\/modele-de-role-flexible\/","url":"https:\/\/www.fina.ch\/fr\/modele-de-role-flexible\/","name":"Mod\u00e8le de r\u00f4le fl\u00e9xible - FINA Planification financi\u00e8re SA","isPartOf":{"@id":"https:\/\/www.fina.ch\/fr\/#website"},"datePublished":"2021-02-09T14:51:49+00:00","dateModified":"2023-11-04T10:32:53+00:00","description":"Avec un mod\u00e8le de r\u00f4les, les entreprises peuvent \u00eatre structur\u00e9es sans perdre leur agilit\u00e9. Il est possible de r\u00e9agir de mani\u00e8re plus flexible aux changements.","breadcrumb":{"@id":"https:\/\/www.fina.ch\/fr\/modele-de-role-flexible\/#breadcrumb"},"inLanguage":"fr-FR","potentialAction":[{"@type":"ReadAction","target":["https:\/\/www.fina.ch\/fr\/modele-de-role-flexible\/"]}]},{"@type":"BreadcrumbList","@id":"https:\/\/www.fina.ch\/fr\/modele-de-role-flexible\/#breadcrumb","itemListElement":[{"@type":"ListItem","position":1,"name":"Home","item":"https:\/\/www.fina.ch\/fr\/"},{"@type":"ListItem","position":2,"name":"Mod\u00e8le de r\u00f4le fl\u00e9xible"}]},{"@type":"WebSite","@id":"https:\/\/www.fina.ch\/fr\/#website","url":"https:\/\/www.fina.ch\/fr\/","name":"FINA Planification financi\u00e8re SA","description":"Personnel - Durable - Transparent\nEnsemble, planifions le futur","publisher":{"@id":"https:\/\/www.fina.ch\/fr\/#organization"},"potentialAction":[{"@type":"SearchAction","target":{"@type":"EntryPoint","urlTemplate":"https:\/\/www.fina.ch\/fr\/?s={search_term_string}"},"query-input":{"@type":"PropertyValueSpecification","valueRequired":true,"valueName":"search_term_string"}}],"inLanguage":"fr-FR"},{"@type":"Organization","@id":"https:\/\/www.fina.ch\/fr\/#organization","name":"FINA Finanzplanung AG","url":"https:\/\/www.fina.ch\/fr\/","logo":{"@type":"ImageObject","inLanguage":"fr-FR","@id":"https:\/\/www.fina.ch\/fr\/#\/schema\/logo\/image\/","url":"https:\/\/www.fina.ch\/wp-content\/uploads\/2017\/10\/FINA_Logo_RGB.png","contentUrl":"https:\/\/www.fina.ch\/wp-content\/uploads\/2017\/10\/FINA_Logo_RGB.png","width":436,"height":631,"caption":"FINA Finanzplanung AG"},"image":{"@id":"https:\/\/www.fina.ch\/fr\/#\/schema\/logo\/image\/"}}]}},"_links":{"self":[{"href":"https:\/\/www.fina.ch\/fr\/wp-json\/wp\/v2\/pages\/5871","targetHints":{"allow":["GET"]}}],"collection":[{"href":"https:\/\/www.fina.ch\/fr\/wp-json\/wp\/v2\/pages"}],"about":[{"href":"https:\/\/www.fina.ch\/fr\/wp-json\/wp\/v2\/types\/page"}],"author":[{"embeddable":true,"href":"https:\/\/www.fina.ch\/fr\/wp-json\/wp\/v2\/users\/6"}],"replies":[{"embeddable":true,"href":"https:\/\/www.fina.ch\/fr\/wp-json\/wp\/v2\/comments?post=5871"}],"version-history":[{"count":2,"href":"https:\/\/www.fina.ch\/fr\/wp-json\/wp\/v2\/pages\/5871\/revisions"}],"predecessor-version":[{"id":12253,"href":"https:\/\/www.fina.ch\/fr\/wp-json\/wp\/v2\/pages\/5871\/revisions\/12253"}],"wp:attachment":[{"href":"https:\/\/www.fina.ch\/fr\/wp-json\/wp\/v2\/media?parent=5871"}],"curies":[{"name":"wp","href":"https:\/\/api.w.org\/{rel}","templated":true}]}}