{"id":5873,"date":"2021-02-09T16:24:11","date_gmt":"2021-02-09T15:24:11","guid":{"rendered":"https:\/\/www.fina.ch\/principes-de-direction-de-fina\/"},"modified":"2023-11-04T11:04:39","modified_gmt":"2023-11-04T10:04:39","slug":"principes-de-direction-de-fina","status":"publish","type":"page","link":"https:\/\/www.fina.ch\/fr\/principes-de-direction-de-fina\/","title":{"rendered":"Principes de direction de FINA"},"content":{"rendered":"<p>La FINA s&#8217;organise \u00e0 l&#8217;aide d&#8217;un <a href=\"https:\/\/www.fina.ch\/fr\/modele-de-role-agile\/\">mod\u00e8le de r\u00f4le flexible<\/a>. De nombreux principes d&#8217;une &#8220;organisation autog\u00e9r\u00e9e&#8221; sont mis en \u0153uvre. C&#8217;est pourquoi nos hi\u00e9rarchies sont tr\u00e8s plates et, le pouvoir est distribu\u00e9 dans tous les r\u00f4les et \u00e0 chaque employ\u00e9. En cons\u00e9quence, le style de gestion est guid\u00e9 par des principes qui semblent \u00eatre les plus prometteurs dans l&#8217;environnement actuel et qui r\u00e9pondent le mieux aux valeurs de durabilit\u00e9 sociale de FINA.<\/p>\n<p>Trois r\u00f4les requi\u00e8rent des comp\u00e9tences particuli\u00e8rement d\u00e9velopp\u00e9es en mati\u00e8re de leadership :<\/p>\n<ol>\n<li>Branch Manager<\/li>\n<li>Business Developer<\/li>\n<li>La direction<\/li>\n<\/ol>\n<p>&nbsp;<\/p>\n<h3><strong>Tout le monde doit d\u00e9velopper ses comp\u00e9tences en mati\u00e8re de leadership<\/strong><\/h3>\n<p>Le leadership signifie : R\u00e9aliser une action commune cibl\u00e9e. Ainsi, le leadership a une certaine place dans chaque r\u00f4le.<\/p>\n<p>Fondamentalement, pratiquement chaque personne, quelle que soit sa position officielle, est un leader. Il est donc souhaitable que le plus grand nombre possible d&#8217;entre nous d\u00e9veloppe les comp\u00e9tences de leadership d\u00e9crites ci-dessous.<\/p>\n<p>&nbsp;<\/p>\n<h3><strong>Qu&#8217;est-ce qui fait d&#8217;une personne un leader ?<\/strong><\/h3>\n<p>Les gens soutiennent automatiquement et volontairement une autre personne si celle-ci \u00e9voque les &#8220;\u00e9tats&#8221; suivants ou promeut ces qualit\u00e9s au sein d&#8217;un groupe :<\/p>\n<p><img decoding=\"async\" src=\"https:\/\/www.fina.ch\/wp-content\/uploads\/2021\/03\/Graphique-E.Obeng_.jpg\" width=\"1280\" height=\"720\" loading=\"lazy\" alt=\"\" class=\"wp-image-6375 size-full alignnone\" srcset=\"https:\/\/www.fina.ch\/wp-content\/uploads\/2021\/03\/Graphique-E.Obeng_.jpg 1280w, https:\/\/www.fina.ch\/wp-content\/uploads\/2021\/03\/Graphique-E.Obeng_-300x169.jpg 300w, https:\/\/www.fina.ch\/wp-content\/uploads\/2021\/03\/Graphique-E.Obeng_-1024x576.jpg 1024w, https:\/\/www.fina.ch\/wp-content\/uploads\/2021\/03\/Graphique-E.Obeng_-768x432.jpg 768w, https:\/\/www.fina.ch\/wp-content\/uploads\/2021\/03\/Graphique-E.Obeng_-327x184.jpg 327w\" sizes=\"auto, (max-width: 1280px) 100vw, 1280px\" \/><\/p>\n<p style=\"text-align: center;\"><sub>(Source : E. Obeng)<\/sub><\/p>\n<p>Vous n&#8217;\u00eates donc pas un leader si le mot &#8220;patron&#8221; est \u00e9crit sur votre carte de visite, mais si vous d\u00e9clenchez r\u00e9guli\u00e8rement les &#8220;\u00e9tats&#8221; ci-dessus chez d&#8217;autres personnes.<\/p>\n<p>&nbsp;<\/p>\n<h3>Que signifie &#8220;leadership&#8221; ?<\/h3>\n<p>Le leadership n&#8217;est pas un statut fixe, mais un processus continu et donc un travail comme un autre, que vous faites r\u00e9guli\u00e8rement et dans lequel vous pouvez vous am\u00e9liorer constamment. Le leadership ne consiste pas \u00e0 \u00eatre au-dessus de quelqu&#8217;un d&#8217;autre, mais \u00e0 apporter une contribution sp\u00e9cifique et importante \u00e0 l&#8217;ensemble.<\/p>\n<p>Cette &#8220;contribution au leadership&#8221; peut \u00eatre d\u00e9crite \u00e0 l&#8217;aide de 6 pratiques qui peuvent \u00eatre mises en \u0153uvre par les directeurs de succursale, les business developper et les cadres sup\u00e9rieurs, mais \u00e9galement par tous les autres r\u00f4les. Voici une explication des pratiques de leadership.<\/p>\n<p>&nbsp;<\/p>\n<h2>Les 6 pratiques de leadership (6E)<\/h2>\n<p><sub>(Sources : John W. Gardner\/ B. Burchard)<\/sub><\/p>\n<p>&nbsp;<\/p>\n<h3>Envision<\/h3>\n<p>(Imaginez et visualisez le futur souhait\u00e9)<\/p>\n<p>Les bons dirigeants imaginent toujours comment le monde (ou une certaine situation\/sous-secteur) pourrait \u00eatre demain. Un monde auquel ils travaillent ensemble avec d&#8217;autres. Sans vision, les organisations p\u00e9rissent.<\/p>\n<p>&#8220;Envision&#8221; ne signifie pas cr\u00e9er une grande vision une fois pour toutes. La &#8220;vision&#8221; est une pratique r\u00e9guli\u00e8re qui consiste \u00e0 se concentrer sur la meilleur fa\u00e7ond&#8217;immaginer &#8220;demain&#8221;. Cela peut concerner une situation ou un probl\u00e8me sp\u00e9cifique, voire l&#8217;ensemble de l&#8217;organisation. En termes simples, cela signifie \u00e9galement &#8220;Garder le cap sur ses objectifs&#8221;.<\/p>\n<p>&nbsp;<\/p>\n<h3>Enlist<\/h3>\n<p>(Convaincre, pour cr\u00e9er un engagement)<\/p>\n<p>Convaincre d&#8217;autres personnes d&#8217;atteindre un objectif, une vision. Invitez-les \u00e0 exprimer leur opinion sur la direction que devrait prendre l&#8217;\u00e9quipe ou l&#8217;organisation. Parce que les gens soutiennent avant tout ce qu&#8217;ils contribuent eux-m\u00eames \u00e0 fa\u00e7onner. Lorsque des employ\u00e9s ou des coll\u00e8gues participent \u00e0 la cr\u00e9ation de l&#8217;avenir de la soci\u00e9t\u00e9, ils sont plus engag\u00e9s.<\/p>\n<p>&nbsp;<\/p>\n<h3>Embody<\/h3>\n<p>(Incarner, exprimer)<\/p>\n<p>Les dirigeants incarnent leur message. Ils repr\u00e9sentent quelque chose. C&#8217;est la congruence entre ce qu&#8217;ils disent et comment ils agissent. Les gens ne croient au message que s&#8217;ils font confiance au messager. La monnaie la plus importante d&#8217;un dirigeant est donc la confiance.<\/p>\n<p>&nbsp;<\/p>\n<h3>Empower<\/h3>\n<p>(Habiliter)<\/p>\n<p>Les dirigeants font confiance aux autres et leur donnent l&#8217;autonomie n\u00e9cessaire pour travailler de mani\u00e8re ind\u00e9pendante \u00e0 la r\u00e9alisation d&#8217;une vision commune. Ils fournissent \u00e0 leurs coll\u00e8gues toutes les informations et les comp\u00e9tences n\u00e9cessaires pour leur permettre de prendre des d\u00e9cisions en toute ind\u00e9pendance.<\/p>\n<p>&nbsp;<\/p>\n<h3>Evaluate<\/h3>\n<p>(Mesurer, \u00e9valuer, appr\u00e9cier)<\/p>\n<p>Les dirigeants \u00e9valuent r\u00e9guli\u00e8rement les comp\u00e9tences, les nouveaux besoins et le moral (\u00e9tat d&#8217;esprit) au sein de leurs \u00e9quipes.<br \/>\nIls posent des questions comme : Faisons-nous un excellent travail ? Avons-nous progress\u00e9 ? Si non, pourquoi ?<\/p>\n<p>Les dirigeants fournissent des feedbacks honn\u00eates, directs et opportuns. Les bons dirigeants sont attentifs et pr\u00e9sents.<\/p>\n<p>&nbsp;<\/p>\n<h3>Encourage<\/h3>\n<p>(Encourager)<\/p>\n<p>L&#8217;un des outils de leadership les plus puissants consiste \u00e0 attirer l&#8217;attention des autres. Principe : &#8220;Ce \u00e0 quoi je pr\u00eate attention grandit&#8221;. Voulons-nous que les progr\u00e8s ou les d\u00e9ficits s&#8217;accroissent ?<\/p>\n<p>Les bons dirigeants encouragent et inspirent donc r\u00e9guli\u00e8rement les autres. Ils &#8220;attrapent&#8221; leurs coll\u00e8gues dans des situations o\u00f9 ils font quelque chose de particuli\u00e8rement bien et leur accordent une reconnaissance honn\u00eate. Ils font d&#8217;abord l&#8217;\u00e9loge du progr\u00e8s plut\u00f4t que de la perfection.<\/p>\n<p>Ils sont \u00e9galement motiv\u00e9s par leur propre exemple et par leur passion pour la cause commune.<\/p>\n<p>Lorsque les choses se compliquent ou que l&#8217;\u00e9quipe est d\u00e9\u00e7ue &#8211; et cela arrive in\u00e9vitablement de temps en temps &#8211; un leader reste stable et encourage ses coll\u00e8gues \u00e0 continuer \u00e0 se battre pour la cause ou \u00e0 trouver de nouveaux objectifs r\u00e9alistes.<\/p>\n<p>&nbsp;<\/p>\n<h2>Cela pourrait \u00e9galement vous int\u00e9resser<\/h2>\n<figure id=\"attachment_4695\" aria-describedby=\"caption-attachment-4695\" class=\"wp-caption alignnone\"><a href=\"https:\/\/www.fina.ch\/fr\/modele-de-role-agile\/\"><img decoding=\"async\" alt=\"Mod\u00e8le de r\u00f4le agile, d\u00e9fis\" srcset=\"https:\/\/www.fina.ch\/wp-content\/uploads\/2020\/11\/Rollenmodell-Challenges-e1607542095355-200x0-c-default.webp 200w, https:\/\/www.fina.ch\/wp-content\/uploads\/2020\/11\/Rollenmodell-Challenges-e1607542095355-400x0-c-default.webp 400w, https:\/\/www.fina.ch\/wp-content\/uploads\/2020\/11\/Rollenmodell-Challenges-e1607542095355-600x0-c-default.webp 600w\" src=\"data:image\/gif;base64,R0lGODlhAQABAIAAAAAAAP\/\/\/yH5BAEAAAAALAAAAAABAAEAAAIBRAA7\" width=\"400\" height=\"133\" loading=\"lazy\" class=\"wp-image-4695 size-medium\"><\/a><figcaption id=\"caption-attachment-4695\" class=\"wp-caption-text\"><a href=\"https:\/\/www.fina.ch\/fr\/modele-de-role-agile\/\">Mod\u00e8le de r\u00f4le flexible, opportunit\u00e9s et d\u00e9fis<\/a><\/figcaption><\/figure>\n<p>&nbsp;<\/p>\n","protected":false},"excerpt":{"rendered":"<p>La FINA s&#8217;organise \u00e0 l&#8217;aide d&#8217;un mod\u00e8le de r\u00f4le flexible. De nombreux principes d&#8217;une &#8220;organisation autog\u00e9r\u00e9e&#8221; sont mis en \u0153uvre. C&#8217;est pourquoi nos hi\u00e9rarchies sont tr\u00e8s plates et, le pouvoir est distribu\u00e9 dans tous les r\u00f4les et \u00e0 chaque employ\u00e9. En cons\u00e9quence, le style de gestion est guid\u00e9 par des principes qui semblent \u00eatre les [&hellip;]<\/p>\n","protected":false},"author":6,"featured_media":0,"parent":0,"menu_order":8,"comment_status":"closed","ping_status":"closed","template":"template-list.php","meta":{"_acf_changed":false,"footnotes":""},"class_list":["post-5873","page","type-page","status-publish","hentry"],"acf":[],"yoast_head":"<!-- This site is optimized with the Yoast SEO Premium plugin v26.4 (Yoast SEO v26.4) - https:\/\/yoast.com\/wordpress\/plugins\/seo\/ -->\n<title>Principes de direction de FINA - FINA Planification financi\u00e8re SA<\/title>\n<meta name=\"description\" content=\"FINA s&#039;organise selon un mod\u00e8le de r\u00f4les agile. De nombreux principes d&#039;une &quot;organisation autog\u00e9r\u00e9e&quot; sont ainsi mis en \u0153uvre.\" \/>\n<meta name=\"robots\" content=\"index, follow, max-snippet:-1, max-image-preview:large, max-video-preview:-1\" \/>\n<link rel=\"canonical\" href=\"https:\/\/www.fina.ch\/fr\/principes-de-direction-de-fina\/\" \/>\n<meta property=\"og:locale\" content=\"fr_FR\" \/>\n<meta property=\"og:type\" content=\"article\" \/>\n<meta property=\"og:title\" content=\"Principes de direction de FINA\" \/>\n<meta property=\"og:description\" content=\"FINA s&#039;organise selon un mod\u00e8le de r\u00f4les agile. De nombreux principes d&#039;une &quot;organisation autog\u00e9r\u00e9e&quot; sont ainsi mis en \u0153uvre.\" \/>\n<meta property=\"og:url\" content=\"https:\/\/www.fina.ch\/fr\/principes-de-direction-de-fina\/\" \/>\n<meta property=\"og:site_name\" content=\"FINA Planification financi\u00e8re SA\" \/>\n<meta property=\"article:modified_time\" content=\"2023-11-04T10:04:39+00:00\" \/>\n<meta property=\"og:image\" content=\"https:\/\/www.fina.ch\/wp-content\/uploads\/2021\/03\/Graphique-E.Obeng_.jpg\" \/>\n<meta name=\"twitter:card\" content=\"summary_large_image\" \/>\n<meta name=\"twitter:label1\" content=\"Dur\u00e9e de lecture estim\u00e9e\" \/>\n\t<meta name=\"twitter:data1\" content=\"5 minutes\" \/>\n<!-- \/ Yoast SEO Premium plugin. -->","yoast_head_json":{"title":"Principes de direction de FINA - FINA Planification financi\u00e8re SA","description":"FINA s'organise selon un mod\u00e8le de r\u00f4les agile. De nombreux principes d'une \"organisation autog\u00e9r\u00e9e\" sont ainsi mis en \u0153uvre.","robots":{"index":"index","follow":"follow","max-snippet":"max-snippet:-1","max-image-preview":"max-image-preview:large","max-video-preview":"max-video-preview:-1"},"canonical":"https:\/\/www.fina.ch\/fr\/principes-de-direction-de-fina\/","og_locale":"fr_FR","og_type":"article","og_title":"Principes de direction de FINA","og_description":"FINA s'organise selon un mod\u00e8le de r\u00f4les agile. De nombreux principes d'une \"organisation autog\u00e9r\u00e9e\" sont ainsi mis en \u0153uvre.","og_url":"https:\/\/www.fina.ch\/fr\/principes-de-direction-de-fina\/","og_site_name":"FINA Planification financi\u00e8re SA","article_modified_time":"2023-11-04T10:04:39+00:00","og_image":[{"url":"https:\/\/www.fina.ch\/wp-content\/uploads\/2021\/03\/Graphique-E.Obeng_.jpg","type":"","width":"","height":""}],"twitter_card":"summary_large_image","twitter_misc":{"Dur\u00e9e de lecture estim\u00e9e":"5 minutes"},"schema":{"@context":"https:\/\/schema.org","@graph":[{"@type":"WebPage","@id":"https:\/\/www.fina.ch\/fr\/principes-de-direction-de-fina\/","url":"https:\/\/www.fina.ch\/fr\/principes-de-direction-de-fina\/","name":"Principes de direction de FINA - FINA Planification financi\u00e8re SA","isPartOf":{"@id":"https:\/\/www.fina.ch\/fr\/#website"},"primaryImageOfPage":{"@id":"https:\/\/www.fina.ch\/fr\/principes-de-direction-de-fina\/#primaryimage"},"image":{"@id":"https:\/\/www.fina.ch\/fr\/principes-de-direction-de-fina\/#primaryimage"},"thumbnailUrl":"https:\/\/www.fina.ch\/wp-content\/uploads\/2021\/03\/Graphique-E.Obeng_.jpg","datePublished":"2021-02-09T15:24:11+00:00","dateModified":"2023-11-04T10:04:39+00:00","description":"FINA s'organise selon un mod\u00e8le de r\u00f4les agile. De nombreux principes d'une \"organisation autog\u00e9r\u00e9e\" sont ainsi mis en \u0153uvre.","breadcrumb":{"@id":"https:\/\/www.fina.ch\/fr\/principes-de-direction-de-fina\/#breadcrumb"},"inLanguage":"fr-FR","potentialAction":[{"@type":"ReadAction","target":["https:\/\/www.fina.ch\/fr\/principes-de-direction-de-fina\/"]}]},{"@type":"ImageObject","inLanguage":"fr-FR","@id":"https:\/\/www.fina.ch\/fr\/principes-de-direction-de-fina\/#primaryimage","url":"https:\/\/www.fina.ch\/wp-content\/uploads\/2021\/03\/Graphique-E.Obeng_.jpg","contentUrl":"https:\/\/www.fina.ch\/wp-content\/uploads\/2021\/03\/Graphique-E.Obeng_.jpg"},{"@type":"BreadcrumbList","@id":"https:\/\/www.fina.ch\/fr\/principes-de-direction-de-fina\/#breadcrumb","itemListElement":[{"@type":"ListItem","position":1,"name":"Home","item":"https:\/\/www.fina.ch\/fr\/"},{"@type":"ListItem","position":2,"name":"Principes de direction de FINA"}]},{"@type":"WebSite","@id":"https:\/\/www.fina.ch\/fr\/#website","url":"https:\/\/www.fina.ch\/fr\/","name":"FINA Planification financi\u00e8re SA","description":"Personnel - Durable - Transparent\nEnsemble, planifions le futur","publisher":{"@id":"https:\/\/www.fina.ch\/fr\/#organization"},"potentialAction":[{"@type":"SearchAction","target":{"@type":"EntryPoint","urlTemplate":"https:\/\/www.fina.ch\/fr\/?s={search_term_string}"},"query-input":{"@type":"PropertyValueSpecification","valueRequired":true,"valueName":"search_term_string"}}],"inLanguage":"fr-FR"},{"@type":"Organization","@id":"https:\/\/www.fina.ch\/fr\/#organization","name":"FINA Finanzplanung AG","url":"https:\/\/www.fina.ch\/fr\/","logo":{"@type":"ImageObject","inLanguage":"fr-FR","@id":"https:\/\/www.fina.ch\/fr\/#\/schema\/logo\/image\/","url":"https:\/\/www.fina.ch\/wp-content\/uploads\/2017\/10\/FINA_Logo_RGB.png","contentUrl":"https:\/\/www.fina.ch\/wp-content\/uploads\/2017\/10\/FINA_Logo_RGB.png","width":436,"height":631,"caption":"FINA Finanzplanung AG"},"image":{"@id":"https:\/\/www.fina.ch\/fr\/#\/schema\/logo\/image\/"}}]}},"_links":{"self":[{"href":"https:\/\/www.fina.ch\/fr\/wp-json\/wp\/v2\/pages\/5873","targetHints":{"allow":["GET"]}}],"collection":[{"href":"https:\/\/www.fina.ch\/fr\/wp-json\/wp\/v2\/pages"}],"about":[{"href":"https:\/\/www.fina.ch\/fr\/wp-json\/wp\/v2\/types\/page"}],"author":[{"embeddable":true,"href":"https:\/\/www.fina.ch\/fr\/wp-json\/wp\/v2\/users\/6"}],"replies":[{"embeddable":true,"href":"https:\/\/www.fina.ch\/fr\/wp-json\/wp\/v2\/comments?post=5873"}],"version-history":[{"count":1,"href":"https:\/\/www.fina.ch\/fr\/wp-json\/wp\/v2\/pages\/5873\/revisions"}],"predecessor-version":[{"id":12237,"href":"https:\/\/www.fina.ch\/fr\/wp-json\/wp\/v2\/pages\/5873\/revisions\/12237"}],"wp:attachment":[{"href":"https:\/\/www.fina.ch\/fr\/wp-json\/wp\/v2\/media?parent=5873"}],"curies":[{"name":"wp","href":"https:\/\/api.w.org\/{rel}","templated":true}]}}