{"id":5877,"date":"2021-02-09T16:57:06","date_gmt":"2021-02-09T15:57:06","guid":{"rendered":"https:\/\/www.fina.ch\/emplois\/postes-a-pourvoir\/"},"modified":"2021-04-09T09:49:45","modified_gmt":"2021-04-09T07:49:45","slug":"postes-a-pourvoir","status":"publish","type":"page","link":"https:\/\/www.fina.ch\/fr\/emplois\/postes-a-pourvoir\/","title":{"rendered":"Postes \u00e0 pourvoir"},"content":{"rendered":"<h4>&#8220;Il y a pas d&#8217;exp\u00e9riences plus pr\u00e9cieuses que celle qui consiste \u00e0 aider \u00e0 la cr\u00e9ation d&#8217;une entreprise \u00e0 succ\u00e8s ! Elon Musk<\/h4>\n<div class=\"fina-petrol-bg\">\n<h3>Postes vacants :<\/h3>\n<p><a href=\"https:\/\/www.fina.ch\/wp-content\/uploads\/2017\/10\/Stelleninserat-Fina-Z%C3%BCrich.pdf\" class=\"button btn-tertiary\" target=\"_blank\">Zurich : Consultant h\/f \u00e0 partir de 80%.<\/a> <span class=\"button btn-tertiary\" data-download-id=\"4537\" data-download=\"4537\" data-download-name=\"Stelleninserat-Fina-Z\u00fcrich.pdf\" data-micromodal-trigger=\"bewerbung-modal\" aria-controls=\"bewerbung-modal\" aria-haspopup=\"true\">Postulez<\/span><\/p>\n<\/div>\n<p>Descriptions de poste :<\/p>\n<ul>\n<li><a href=\"https:\/\/www.fina.ch\/fr\/emplois\/postes-a-pourvoir\/consultant-junior\/\">Junior Consultant<\/a><\/li>\n<li><a href=\"https:\/\/www.fina.ch\/fr\/emplois\/postes-a-pourvoir\/branch-manager\/\">Branch Manager (Directeur d&#8217;agence)<\/a><\/li>\n<li><a href=\"https:\/\/www.fina.ch\/fr\/emplois\/postes-a-pourvoir\/consultant-senior\/\">Senior Consultant et Partner<\/a><\/li>\n<li><a href=\"https:\/\/www.fina.ch\/fr\/emplois\/postes-a-pourvoir\/associate\/\">Associate (Jeunes dipl\u00f4m\u00e9s)<\/a><\/li>\n<\/ul>\n<p>Si vous \u00eates int\u00e9ress\u00e9, veuillez nous envoyer votre CV et nous vous contacterons d\u00e8s que possible pour discuter d&#8217;une \u00e9ventuelle coop\u00e9ration. Nous nous r\u00e9jouissons de vous rencontrer!<\/p>\n<span class=\"button btn-tertiary\" data-download-id=\"\" data-download=\"\" data-download-name=\"\" data-micromodal-trigger=\"bewerbung-modal\" aria-controls=\"bewerbung-modal\" aria-haspopup=\"true\">En savoir plus ou postuler<\/span>\n<h2>Valeurs fondamentales et mission statements de FINA<\/h2>\n<p>Notre travail quotidien se fonde sur les valeurs suivantes :<\/p>\n","protected":false},"excerpt":{"rendered":"<p>&#8220;Il y a pas d&#8217;exp\u00e9riences plus pr\u00e9cieuses que celle qui consiste \u00e0 aider \u00e0 la cr\u00e9ation d&#8217;une entreprise \u00e0 succ\u00e8s ! Elon Musk Postes vacants : Descriptions de poste : Junior Consultant Branch Manager (Directeur d&#8217;agence) Senior Consultant et Partner Associate (Jeunes dipl\u00f4m\u00e9s) Si vous \u00eates int\u00e9ress\u00e9, veuillez nous envoyer votre CV et nous vous [&hellip;]<\/p>\n","protected":false},"author":6,"featured_media":0,"parent":5845,"menu_order":0,"comment_status":"closed","ping_status":"closed","template":"template-list.php","meta":{"_acf_changed":false,"footnotes":""},"class_list":["post-5877","page","type-page","status-publish","hentry"],"acf":[],"yoast_head":"<!-- This site is optimized with the Yoast SEO Premium plugin v26.4 (Yoast SEO v26.4) - https:\/\/yoast.com\/wordpress\/plugins\/seo\/ -->\n<title>Postes \u00e0 pourvoir - FINA Planification financi\u00e8re SA<\/title>\n<meta name=\"robots\" content=\"index, follow, max-snippet:-1, max-image-preview:large, max-video-preview:-1\" \/>\n<link rel=\"canonical\" href=\"https:\/\/www.fina.ch\/fr\/emplois\/postes-a-pourvoir\/\" \/>\n<meta property=\"og:locale\" content=\"fr_FR\" \/>\n<meta property=\"og:type\" content=\"article\" \/>\n<meta property=\"og:title\" content=\"Postes \u00e0 pourvoir\" \/>\n<meta property=\"og:description\" content=\"&#8220;Il y a pas d&#8217;exp\u00e9riences plus pr\u00e9cieuses que celle qui consiste \u00e0 aider \u00e0 la cr\u00e9ation d&#8217;une entreprise \u00e0 succ\u00e8s ! Elon Musk Postes vacants : Descriptions de poste : Junior Consultant Branch Manager (Directeur d&#8217;agence) Senior Consultant et Partner Associate (Jeunes dipl\u00f4m\u00e9s) Si vous \u00eates int\u00e9ress\u00e9, veuillez nous envoyer votre CV et nous vous [&hellip;]\" \/>\n<meta property=\"og:url\" content=\"https:\/\/www.fina.ch\/fr\/emplois\/postes-a-pourvoir\/\" \/>\n<meta property=\"og:site_name\" content=\"FINA Planification financi\u00e8re SA\" \/>\n<meta property=\"article:modified_time\" content=\"2021-04-09T07:49:45+00:00\" \/>\n<meta property=\"og:image\" content=\"https:\/\/www.fina.ch\/wp-content\/uploads\/2017\/10\/Steuern-optimieren-Web.jpg\" \/>\n\t<meta property=\"og:image:width\" content=\"1500\" \/>\n\t<meta property=\"og:image:height\" content=\"1001\" \/>\n\t<meta property=\"og:image:type\" content=\"image\/jpeg\" \/>\n<meta name=\"twitter:card\" content=\"summary_large_image\" \/>\n<meta name=\"twitter:label1\" content=\"Dur\u00e9e de lecture estim\u00e9e\" \/>\n\t<meta name=\"twitter:data1\" content=\"1 minute\" \/>\n<!-- \/ Yoast SEO Premium plugin. -->","yoast_head_json":{"title":"Postes \u00e0 pourvoir - FINA Planification financi\u00e8re SA","robots":{"index":"index","follow":"follow","max-snippet":"max-snippet:-1","max-image-preview":"max-image-preview:large","max-video-preview":"max-video-preview:-1"},"canonical":"https:\/\/www.fina.ch\/fr\/emplois\/postes-a-pourvoir\/","og_locale":"fr_FR","og_type":"article","og_title":"Postes \u00e0 pourvoir","og_description":"&#8220;Il y a pas d&#8217;exp\u00e9riences plus pr\u00e9cieuses que celle qui consiste \u00e0 aider \u00e0 la cr\u00e9ation d&#8217;une entreprise \u00e0 succ\u00e8s ! Elon Musk Postes vacants : Descriptions de poste : Junior Consultant Branch Manager (Directeur d&#8217;agence) Senior Consultant et Partner Associate (Jeunes dipl\u00f4m\u00e9s) Si vous \u00eates int\u00e9ress\u00e9, veuillez nous envoyer votre CV et nous vous [&hellip;]","og_url":"https:\/\/www.fina.ch\/fr\/emplois\/postes-a-pourvoir\/","og_site_name":"FINA Planification financi\u00e8re SA","article_modified_time":"2021-04-09T07:49:45+00:00","og_image":[{"width":1500,"height":1001,"url":"https:\/\/www.fina.ch\/wp-content\/uploads\/2017\/10\/Steuern-optimieren-Web.jpg","type":"image\/jpeg"}],"twitter_card":"summary_large_image","twitter_misc":{"Dur\u00e9e de lecture estim\u00e9e":"1 minute"},"schema":{"@context":"https:\/\/schema.org","@graph":[{"@type":"WebPage","@id":"https:\/\/www.fina.ch\/fr\/emplois\/postes-a-pourvoir\/","url":"https:\/\/www.fina.ch\/fr\/emplois\/postes-a-pourvoir\/","name":"Postes \u00e0 pourvoir - FINA Planification financi\u00e8re SA","isPartOf":{"@id":"https:\/\/www.fina.ch\/fr\/#website"},"datePublished":"2021-02-09T15:57:06+00:00","dateModified":"2021-04-09T07:49:45+00:00","breadcrumb":{"@id":"https:\/\/www.fina.ch\/fr\/emplois\/postes-a-pourvoir\/#breadcrumb"},"inLanguage":"fr-FR","potentialAction":[{"@type":"ReadAction","target":["https:\/\/www.fina.ch\/fr\/emplois\/postes-a-pourvoir\/"]}]},{"@type":"BreadcrumbList","@id":"https:\/\/www.fina.ch\/fr\/emplois\/postes-a-pourvoir\/#breadcrumb","itemListElement":[{"@type":"ListItem","position":1,"name":"Home","item":"https:\/\/www.fina.ch\/fr\/"},{"@type":"ListItem","position":2,"name":"Emplois","item":"https:\/\/www.fina.ch\/fr\/emplois\/"},{"@type":"ListItem","position":3,"name":"Postes \u00e0 pourvoir"}]},{"@type":"WebSite","@id":"https:\/\/www.fina.ch\/fr\/#website","url":"https:\/\/www.fina.ch\/fr\/","name":"FINA Planification financi\u00e8re SA","description":"Personnel - Durable - Transparent\nEnsemble, planifions le futur","publisher":{"@id":"https:\/\/www.fina.ch\/fr\/#organization"},"potentialAction":[{"@type":"SearchAction","target":{"@type":"EntryPoint","urlTemplate":"https:\/\/www.fina.ch\/fr\/?s={search_term_string}"},"query-input":{"@type":"PropertyValueSpecification","valueRequired":true,"valueName":"search_term_string"}}],"inLanguage":"fr-FR"},{"@type":"Organization","@id":"https:\/\/www.fina.ch\/fr\/#organization","name":"FINA Finanzplanung AG","url":"https:\/\/www.fina.ch\/fr\/","logo":{"@type":"ImageObject","inLanguage":"fr-FR","@id":"https:\/\/www.fina.ch\/fr\/#\/schema\/logo\/image\/","url":"https:\/\/www.fina.ch\/wp-content\/uploads\/2017\/10\/FINA_Logo_RGB.png","contentUrl":"https:\/\/www.fina.ch\/wp-content\/uploads\/2017\/10\/FINA_Logo_RGB.png","width":436,"height":631,"caption":"FINA Finanzplanung AG"},"image":{"@id":"https:\/\/www.fina.ch\/fr\/#\/schema\/logo\/image\/"}}]}},"_links":{"self":[{"href":"https:\/\/www.fina.ch\/fr\/wp-json\/wp\/v2\/pages\/5877","targetHints":{"allow":["GET"]}}],"collection":[{"href":"https:\/\/www.fina.ch\/fr\/wp-json\/wp\/v2\/pages"}],"about":[{"href":"https:\/\/www.fina.ch\/fr\/wp-json\/wp\/v2\/types\/page"}],"author":[{"embeddable":true,"href":"https:\/\/www.fina.ch\/fr\/wp-json\/wp\/v2\/users\/6"}],"replies":[{"embeddable":true,"href":"https:\/\/www.fina.ch\/fr\/wp-json\/wp\/v2\/comments?post=5877"}],"version-history":[{"count":0,"href":"https:\/\/www.fina.ch\/fr\/wp-json\/wp\/v2\/pages\/5877\/revisions"}],"up":[{"embeddable":true,"href":"https:\/\/www.fina.ch\/fr\/wp-json\/wp\/v2\/pages\/5845"}],"wp:attachment":[{"href":"https:\/\/www.fina.ch\/fr\/wp-json\/wp\/v2\/media?parent=5877"}],"curies":[{"name":"wp","href":"https:\/\/api.w.org\/{rel}","templated":true}]}}