{"id":5884,"date":"2021-02-09T17:14:48","date_gmt":"2021-02-09T16:14:48","guid":{"rendered":"https:\/\/www.fina.ch\/info-coronavirus-fina\/formulaire-de-chomage-partiel-et-pour-les-travailleurs-independants\/"},"modified":"2023-11-04T18:03:52","modified_gmt":"2023-11-04T17:03:52","slug":"formulaire-de-chomage-partiel-et-pour-les-travailleurs-independants","status":"publish","type":"page","link":"https:\/\/www.fina.ch\/fr\/info-coronavirus-fina\/formulaire-de-chomage-partiel-et-pour-les-travailleurs-independants\/","title":{"rendered":"Formulaire de ch\u00f4mage partiel et pour les travailleurs ind\u00e9pendants"},"content":{"rendered":"<p>Conform\u00e9ment \u00e0 la nouvelle r\u00e9glementation f\u00e9d\u00e9rale du 16.3.20, nous sommes autoris\u00e9s \u00e0 continuer \u00e0 vous aider avec nos services.<\/p>\n<p>Pour freiner la propagation du virus, nous avons mis en place les mesures suivantes :<\/p>\n<ul>\n<li>HOME-OFFICE : Toutes les activit\u00e9s purement administratives sont effectu\u00e9es en Home-Office.<\/li>\n<li>DISTANCES SOCIALES : Nous vous accueillons avec le sourire et nous gardons toujours 2m de distance. de distance.<\/li>\n<li>HYGI\u00c8NE : Le bureau est enti\u00e8rement d\u00e9sinfect\u00e9 chaque jour. Apr\u00e8s chaque rendez-vous, les tables, les chaises, le clavier et la souris sont d\u00e9sinfect\u00e9s.<\/li>\n<li>CONSULTATION VID\u00c9O : Pour les clients qui ne souhaitent pas nous rendre visite en personne, nous offrons la possibilit\u00e9 d&#8217;une consultation t\u00e9l\u00e9phonique ou vid\u00e9o. Les conseils fiscaux ou le remplissage des d\u00e9clarations d&#8217;imp\u00f4ts peuvent \u00eatre effectu\u00e9s en utilisant l'&#8221;\u00e9cran partag\u00e9&#8221;.<\/li>\n<\/ul>\n","protected":false},"excerpt":{"rendered":"<p>Conform\u00e9ment \u00e0 la nouvelle r\u00e9glementation f\u00e9d\u00e9rale du 16.3.20, nous sommes autoris\u00e9s \u00e0 continuer \u00e0 vous aider avec nos services. Pour freiner la propagation du virus, nous avons mis en place les mesures suivantes : HOME-OFFICE : Toutes les activit\u00e9s purement administratives sont effectu\u00e9es en Home-Office. DISTANCES SOCIALES : Nous vous accueillons avec le sourire et [&hellip;]<\/p>\n","protected":false},"author":6,"featured_media":0,"parent":6336,"menu_order":4,"comment_status":"closed","ping_status":"closed","template":"template-pagebuilder.php","meta":{"_acf_changed":false,"footnotes":""},"class_list":["post-5884","page","type-page","status-publish","hentry"],"acf":[],"yoast_head":"<!-- This site is optimized with the Yoast SEO Premium plugin v26.4 (Yoast SEO v26.4) - https:\/\/yoast.com\/wordpress\/plugins\/seo\/ -->\n<title>Formulaire de ch\u00f4mage partiel et pour les travailleurs ind\u00e9pendants - FINA Planification financi\u00e8re SA<\/title>\n<meta name=\"description\" content=\"Le soutien pendant la pand\u00e9mie pour les PME et les ind\u00e9pendants passe entre autres par le ch\u00f4mage partiel. Vous trouverez ici les formulaires d&#039;inscription.\" \/>\n<meta name=\"robots\" content=\"index, follow, max-snippet:-1, max-image-preview:large, max-video-preview:-1\" \/>\n<link rel=\"canonical\" href=\"https:\/\/www.fina.ch\/fr\/info-coronavirus-fina\/formulaire-de-chomage-partiel-et-pour-les-travailleurs-independants\/\" \/>\n<meta property=\"og:locale\" content=\"fr_FR\" \/>\n<meta property=\"og:type\" content=\"article\" \/>\n<meta property=\"og:title\" content=\"Formulaire de ch\u00f4mage partiel et pour les travailleurs ind\u00e9pendants\" \/>\n<meta property=\"og:description\" content=\"Le soutien pendant la pand\u00e9mie pour les PME et les ind\u00e9pendants passe entre autres par le ch\u00f4mage partiel. Vous trouverez ici les formulaires d&#039;inscription.\" \/>\n<meta property=\"og:url\" content=\"https:\/\/www.fina.ch\/fr\/info-coronavirus-fina\/formulaire-de-chomage-partiel-et-pour-les-travailleurs-independants\/\" \/>\n<meta property=\"og:site_name\" content=\"FINA Planification financi\u00e8re SA\" \/>\n<meta property=\"article:modified_time\" content=\"2023-11-04T17:03:52+00:00\" \/>\n<meta property=\"og:image\" content=\"https:\/\/www.fina.ch\/wp-content\/uploads\/2017\/10\/Steuern-optimieren-Web.jpg\" \/>\n\t<meta property=\"og:image:width\" content=\"1500\" \/>\n\t<meta property=\"og:image:height\" content=\"1001\" \/>\n\t<meta property=\"og:image:type\" content=\"image\/jpeg\" \/>\n<meta name=\"twitter:card\" content=\"summary_large_image\" \/>\n<meta name=\"twitter:label1\" content=\"Dur\u00e9e de lecture estim\u00e9e\" \/>\n\t<meta name=\"twitter:data1\" content=\"1 minute\" \/>\n<!-- \/ Yoast SEO Premium plugin. -->","yoast_head_json":{"title":"Formulaire de ch\u00f4mage partiel et pour les travailleurs ind\u00e9pendants - FINA Planification financi\u00e8re SA","description":"Le soutien pendant la pand\u00e9mie pour les PME et les ind\u00e9pendants passe entre autres par le ch\u00f4mage partiel. Vous trouverez ici les formulaires d'inscription.","robots":{"index":"index","follow":"follow","max-snippet":"max-snippet:-1","max-image-preview":"max-image-preview:large","max-video-preview":"max-video-preview:-1"},"canonical":"https:\/\/www.fina.ch\/fr\/info-coronavirus-fina\/formulaire-de-chomage-partiel-et-pour-les-travailleurs-independants\/","og_locale":"fr_FR","og_type":"article","og_title":"Formulaire de ch\u00f4mage partiel et pour les travailleurs ind\u00e9pendants","og_description":"Le soutien pendant la pand\u00e9mie pour les PME et les ind\u00e9pendants passe entre autres par le ch\u00f4mage partiel. Vous trouverez ici les formulaires d'inscription.","og_url":"https:\/\/www.fina.ch\/fr\/info-coronavirus-fina\/formulaire-de-chomage-partiel-et-pour-les-travailleurs-independants\/","og_site_name":"FINA Planification financi\u00e8re SA","article_modified_time":"2023-11-04T17:03:52+00:00","og_image":[{"width":1500,"height":1001,"url":"https:\/\/www.fina.ch\/wp-content\/uploads\/2017\/10\/Steuern-optimieren-Web.jpg","type":"image\/jpeg"}],"twitter_card":"summary_large_image","twitter_misc":{"Dur\u00e9e de lecture estim\u00e9e":"1 minute"},"schema":{"@context":"https:\/\/schema.org","@graph":[{"@type":"WebPage","@id":"https:\/\/www.fina.ch\/fr\/info-coronavirus-fina\/formulaire-de-chomage-partiel-et-pour-les-travailleurs-independants\/","url":"https:\/\/www.fina.ch\/fr\/info-coronavirus-fina\/formulaire-de-chomage-partiel-et-pour-les-travailleurs-independants\/","name":"Formulaire de ch\u00f4mage partiel et pour les travailleurs ind\u00e9pendants - FINA Planification financi\u00e8re SA","isPartOf":{"@id":"https:\/\/www.fina.ch\/fr\/#website"},"datePublished":"2021-02-09T16:14:48+00:00","dateModified":"2023-11-04T17:03:52+00:00","description":"Le soutien pendant la pand\u00e9mie pour les PME et les ind\u00e9pendants passe entre autres par le ch\u00f4mage partiel. Vous trouverez ici les formulaires d'inscription.","breadcrumb":{"@id":"https:\/\/www.fina.ch\/fr\/info-coronavirus-fina\/formulaire-de-chomage-partiel-et-pour-les-travailleurs-independants\/#breadcrumb"},"inLanguage":"fr-FR","potentialAction":[{"@type":"ReadAction","target":["https:\/\/www.fina.ch\/fr\/info-coronavirus-fina\/formulaire-de-chomage-partiel-et-pour-les-travailleurs-independants\/"]}]},{"@type":"BreadcrumbList","@id":"https:\/\/www.fina.ch\/fr\/info-coronavirus-fina\/formulaire-de-chomage-partiel-et-pour-les-travailleurs-independants\/#breadcrumb","itemListElement":[{"@type":"ListItem","position":1,"name":"Home","item":"https:\/\/www.fina.ch\/fr\/"},{"@type":"ListItem","position":2,"name":"Info Coronavirus FINA","item":"https:\/\/www.fina.ch\/fr\/info-coronavirus-fina\/"},{"@type":"ListItem","position":3,"name":"Formulaire de ch\u00f4mage partiel et pour les travailleurs ind\u00e9pendants"}]},{"@type":"WebSite","@id":"https:\/\/www.fina.ch\/fr\/#website","url":"https:\/\/www.fina.ch\/fr\/","name":"FINA Planification financi\u00e8re SA","description":"Personnel - Durable - Transparent\nEnsemble, planifions le futur","publisher":{"@id":"https:\/\/www.fina.ch\/fr\/#organization"},"potentialAction":[{"@type":"SearchAction","target":{"@type":"EntryPoint","urlTemplate":"https:\/\/www.fina.ch\/fr\/?s={search_term_string}"},"query-input":{"@type":"PropertyValueSpecification","valueRequired":true,"valueName":"search_term_string"}}],"inLanguage":"fr-FR"},{"@type":"Organization","@id":"https:\/\/www.fina.ch\/fr\/#organization","name":"FINA Finanzplanung AG","url":"https:\/\/www.fina.ch\/fr\/","logo":{"@type":"ImageObject","inLanguage":"fr-FR","@id":"https:\/\/www.fina.ch\/fr\/#\/schema\/logo\/image\/","url":"https:\/\/www.fina.ch\/wp-content\/uploads\/2017\/10\/FINA_Logo_RGB.png","contentUrl":"https:\/\/www.fina.ch\/wp-content\/uploads\/2017\/10\/FINA_Logo_RGB.png","width":436,"height":631,"caption":"FINA Finanzplanung AG"},"image":{"@id":"https:\/\/www.fina.ch\/fr\/#\/schema\/logo\/image\/"}}]}},"_links":{"self":[{"href":"https:\/\/www.fina.ch\/fr\/wp-json\/wp\/v2\/pages\/5884","targetHints":{"allow":["GET"]}}],"collection":[{"href":"https:\/\/www.fina.ch\/fr\/wp-json\/wp\/v2\/pages"}],"about":[{"href":"https:\/\/www.fina.ch\/fr\/wp-json\/wp\/v2\/types\/page"}],"author":[{"embeddable":true,"href":"https:\/\/www.fina.ch\/fr\/wp-json\/wp\/v2\/users\/6"}],"replies":[{"embeddable":true,"href":"https:\/\/www.fina.ch\/fr\/wp-json\/wp\/v2\/comments?post=5884"}],"version-history":[{"count":1,"href":"https:\/\/www.fina.ch\/fr\/wp-json\/wp\/v2\/pages\/5884\/revisions"}],"predecessor-version":[{"id":12260,"href":"https:\/\/www.fina.ch\/fr\/wp-json\/wp\/v2\/pages\/5884\/revisions\/12260"}],"up":[{"embeddable":true,"href":"https:\/\/www.fina.ch\/fr\/wp-json\/wp\/v2\/pages\/6336"}],"wp:attachment":[{"href":"https:\/\/www.fina.ch\/fr\/wp-json\/wp\/v2\/media?parent=5884"}],"curies":[{"name":"wp","href":"https:\/\/api.w.org\/{rel}","templated":true}]}}