{"id":5885,"date":"2021-02-09T17:17:33","date_gmt":"2021-02-09T16:17:33","guid":{"rendered":"https:\/\/www.fina.ch\/emplois\/postes-a-pourvoir\/associate\/"},"modified":"2021-06-18T15:49:26","modified_gmt":"2021-06-18T13:49:26","slug":"associate","status":"publish","type":"page","link":"https:\/\/www.fina.ch\/fr\/emplois\/postes-a-pourvoir\/associate\/","title":{"rendered":"Associate"},"content":{"rendered":"<h3>Objectif du poste d&#8217;Associate<\/h3>\n<ul>\n<li>En tant qu&#8217;Associate, vous apporterez votre soutien aux consultants principaux, aux directeurs de succursale et \u00e0 la direction et travaillerez dans le bureau. Vous contribuez \u00e0 donner une image positive de Fina Planification financi\u00e8re SA. Vous serez pr\u00e9par\u00e9 \u00e0 une carri\u00e8re de sp\u00e9cialiste ou de directeur.<\/li>\n<\/ul>\n<h3>Principales t\u00e2ches en tant qu&#8217;Associate<\/h3>\n<ul>\n<li>Contact t\u00e9l\u00e9phonique et \u00e9crit avec les clients<\/li>\n<li>Soutien administratif aux consultants principaux, aux directeurs de succursale et au conseil d&#8217;administration<\/li>\n<li>Soutien du personnel du bureau<\/li>\n<li>Suivi et coordination des rendez-vous<\/li>\n<li>Formation\/ perfectionnement conform\u00e9ment au plan de formation Fina Planification financi\u00e8re<\/li>\n<\/ul>\n<h3>Fonctions secondaires en tant qu&#8217;Associate<\/h3>\n<ul>\n<li>Collaboration dans le domaine du marketing<\/li>\n<li>D\u00e9veloppement de Fina Planification financi\u00e8re SA<\/li>\n<\/ul>\n<h3>Programme de d\u00e9veloppement<\/h3>\n<ul>\n<li>Vous serez \u00e9troitement encadr\u00e9 et b\u00e9n\u00e9ficierez d&#8217;un aper\u00e7u pratique approfondi<\/li>\n<li>Vous b\u00e9n\u00e9ficierez d&#8217;un coaching et d&#8217;un mentorat personnalis\u00e9s et serez pr\u00e9par\u00e9 \u00e0 une carri\u00e8re de sp\u00e9cialiste ou de directeur<\/li>\n<\/ul>\n<p>Informations compl\u00e9mentaires pour les dipl\u00f4m\u00e9s dans le cadre de la carri\u00e8re d&#8217;\u00e9tudiant<\/p>\n<p>&nbsp;<\/p>\n<span class=\"button btn-tertiary\" data-download-id=\"\" data-download=\"\" data-download-name=\"\" data-micromodal-trigger=\"candidature-modal\" aria-controls=\"candidature-modal\" aria-haspopup=\"true\">En savoir plus ou postuler<\/span>\n","protected":false},"excerpt":{"rendered":"<p>Objectif du poste d&#8217;Associate En tant qu&#8217;Associate, vous apporterez votre soutien aux consultants principaux, aux directeurs de succursale et \u00e0 la direction et travaillerez dans le bureau. Vous contribuez \u00e0 donner une image positive de Fina Planification financi\u00e8re SA. Vous serez pr\u00e9par\u00e9 \u00e0 une carri\u00e8re de sp\u00e9cialiste ou de directeur. Principales t\u00e2ches en tant qu&#8217;Associate [&hellip;]<\/p>\n","protected":false},"author":6,"featured_media":0,"parent":5877,"menu_order":1,"comment_status":"closed","ping_status":"closed","template":"","meta":{"_acf_changed":false,"footnotes":""},"class_list":["post-5885","page","type-page","status-publish","hentry"],"acf":[],"yoast_head":"<!-- This site is optimized with the Yoast SEO Premium plugin v26.4 (Yoast SEO v26.4) - https:\/\/yoast.com\/wordpress\/plugins\/seo\/ -->\n<title>Associate - FINA Planification financi\u00e8re SA<\/title>\n<meta name=\"robots\" content=\"index, follow, max-snippet:-1, max-image-preview:large, max-video-preview:-1\" \/>\n<link rel=\"canonical\" href=\"https:\/\/www.fina.ch\/fr\/emplois\/postes-a-pourvoir\/associate\/\" \/>\n<meta property=\"og:locale\" content=\"fr_FR\" \/>\n<meta property=\"og:type\" content=\"article\" \/>\n<meta property=\"og:title\" content=\"Associate\" \/>\n<meta property=\"og:description\" content=\"Objectif du poste d&#8217;Associate En tant qu&#8217;Associate, vous apporterez votre soutien aux consultants principaux, aux directeurs de succursale et \u00e0 la direction et travaillerez dans le bureau. Vous contribuez \u00e0 donner une image positive de Fina Planification financi\u00e8re SA. Vous serez pr\u00e9par\u00e9 \u00e0 une carri\u00e8re de sp\u00e9cialiste ou de directeur. Principales t\u00e2ches en tant qu&#8217;Associate [&hellip;]\" \/>\n<meta property=\"og:url\" content=\"https:\/\/www.fina.ch\/fr\/emplois\/postes-a-pourvoir\/associate\/\" \/>\n<meta property=\"og:site_name\" content=\"FINA Planification financi\u00e8re SA\" \/>\n<meta property=\"article:modified_time\" content=\"2021-06-18T13:49:26+00:00\" \/>\n<meta property=\"og:image\" content=\"https:\/\/www.fina.ch\/wp-content\/uploads\/2017\/10\/Steuern-optimieren-Web.jpg\" \/>\n\t<meta property=\"og:image:width\" content=\"1500\" \/>\n\t<meta property=\"og:image:height\" content=\"1001\" \/>\n\t<meta property=\"og:image:type\" content=\"image\/jpeg\" \/>\n<meta name=\"twitter:card\" content=\"summary_large_image\" \/>\n<meta name=\"twitter:label1\" content=\"Dur\u00e9e de lecture estim\u00e9e\" \/>\n\t<meta name=\"twitter:data1\" content=\"1 minute\" \/>\n<!-- \/ Yoast SEO Premium plugin. -->","yoast_head_json":{"title":"Associate - FINA Planification financi\u00e8re SA","robots":{"index":"index","follow":"follow","max-snippet":"max-snippet:-1","max-image-preview":"max-image-preview:large","max-video-preview":"max-video-preview:-1"},"canonical":"https:\/\/www.fina.ch\/fr\/emplois\/postes-a-pourvoir\/associate\/","og_locale":"fr_FR","og_type":"article","og_title":"Associate","og_description":"Objectif du poste d&#8217;Associate En tant qu&#8217;Associate, vous apporterez votre soutien aux consultants principaux, aux directeurs de succursale et \u00e0 la direction et travaillerez dans le bureau. Vous contribuez \u00e0 donner une image positive de Fina Planification financi\u00e8re SA. Vous serez pr\u00e9par\u00e9 \u00e0 une carri\u00e8re de sp\u00e9cialiste ou de directeur. Principales t\u00e2ches en tant qu&#8217;Associate [&hellip;]","og_url":"https:\/\/www.fina.ch\/fr\/emplois\/postes-a-pourvoir\/associate\/","og_site_name":"FINA Planification financi\u00e8re SA","article_modified_time":"2021-06-18T13:49:26+00:00","og_image":[{"width":1500,"height":1001,"url":"https:\/\/www.fina.ch\/wp-content\/uploads\/2017\/10\/Steuern-optimieren-Web.jpg","type":"image\/jpeg"}],"twitter_card":"summary_large_image","twitter_misc":{"Dur\u00e9e de lecture estim\u00e9e":"1 minute"},"schema":{"@context":"https:\/\/schema.org","@graph":[{"@type":"WebPage","@id":"https:\/\/www.fina.ch\/fr\/emplois\/postes-a-pourvoir\/associate\/","url":"https:\/\/www.fina.ch\/fr\/emplois\/postes-a-pourvoir\/associate\/","name":"Associate - FINA Planification financi\u00e8re SA","isPartOf":{"@id":"https:\/\/www.fina.ch\/fr\/#website"},"datePublished":"2021-02-09T16:17:33+00:00","dateModified":"2021-06-18T13:49:26+00:00","breadcrumb":{"@id":"https:\/\/www.fina.ch\/fr\/emplois\/postes-a-pourvoir\/associate\/#breadcrumb"},"inLanguage":"fr-FR","potentialAction":[{"@type":"ReadAction","target":["https:\/\/www.fina.ch\/fr\/emplois\/postes-a-pourvoir\/associate\/"]}]},{"@type":"BreadcrumbList","@id":"https:\/\/www.fina.ch\/fr\/emplois\/postes-a-pourvoir\/associate\/#breadcrumb","itemListElement":[{"@type":"ListItem","position":1,"name":"Home","item":"https:\/\/www.fina.ch\/fr\/"},{"@type":"ListItem","position":2,"name":"Emplois","item":"https:\/\/www.fina.ch\/fr\/emplois\/"},{"@type":"ListItem","position":3,"name":"Postes \u00e0 pourvoir","item":"https:\/\/www.fina.ch\/fr\/emplois\/postes-a-pourvoir\/"},{"@type":"ListItem","position":4,"name":"Associate"}]},{"@type":"WebSite","@id":"https:\/\/www.fina.ch\/fr\/#website","url":"https:\/\/www.fina.ch\/fr\/","name":"FINA Planification financi\u00e8re SA","description":"Personnel - Durable - Transparent\nEnsemble, planifions le futur","publisher":{"@id":"https:\/\/www.fina.ch\/fr\/#organization"},"potentialAction":[{"@type":"SearchAction","target":{"@type":"EntryPoint","urlTemplate":"https:\/\/www.fina.ch\/fr\/?s={search_term_string}"},"query-input":{"@type":"PropertyValueSpecification","valueRequired":true,"valueName":"search_term_string"}}],"inLanguage":"fr-FR"},{"@type":"Organization","@id":"https:\/\/www.fina.ch\/fr\/#organization","name":"FINA Finanzplanung AG","url":"https:\/\/www.fina.ch\/fr\/","logo":{"@type":"ImageObject","inLanguage":"fr-FR","@id":"https:\/\/www.fina.ch\/fr\/#\/schema\/logo\/image\/","url":"https:\/\/www.fina.ch\/wp-content\/uploads\/2017\/10\/FINA_Logo_RGB.png","contentUrl":"https:\/\/www.fina.ch\/wp-content\/uploads\/2017\/10\/FINA_Logo_RGB.png","width":436,"height":631,"caption":"FINA Finanzplanung AG"},"image":{"@id":"https:\/\/www.fina.ch\/fr\/#\/schema\/logo\/image\/"}}]}},"_links":{"self":[{"href":"https:\/\/www.fina.ch\/fr\/wp-json\/wp\/v2\/pages\/5885","targetHints":{"allow":["GET"]}}],"collection":[{"href":"https:\/\/www.fina.ch\/fr\/wp-json\/wp\/v2\/pages"}],"about":[{"href":"https:\/\/www.fina.ch\/fr\/wp-json\/wp\/v2\/types\/page"}],"author":[{"embeddable":true,"href":"https:\/\/www.fina.ch\/fr\/wp-json\/wp\/v2\/users\/6"}],"replies":[{"embeddable":true,"href":"https:\/\/www.fina.ch\/fr\/wp-json\/wp\/v2\/comments?post=5885"}],"version-history":[{"count":0,"href":"https:\/\/www.fina.ch\/fr\/wp-json\/wp\/v2\/pages\/5885\/revisions"}],"up":[{"embeddable":true,"href":"https:\/\/www.fina.ch\/fr\/wp-json\/wp\/v2\/pages\/5877"}],"wp:attachment":[{"href":"https:\/\/www.fina.ch\/fr\/wp-json\/wp\/v2\/media?parent=5885"}],"curies":[{"name":"wp","href":"https:\/\/api.w.org\/{rel}","templated":true}]}}