{"id":5897,"date":"2021-02-09T17:36:23","date_gmt":"2021-02-09T16:36:23","guid":{"rendered":"https:\/\/www.fina.ch\/emplois\/sommes-nous-devenus-des-esclaves-salaries\/"},"modified":"2024-03-20T13:23:41","modified_gmt":"2024-03-20T12:23:41","slug":"sommes-nous-devenus-des-esclaves-salaries","status":"publish","type":"page","link":"https:\/\/www.fina.ch\/fr\/emplois\/sommes-nous-devenus-des-esclaves-salaries\/","title":{"rendered":"Sommes-nous devenus des esclaves salari\u00e9s ?"},"content":{"rendered":"<h2>La double expropriation du travail entra\u00eene la perte d&#8217;identification<\/h2>\n<h2>Solution : R\u00e9associer le travail et la propri\u00e9t\u00e9 &#8211; FINA devient copropri\u00e9taire<\/h2>\n<h2><\/h2>\n<p>Avant l&#8217;industrialisation, le travail et la propri\u00e9t\u00e9 \u00e9taient coupl\u00e9s. Les exploitations familiales et les micro-exploitations \u00e9taient la norme.\u00a0 La quantit\u00e9 ainsi que la qualit\u00e9 du travail entra\u00eenaient des cons\u00e9quences tangibles imm\u00e9diates car le produit de son travail appartenait \u00e0 soi-m\u00eame. (<a href=\"https:\/\/www.fina.ch\/wp-content\/uploads\/2018\/10\/Sinnwirtschaft-FINA-Mitinhaber.png\">Figure 2 : Colonne 1<\/a>)<\/p>\n<p id=\"zur\u00fcck\">Au milieu du XIXe si\u00e8cle, la soci\u00e9t\u00e9 de travail s&#8217;est d\u00e9velopp\u00e9e, passant de nombreuses entreprises familiales ind\u00e9pendantes d&#8217;artisanat et d&#8217;agriculture \u00e0 une soci\u00e9t\u00e9 industrielle avec de nombreux travailleurs salari\u00e9s sans propri\u00e9t\u00e9. Ces salari\u00e9s travaillaient dans quelques grandes usines pour une poign\u00e9e de propri\u00e9taires d&#8217;usine. Une premi\u00e8re expropriation de la main-d&#8217;\u0153uvre a eu lieu. (<a href=\"https:\/\/www.fina.ch\/wp-content\/uploads\/2018\/10\/Sinnwirtschaft-FINA-Mitinhaber.png\">Figure 2 : Colonne 2 : D\u00e9but de l&#8217;industrialisation<\/a>)<\/p>\n<p>Abraham Lincoln, avait d\u00e9j\u00e0 relev\u00e9 cette \u00e9volution avec inqui\u00e9tude et craignait que malgr\u00e9 le fait que l&#8217;esclavage ait \u00e9t\u00e9 aboli, une nouvelle forme \u00e9mergeait &#8211; une forme d&#8217;esclaves salari\u00e9s sans propri\u00e9t\u00e9. Il esp\u00e9rait que les salari\u00e9s \u00e9conomiseraient une partie de leur salaire et cr\u00e9eraient ensuite leur propre entreprise. Mais l&#8217;histoire a pris un chemin diff\u00e9rent.<br \/>\n<a href=\"#nagler\">(Nagler, 2009)<\/a><\/p>\n<p id=\"zur\u00fcck2\">L&#8217;apparition de soci\u00e9t\u00e9s, en premier lieu de soci\u00e9t\u00e9s d&#8217;actions, a ensuite rendu possible une expropriation suppl\u00e9mentaire de la main-d&#8217;\u0153uvre. Les entreprises g\u00e9r\u00e9es par leurs propri\u00e9taires sont devenues des entreprises dirig\u00e9es par des cadres salari\u00e9s &#8211; \u00e9galement des travailleurs salari\u00e9s. La gestion et la propri\u00e9t\u00e9 des entreprises ont \u00e9galement \u00e9t\u00e9 d\u00e9coupl\u00e9es. (<a href=\"https:\/\/www.fina.ch\/wp-content\/uploads\/2018\/10\/Sinnwirtschaft-FINA-Mitinhaber.png\">Figure 2 : Colonne 3 : 20\/21. Century<\/a>)<\/p>\n<p>Cette double expropriation a entra\u00een\u00e9 une forte diminution du sens, qui \u00e0 son tour est susceptible d&#8217;avoir un impact sur la motivation intrins\u00e8que au travail.<\/p>\n<p>&nbsp;<\/p>\n<h3>Les motivations des personnes impliqu\u00e9es dans l&#8217;entreprise :<\/h3>\n<p><strong>Les actionnaires:<\/strong> sont avant tout int\u00e9ress\u00e9s par le rendement. La croissance des recettes et des b\u00e9n\u00e9fices est leur objectif premier. Le travail lui-m\u00eame n&#8217;a plus d&#8217;int\u00e9r\u00eat.<\/p>\n<p><strong>Les dirigeants:<\/strong> ne sont plus les propri\u00e9taires de l&#8217;entreprise, mais seulement des travailleurs salari\u00e9s qui se vendent aux entreprises de la mani\u00e8re la plus rentable possible. Un tiers de ces cadres ne restent par ailleurs pas plus de 3 ans dans la soci\u00e9t\u00e9. <a href=\"#Keese\">(Keese, Hauer, &amp; ; T\u00e4nzler, 2010)<\/a><\/p>\n<p><strong>Salari\u00e9s op\u00e9rationnels: <\/strong>Vendent leurs connaissances et leurs comp\u00e9tences \u00e0 une entreprise. Ils ne poss\u00e8dent ni une partie de l&#8217;entreprise ni le r\u00e9sultat de leur travail.<\/p>\n<p>&nbsp;<\/p>\n<h3>Solution chez nous &#8211; devenez copropri\u00e9taire de FINA<\/h3>\n<p>FINA Planification financi\u00e8re SA ne cherche pas de salari\u00e9s qui vendent leur temps \u00e0 l&#8217;entreprise, mais des co-entrepreneurs ou partenaires.<\/p>\n<ul>\n<li id=\"zur\u00fcck3\">Les salari\u00e9s les plus exp\u00e9riment\u00e9s participent \u00e0 l&#8217;entreprise sous la forme d&#8217;un actionnariat. Cela leur permettra de devenir partenaires et\u00a0<b>copropri\u00e9taires de FINA<\/b>.<\/li>\n<li>Une partie des b\u00e9n\u00e9fices de l&#8217;entreprise est distribu\u00e9e \u00e0 tous les employ\u00e9s et la marge b\u00e9n\u00e9ficiaire des actionnaires est plafonn\u00e9e. (cf. chapitre 2.3)<\/li>\n<li>Dans le sens de &#8220;l&#8217;Antifragilit\u00e9&#8221; de Nassim Taleb, nous cr\u00e9ons de petites unit\u00e9s op\u00e9rationnelles autonomes de 5 \u00e0 20 employ\u00e9s, au lieu de grandes structures centralisatrices et hi\u00e9rarchiques.<\/li>\n<\/ul>\n<p><img decoding=\"async\" src=\"https:\/\/www.fina.ch\/wp-content\/uploads\/2021\/03\/La-taxe-de-table-cloue-Armin.jpg\" width=\"1280\" height=\"720\" loading=\"lazy\" alt=\"\" class=\"alignnone wp-image-6384 size-full\" srcset=\"https:\/\/www.fina.ch\/wp-content\/uploads\/2021\/03\/La-taxe-de-table-cloue-Armin.jpg 1280w, https:\/\/www.fina.ch\/wp-content\/uploads\/2021\/03\/La-taxe-de-table-cloue-Armin-300x169.jpg 300w, https:\/\/www.fina.ch\/wp-content\/uploads\/2021\/03\/La-taxe-de-table-cloue-Armin-1024x576.jpg 1024w, https:\/\/www.fina.ch\/wp-content\/uploads\/2021\/03\/La-taxe-de-table-cloue-Armin-768x432.jpg 768w, https:\/\/www.fina.ch\/wp-content\/uploads\/2021\/03\/La-taxe-de-table-cloue-Armin-327x184.jpg 327w\" sizes=\"auto, (max-width: 1280px) 100vw, 1280px\" \/><\/p>\n<p><strong>Travailler en tant que copropri\u00e9taire dans sa propre entreprise accro\u00eet l&#8217;identification et le sens des responsabilit\u00e9s.<\/strong><\/p>\n<p>La soci\u00e9t\u00e9 John Lewis, en Angleterre, en est un exemple \u00e9minent et tr\u00e8s r\u00e9ussi. Les salari\u00e9s sont propri\u00e9taires de l&#8217;entreprise ! <a href=\"#lewis\">(Partenariat John Lewis, 2013)<\/a><\/p>\n<a href=\"https:\/\/www.fina.ch\/fr\/emplois\/briser-les-structures-de-pouvoir\/\" class=\"button btn-tertiary\" target=\"\">Lire la suite ... Les entreprises sont trop souvent des dictatures<\/a>\n<p>&nbsp;<\/p>\n<h3>Notes de la source :<\/h3>\n<p id=\"nagler\"><a href=\"#zur%C3%BCck\">\u2191<\/a> <small>Nagler, J. (2009). <a href=\"https:\/\/de.wikipedia.org\/wiki\/Abraham_Lincoln\" target=\"_blank\" rel=\"noopener noreferrer\">Abraham Lincoln<\/a> : Le grand pr\u00e9sident am\u00e9ricain ; une biographie. Allemagne : C.H.Beck.<\/small><\/p>\n<p id=\"Keese\"><a href=\"#zur%C3%BCck2\">\u2191<\/a><small> Keese, D., Hauer, A., &amp; ; T\u00e4nzler, J. (2010). Entreprise familiale. <a href=\"https:\/\/www.familienunternehmen.de\/de\/publikationen\" target=\"_blank\" rel=\"noopener noreferrer\">P\u00e9riode de r\u00e9tention PDG Entreprise familiale ou en flottant<\/a><\/small><\/p>\n<p id=\"lewis\"><a href=\"#zur%C3%BCck3\">\u2191<\/a> <small>Partenariat John Lewis. (2013). <a href=\"https:\/\/www.johnlewispartnership.co.uk\/about.html\" target=\"_blank\" rel=\"noopener noreferrer\">Partenariat John Lewis<\/a>. <\/small><\/p>\n","protected":false},"excerpt":{"rendered":"<p>La double expropriation du travail entra\u00eene la perte d&#8217;identification Solution : R\u00e9associer le travail et la propri\u00e9t\u00e9 &#8211; FINA devient copropri\u00e9taire Avant l&#8217;industrialisation, le travail et la propri\u00e9t\u00e9 \u00e9taient coupl\u00e9s. Les exploitations familiales et les micro-exploitations \u00e9taient la norme.\u00a0 La quantit\u00e9 ainsi que la qualit\u00e9 du travail entra\u00eenaient des cons\u00e9quences tangibles imm\u00e9diates car le produit [&hellip;]<\/p>\n","protected":false},"author":6,"featured_media":0,"parent":5845,"menu_order":2,"comment_status":"closed","ping_status":"closed","template":"template-list.php","meta":{"_acf_changed":false,"footnotes":""},"class_list":["post-5897","page","type-page","status-publish","hentry"],"acf":[],"yoast_head":"<!-- This site is optimized with the Yoast SEO Premium plugin v26.4 (Yoast SEO v26.4) - https:\/\/yoast.com\/wordpress\/plugins\/seo\/ -->\n<title>Sommes-nous devenus des esclaves salari\u00e9s ? - copropri\u00e9taire FINA Planification financi\u00e8re SA<\/title>\n<meta name=\"description\" content=\"Devenez copropri\u00e9taire de FINA. La double expropriation du travail entra\u00eene une perte d&#039;identification. Solution FINA : Recoupler le travail et la propri\u00e9t\u00e9\" \/>\n<meta name=\"robots\" content=\"index, follow, max-snippet:-1, max-image-preview:large, max-video-preview:-1\" \/>\n<link rel=\"canonical\" href=\"https:\/\/www.fina.ch\/fr\/emplois\/sommes-nous-devenus-des-esclaves-salaries\/\" \/>\n<meta property=\"og:locale\" content=\"fr_FR\" \/>\n<meta property=\"og:type\" content=\"article\" \/>\n<meta property=\"og:title\" content=\"Sommes-nous devenus des esclaves salari\u00e9s ?\" \/>\n<meta property=\"og:description\" content=\"Devenez copropri\u00e9taire de FINA. La double expropriation du travail entra\u00eene une perte d&#039;identification. Solution FINA : Recoupler le travail et la propri\u00e9t\u00e9\" \/>\n<meta property=\"og:url\" content=\"https:\/\/www.fina.ch\/fr\/emplois\/sommes-nous-devenus-des-esclaves-salaries\/\" \/>\n<meta property=\"og:site_name\" content=\"FINA Planification financi\u00e8re SA\" \/>\n<meta property=\"article:modified_time\" content=\"2024-03-20T12:23:41+00:00\" \/>\n<meta property=\"og:image\" content=\"https:\/\/www.fina.ch\/wp-content\/uploads\/2021\/03\/La-taxe-de-table-cloue-Armin.jpg\" \/>\n<meta name=\"twitter:card\" content=\"summary_large_image\" \/>\n<meta name=\"twitter:label1\" content=\"Dur\u00e9e de lecture estim\u00e9e\" \/>\n\t<meta name=\"twitter:data1\" content=\"6 minutes\" \/>\n<!-- \/ Yoast SEO Premium plugin. -->","yoast_head_json":{"title":"Sommes-nous devenus des esclaves salari\u00e9s ? - copropri\u00e9taire FINA Planification financi\u00e8re SA","description":"Devenez copropri\u00e9taire de FINA. La double expropriation du travail entra\u00eene une perte d'identification. Solution FINA : Recoupler le travail et la propri\u00e9t\u00e9","robots":{"index":"index","follow":"follow","max-snippet":"max-snippet:-1","max-image-preview":"max-image-preview:large","max-video-preview":"max-video-preview:-1"},"canonical":"https:\/\/www.fina.ch\/fr\/emplois\/sommes-nous-devenus-des-esclaves-salaries\/","og_locale":"fr_FR","og_type":"article","og_title":"Sommes-nous devenus des esclaves salari\u00e9s ?","og_description":"Devenez copropri\u00e9taire de FINA. La double expropriation du travail entra\u00eene une perte d'identification. Solution FINA : Recoupler le travail et la propri\u00e9t\u00e9","og_url":"https:\/\/www.fina.ch\/fr\/emplois\/sommes-nous-devenus-des-esclaves-salaries\/","og_site_name":"FINA Planification financi\u00e8re SA","article_modified_time":"2024-03-20T12:23:41+00:00","og_image":[{"url":"https:\/\/www.fina.ch\/wp-content\/uploads\/2021\/03\/La-taxe-de-table-cloue-Armin.jpg","type":"","width":"","height":""}],"twitter_card":"summary_large_image","twitter_misc":{"Dur\u00e9e de lecture estim\u00e9e":"6 minutes"},"schema":{"@context":"https:\/\/schema.org","@graph":[{"@type":"WebPage","@id":"https:\/\/www.fina.ch\/fr\/emplois\/sommes-nous-devenus-des-esclaves-salaries\/","url":"https:\/\/www.fina.ch\/fr\/emplois\/sommes-nous-devenus-des-esclaves-salaries\/","name":"Sommes-nous devenus des esclaves salari\u00e9s ? - copropri\u00e9taire FINA Planification financi\u00e8re SA","isPartOf":{"@id":"https:\/\/www.fina.ch\/fr\/#website"},"primaryImageOfPage":{"@id":"https:\/\/www.fina.ch\/fr\/emplois\/sommes-nous-devenus-des-esclaves-salaries\/#primaryimage"},"image":{"@id":"https:\/\/www.fina.ch\/fr\/emplois\/sommes-nous-devenus-des-esclaves-salaries\/#primaryimage"},"thumbnailUrl":"https:\/\/www.fina.ch\/wp-content\/uploads\/2021\/03\/La-taxe-de-table-cloue-Armin.jpg","datePublished":"2021-02-09T16:36:23+00:00","dateModified":"2024-03-20T12:23:41+00:00","description":"Devenez copropri\u00e9taire de FINA. La double expropriation du travail entra\u00eene une perte d'identification. Solution FINA : Recoupler le travail et la propri\u00e9t\u00e9","breadcrumb":{"@id":"https:\/\/www.fina.ch\/fr\/emplois\/sommes-nous-devenus-des-esclaves-salaries\/#breadcrumb"},"inLanguage":"fr-FR","potentialAction":[{"@type":"ReadAction","target":["https:\/\/www.fina.ch\/fr\/emplois\/sommes-nous-devenus-des-esclaves-salaries\/"]}]},{"@type":"ImageObject","inLanguage":"fr-FR","@id":"https:\/\/www.fina.ch\/fr\/emplois\/sommes-nous-devenus-des-esclaves-salaries\/#primaryimage","url":"https:\/\/www.fina.ch\/wp-content\/uploads\/2021\/03\/La-taxe-de-table-cloue-Armin.jpg","contentUrl":"https:\/\/www.fina.ch\/wp-content\/uploads\/2021\/03\/La-taxe-de-table-cloue-Armin.jpg"},{"@type":"BreadcrumbList","@id":"https:\/\/www.fina.ch\/fr\/emplois\/sommes-nous-devenus-des-esclaves-salaries\/#breadcrumb","itemListElement":[{"@type":"ListItem","position":1,"name":"Home","item":"https:\/\/www.fina.ch\/fr\/"},{"@type":"ListItem","position":2,"name":"Emplois","item":"https:\/\/www.fina.ch\/fr\/emplois\/"},{"@type":"ListItem","position":3,"name":"Sommes-nous devenus des esclaves salari\u00e9s ?"}]},{"@type":"WebSite","@id":"https:\/\/www.fina.ch\/fr\/#website","url":"https:\/\/www.fina.ch\/fr\/","name":"FINA Planification financi\u00e8re SA","description":"Personnel - Durable - Transparent\nEnsemble, planifions le futur","publisher":{"@id":"https:\/\/www.fina.ch\/fr\/#organization"},"potentialAction":[{"@type":"SearchAction","target":{"@type":"EntryPoint","urlTemplate":"https:\/\/www.fina.ch\/fr\/?s={search_term_string}"},"query-input":{"@type":"PropertyValueSpecification","valueRequired":true,"valueName":"search_term_string"}}],"inLanguage":"fr-FR"},{"@type":"Organization","@id":"https:\/\/www.fina.ch\/fr\/#organization","name":"FINA Finanzplanung AG","url":"https:\/\/www.fina.ch\/fr\/","logo":{"@type":"ImageObject","inLanguage":"fr-FR","@id":"https:\/\/www.fina.ch\/fr\/#\/schema\/logo\/image\/","url":"https:\/\/www.fina.ch\/wp-content\/uploads\/2017\/10\/FINA_Logo_RGB.png","contentUrl":"https:\/\/www.fina.ch\/wp-content\/uploads\/2017\/10\/FINA_Logo_RGB.png","width":436,"height":631,"caption":"FINA Finanzplanung AG"},"image":{"@id":"https:\/\/www.fina.ch\/fr\/#\/schema\/logo\/image\/"}}]}},"_links":{"self":[{"href":"https:\/\/www.fina.ch\/fr\/wp-json\/wp\/v2\/pages\/5897","targetHints":{"allow":["GET"]}}],"collection":[{"href":"https:\/\/www.fina.ch\/fr\/wp-json\/wp\/v2\/pages"}],"about":[{"href":"https:\/\/www.fina.ch\/fr\/wp-json\/wp\/v2\/types\/page"}],"author":[{"embeddable":true,"href":"https:\/\/www.fina.ch\/fr\/wp-json\/wp\/v2\/users\/6"}],"replies":[{"embeddable":true,"href":"https:\/\/www.fina.ch\/fr\/wp-json\/wp\/v2\/comments?post=5897"}],"version-history":[{"count":3,"href":"https:\/\/www.fina.ch\/fr\/wp-json\/wp\/v2\/pages\/5897\/revisions"}],"predecessor-version":[{"id":12608,"href":"https:\/\/www.fina.ch\/fr\/wp-json\/wp\/v2\/pages\/5897\/revisions\/12608"}],"up":[{"embeddable":true,"href":"https:\/\/www.fina.ch\/fr\/wp-json\/wp\/v2\/pages\/5845"}],"wp:attachment":[{"href":"https:\/\/www.fina.ch\/fr\/wp-json\/wp\/v2\/media?parent=5897"}],"curies":[{"name":"wp","href":"https:\/\/api.w.org\/{rel}","templated":true}]}}