{"id":5898,"date":"2021-02-10T11:41:12","date_gmt":"2021-02-10T10:41:12","guid":{"rendered":"https:\/\/www.fina.ch\/emplois\/briser-les-structures-de-pouvoir\/"},"modified":"2023-03-20T14:52:57","modified_gmt":"2023-03-20T13:52:57","slug":"briser-les-structures-de-pouvoir","status":"publish","type":"page","link":"https:\/\/www.fina.ch\/fr\/emplois\/briser-les-structures-de-pouvoir\/","title":{"rendered":"Briser les structures de pouvoir"},"content":{"rendered":"<h2 style=\"text-align: center;\"><\/h2>\n<h2>Les entreprises sont souvent organis\u00e9es de la m\u00eame mani\u00e8re que les dictatures<\/h2>\n<h2>Approche de la solution : d\u00e9mant\u00e8lement des structures de pouvoir, distribution du pouvoir &#8211; entreprise d\u00e9mocratique<\/h2>\n<p>&#8221; Que cherchaient-ils \u00e0 faire, l\u00e0-haut, en prenant cette d\u00e9cision d\u00e9sastreuse ? \u00bb<br \/>\nDe telles d\u00e9clarations sont courantes dans les caf\u00e9t\u00e9rias des grandes entreprises. Dans la plupart des entreprises, le pouvoir est concentr\u00e9 au sommet. Le conseil d&#8217;administration d\u00e9termine g\u00e9n\u00e9ralement qui acc\u00e8de au pouvoir (PDG, directeur financier &#8230;). Et ces derniers d\u00e9terminent \u00e0 leur tour les cadres sup\u00e9rieurs. La strat\u00e9gie de l&#8217;entreprise est g\u00e9n\u00e9ralement fix\u00e9e au sommet sans faire intervenir les employ\u00e9s concern\u00e9s. Les employ\u00e9s n&#8217;ont que peu ou pas de possibilit\u00e9s d&#8217;influencer qui les dirige et quelle direction leur entreprise doit prendre. La d\u00e9mocratisation de l&#8217;entreprise, telle que nous l&#8217;avons v\u00e9cue dans l&#8217;\u00c9tat et dans la politique, n&#8217;a pas (encore) eu lieu dans la plupart des entreprises.<\/p>\n<p>Le fait que les entreprises soient g\u00e9n\u00e9ralement organis\u00e9es de mani\u00e8re fortement hi\u00e9rarchique remonte, entre autres, \u00e0 &#8220;l&#8217;invention&#8221; de la gestion scientifique par Frederick Taylor (1856-1915). &#8220;Penser et agir doivent \u00eatre s\u00e9par\u00e9s.&#8221; Les managers pensent, les employ\u00e9s agissent. Ou encore: &#8220;une forte sp\u00e9cialisation apporte des gains d&#8217;efficacit\u00e9.&#8221;<\/p>\n<p>Il n&#8217;y a rien de fondamentalement mauvais dans le &#8220;syst\u00e8me&#8221; de Taylor, car il a fonctionn\u00e9 pendant de nombreuses ann\u00e9es et nous a tous aid\u00e9s \u00e0 prosp\u00e9rer.<\/p>\n<p id=\"back\">M\u00eame aujourd&#8217;hui, une soci\u00e9t\u00e9 hi\u00e9rarchique peut fonctionner \u00e0 merveille. <strong>Mais seulement dans un environnement o\u00f9 le march\u00e9 est stable et toujours au prix d&#8217;emplois plus monotones. <\/strong><a href=\"#vieweg\">(Vieweg, 2015)<\/a><\/p>\n<p>&nbsp;<\/p>\n<h3>Les structures hi\u00e9rarchiques sont trop lentes et rigides dans un monde en constante \u00e9volution&#8230;<\/h3>\n<p>Les march\u00e9s stables sont devenus rares au sein d&#8217;une soci\u00e9t\u00e9 mondialis\u00e9e o\u00f9 les processus sont de plus en plus num\u00e9ris\u00e9s ! Dans un monde en constante \u00e9volution, les structures hi\u00e9rarchiques sont trop lentes, trop rigides et font trop peu appel \u00e0 l&#8217;intelligence et aux connaissances des employ\u00e9s pour pouvoir s&#8217;adapter constamment \u00e0 de nouvelles circonstances. Les syst\u00e8mes hi\u00e9rarchiques impliquent une planification et un contr\u00f4le sur le long terme. Malheureusement, les syst\u00e8mes de planification et de contr\u00f4le \u00e0 long terme deviennent de plus en plus difficiles et absurdes dans un monde instable et complexe.<\/p>\n<p>\u00c0 cela s&#8217;ajoute l&#8217;\u00e9volution des besoins de la g\u00e9n\u00e9ration Y (les &#8220;millenials&#8221; n\u00e9s environ entre 1980 et 1995). Aujourd&#8217;hui, la plupart d&#8217;entre eux ne veulent pas seulement un emploi bien r\u00e9mun\u00e9r\u00e9 avec des possibilit\u00e9s de carri\u00e8re, mais ils veulent aussi s&#8217;amuser, avoir la possibilit\u00e9 de s&#8217;\u00e9panouir davantage et de voir que leur travail \u00e0 du sens. Dans les syst\u00e8mes fortement hi\u00e9rarchis\u00e9s, cependant, seules quelques personnes ont la possibilit\u00e9 de vivre leur profession comme une v\u00e9ritable vocation. Certains dirigeants &#8220;r\u00e9ussissent&#8221; \u00e0 internaliser les objectifs de l&#8217;entreprise au point de les percevoir rapidement comme des objectifs de vie. Les entreprises aux structures tr\u00e8s hi\u00e9rarchiques atteignent donc de plus en plus souvent leurs limites pour diverses raisons.<\/p>\n<p>&nbsp;<\/p>\n<h3>L&#8217;objectif de FINA n&#8217;est pas d&#8217;\u00eatre une &#8220;dictature&#8221; mais une entreprise d\u00e9mocratique<\/h3>\n<ul>\n<li>La direction est \u00e9lue d\u00e9mocratiquement chaque ann\u00e9e<\/li>\n<li>Mod\u00e8le de r\u00f4les flexibles plut\u00f4t que hi\u00e9rarchie : chaque collaborateur peut endosser un r\u00f4le qui a des responsabilit\u00e9s et des pouvoirs de d\u00e9cision. Cela permet de r\u00e9partir le pouvoir dans l&#8217;entreprise entre tous les employ\u00e9s.<\/li>\n<li>Les dirigeants sont toujours aussi des partenaires qui poss\u00e8dent une partie de l&#8217;entreprise<\/li>\n<li>Transparence : Tous les employ\u00e9s sont autoris\u00e9s \u00e0 participer aux r\u00e9unions de la direction, quels que soient le domaine et le niveau.<\/li>\n<li>Participation : Les salari\u00e9s participent d\u00e9mocratiquement aux grandes d\u00e9cisions<\/li>\n<\/ul>\n<p id=\"back2\">M\u00eame si la d\u00e9mocratie est assez souvent critiqu\u00e9e, dans le cas des \u00c9tats, il est \u00e9vident que c&#8217;est le syst\u00e8me de r\u00e8gles le plus abouti de l&#8217;histoire jusqu&#8217;\u00e0 pr\u00e9sent. D&#8217;une part, en ce qui concerne la r\u00e9ussite \u00e9conomique, d&#8217;autre part une des plus importantes \u00e9tudes sur le bonheur le prouve \u00e9galement : la d\u00e9mocratie rend les gens heureux ! <a href=\"#stutzer\">(Stutzer &amp; ; Frey, 2001).<\/a><\/p>\n<a href=\"https:\/\/www.fina.ch\/fr\/emplois\/une-politique-salariale-equitable-et-la-fin-du-tir-a-la-corde\/\" class=\"button btn-tertiary\" target=\"\">Continuer \u00e0 la partie 3...Mettre fin \u00e0 l'escroquerie des salaires<\/a>\n<p>&nbsp;<\/p>\n<h4>Notes de la source :<\/h4>\n<p id=\"vieweg\"><a href=\"#back\">\u2191<\/a><small> Vieweg, W. (2015). Management dans la complexit\u00e9 et l&#8217;incertitude. Allemagne : Springer. <a href=\"https:\/\/www.springer.com\/de\/book\/9783658082499\" target=\"_blank\" rel=\"noopener noreferrer\">Plus&#8230;<\/a><\/small><\/p>\n<p id=\"stutzer\"><a href=\"#back2\">\u2191<\/a><small> Stutzer, A., &amp; ; Frey, B. S. (25 d\u00e9cembre 2001). Happiness, Economy and Institutions. The Economic Journal, pp. 918-938<\/small><\/p>\n","protected":false},"excerpt":{"rendered":"<p>Les entreprises sont souvent organis\u00e9es de la m\u00eame mani\u00e8re que les dictatures Approche de la solution : d\u00e9mant\u00e8lement des structures de pouvoir, distribution du pouvoir &#8211; entreprise d\u00e9mocratique &#8221; Que cherchaient-ils \u00e0 faire, l\u00e0-haut, en prenant cette d\u00e9cision d\u00e9sastreuse ? \u00bb De telles d\u00e9clarations sont courantes dans les caf\u00e9t\u00e9rias des grandes entreprises. Dans la plupart [&hellip;]<\/p>\n","protected":false},"author":6,"featured_media":0,"parent":5845,"menu_order":3,"comment_status":"closed","ping_status":"closed","template":"template-list.php","meta":{"_acf_changed":false,"footnotes":""},"class_list":["post-5898","page","type-page","status-publish","hentry"],"acf":[],"yoast_head":"<!-- This site is optimized with the Yoast SEO Premium plugin v26.4 (Yoast SEO v26.4) - https:\/\/yoast.com\/wordpress\/plugins\/seo\/ -->\n<title>Partager le pouvoir - entreprise d\u00e9mocratique - FINA Planification financi\u00e8re SA<\/title>\n<meta name=\"description\" content=\"Les entreprises sont souvent organis\u00e9es comme des dictatures. FINA est une soci\u00e9t\u00e9 d\u00e9mocratique : Le comit\u00e9 de direction est \u00e9lu annuellement. Les salari\u00e9s deviennent copropri\u00e9taires\" \/>\n<meta name=\"robots\" content=\"index, follow, max-snippet:-1, max-image-preview:large, max-video-preview:-1\" \/>\n<link rel=\"canonical\" href=\"https:\/\/www.fina.ch\/fr\/emplois\/briser-les-structures-de-pouvoir\/\" \/>\n<meta property=\"og:locale\" content=\"fr_FR\" \/>\n<meta property=\"og:type\" content=\"article\" \/>\n<meta property=\"og:title\" content=\"Briser les structures de pouvoir\" \/>\n<meta property=\"og:description\" content=\"Les entreprises sont souvent organis\u00e9es comme des dictatures. FINA est une soci\u00e9t\u00e9 d\u00e9mocratique : Le comit\u00e9 de direction est \u00e9lu annuellement. Les salari\u00e9s deviennent copropri\u00e9taires\" \/>\n<meta property=\"og:url\" content=\"https:\/\/www.fina.ch\/fr\/emplois\/briser-les-structures-de-pouvoir\/\" \/>\n<meta property=\"og:site_name\" content=\"FINA Planification financi\u00e8re SA\" \/>\n<meta property=\"article:modified_time\" content=\"2023-03-20T13:52:57+00:00\" \/>\n<meta property=\"og:image\" content=\"https:\/\/www.fina.ch\/wp-content\/uploads\/2017\/10\/Steuern-optimieren-Web.jpg\" \/>\n\t<meta property=\"og:image:width\" content=\"1500\" \/>\n\t<meta property=\"og:image:height\" content=\"1001\" \/>\n\t<meta property=\"og:image:type\" content=\"image\/jpeg\" \/>\n<meta name=\"twitter:card\" content=\"summary_large_image\" \/>\n<meta name=\"twitter:label1\" content=\"Dur\u00e9e de lecture estim\u00e9e\" \/>\n\t<meta name=\"twitter:data1\" content=\"4 minutes\" \/>\n<!-- \/ Yoast SEO Premium plugin. -->","yoast_head_json":{"title":"Partager le pouvoir - entreprise d\u00e9mocratique - FINA Planification financi\u00e8re SA","description":"Les entreprises sont souvent organis\u00e9es comme des dictatures. FINA est une soci\u00e9t\u00e9 d\u00e9mocratique : Le comit\u00e9 de direction est \u00e9lu annuellement. Les salari\u00e9s deviennent copropri\u00e9taires","robots":{"index":"index","follow":"follow","max-snippet":"max-snippet:-1","max-image-preview":"max-image-preview:large","max-video-preview":"max-video-preview:-1"},"canonical":"https:\/\/www.fina.ch\/fr\/emplois\/briser-les-structures-de-pouvoir\/","og_locale":"fr_FR","og_type":"article","og_title":"Briser les structures de pouvoir","og_description":"Les entreprises sont souvent organis\u00e9es comme des dictatures. FINA est une soci\u00e9t\u00e9 d\u00e9mocratique : Le comit\u00e9 de direction est \u00e9lu annuellement. Les salari\u00e9s deviennent copropri\u00e9taires","og_url":"https:\/\/www.fina.ch\/fr\/emplois\/briser-les-structures-de-pouvoir\/","og_site_name":"FINA Planification financi\u00e8re SA","article_modified_time":"2023-03-20T13:52:57+00:00","og_image":[{"width":1500,"height":1001,"url":"https:\/\/www.fina.ch\/wp-content\/uploads\/2017\/10\/Steuern-optimieren-Web.jpg","type":"image\/jpeg"}],"twitter_card":"summary_large_image","twitter_misc":{"Dur\u00e9e de lecture estim\u00e9e":"4 minutes"},"schema":{"@context":"https:\/\/schema.org","@graph":[{"@type":"WebPage","@id":"https:\/\/www.fina.ch\/fr\/emplois\/briser-les-structures-de-pouvoir\/","url":"https:\/\/www.fina.ch\/fr\/emplois\/briser-les-structures-de-pouvoir\/","name":"Partager le pouvoir - entreprise d\u00e9mocratique - FINA Planification financi\u00e8re SA","isPartOf":{"@id":"https:\/\/www.fina.ch\/fr\/#website"},"datePublished":"2021-02-10T10:41:12+00:00","dateModified":"2023-03-20T13:52:57+00:00","description":"Les entreprises sont souvent organis\u00e9es comme des dictatures. FINA est une soci\u00e9t\u00e9 d\u00e9mocratique : Le comit\u00e9 de direction est \u00e9lu annuellement. Les salari\u00e9s deviennent copropri\u00e9taires","breadcrumb":{"@id":"https:\/\/www.fina.ch\/fr\/emplois\/briser-les-structures-de-pouvoir\/#breadcrumb"},"inLanguage":"fr-FR","potentialAction":[{"@type":"ReadAction","target":["https:\/\/www.fina.ch\/fr\/emplois\/briser-les-structures-de-pouvoir\/"]}]},{"@type":"BreadcrumbList","@id":"https:\/\/www.fina.ch\/fr\/emplois\/briser-les-structures-de-pouvoir\/#breadcrumb","itemListElement":[{"@type":"ListItem","position":1,"name":"Home","item":"https:\/\/www.fina.ch\/fr\/"},{"@type":"ListItem","position":2,"name":"Emplois","item":"https:\/\/www.fina.ch\/fr\/emplois\/"},{"@type":"ListItem","position":3,"name":"Briser les structures de pouvoir"}]},{"@type":"WebSite","@id":"https:\/\/www.fina.ch\/fr\/#website","url":"https:\/\/www.fina.ch\/fr\/","name":"FINA Planification financi\u00e8re SA","description":"Personnel - Durable - Transparent\nEnsemble, planifions le futur","publisher":{"@id":"https:\/\/www.fina.ch\/fr\/#organization"},"potentialAction":[{"@type":"SearchAction","target":{"@type":"EntryPoint","urlTemplate":"https:\/\/www.fina.ch\/fr\/?s={search_term_string}"},"query-input":{"@type":"PropertyValueSpecification","valueRequired":true,"valueName":"search_term_string"}}],"inLanguage":"fr-FR"},{"@type":"Organization","@id":"https:\/\/www.fina.ch\/fr\/#organization","name":"FINA Finanzplanung AG","url":"https:\/\/www.fina.ch\/fr\/","logo":{"@type":"ImageObject","inLanguage":"fr-FR","@id":"https:\/\/www.fina.ch\/fr\/#\/schema\/logo\/image\/","url":"https:\/\/www.fina.ch\/wp-content\/uploads\/2017\/10\/FINA_Logo_RGB.png","contentUrl":"https:\/\/www.fina.ch\/wp-content\/uploads\/2017\/10\/FINA_Logo_RGB.png","width":436,"height":631,"caption":"FINA Finanzplanung AG"},"image":{"@id":"https:\/\/www.fina.ch\/fr\/#\/schema\/logo\/image\/"}}]}},"_links":{"self":[{"href":"https:\/\/www.fina.ch\/fr\/wp-json\/wp\/v2\/pages\/5898","targetHints":{"allow":["GET"]}}],"collection":[{"href":"https:\/\/www.fina.ch\/fr\/wp-json\/wp\/v2\/pages"}],"about":[{"href":"https:\/\/www.fina.ch\/fr\/wp-json\/wp\/v2\/types\/page"}],"author":[{"embeddable":true,"href":"https:\/\/www.fina.ch\/fr\/wp-json\/wp\/v2\/users\/6"}],"replies":[{"embeddable":true,"href":"https:\/\/www.fina.ch\/fr\/wp-json\/wp\/v2\/comments?post=5898"}],"version-history":[{"count":2,"href":"https:\/\/www.fina.ch\/fr\/wp-json\/wp\/v2\/pages\/5898\/revisions"}],"predecessor-version":[{"id":11841,"href":"https:\/\/www.fina.ch\/fr\/wp-json\/wp\/v2\/pages\/5898\/revisions\/11841"}],"up":[{"embeddable":true,"href":"https:\/\/www.fina.ch\/fr\/wp-json\/wp\/v2\/pages\/5845"}],"wp:attachment":[{"href":"https:\/\/www.fina.ch\/fr\/wp-json\/wp\/v2\/media?parent=5898"}],"curies":[{"name":"wp","href":"https:\/\/api.w.org\/{rel}","templated":true}]}}