{"id":5899,"date":"2021-02-10T11:46:41","date_gmt":"2021-02-10T10:46:41","guid":{"rendered":"https:\/\/www.fina.ch\/info-coronavirus-fina\/10-signifie-300000-deconomies\/"},"modified":"2023-11-07T19:05:00","modified_gmt":"2023-11-07T18:05:00","slug":"10-signifie-300000-deconomies","status":"publish","type":"page","link":"https:\/\/www.fina.ch\/fr\/10-signifie-300000-deconomies\/","title":{"rendered":"10% signifie 300&#8217;000.- d&#8217;\u00e9conomies !"},"content":{"rendered":"<h3>Les deux tiers de nos salaires vont \u00e0 l&#8217;\u00c9tat, aux compagnies d&#8217;assurance, aux banques et sont utilis\u00e9s pour le logement !<\/h3>\n<p><img decoding=\"async\" src=\"https:\/\/www.fina.ch\/wp-content\/uploads\/2021\/03\/Graphik-Ausgaben.png\" width=\"624\" height=\"285\" loading=\"lazy\" alt=\"\" class=\"alignnone wp-image-6621 size-full\" srcset=\"https:\/\/www.fina.ch\/wp-content\/uploads\/2021\/03\/Graphik-Ausgaben.png 624w, https:\/\/www.fina.ch\/wp-content\/uploads\/2021\/03\/Graphik-Ausgaben-300x137.png 300w, https:\/\/www.fina.ch\/wp-content\/uploads\/2021\/03\/Graphik-Ausgaben-327x149.png 327w\" sizes=\"auto, (max-width: 624px) 100vw, 624px\" \/><\/p>\n<p>&nbsp;<\/p>\n<p>Dans un m\u00e9nage moyen, cela repr\u00e9sente <strong>plus de trois millions de francs suisses au moment de la retraite,<\/strong>qui sont vers\u00e9s pour les imp\u00f4ts, les assurances, les prestations sociales, etc. (Cliquez sur le graphique pour plus de d\u00e9tails)<\/p>\n<p>Nous avons r\u00e9uni une s\u00e9rie d&#8217;astuces financi\u00e8res simples qui peuvent vous faire \u00e9conomiser au moins 10 %.<\/p>\n<p>10 % de 3 millions. c&#8217;est 300 000 CHF de plus pour vous !<\/p>\n<h3>Inscrivez-vous ici et recevez chaque mois, aussi longtemps que vous le souhaitez, des conseils d&#8217;experts financiers:<\/h3>\n<p><small>La protection de votre vie priv\u00e9e nous tient \u00e0 c\u0153ur et nous ne partagerons jamais vos donn\u00e9es !<\/small><\/p>\n<script type=\"text\/javascript\">\n\/* <![CDATA[ *\/\nvar gform;gform||(document.addEventListener(\"gform_main_scripts_loaded\",function(){gform.scriptsLoaded=!0}),document.addEventListener(\"gform\/theme\/scripts_loaded\",function(){gform.themeScriptsLoaded=!0}),window.addEventListener(\"DOMContentLoaded\",function(){gform.domLoaded=!0}),gform={domLoaded:!1,scriptsLoaded:!1,themeScriptsLoaded:!1,isFormEditor:()=>\"function\"==typeof InitializeEditor,callIfLoaded:function(o){return!(!gform.domLoaded||!gform.scriptsLoaded||!gform.themeScriptsLoaded&&!gform.isFormEditor()||(gform.isFormEditor()&&console.warn(\"The use of gform.initializeOnLoaded() is deprecated in the form editor context and will be removed in Gravity Forms 3.1.\"),o(),0))},initializeOnLoaded:function(o){gform.callIfLoaded(o)||(document.addEventListener(\"gform_main_scripts_loaded\",()=>{gform.scriptsLoaded=!0,gform.callIfLoaded(o)}),document.addEventListener(\"gform\/theme\/scripts_loaded\",()=>{gform.themeScriptsLoaded=!0,gform.callIfLoaded(o)}),window.addEventListener(\"DOMContentLoaded\",()=>{gform.domLoaded=!0,gform.callIfLoaded(o)}))},hooks:{action:{},filter:{}},addAction:function(o,r,e,t){gform.addHook(\"action\",o,r,e,t)},addFilter:function(o,r,e,t){gform.addHook(\"filter\",o,r,e,t)},doAction:function(o){gform.doHook(\"action\",o,arguments)},applyFilters:function(o){return gform.doHook(\"filter\",o,arguments)},removeAction:function(o,r){gform.removeHook(\"action\",o,r)},removeFilter:function(o,r,e){gform.removeHook(\"filter\",o,r,e)},addHook:function(o,r,e,t,n){null==gform.hooks[o][r]&&(gform.hooks[o][r]=[]);var d=gform.hooks[o][r];null==n&&(n=r+\"_\"+d.length),gform.hooks[o][r].push({tag:n,callable:e,priority:t=null==t?10:t})},doHook:function(r,o,e){var t;if(e=Array.prototype.slice.call(e,1),null!=gform.hooks[r][o]&&((o=gform.hooks[r][o]).sort(function(o,r){return o.priority-r.priority}),o.forEach(function(o){\"function\"!=typeof(t=o.callable)&&(t=window[t]),\"action\"==r?t.apply(null,e):e[0]=t.apply(null,e)})),\"filter\"==r)return e[0]},removeHook:function(o,r,t,n){var e;null!=gform.hooks[o][r]&&(e=(e=gform.hooks[o][r]).filter(function(o,r,e){return!!(null!=n&&n!=o.tag||null!=t&&t!=o.priority)}),gform.hooks[o][r]=e)}});\n\/* ]]> *\/\n<\/script>\n\n                <div class='gf_browser_gecko gform_wrapper gform_legacy_markup_wrapper gform-theme--no-framework' data-form-theme='legacy' data-form-index='0' id='gform_wrapper_3' ><form method='post' enctype='multipart\/form-data'  id='gform_3'  action='\/fr\/wp-json\/wp\/v2\/pages\/5899' data-formid='3' novalidate>\t\t\t\t\t<div style=\"display: none !important;\" class=\"akismet-fields-container gf_invisible\" data-prefix=\"ak_\">\n\t\t\t\t\t\t<label>&#916;<textarea name=\"ak_hp_textarea\" cols=\"45\" rows=\"8\" maxlength=\"100\"><\/textarea><\/label>\n\t\t\t\t\t\t<input type=\"hidden\" id=\"ak_js_1\" name=\"ak_js\" value=\"204\" \/>\n\t\t\t\t\t\t<script type=\"text\/javascript\">\n\/* <![CDATA[ *\/\ndocument.getElementById( \"ak_js_1\" ).setAttribute( \"value\", ( new Date() ).getTime() );\n\/* ]]> *\/\n<\/script>\n\n\t\t\t\t\t<\/div>\n                        <div class='gform-body gform_body'><ul id='gform_fields_3' class='gform_fields top_label form_sublabel_below description_below validation_below'><li id=\"field_3_4\" class=\"gfield gfield--type-text half_left gfield_contains_required field_sublabel_below gfield--no-description field_description_below field_validation_below gfield_visibility_visible\"  ><label class='gfield_label gform-field-label' for='input_3_4'>Pr\u00e9nom<span class=\"gfield_required\"><span class=\"gfield_required gfield_required_asterisk\">*<\/span><\/span><\/label><div class='ginput_container ginput_container_text'><input name='input_4' id='input_3_4' type='text' value='' class='medium'     aria-required=\"true\" aria-invalid=\"false\"   \/><\/div><\/li><li id=\"field_3_5\" class=\"gfield gfield--type-text half_right field_sublabel_below gfield--no-description field_description_below field_validation_below gfield_visibility_visible\"  ><label class='gfield_label gform-field-label' for='input_3_5'>Nom de famille<\/label><div class='ginput_container ginput_container_text'><input name='input_5' id='input_3_5' type='text' value='' class='medium'      aria-invalid=\"false\"   \/><\/div><\/li><li id=\"field_3_3\" class=\"gfield gfield--type-email gfield_contains_required field_sublabel_below gfield--no-description field_description_below field_validation_below gfield_visibility_visible\"  ><label class='gfield_label gform-field-label' for='input_3_3'>E-Mail :<span class=\"gfield_required\"><span class=\"gfield_required gfield_required_asterisk\">*<\/span><\/span><\/label><div class='ginput_container ginput_container_email'>\n                            <input name='input_3' id='input_3_3' type='email' value='' class='medium'    aria-required=\"true\" aria-invalid=\"false\"  \/>\n                        <\/div><\/li><li id=\"field_3_10\" class=\"gfield gfield--type-phone field_sublabel_below gfield--no-description field_description_below field_validation_below gfield_visibility_visible\"  ><label class='gfield_label gform-field-label' for='input_3_10'>T\u00e9l\u00e9phone<\/label><div class='ginput_container ginput_container_phone'><input name='input_10' id='input_3_10' type='tel' value='' class='medium'    aria-invalid=\"false\"   \/><\/div><\/li><li id=\"field_3_11\" class=\"gfield gfield--type-radio gfield--type-choice gfield--width-full gfield_contains_required field_sublabel_below gfield--no-description field_description_below field_validation_below gfield_visibility_visible\"  ><label class='gfield_label gform-field-label' >Je souhaite recevoir des news ainsi que des articles int\u00e9ressants 6 fois par an<span class=\"gfield_required\"><span class=\"gfield_required gfield_required_asterisk\">*<\/span><\/span><\/label><div class='ginput_container ginput_container_radio'><ul class='gfield_radio' id='input_3_11'>\n\t\t\t<li class='gchoice gchoice_3_11_0'>\n\t\t\t\t<input name='input_11' type='radio' value='true'  id='choice_3_11_0'    \/>\n\t\t\t\t<label for='choice_3_11_0' id='label_3_11_0' class='gform-field-label gform-field-label--type-inline'>Oui<\/label>\n\t\t\t<\/li>\n\t\t\t<li class='gchoice gchoice_3_11_1'>\n\t\t\t\t<input name='input_11' type='radio' value='false'  id='choice_3_11_1'    \/>\n\t\t\t\t<label for='choice_3_11_1' id='label_3_11_1' class='gform-field-label gform-field-label--type-inline'>Non<\/label>\n\t\t\t<\/li><\/ul><\/div><\/li><\/ul><\/div>\n        <div class='gform-footer gform_footer top_label'> <input type='submit' id='gform_submit_button_3' class='gform_button button' onclick='gform.submission.handleButtonClick(this);' data-submission-type='submit' value='Soumettre'  \/> \n            <input type='hidden' class='gform_hidden' name='gform_submission_method' data-js='gform_submission_method_3' value='postback' \/>\n            <input type='hidden' class='gform_hidden' name='gform_theme' data-js='gform_theme_3' id='gform_theme_3' value='legacy' \/>\n            <input type='hidden' class='gform_hidden' name='gform_style_settings' data-js='gform_style_settings_3' id='gform_style_settings_3' value='[]' \/>\n            <input type='hidden' class='gform_hidden' name='is_submit_3' value='1' \/>\n            <input type='hidden' class='gform_hidden' name='gform_submit' value='3' \/>\n            \n            <input type='hidden' class='gform_hidden' name='gform_unique_id' value='' \/>\n            <input type='hidden' class='gform_hidden' name='state_3' value='WyJ7XCIxMVwiOltcImVjNTdiYzQzMTEyZjY1YTA1NzU0ZjBlNzJlNjQxNDBkXCIsXCI4NDY0NjFlMTE1MTMyZTUwMzM2ODYzNmI0YTRmZTM2YVwiXX0iLCI4MmZmNjRjNzBhNGM5OWMwM2I3YmFkNmJlYzc3YzdiMSJd' \/>\n            <input type='hidden' autocomplete='off' class='gform_hidden' name='gform_target_page_number_3' id='gform_target_page_number_3' value='0' \/>\n            <input type='hidden' autocomplete='off' class='gform_hidden' name='gform_source_page_number_3' id='gform_source_page_number_3' value='1' \/>\n            <input type='hidden' name='gform_field_values' value='' \/>\n            \n        <\/div>\n                        <\/form>\n                        <\/div><script type=\"text\/javascript\">\n\/* <![CDATA[ *\/\n gform.initializeOnLoaded( function() {gformInitSpinner( 3, 'https:\/\/www.fina.ch\/wp-content\/themes\/wptheme.fina\/assets\/dist\/images\/puff.svg', true );jQuery('#gform_ajax_frame_3').on('load',function(){var contents = jQuery(this).contents().find('*').html();var is_postback = contents.indexOf('GF_AJAX_POSTBACK') >= 0;if(!is_postback){return;}var form_content = jQuery(this).contents().find('#gform_wrapper_3');var is_confirmation = jQuery(this).contents().find('#gform_confirmation_wrapper_3').length > 0;var is_redirect = contents.indexOf('gformRedirect(){') >= 0;var is_form = form_content.length > 0 && ! is_redirect && ! is_confirmation;var mt = parseInt(jQuery('html').css('margin-top'), 10) + parseInt(jQuery('body').css('margin-top'), 10) + 100;if(is_form){jQuery('#gform_wrapper_3').html(form_content.html());if(form_content.hasClass('gform_validation_error')){jQuery('#gform_wrapper_3').addClass('gform_validation_error');} else {jQuery('#gform_wrapper_3').removeClass('gform_validation_error');}setTimeout( function() { \/* delay the scroll by 50 milliseconds to fix a bug in chrome *\/  }, 50 );if(window['gformInitDatepicker']) {gformInitDatepicker();}if(window['gformInitPriceFields']) {gformInitPriceFields();}var current_page = jQuery('#gform_source_page_number_3').val();gformInitSpinner( 3, 'https:\/\/www.fina.ch\/wp-content\/themes\/wptheme.fina\/assets\/dist\/images\/puff.svg', true );jQuery(document).trigger('gform_page_loaded', [3, current_page]);window['gf_submitting_3'] = false;}else if(!is_redirect){var confirmation_content = jQuery(this).contents().find('.GF_AJAX_POSTBACK').html();if(!confirmation_content){confirmation_content = contents;}jQuery('#gform_wrapper_3').replaceWith(confirmation_content);jQuery(document).trigger('gform_confirmation_loaded', [3]);window['gf_submitting_3'] = false;wp.a11y.speak(jQuery('#gform_confirmation_message_3').text());}else{jQuery('#gform_3').append(contents);if(window['gformRedirect']) {gformRedirect();}}jQuery(document).trigger(\"gform_pre_post_render\", [{ formId: \"3\", currentPage: \"current_page\", abort: function() { this.preventDefault(); } }]);        if (event && event.defaultPrevented) {                return;        }        const gformWrapperDiv = document.getElementById( \"gform_wrapper_3\" );        if ( gformWrapperDiv ) {            const visibilitySpan = document.createElement( \"span\" );            visibilitySpan.id = \"gform_visibility_test_3\";            gformWrapperDiv.insertAdjacentElement( \"afterend\", visibilitySpan );        }        const visibilityTestDiv = document.getElementById( \"gform_visibility_test_3\" );        let postRenderFired = false;        function triggerPostRender() {            if ( postRenderFired ) {                return;            }            postRenderFired = true;            gform.core.triggerPostRenderEvents( 3, current_page );            if ( visibilityTestDiv ) {                visibilityTestDiv.parentNode.removeChild( visibilityTestDiv );            }        }        function debounce( func, wait, immediate ) {            var timeout;            return function() {                var context = this, args = arguments;                var later = function() {                    timeout = null;                    if ( !immediate ) func.apply( context, args );                };                var callNow = immediate && !timeout;                clearTimeout( timeout );                timeout = setTimeout( later, wait );                if ( callNow ) func.apply( context, args );            };        }        const debouncedTriggerPostRender = debounce( function() {            triggerPostRender();        }, 200 );        if ( visibilityTestDiv && visibilityTestDiv.offsetParent === null ) {            const observer = new MutationObserver( ( mutations ) => {                mutations.forEach( ( mutation ) => {                    if ( mutation.type === 'attributes' && visibilityTestDiv.offsetParent !== null ) {                        debouncedTriggerPostRender();                        observer.disconnect();                    }                });            });            observer.observe( document.body, {                attributes: true,                childList: false,                subtree: true,                attributeFilter: [ 'style', 'class' ],            });        } else {            triggerPostRender();        }    } );} ); \n\/* ]]> *\/\n<\/script>\n\n","protected":false},"excerpt":{"rendered":"<p>Les deux tiers de nos salaires vont \u00e0 l&#8217;\u00c9tat, aux compagnies d&#8217;assurance, aux banques et sont utilis\u00e9s pour le logement ! &nbsp; Dans un m\u00e9nage moyen, cela repr\u00e9sente plus de trois millions de francs suisses au moment de la retraite,qui sont vers\u00e9s pour les imp\u00f4ts, les assurances, les prestations sociales, etc. (Cliquez sur le graphique [&hellip;]<\/p>\n","protected":false},"author":6,"featured_media":0,"parent":0,"menu_order":3,"comment_status":"closed","ping_status":"closed","template":"","meta":{"_acf_changed":false,"footnotes":""},"class_list":["post-5899","page","type-page","status-publish","hentry"],"acf":[],"yoast_head":"<!-- This site is optimized with the Yoast SEO Premium plugin v26.4 (Yoast SEO v26.4) - https:\/\/yoast.com\/wordpress\/plugins\/seo\/ -->\n<title>10% signifie 300&#039;000.- d&#039;\u00e9conomies ! - FINA Planification financi\u00e8re SA<\/title>\n<meta name=\"description\" content=\"Les deux tiers de notre salaire vont \u00e0 l&#039;\u00c9tat, aux assurances, aux banques et sont utilis\u00e9s pour le logement!\" \/>\n<meta name=\"robots\" content=\"index, follow, max-snippet:-1, max-image-preview:large, max-video-preview:-1\" \/>\n<link rel=\"canonical\" href=\"https:\/\/www.fina.ch\/fr\/10-signifie-300000-deconomies\/\" \/>\n<meta property=\"og:locale\" content=\"fr_FR\" \/>\n<meta property=\"og:type\" content=\"article\" \/>\n<meta property=\"og:title\" content=\"10% signifie 300&#039;000.- d&#039;\u00e9conomies !\" \/>\n<meta property=\"og:description\" content=\"Les deux tiers de notre salaire vont \u00e0 l&#039;\u00c9tat, aux assurances, aux banques et sont utilis\u00e9s pour le logement!\" \/>\n<meta property=\"og:url\" content=\"https:\/\/www.fina.ch\/fr\/10-signifie-300000-deconomies\/\" \/>\n<meta property=\"og:site_name\" content=\"FINA Planification financi\u00e8re SA\" \/>\n<meta property=\"article:modified_time\" content=\"2023-11-07T18:05:00+00:00\" \/>\n<meta property=\"og:image\" content=\"https:\/\/www.fina.ch\/wp-content\/uploads\/2021\/03\/Graphik-Ausgaben.png\" \/>\n<meta name=\"twitter:card\" content=\"summary_large_image\" \/>\n<meta name=\"twitter:label1\" content=\"Dur\u00e9e de lecture estim\u00e9e\" \/>\n\t<meta name=\"twitter:data1\" content=\"1 minute\" \/>\n<!-- \/ Yoast SEO Premium plugin. -->","yoast_head_json":{"title":"10% signifie 300'000.- d'\u00e9conomies ! - FINA Planification financi\u00e8re SA","description":"Les deux tiers de notre salaire vont \u00e0 l'\u00c9tat, aux assurances, aux banques et sont utilis\u00e9s pour le logement!","robots":{"index":"index","follow":"follow","max-snippet":"max-snippet:-1","max-image-preview":"max-image-preview:large","max-video-preview":"max-video-preview:-1"},"canonical":"https:\/\/www.fina.ch\/fr\/10-signifie-300000-deconomies\/","og_locale":"fr_FR","og_type":"article","og_title":"10% signifie 300'000.- d'\u00e9conomies !","og_description":"Les deux tiers de notre salaire vont \u00e0 l'\u00c9tat, aux assurances, aux banques et sont utilis\u00e9s pour le logement!","og_url":"https:\/\/www.fina.ch\/fr\/10-signifie-300000-deconomies\/","og_site_name":"FINA Planification financi\u00e8re SA","article_modified_time":"2023-11-07T18:05:00+00:00","og_image":[{"url":"https:\/\/www.fina.ch\/wp-content\/uploads\/2021\/03\/Graphik-Ausgaben.png","type":"","width":"","height":""}],"twitter_card":"summary_large_image","twitter_misc":{"Dur\u00e9e de lecture estim\u00e9e":"1 minute"},"schema":{"@context":"https:\/\/schema.org","@graph":[{"@type":"WebPage","@id":"https:\/\/www.fina.ch\/fr\/10-signifie-300000-deconomies\/","url":"https:\/\/www.fina.ch\/fr\/10-signifie-300000-deconomies\/","name":"10% signifie 300'000.- d'\u00e9conomies ! - FINA Planification financi\u00e8re SA","isPartOf":{"@id":"https:\/\/www.fina.ch\/fr\/#website"},"primaryImageOfPage":{"@id":"https:\/\/www.fina.ch\/fr\/10-signifie-300000-deconomies\/#primaryimage"},"image":{"@id":"https:\/\/www.fina.ch\/fr\/10-signifie-300000-deconomies\/#primaryimage"},"thumbnailUrl":"https:\/\/www.fina.ch\/wp-content\/uploads\/2021\/03\/Graphik-Ausgaben.png","datePublished":"2021-02-10T10:46:41+00:00","dateModified":"2023-11-07T18:05:00+00:00","description":"Les deux tiers de notre salaire vont \u00e0 l'\u00c9tat, aux assurances, aux banques et sont utilis\u00e9s pour le logement!","breadcrumb":{"@id":"https:\/\/www.fina.ch\/fr\/10-signifie-300000-deconomies\/#breadcrumb"},"inLanguage":"fr-FR","potentialAction":[{"@type":"ReadAction","target":["https:\/\/www.fina.ch\/fr\/10-signifie-300000-deconomies\/"]}]},{"@type":"ImageObject","inLanguage":"fr-FR","@id":"https:\/\/www.fina.ch\/fr\/10-signifie-300000-deconomies\/#primaryimage","url":"https:\/\/www.fina.ch\/wp-content\/uploads\/2021\/03\/Graphik-Ausgaben.png","contentUrl":"https:\/\/www.fina.ch\/wp-content\/uploads\/2021\/03\/Graphik-Ausgaben.png"},{"@type":"BreadcrumbList","@id":"https:\/\/www.fina.ch\/fr\/10-signifie-300000-deconomies\/#breadcrumb","itemListElement":[{"@type":"ListItem","position":1,"name":"Home","item":"https:\/\/www.fina.ch\/fr\/"},{"@type":"ListItem","position":2,"name":"10% signifie 300&#8217;000.- d&#8217;\u00e9conomies !"}]},{"@type":"WebSite","@id":"https:\/\/www.fina.ch\/fr\/#website","url":"https:\/\/www.fina.ch\/fr\/","name":"FINA Planification financi\u00e8re SA","description":"Personnel - Durable - Transparent\nEnsemble, planifions le futur","publisher":{"@id":"https:\/\/www.fina.ch\/fr\/#organization"},"potentialAction":[{"@type":"SearchAction","target":{"@type":"EntryPoint","urlTemplate":"https:\/\/www.fina.ch\/fr\/?s={search_term_string}"},"query-input":{"@type":"PropertyValueSpecification","valueRequired":true,"valueName":"search_term_string"}}],"inLanguage":"fr-FR"},{"@type":"Organization","@id":"https:\/\/www.fina.ch\/fr\/#organization","name":"FINA Finanzplanung AG","url":"https:\/\/www.fina.ch\/fr\/","logo":{"@type":"ImageObject","inLanguage":"fr-FR","@id":"https:\/\/www.fina.ch\/fr\/#\/schema\/logo\/image\/","url":"https:\/\/www.fina.ch\/wp-content\/uploads\/2017\/10\/FINA_Logo_RGB.png","contentUrl":"https:\/\/www.fina.ch\/wp-content\/uploads\/2017\/10\/FINA_Logo_RGB.png","width":436,"height":631,"caption":"FINA Finanzplanung AG"},"image":{"@id":"https:\/\/www.fina.ch\/fr\/#\/schema\/logo\/image\/"}}]}},"_links":{"self":[{"href":"https:\/\/www.fina.ch\/fr\/wp-json\/wp\/v2\/pages\/5899","targetHints":{"allow":["GET"]}}],"collection":[{"href":"https:\/\/www.fina.ch\/fr\/wp-json\/wp\/v2\/pages"}],"about":[{"href":"https:\/\/www.fina.ch\/fr\/wp-json\/wp\/v2\/types\/page"}],"author":[{"embeddable":true,"href":"https:\/\/www.fina.ch\/fr\/wp-json\/wp\/v2\/users\/6"}],"replies":[{"embeddable":true,"href":"https:\/\/www.fina.ch\/fr\/wp-json\/wp\/v2\/comments?post=5899"}],"version-history":[{"count":1,"href":"https:\/\/www.fina.ch\/fr\/wp-json\/wp\/v2\/pages\/5899\/revisions"}],"predecessor-version":[{"id":12277,"href":"https:\/\/www.fina.ch\/fr\/wp-json\/wp\/v2\/pages\/5899\/revisions\/12277"}],"wp:attachment":[{"href":"https:\/\/www.fina.ch\/fr\/wp-json\/wp\/v2\/media?parent=5899"}],"curies":[{"name":"wp","href":"https:\/\/api.w.org\/{rel}","templated":true}]}}