{"id":7713,"date":"2021-07-02T11:43:25","date_gmt":"2021-07-02T09:43:25","guid":{"rendered":"https:\/\/www.fina.ch\/?page_id=7713"},"modified":"2021-07-02T13:57:02","modified_gmt":"2021-07-02T11:57:02","slug":"mentions-legales-2","status":"publish","type":"page","link":"https:\/\/www.fina.ch\/fr\/mentions-legales-2\/","title":{"rendered":"Mentions l\u00e9gales"},"content":{"rendered":"<h2>Auteur<\/h2>\n<p>Le responsable de ce site est :<\/p>\n<p>Samuel Clemann<br \/>\nFina Finanzplanung AG<br \/>\nStapfenstrasse 1<br \/>\n3098 K\u00f6niz<\/p>\n<p>Vous trouverez les coordonn\u00e9es <a title=\"Contact\" href=\"https:\/\/www.fina.ch\/fr\/contact\/\">ici&#8230;<\/a>.<\/p>\n<h2>Conception et mise en \u0153uvre technique du site web<\/h2>\n<p>cubetech GmbH<br \/>\nLagerhausweg 30<br \/>\n3018 Berne<\/p>\n<p><a href=\"tel:+41315115151\">+41 31 511 51 51<\/a><\/p>\n<p><a title=\"Envoyer un courrier \u00e0 cubetech\" href=\"mailto:info@cubetech.ch\">info@cubetech.ch<\/a><br \/>\n<a title=\"cubetech GmbH \u00e0 Berne\" href=\"http:\/\/www.cubetech.ch\/\" target=\"_blank\" rel=\"noopener noreferrer\">www.cubetech.ch<\/a><\/p>\n<h2>Copyright<\/h2>\n<p>Tous les contenus de ce site web sont prot\u00e9g\u00e9s par le droit d&#8217;auteur. Leur utilisation sans accord pr\u00e9alable avec le propri\u00e9taire est interdite.<\/p>\n<h2>Contenu de cette offre en ligne<\/h2>\n<p>Ce site web a \u00e9t\u00e9 con\u00e7u avec le plus grand soin. L&#8217;auteur n&#8217;assume aucune responsabilit\u00e9 quant \u00e0 l&#8217;exactitude, l&#8217;exhaustivit\u00e9 et l&#8217;actualit\u00e9 du contenu fourni.<\/p>\n<h2>R\u00e9f\u00e9rences et liens<\/h2>\n<p>Cette offre contient des liens et des r\u00e9f\u00e9rences \u00e0 d&#8217;autres sites web (hyperliens), qui ne rel\u00e8vent pas de la responsabilit\u00e9 de l&#8217;auteur. L&#8217;auteur d\u00e9clare express\u00e9ment par la pr\u00e9sente qu&#8217;au moment de la cr\u00e9ation des liens, aucun contenu ill\u00e9gal n&#8217;\u00e9tait identifiable sur les pages li\u00e9es. L&#8217;auteur n&#8217;a aucune influence sur la conception actuelle et future, les contenus ou la paternit\u00e9 des pages li\u00e9es. Il se dissocie donc du contenu des pages li\u00e9es qui ont \u00e9t\u00e9 modifi\u00e9es apr\u00e8s l&#8217;\u00e9tablissement du lien.<\/p>\n<h2>Copyright<\/h2>\n<p>Les publications sur ces pages sont soumises \u00e0 des droits d&#8217;auteur.<\/p>\n<p>La duplication, le traitement, la distribution ou toute forme de commercialisation de ce mat\u00e9riel au-del\u00e0 du champ d&#8217;application de la loi sur le droit d&#8217;auteur requiert le consentement \u00e9crit pr\u00e9alable de son auteur. Les contributions de tiers sont marqu\u00e9es comme telles.<\/p>\n","protected":false},"excerpt":{"rendered":"<p>Auteur Le responsable de ce site est : Samuel Clemann Fina Finanzplanung AG Stapfenstrasse 1 3098 K\u00f6niz Vous trouverez les coordonn\u00e9es ici&#8230;. Conception et mise en \u0153uvre technique du site web cubetech GmbH Lagerhausweg 30 3018 Berne +41 31 511 51 51 info@cubetech.ch www.cubetech.ch Copyright Tous les contenus de ce site web sont prot\u00e9g\u00e9s par [&hellip;]<\/p>\n","protected":false},"author":12,"featured_media":0,"parent":0,"menu_order":49,"comment_status":"closed","ping_status":"closed","template":"","meta":{"_acf_changed":false,"footnotes":""},"class_list":["post-7713","page","type-page","status-publish","hentry"],"acf":[],"yoast_head":"<!-- This site is optimized with the Yoast SEO Premium plugin v26.4 (Yoast SEO v26.4) - https:\/\/yoast.com\/wordpress\/plugins\/seo\/ -->\n<title>Mentions l\u00e9gales - FINA Planification financi\u00e8re SA<\/title>\n<meta name=\"robots\" content=\"index, follow, max-snippet:-1, max-image-preview:large, max-video-preview:-1\" \/>\n<link rel=\"canonical\" href=\"https:\/\/www.fina.ch\/fr\/mentions-legales-2\/\" \/>\n<meta property=\"og:locale\" content=\"fr_FR\" \/>\n<meta property=\"og:type\" content=\"article\" \/>\n<meta property=\"og:title\" content=\"Mentions l\u00e9gales\" \/>\n<meta property=\"og:description\" content=\"Auteur Le responsable de ce site est : Samuel Clemann Fina Finanzplanung AG Stapfenstrasse 1 3098 K\u00f6niz Vous trouverez les coordonn\u00e9es ici&#8230;. Conception et mise en \u0153uvre technique du site web cubetech GmbH Lagerhausweg 30 3018 Berne +41 31 511 51 51 info@cubetech.ch www.cubetech.ch Copyright Tous les contenus de ce site web sont prot\u00e9g\u00e9s par [&hellip;]\" \/>\n<meta property=\"og:url\" content=\"https:\/\/www.fina.ch\/fr\/mentions-legales-2\/\" \/>\n<meta property=\"og:site_name\" content=\"FINA Planification financi\u00e8re SA\" \/>\n<meta property=\"article:modified_time\" content=\"2021-07-02T11:57:02+00:00\" \/>\n<meta property=\"og:image\" content=\"https:\/\/www.fina.ch\/wp-content\/uploads\/2017\/10\/Steuern-optimieren-Web.jpg\" \/>\n\t<meta property=\"og:image:width\" content=\"1500\" \/>\n\t<meta property=\"og:image:height\" content=\"1001\" \/>\n\t<meta property=\"og:image:type\" content=\"image\/jpeg\" \/>\n<meta name=\"twitter:card\" content=\"summary_large_image\" \/>\n<meta name=\"twitter:label1\" content=\"Dur\u00e9e de lecture estim\u00e9e\" \/>\n\t<meta name=\"twitter:data1\" content=\"1 minute\" \/>\n<!-- \/ Yoast SEO Premium plugin. -->","yoast_head_json":{"title":"Mentions l\u00e9gales - FINA Planification financi\u00e8re SA","robots":{"index":"index","follow":"follow","max-snippet":"max-snippet:-1","max-image-preview":"max-image-preview:large","max-video-preview":"max-video-preview:-1"},"canonical":"https:\/\/www.fina.ch\/fr\/mentions-legales-2\/","og_locale":"fr_FR","og_type":"article","og_title":"Mentions l\u00e9gales","og_description":"Auteur Le responsable de ce site est : Samuel Clemann Fina Finanzplanung AG Stapfenstrasse 1 3098 K\u00f6niz Vous trouverez les coordonn\u00e9es ici&#8230;. Conception et mise en \u0153uvre technique du site web cubetech GmbH Lagerhausweg 30 3018 Berne +41 31 511 51 51 info@cubetech.ch www.cubetech.ch Copyright Tous les contenus de ce site web sont prot\u00e9g\u00e9s par [&hellip;]","og_url":"https:\/\/www.fina.ch\/fr\/mentions-legales-2\/","og_site_name":"FINA Planification financi\u00e8re SA","article_modified_time":"2021-07-02T11:57:02+00:00","og_image":[{"width":1500,"height":1001,"url":"https:\/\/www.fina.ch\/wp-content\/uploads\/2017\/10\/Steuern-optimieren-Web.jpg","type":"image\/jpeg"}],"twitter_card":"summary_large_image","twitter_misc":{"Dur\u00e9e de lecture estim\u00e9e":"1 minute"},"schema":{"@context":"https:\/\/schema.org","@graph":[{"@type":"WebPage","@id":"https:\/\/www.fina.ch\/fr\/mentions-legales-2\/","url":"https:\/\/www.fina.ch\/fr\/mentions-legales-2\/","name":"Mentions l\u00e9gales - FINA Planification financi\u00e8re SA","isPartOf":{"@id":"https:\/\/www.fina.ch\/fr\/#website"},"datePublished":"2021-07-02T09:43:25+00:00","dateModified":"2021-07-02T11:57:02+00:00","breadcrumb":{"@id":"https:\/\/www.fina.ch\/fr\/mentions-legales-2\/#breadcrumb"},"inLanguage":"fr-FR","potentialAction":[{"@type":"ReadAction","target":["https:\/\/www.fina.ch\/fr\/mentions-legales-2\/"]}]},{"@type":"BreadcrumbList","@id":"https:\/\/www.fina.ch\/fr\/mentions-legales-2\/#breadcrumb","itemListElement":[{"@type":"ListItem","position":1,"name":"Home","item":"https:\/\/www.fina.ch\/fr\/"},{"@type":"ListItem","position":2,"name":"Mentions l\u00e9gales"}]},{"@type":"WebSite","@id":"https:\/\/www.fina.ch\/fr\/#website","url":"https:\/\/www.fina.ch\/fr\/","name":"FINA Planification financi\u00e8re SA","description":"Personnel - Durable - Transparent\nEnsemble, planifions le futur","publisher":{"@id":"https:\/\/www.fina.ch\/fr\/#organization"},"potentialAction":[{"@type":"SearchAction","target":{"@type":"EntryPoint","urlTemplate":"https:\/\/www.fina.ch\/fr\/?s={search_term_string}"},"query-input":{"@type":"PropertyValueSpecification","valueRequired":true,"valueName":"search_term_string"}}],"inLanguage":"fr-FR"},{"@type":"Organization","@id":"https:\/\/www.fina.ch\/fr\/#organization","name":"FINA Finanzplanung AG","url":"https:\/\/www.fina.ch\/fr\/","logo":{"@type":"ImageObject","inLanguage":"fr-FR","@id":"https:\/\/www.fina.ch\/fr\/#\/schema\/logo\/image\/","url":"https:\/\/www.fina.ch\/wp-content\/uploads\/2017\/10\/FINA_Logo_RGB.png","contentUrl":"https:\/\/www.fina.ch\/wp-content\/uploads\/2017\/10\/FINA_Logo_RGB.png","width":436,"height":631,"caption":"FINA Finanzplanung AG"},"image":{"@id":"https:\/\/www.fina.ch\/fr\/#\/schema\/logo\/image\/"}}]}},"_links":{"self":[{"href":"https:\/\/www.fina.ch\/fr\/wp-json\/wp\/v2\/pages\/7713","targetHints":{"allow":["GET"]}}],"collection":[{"href":"https:\/\/www.fina.ch\/fr\/wp-json\/wp\/v2\/pages"}],"about":[{"href":"https:\/\/www.fina.ch\/fr\/wp-json\/wp\/v2\/types\/page"}],"author":[{"embeddable":true,"href":"https:\/\/www.fina.ch\/fr\/wp-json\/wp\/v2\/users\/12"}],"replies":[{"embeddable":true,"href":"https:\/\/www.fina.ch\/fr\/wp-json\/wp\/v2\/comments?post=7713"}],"version-history":[{"count":0,"href":"https:\/\/www.fina.ch\/fr\/wp-json\/wp\/v2\/pages\/7713\/revisions"}],"wp:attachment":[{"href":"https:\/\/www.fina.ch\/fr\/wp-json\/wp\/v2\/media?parent=7713"}],"curies":[{"name":"wp","href":"https:\/\/api.w.org\/{rel}","templated":true}]}}